{"id":608970,"date":"2025-10-24T14:27:32","date_gmt":"2025-10-24T12:27:32","guid":{"rendered":"https:\/\/selleetools.com\/?post_type=product&#038;p=608970"},"modified":"2026-02-25T19:14:18","modified_gmt":"2026-02-25T18:14:18","slug":"peripera-ink-jellable-tint-03-probably-rose-3-7-g-zelowy-tint-do-ust-rozowy","status":"publish","type":"product","link":"https:\/\/selleetools.com\/pl\/product\/peripera-ink-jellable-tint-03-probably-rose-3-7-g-zelowy-tint-do-ust-rozowy\/","title":{"rendered":"Peripera Ink Jellable Tint #03 Probably Rose 3.7 g &#8211; \u017celowy tint do ust r\u00f3\u017cowy"},"content":{"rendered":"<p>Peripera Ink Jellable Tint w odcieniu #03 Probably Rose to \u017celowy tint o lekkiej, przyjemnie ch\u0142odz\u0105cej formule, kt\u00f3ry nadaje ustom subtelny, r\u00f3\u017cany odcie\u0144 z domieszk\u0105 malinowej \u015bwie\u017co\u015bci. Dzi\u0119ki swojej wyj\u0105tkowej konsystencji, produkt delikatnie otula usta niczym \u017celowa mgie\u0142ka, zapewniaj\u0105c r\u00f3wnomierne krycie i naturalne wyko\u0144czenie.<\/p>\n<p>Korzy\u015bci ze stosowania:<br \/>\nnadaje ustom soczysty, p\u00f3\u0142transparentny kolor z efektem &#8220;glass lips&#8221;<br \/>\nzapewnia d\u0142ugotrwa\u0142y efekt bez uczucia lepko\u015bci i wysuszenia<br \/>\nnawil\u017ca i wyg\u0142adza usta dzi\u0119ki obecno\u015bci sk\u0142adnik\u00f3w piel\u0119gnuj\u0105cych, takich jak gliceryna i kaprylowe tr\u00f3jglicerydy<br \/>\nnie zbiera si\u0119 w za\u0142amaniach i nie osadza si\u0119 na suchych sk\u00f3rkach<br \/>\nwygodny aplikator umo\u017cliwia precyzyjne na\u0142o\u017cenie koloru<\/p>\n<p>Spos\u00f3b u\u017cycia:<br \/>\nNa\u0142\u00f3\u017c niewielk\u0105 ilo\u015b\u0107 tintu na \u015brodek ust i delikatnie rozprowad\u017a na zewn\u0105trz za pomoc\u0105 aplikatora lub opuszk\u00f3w palc\u00f3w. Aby uzyska\u0107 intensywniejszy efekt, do\u0142\u00f3\u017c kolejn\u0105 warstw\u0119.<\/p>\n","protected":false},"excerpt":{"rendered":"<p>Peripera Ink Jellable Tint w odcieniu #03 Probably Rose to \u017celowy tint o lekkiej, przyjemnie ch\u0142odz\u0105cej formule, kt\u00f3ry nadaje ustom subtelny, r\u00f3\u017cany odcie\u0144 z domieszk\u0105 malinowej \u015bwie\u017co\u015bci. Dzi\u0119ki swojej wyj\u0105tkowej konsystencji, produkt delikatnie otula usta niczym \u017celowa mgie\u0142ka, zapewniaj\u0105c r\u00f3wnomierne krycie i naturalne wyko\u0144czenie. Korzy\u015bci ze stosowania: nadaje ustom soczysty, p\u00f3\u0142transparentny kolor z efektem &#8220;glass &#8230; <a title=\"Peripera Ink Jellable Tint #03 Probably Rose 3.7 g &#8211; \u017celowy tint do ust r\u00f3\u017cowy\" class=\"read-more\" href=\"https:\/\/selleetools.com\/pl\/product\/peripera-ink-jellable-tint-03-probably-rose-3-7-g-zelowy-tint-do-ust-rozowy\/\">Read more<span class=\"screen-reader-text\">Peripera Ink Jellable Tint #03 Probably Rose 3.7 g &#8211; \u017celowy tint do ust r\u00f3\u017cowy<\/span><\/a><\/p>\n","protected":false},"featured_media":608968,"comment_status":"open","ping_status":"closed","template":"","meta":{"_links_to":"","_links_to_target":""},"yoast_head":"<!-- This site is optimized with the Yoast SEO plugin v19.4 - https:\/\/yoast.com\/wordpress\/plugins\/seo\/ -->\n<title>Peripera Ink Jellable Tint #03 Probably Rose 3.7 g - \u017celowy tint do ust r\u00f3\u017cowy - Selleetools.com<\/title>\n<meta name=\"robots\" content=\"index, follow, max-snippet:-1, max-image-preview:large, max-video-preview:-1\" \/>\n<link rel=\"canonical\" href=\"https:\/\/selleetools.com\/pl\/product\/peripera-ink-jellable-tint-03-probably-rose-3-7-g-zelowy-tint-do-ust-rozowy\/\" \/>\n<meta property=\"og:locale\" content=\"pl_PL\" \/>\n<meta property=\"og:type\" content=\"article\" \/>\n<meta property=\"og:title\" content=\"Peripera Ink Jellable Tint #03 Probably Rose 3.7 g - \u017celowy tint do ust r\u00f3\u017cowy - Selleetools.com\" \/>\n<meta property=\"og:description\" content=\"Peripera Ink Jellable Tint w odcieniu #03 Probably Rose to \u017celowy tint o lekkiej, przyjemnie ch\u0142odz\u0105cej formule, kt\u00f3ry nadaje ustom subtelny, r\u00f3\u017cany odcie\u0144 z domieszk\u0105 malinowej \u015bwie\u017co\u015bci. Dzi\u0119ki swojej wyj\u0105tkowej konsystencji, produkt delikatnie otula usta niczym \u017celowa mgie\u0142ka, zapewniaj\u0105c r\u00f3wnomierne krycie i naturalne wyko\u0144czenie. Korzy\u015bci ze stosowania: nadaje ustom soczysty, p\u00f3\u0142transparentny kolor z efektem &#8220;glass ... Read morePeripera Ink Jellable Tint #03 Probably Rose 3.7 g &#8211; \u017celowy tint do ust r\u00f3\u017cowy\" \/>\n<meta property=\"og:url\" content=\"https:\/\/selleetools.com\/pl\/product\/peripera-ink-jellable-tint-03-probably-rose-3-7-g-zelowy-tint-do-ust-rozowy\/\" \/>\n<meta property=\"og:site_name\" content=\"Selleetools.com\" \/>\n<meta property=\"article:modified_time\" content=\"2026-02-25T18:14:18+00:00\" \/>\n<meta property=\"og:image\" content=\"https:\/\/selleetools.com\/wp-content\/uploads\/2025\/10\/9ad6868f55c5412c4108df26ff7fb493.png\" \/>\n\t<meta property=\"og:image:width\" content=\"1080\" \/>\n\t<meta property=\"og:image:height\" content=\"1080\" \/>\n\t<meta property=\"og:image:type\" content=\"image\/png\" \/>\n<meta name=\"twitter:card\" content=\"summary_large_image\" \/>\n<meta name=\"twitter:label1\" content=\"Est. reading time\" \/>\n\t<meta name=\"twitter:data1\" content=\"1 minuta\" \/>\n<!-- \/ Yoast SEO plugin. -->","yoast_head_json":{"title":"Peripera Ink Jellable Tint #03 Probably Rose 3.7 g - \u017celowy tint do ust r\u00f3\u017cowy - Selleetools.com","robots":{"index":"index","follow":"follow","max-snippet":"max-snippet:-1","max-image-preview":"max-image-preview:large","max-video-preview":"max-video-preview:-1"},"canonical":"https:\/\/selleetools.com\/pl\/product\/peripera-ink-jellable-tint-03-probably-rose-3-7-g-zelowy-tint-do-ust-rozowy\/","og_locale":"pl_PL","og_type":"article","og_title":"Peripera Ink Jellable Tint #03 Probably Rose 3.7 g - \u017celowy tint do ust r\u00f3\u017cowy - Selleetools.com","og_description":"Peripera Ink Jellable Tint w odcieniu #03 Probably Rose to \u017celowy tint o lekkiej, przyjemnie ch\u0142odz\u0105cej formule, kt\u00f3ry nadaje ustom subtelny, r\u00f3\u017cany odcie\u0144 z domieszk\u0105 malinowej \u015bwie\u017co\u015bci. Dzi\u0119ki swojej wyj\u0105tkowej konsystencji, produkt delikatnie otula usta niczym \u017celowa mgie\u0142ka, zapewniaj\u0105c r\u00f3wnomierne krycie i naturalne wyko\u0144czenie. Korzy\u015bci ze stosowania: nadaje ustom soczysty, p\u00f3\u0142transparentny kolor z efektem &#8220;glass ... Read morePeripera Ink Jellable Tint #03 Probably Rose 3.7 g &#8211; \u017celowy tint do ust r\u00f3\u017cowy","og_url":"https:\/\/selleetools.com\/pl\/product\/peripera-ink-jellable-tint-03-probably-rose-3-7-g-zelowy-tint-do-ust-rozowy\/","og_site_name":"Selleetools.com","article_modified_time":"2026-02-25T18:14:18+00:00","og_image":[{"width":1080,"height":1080,"url":"https:\/\/selleetools.com\/wp-content\/uploads\/2025\/10\/9ad6868f55c5412c4108df26ff7fb493.png","type":"image\/png"}],"twitter_card":"summary_large_image","twitter_misc":{"Est. reading time":"1 minuta"},"schema":{"@context":"https:\/\/schema.org","@graph":[{"@type":"Organization","@id":"https:\/\/selleetools.com\/#organization","name":"Selleetools","url":"https:\/\/selleetools.com\/","sameAs":[],"logo":{"@type":"ImageObject","inLanguage":"pl-PL","@id":"https:\/\/selleetools.com\/#\/schema\/logo\/image\/","url":"https:\/\/selleetools.com\/wp-content\/uploads\/2021\/10\/logo-dark.png","contentUrl":"https:\/\/selleetools.com\/wp-content\/uploads\/2021\/10\/logo-dark.png","width":320,"height":76,"caption":"Selleetools"},"image":{"@id":"https:\/\/selleetools.com\/#\/schema\/logo\/image\/"}},{"@type":"WebSite","@id":"https:\/\/selleetools.com\/#website","url":"https:\/\/selleetools.com\/","name":"Selleetools.com","description":"","publisher":{"@id":"https:\/\/selleetools.com\/#organization"},"potentialAction":[{"@type":"SearchAction","target":{"@type":"EntryPoint","urlTemplate":"https:\/\/selleetools.com\/?s={search_term_string}"},"query-input":"required name=search_term_string"}],"inLanguage":"pl-PL"},{"@type":"WebPage","@id":"https:\/\/selleetools.com\/pl\/product\/peripera-ink-jellable-tint-03-probably-rose-3-7-g-zelowy-tint-do-ust-rozowy\/","url":"https:\/\/selleetools.com\/pl\/product\/peripera-ink-jellable-tint-03-probably-rose-3-7-g-zelowy-tint-do-ust-rozowy\/","name":"Peripera Ink Jellable Tint #03 Probably Rose 3.7 g - \u017celowy tint do ust r\u00f3\u017cowy - Selleetools.com","isPartOf":{"@id":"https:\/\/selleetools.com\/#website"},"datePublished":"2025-10-24T12:27:32+00:00","dateModified":"2026-02-25T18:14:18+00:00","breadcrumb":{"@id":"https:\/\/selleetools.com\/pl\/product\/peripera-ink-jellable-tint-03-probably-rose-3-7-g-zelowy-tint-do-ust-rozowy\/#breadcrumb"},"inLanguage":"pl-PL","potentialAction":[{"@type":"ReadAction","target":["https:\/\/selleetools.com\/pl\/product\/peripera-ink-jellable-tint-03-probably-rose-3-7-g-zelowy-tint-do-ust-rozowy\/"]}]},{"@type":"BreadcrumbList","@id":"https:\/\/selleetools.com\/pl\/product\/peripera-ink-jellable-tint-03-probably-rose-3-7-g-zelowy-tint-do-ust-rozowy\/#breadcrumb","itemListElement":[{"@type":"ListItem","position":1,"name":"Home","item":"https:\/\/selleetools.com\/pl\/"},{"@type":"ListItem","position":2,"name":"Katalog","item":"https:\/\/selleetools.com\/pl\/katalog\/"},{"@type":"ListItem","position":3,"name":"Peripera Ink Jellable Tint #03 Probably Rose 3.7 g &#8211; \u017celowy tint do ust r\u00f3\u017cowy"}]}]}},"_links":{"self":[{"href":"https:\/\/selleetools.com\/pl\/wp-json\/wp\/v2\/product\/608970"}],"collection":[{"href":"https:\/\/selleetools.com\/pl\/wp-json\/wp\/v2\/product"}],"about":[{"href":"https:\/\/selleetools.com\/pl\/wp-json\/wp\/v2\/types\/product"}],"replies":[{"embeddable":true,"href":"https:\/\/selleetools.com\/pl\/wp-json\/wp\/v2\/comments?post=608970"}],"wp:featuredmedia":[{"embeddable":true,"href":"https:\/\/selleetools.com\/pl\/wp-json\/wp\/v2\/media\/608968"}],"wp:attachment":[{"href":"https:\/\/selleetools.com\/pl\/wp-json\/wp\/v2\/media?parent=608970"}],"curies":[{"name":"wp","href":"https:\/\/api.w.org\/{rel}","templated":true}]}}