{"id":608964,"date":"2025-10-24T14:27:26","date_gmt":"2025-10-24T12:27:26","guid":{"rendered":"https:\/\/selleetools.com\/?post_type=product&#038;p=608964"},"modified":"2025-11-03T17:02:55","modified_gmt":"2025-11-03T16:02:55","slug":"fwee-cushion-egg-fit-cover-1-5-peach-13-g-podklad-cushion-jasny-bez","status":"publish","type":"product","link":"https:\/\/selleetools.com\/pl\/product\/fwee-cushion-egg-fit-cover-1-5-peach-13-g-podklad-cushion-jasny-bez\/","title":{"rendered":"FWEE Cushion Egg-Fit Cover 1.5 Peach 13 g &#8211; podk\u0142ad cushion jasny be\u017c"},"content":{"rendered":"<p>FWEE Cushion Egg-Fit Cover 1.5 Peach to nowoczesny podk\u0142ad w formie cushionu, kt\u00f3ry \u0142\u0105czy skuteczno\u015b\u0107 makija\u017cu z piel\u0119gnacj\u0105 sk\u00f3ry. Dzi\u0119ki lekkiej, ale kryj\u0105cej formule, zapewnia efekt drugiej sk\u00f3ry \u2013 naturalny, g\u0142adki i promienny wygl\u0105d przez wiele godzin. Odcie\u0144 1.5 Peach dedykowany jest osobom o jasnej karnacji z subtelnym, brzoskwiniowym podtonem.<\/p>\n<p>Korzy\u015bci ze stosowania:<br \/>\nNaturalne krycie: Formu\u0142a delikatnie maskuje niedoskona\u0142o\u015bci, zaczerwienienia i przebarwienia bez efektu maski.<br \/>\nD\u0142ugotrwa\u0142y efekt: Utrzymuje si\u0119 przez ca\u0142y dzie\u0144, nie \u015bciera si\u0119 i nie warzy.<br \/>\nNawil\u017cenie i piel\u0119gnacja: Zawiera kompleks kwasu hialuronowego oraz ekstrakt z w\u0105kroty azjatyckiej, kt\u00f3re dbaj\u0105 o nawodnienie i ukojenie sk\u00f3ry.<br \/>\nWielopoziomowa ochrona UV: Dzi\u0119ki obecno\u015bci filtr\u00f3w mineralnych i chemicznych (m.in. tlenek cynku, dwutlenek tytanu), produkt wspiera ochron\u0119 przed promieniowaniem s\u0142onecznym.<br \/>\nDzia\u0142anie \u0142agodz\u0105ce i antybakteryjne: Wyci\u0105g z li\u015bci drzewa herbacianego pomaga w piel\u0119gnacji sk\u00f3ry problematycznej.<br \/>\nRoz\u015bwietlenie i poprawa kolorytu: Niacynamid i adenozyna wspomagaj\u0105 wyr\u00f3wnanie kolorytu oraz dzia\u0142aj\u0105 przeciwzmarszczkowo.<\/p>\n<p>Spos\u00f3b u\u017cycia:<br \/>\nOtw\u00f3rz kompakt i delikatnie naci\u015bnij g\u0105beczk\u0105 na powierzchni\u0119 podk\u0142adu.<br \/>\nAplikuj r\u00f3wnomiernie na oczyszczon\u0105 i nawil\u017con\u0105 sk\u00f3r\u0119 twarzy, delikatnie wklepuj\u0105c.<br \/>\nW razie potrzeby do\u0142\u00f3\u017c kolejn\u0105 warstw\u0119 na miejsca wymagaj\u0105ce wi\u0119kszego krycia.<br \/>\nIdealny do szybkich poprawek w ci\u0105gu dnia.<\/p>\n","protected":false},"excerpt":{"rendered":"<p>FWEE Cushion Egg-Fit Cover 1.5 Peach to nowoczesny podk\u0142ad w formie cushionu, kt\u00f3ry \u0142\u0105czy skuteczno\u015b\u0107 makija\u017cu z piel\u0119gnacj\u0105 sk\u00f3ry. Dzi\u0119ki lekkiej, ale kryj\u0105cej formule, zapewnia efekt drugiej sk\u00f3ry \u2013 naturalny, g\u0142adki i promienny wygl\u0105d przez wiele godzin. Odcie\u0144 1.5 Peach dedykowany jest osobom o jasnej karnacji z subtelnym, brzoskwiniowym podtonem. Korzy\u015bci ze stosowania: Naturalne krycie: &#8230; <a title=\"FWEE Cushion Egg-Fit Cover 1.5 Peach 13 g &#8211; podk\u0142ad cushion jasny be\u017c\" class=\"read-more\" href=\"https:\/\/selleetools.com\/pl\/product\/fwee-cushion-egg-fit-cover-1-5-peach-13-g-podklad-cushion-jasny-bez\/\">Read more<span class=\"screen-reader-text\">FWEE Cushion Egg-Fit Cover 1.5 Peach 13 g &#8211; podk\u0142ad cushion jasny be\u017c<\/span><\/a><\/p>\n","protected":false},"featured_media":608962,"comment_status":"open","ping_status":"closed","template":"","meta":{"_links_to":"","_links_to_target":""},"yoast_head":"<!-- This site is optimized with the Yoast SEO plugin v19.4 - https:\/\/yoast.com\/wordpress\/plugins\/seo\/ -->\n<title>FWEE Cushion Egg-Fit Cover 1.5 Peach 13 g - podk\u0142ad cushion jasny be\u017c - Selleetools.com<\/title>\n<meta name=\"robots\" content=\"index, follow, max-snippet:-1, max-image-preview:large, max-video-preview:-1\" \/>\n<link rel=\"canonical\" href=\"https:\/\/admincentral.selleetools.com\/pl\/product\/fwee-cushion-egg-fit-cover-1-5-peach-13-g-podklad-cushion-jasny-bez\/\" \/>\n<meta property=\"og:locale\" content=\"pl_PL\" \/>\n<meta property=\"og:type\" content=\"article\" \/>\n<meta property=\"og:title\" content=\"FWEE Cushion Egg-Fit Cover 1.5 Peach 13 g - podk\u0142ad cushion jasny be\u017c - Selleetools.com\" \/>\n<meta property=\"og:description\" content=\"FWEE Cushion Egg-Fit Cover 1.5 Peach to nowoczesny podk\u0142ad w formie cushionu, kt\u00f3ry \u0142\u0105czy skuteczno\u015b\u0107 makija\u017cu z piel\u0119gnacj\u0105 sk\u00f3ry. Dzi\u0119ki lekkiej, ale kryj\u0105cej formule, zapewnia efekt drugiej sk\u00f3ry \u2013 naturalny, g\u0142adki i promienny wygl\u0105d przez wiele godzin. Odcie\u0144 1.5 Peach dedykowany jest osobom o jasnej karnacji z subtelnym, brzoskwiniowym podtonem. Korzy\u015bci ze stosowania: Naturalne krycie: ... Read moreFWEE Cushion Egg-Fit Cover 1.5 Peach 13 g &#8211; podk\u0142ad cushion jasny be\u017c\" \/>\n<meta property=\"og:url\" content=\"https:\/\/admincentral.selleetools.com\/pl\/product\/fwee-cushion-egg-fit-cover-1-5-peach-13-g-podklad-cushion-jasny-bez\/\" \/>\n<meta property=\"og:site_name\" content=\"Selleetools.com\" \/>\n<meta property=\"article:modified_time\" content=\"2025-11-03T16:02:55+00:00\" \/>\n<meta property=\"og:image\" content=\"https:\/\/selleetools.com\/wp-content\/uploads\/2025\/10\/c05aecaef8d14b0007fa0fd5ddd4a1b3.png\" \/>\n\t<meta property=\"og:image:width\" content=\"1080\" \/>\n\t<meta property=\"og:image:height\" content=\"1080\" \/>\n\t<meta property=\"og:image:type\" content=\"image\/png\" \/>\n<meta name=\"twitter:card\" content=\"summary_large_image\" \/>\n<meta name=\"twitter:label1\" content=\"Est. reading time\" \/>\n\t<meta name=\"twitter:data1\" content=\"1 minuta\" \/>\n<!-- \/ Yoast SEO plugin. -->","yoast_head_json":{"title":"FWEE Cushion Egg-Fit Cover 1.5 Peach 13 g - podk\u0142ad cushion jasny be\u017c - Selleetools.com","robots":{"index":"index","follow":"follow","max-snippet":"max-snippet:-1","max-image-preview":"max-image-preview:large","max-video-preview":"max-video-preview:-1"},"canonical":"https:\/\/admincentral.selleetools.com\/pl\/product\/fwee-cushion-egg-fit-cover-1-5-peach-13-g-podklad-cushion-jasny-bez\/","og_locale":"pl_PL","og_type":"article","og_title":"FWEE Cushion Egg-Fit Cover 1.5 Peach 13 g - podk\u0142ad cushion jasny be\u017c - Selleetools.com","og_description":"FWEE Cushion Egg-Fit Cover 1.5 Peach to nowoczesny podk\u0142ad w formie cushionu, kt\u00f3ry \u0142\u0105czy skuteczno\u015b\u0107 makija\u017cu z piel\u0119gnacj\u0105 sk\u00f3ry. Dzi\u0119ki lekkiej, ale kryj\u0105cej formule, zapewnia efekt drugiej sk\u00f3ry \u2013 naturalny, g\u0142adki i promienny wygl\u0105d przez wiele godzin. Odcie\u0144 1.5 Peach dedykowany jest osobom o jasnej karnacji z subtelnym, brzoskwiniowym podtonem. Korzy\u015bci ze stosowania: Naturalne krycie: ... Read moreFWEE Cushion Egg-Fit Cover 1.5 Peach 13 g &#8211; podk\u0142ad cushion jasny be\u017c","og_url":"https:\/\/admincentral.selleetools.com\/pl\/product\/fwee-cushion-egg-fit-cover-1-5-peach-13-g-podklad-cushion-jasny-bez\/","og_site_name":"Selleetools.com","article_modified_time":"2025-11-03T16:02:55+00:00","og_image":[{"width":1080,"height":1080,"url":"https:\/\/selleetools.com\/wp-content\/uploads\/2025\/10\/c05aecaef8d14b0007fa0fd5ddd4a1b3.png","type":"image\/png"}],"twitter_card":"summary_large_image","twitter_misc":{"Est. reading time":"1 minuta"},"schema":{"@context":"https:\/\/schema.org","@graph":[{"@type":"Organization","@id":"https:\/\/selleetools.com\/#organization","name":"Selleetools","url":"https:\/\/selleetools.com\/","sameAs":[],"logo":{"@type":"ImageObject","inLanguage":"pl-PL","@id":"https:\/\/selleetools.com\/#\/schema\/logo\/image\/","url":"https:\/\/selleetools.com\/wp-content\/uploads\/2021\/10\/logo-dark.png","contentUrl":"https:\/\/selleetools.com\/wp-content\/uploads\/2021\/10\/logo-dark.png","width":320,"height":76,"caption":"Selleetools"},"image":{"@id":"https:\/\/selleetools.com\/#\/schema\/logo\/image\/"}},{"@type":"WebSite","@id":"https:\/\/selleetools.com\/#website","url":"https:\/\/selleetools.com\/","name":"Selleetools.com","description":"","publisher":{"@id":"https:\/\/selleetools.com\/#organization"},"potentialAction":[{"@type":"SearchAction","target":{"@type":"EntryPoint","urlTemplate":"https:\/\/selleetools.com\/?s={search_term_string}"},"query-input":"required name=search_term_string"}],"inLanguage":"pl-PL"},{"@type":"WebPage","@id":"https:\/\/admincentral.selleetools.com\/pl\/product\/fwee-cushion-egg-fit-cover-1-5-peach-13-g-podklad-cushion-jasny-bez\/","url":"https:\/\/admincentral.selleetools.com\/pl\/product\/fwee-cushion-egg-fit-cover-1-5-peach-13-g-podklad-cushion-jasny-bez\/","name":"FWEE Cushion Egg-Fit Cover 1.5 Peach 13 g - podk\u0142ad cushion jasny be\u017c - Selleetools.com","isPartOf":{"@id":"https:\/\/selleetools.com\/#website"},"datePublished":"2025-10-24T12:27:26+00:00","dateModified":"2025-11-03T16:02:55+00:00","breadcrumb":{"@id":"https:\/\/admincentral.selleetools.com\/pl\/product\/fwee-cushion-egg-fit-cover-1-5-peach-13-g-podklad-cushion-jasny-bez\/#breadcrumb"},"inLanguage":"pl-PL","potentialAction":[{"@type":"ReadAction","target":["https:\/\/admincentral.selleetools.com\/pl\/product\/fwee-cushion-egg-fit-cover-1-5-peach-13-g-podklad-cushion-jasny-bez\/"]}]},{"@type":"BreadcrumbList","@id":"https:\/\/admincentral.selleetools.com\/pl\/product\/fwee-cushion-egg-fit-cover-1-5-peach-13-g-podklad-cushion-jasny-bez\/#breadcrumb","itemListElement":[{"@type":"ListItem","position":1,"name":"Home","item":"https:\/\/selleetools.com\/pl\/"},{"@type":"ListItem","position":2,"name":"Katalog","item":"https:\/\/selleetools.com\/pl\/katalog\/"},{"@type":"ListItem","position":3,"name":"FWEE Cushion Egg-Fit Cover 1.5 Peach 13 g &#8211; podk\u0142ad cushion jasny be\u017c"}]}]}},"_links":{"self":[{"href":"https:\/\/selleetools.com\/pl\/wp-json\/wp\/v2\/product\/608964"}],"collection":[{"href":"https:\/\/selleetools.com\/pl\/wp-json\/wp\/v2\/product"}],"about":[{"href":"https:\/\/selleetools.com\/pl\/wp-json\/wp\/v2\/types\/product"}],"replies":[{"embeddable":true,"href":"https:\/\/selleetools.com\/pl\/wp-json\/wp\/v2\/comments?post=608964"}],"wp:featuredmedia":[{"embeddable":true,"href":"https:\/\/selleetools.com\/pl\/wp-json\/wp\/v2\/media\/608962"}],"wp:attachment":[{"href":"https:\/\/selleetools.com\/pl\/wp-json\/wp\/v2\/media?parent=608964"}],"curies":[{"name":"wp","href":"https:\/\/api.w.org\/{rel}","templated":true}]}}