{"id":608961,"date":"2025-10-24T14:27:23","date_gmt":"2025-10-24T12:27:23","guid":{"rendered":"https:\/\/selleetools.com\/?post_type=product&#038;p=608961"},"modified":"2025-11-03T17:02:56","modified_gmt":"2025-11-03T16:02:56","slug":"fwee-cushion-egg-fit-cover-01-fair-13-g-podklad-cushion-jasny-odcien","status":"publish","type":"product","link":"https:\/\/selleetools.com\/pl\/product\/fwee-cushion-egg-fit-cover-01-fair-13-g-podklad-cushion-jasny-odcien\/","title":{"rendered":"FWEE Cushion Egg-Fit Cover 01 Fair 13 g &#8211; podk\u0142ad cushion jasny odcie\u0144"},"content":{"rendered":"<p>FWEE Cushion Egg-Fit Cover 02 Nude to lekki podk\u0142ad w formie cushion o odcieniu jasnego be\u017cu, kt\u00f3ry zapewnia naturalne krycie i jedwabiste wyko\u0144czenie. Idealnie dopasowuje si\u0119 do cery, wyr\u00f3wnuj\u0105c jej koloryt i maskuj\u0105c niedoskona\u0142o\u015bci bez efektu maski. Dzi\u0119ki kompaktowej formie sprawdza si\u0119 zar\u00f3wno w codziennej piel\u0119gnacji, jak i podczas szybkich poprawek w ci\u0105gu dnia.<\/p>\n<p>Korzy\u015bci ze stosowania:<br \/>\nWysokie krycie przy naturalnym efekcie \u2013 maskuje przebarwienia, zaczerwienienia i nier\u00f3wno\u015bci sk\u00f3ry.<br \/>\nOchrona przeciws\u0142oneczna \u2013 zawiera filtry UV (m.in. Titanium Dioxide, Zinc Oxide, Ethylhexyl Methoxycinnamate), kt\u00f3re chroni\u0105 sk\u00f3r\u0119 przed szkodliwym promieniowaniem.<br \/>\nNawil\u017cenie i piel\u0119gnacja \u2013 wzbogacony kompleksem kwasu hialuronowego w r\u00f3\u017cnych formach (w tym Sodium Hyaluronate, Hydrolyzed Hyaluronic Acid, Polyglutamic Acid), kt\u00f3ry intensywnie nawil\u017ca i wyg\u0142adza.<br \/>\nDzia\u0142anie koj\u0105ce i przeciwzapalne \u2013 ekstrakt z Centella Asiatica oraz Tea Tree wspomagaj\u0105 piel\u0119gnacj\u0119 sk\u00f3ry wra\u017cliwej i sk\u0142onnej do niedoskona\u0142o\u015bci.<br \/>\nDzia\u0142anie rozja\u015bniaj\u0105ce i przeciwstarzeniowe \u2013 obecno\u015b\u0107 niacynamidu i adenozyny pomaga poprawi\u0107 koloryt sk\u00f3ry oraz zmniejsza\u0107 widoczno\u015b\u0107 drobnych zmarszczek.<br \/>\nD\u0142ugotrwa\u0142a formu\u0142a \u2013 odporna na \u015bcieranie, utrzymuje si\u0119 przez wiele godzin bez konieczno\u015bci cz\u0119stych poprawek.<\/p>\n<p>Spos\u00f3b u\u017cycia:<br \/>\nOtw\u00f3rz opakowanie i delikatnie naci\u015bnij aplikator na g\u0105bk\u0119 nas\u0105czon\u0105 podk\u0142adem.<br \/>\nRozprowad\u017a produkt r\u00f3wnomiernie na twarzy, delikatnie wklepuj\u0105c g\u0105bk\u0105.<br \/>\nW razie potrzeby na\u0142\u00f3\u017c kolejn\u0105 warstw\u0119, aby zwi\u0119kszy\u0107 krycie.<br \/>\nProdukt mo\u017ce by\u0107 stosowany samodzielnie lub jako uzupe\u0142nienie codziennego makija\u017cu.<\/p>\n","protected":false},"excerpt":{"rendered":"<p>FWEE Cushion Egg-Fit Cover 02 Nude to lekki podk\u0142ad w formie cushion o odcieniu jasnego be\u017cu, kt\u00f3ry zapewnia naturalne krycie i jedwabiste wyko\u0144czenie. Idealnie dopasowuje si\u0119 do cery, wyr\u00f3wnuj\u0105c jej koloryt i maskuj\u0105c niedoskona\u0142o\u015bci bez efektu maski. Dzi\u0119ki kompaktowej formie sprawdza si\u0119 zar\u00f3wno w codziennej piel\u0119gnacji, jak i podczas szybkich poprawek w ci\u0105gu dnia. Korzy\u015bci &#8230; <a title=\"FWEE Cushion Egg-Fit Cover 01 Fair 13 g &#8211; podk\u0142ad cushion jasny odcie\u0144\" class=\"read-more\" href=\"https:\/\/selleetools.com\/pl\/product\/fwee-cushion-egg-fit-cover-01-fair-13-g-podklad-cushion-jasny-odcien\/\">Read more<span class=\"screen-reader-text\">FWEE Cushion Egg-Fit Cover 01 Fair 13 g &#8211; podk\u0142ad cushion jasny odcie\u0144<\/span><\/a><\/p>\n","protected":false},"featured_media":608959,"comment_status":"open","ping_status":"closed","template":"","meta":{"_links_to":"","_links_to_target":""},"yoast_head":"<!-- This site is optimized with the Yoast SEO plugin v19.4 - https:\/\/yoast.com\/wordpress\/plugins\/seo\/ -->\n<title>FWEE Cushion Egg-Fit Cover 01 Fair 13 g - podk\u0142ad cushion jasny odcie\u0144 - Selleetools.com<\/title>\n<meta name=\"robots\" content=\"index, follow, max-snippet:-1, max-image-preview:large, max-video-preview:-1\" \/>\n<link rel=\"canonical\" href=\"https:\/\/admincentral.selleetools.com\/pl\/product\/fwee-cushion-egg-fit-cover-01-fair-13-g-podklad-cushion-jasny-odcien\/\" \/>\n<meta property=\"og:locale\" content=\"pl_PL\" \/>\n<meta property=\"og:type\" content=\"article\" \/>\n<meta property=\"og:title\" content=\"FWEE Cushion Egg-Fit Cover 01 Fair 13 g - podk\u0142ad cushion jasny odcie\u0144 - Selleetools.com\" \/>\n<meta property=\"og:description\" content=\"FWEE Cushion Egg-Fit Cover 02 Nude to lekki podk\u0142ad w formie cushion o odcieniu jasnego be\u017cu, kt\u00f3ry zapewnia naturalne krycie i jedwabiste wyko\u0144czenie. Idealnie dopasowuje si\u0119 do cery, wyr\u00f3wnuj\u0105c jej koloryt i maskuj\u0105c niedoskona\u0142o\u015bci bez efektu maski. Dzi\u0119ki kompaktowej formie sprawdza si\u0119 zar\u00f3wno w codziennej piel\u0119gnacji, jak i podczas szybkich poprawek w ci\u0105gu dnia. Korzy\u015bci ... Read moreFWEE Cushion Egg-Fit Cover 01 Fair 13 g &#8211; podk\u0142ad cushion jasny odcie\u0144\" \/>\n<meta property=\"og:url\" content=\"https:\/\/admincentral.selleetools.com\/pl\/product\/fwee-cushion-egg-fit-cover-01-fair-13-g-podklad-cushion-jasny-odcien\/\" \/>\n<meta property=\"og:site_name\" content=\"Selleetools.com\" \/>\n<meta property=\"article:modified_time\" content=\"2025-11-03T16:02:56+00:00\" \/>\n<meta property=\"og:image\" content=\"https:\/\/selleetools.com\/wp-content\/uploads\/2025\/10\/193d0d92ee682e43862ef22633afd13c.png\" \/>\n\t<meta property=\"og:image:width\" content=\"1080\" \/>\n\t<meta property=\"og:image:height\" content=\"1080\" \/>\n\t<meta property=\"og:image:type\" content=\"image\/png\" \/>\n<meta name=\"twitter:card\" content=\"summary_large_image\" \/>\n<meta name=\"twitter:label1\" content=\"Est. reading time\" \/>\n\t<meta name=\"twitter:data1\" content=\"1 minuta\" \/>\n<!-- \/ Yoast SEO plugin. -->","yoast_head_json":{"title":"FWEE Cushion Egg-Fit Cover 01 Fair 13 g - podk\u0142ad cushion jasny odcie\u0144 - Selleetools.com","robots":{"index":"index","follow":"follow","max-snippet":"max-snippet:-1","max-image-preview":"max-image-preview:large","max-video-preview":"max-video-preview:-1"},"canonical":"https:\/\/admincentral.selleetools.com\/pl\/product\/fwee-cushion-egg-fit-cover-01-fair-13-g-podklad-cushion-jasny-odcien\/","og_locale":"pl_PL","og_type":"article","og_title":"FWEE Cushion Egg-Fit Cover 01 Fair 13 g - podk\u0142ad cushion jasny odcie\u0144 - Selleetools.com","og_description":"FWEE Cushion Egg-Fit Cover 02 Nude to lekki podk\u0142ad w formie cushion o odcieniu jasnego be\u017cu, kt\u00f3ry zapewnia naturalne krycie i jedwabiste wyko\u0144czenie. Idealnie dopasowuje si\u0119 do cery, wyr\u00f3wnuj\u0105c jej koloryt i maskuj\u0105c niedoskona\u0142o\u015bci bez efektu maski. Dzi\u0119ki kompaktowej formie sprawdza si\u0119 zar\u00f3wno w codziennej piel\u0119gnacji, jak i podczas szybkich poprawek w ci\u0105gu dnia. Korzy\u015bci ... Read moreFWEE Cushion Egg-Fit Cover 01 Fair 13 g &#8211; podk\u0142ad cushion jasny odcie\u0144","og_url":"https:\/\/admincentral.selleetools.com\/pl\/product\/fwee-cushion-egg-fit-cover-01-fair-13-g-podklad-cushion-jasny-odcien\/","og_site_name":"Selleetools.com","article_modified_time":"2025-11-03T16:02:56+00:00","og_image":[{"width":1080,"height":1080,"url":"https:\/\/selleetools.com\/wp-content\/uploads\/2025\/10\/193d0d92ee682e43862ef22633afd13c.png","type":"image\/png"}],"twitter_card":"summary_large_image","twitter_misc":{"Est. reading time":"1 minuta"},"schema":{"@context":"https:\/\/schema.org","@graph":[{"@type":"Organization","@id":"https:\/\/selleetools.com\/#organization","name":"Selleetools","url":"https:\/\/selleetools.com\/","sameAs":[],"logo":{"@type":"ImageObject","inLanguage":"pl-PL","@id":"https:\/\/selleetools.com\/#\/schema\/logo\/image\/","url":"https:\/\/selleetools.com\/wp-content\/uploads\/2021\/10\/logo-dark.png","contentUrl":"https:\/\/selleetools.com\/wp-content\/uploads\/2021\/10\/logo-dark.png","width":320,"height":76,"caption":"Selleetools"},"image":{"@id":"https:\/\/selleetools.com\/#\/schema\/logo\/image\/"}},{"@type":"WebSite","@id":"https:\/\/selleetools.com\/#website","url":"https:\/\/selleetools.com\/","name":"Selleetools.com","description":"","publisher":{"@id":"https:\/\/selleetools.com\/#organization"},"potentialAction":[{"@type":"SearchAction","target":{"@type":"EntryPoint","urlTemplate":"https:\/\/selleetools.com\/?s={search_term_string}"},"query-input":"required name=search_term_string"}],"inLanguage":"pl-PL"},{"@type":"WebPage","@id":"https:\/\/admincentral.selleetools.com\/pl\/product\/fwee-cushion-egg-fit-cover-01-fair-13-g-podklad-cushion-jasny-odcien\/","url":"https:\/\/admincentral.selleetools.com\/pl\/product\/fwee-cushion-egg-fit-cover-01-fair-13-g-podklad-cushion-jasny-odcien\/","name":"FWEE Cushion Egg-Fit Cover 01 Fair 13 g - podk\u0142ad cushion jasny odcie\u0144 - Selleetools.com","isPartOf":{"@id":"https:\/\/selleetools.com\/#website"},"datePublished":"2025-10-24T12:27:23+00:00","dateModified":"2025-11-03T16:02:56+00:00","breadcrumb":{"@id":"https:\/\/admincentral.selleetools.com\/pl\/product\/fwee-cushion-egg-fit-cover-01-fair-13-g-podklad-cushion-jasny-odcien\/#breadcrumb"},"inLanguage":"pl-PL","potentialAction":[{"@type":"ReadAction","target":["https:\/\/admincentral.selleetools.com\/pl\/product\/fwee-cushion-egg-fit-cover-01-fair-13-g-podklad-cushion-jasny-odcien\/"]}]},{"@type":"BreadcrumbList","@id":"https:\/\/admincentral.selleetools.com\/pl\/product\/fwee-cushion-egg-fit-cover-01-fair-13-g-podklad-cushion-jasny-odcien\/#breadcrumb","itemListElement":[{"@type":"ListItem","position":1,"name":"Home","item":"https:\/\/selleetools.com\/pl\/"},{"@type":"ListItem","position":2,"name":"Katalog","item":"https:\/\/selleetools.com\/pl\/katalog\/"},{"@type":"ListItem","position":3,"name":"FWEE Cushion Egg-Fit Cover 01 Fair 13 g &#8211; podk\u0142ad cushion jasny odcie\u0144"}]}]}},"_links":{"self":[{"href":"https:\/\/selleetools.com\/pl\/wp-json\/wp\/v2\/product\/608961"}],"collection":[{"href":"https:\/\/selleetools.com\/pl\/wp-json\/wp\/v2\/product"}],"about":[{"href":"https:\/\/selleetools.com\/pl\/wp-json\/wp\/v2\/types\/product"}],"replies":[{"embeddable":true,"href":"https:\/\/selleetools.com\/pl\/wp-json\/wp\/v2\/comments?post=608961"}],"wp:featuredmedia":[{"embeddable":true,"href":"https:\/\/selleetools.com\/pl\/wp-json\/wp\/v2\/media\/608959"}],"wp:attachment":[{"href":"https:\/\/selleetools.com\/pl\/wp-json\/wp\/v2\/media?parent=608961"}],"curies":[{"name":"wp","href":"https:\/\/api.w.org\/{rel}","templated":true}]}}