{"id":608937,"date":"2025-10-24T14:27:02","date_gmt":"2025-10-24T12:27:02","guid":{"rendered":"https:\/\/selleetools.com\/?post_type=product&#038;p=608937"},"modified":"2025-11-04T21:34:18","modified_gmt":"2025-11-04T20:34:18","slug":"fwee-lipcheek-blurry-pudding-pot-rd04-fav-5-g-2w1-pomadka-i-roz-do-policzkow","status":"publish","type":"product","link":"https:\/\/selleetools.com\/pl\/product\/fwee-lipcheek-blurry-pudding-pot-rd04-fav-5-g-2w1-pomadka-i-roz-do-policzkow\/","title":{"rendered":"FWEE Lip&#038;Cheek Blurry Pudding Pot RD04 Fav 5 g &#8211; 2w1 pomadka i r\u00f3\u017c do policzk\u00f3w"},"content":{"rendered":"<p>FWEE Lip&#038;Cheek Blurry Pudding Pot RD04 Fav 5 g to innowacyjny produkt 2w1, kt\u00f3ry \u0142\u0105czy w sobie funkcj\u0119 pomadki oraz r\u00f3\u017cu do policzk\u00f3w. Odcie\u0144 RD04 Fav to intensywny, \u017cywy czerwony kolor z delikatnymi ciep\u0142ymi tonami, kt\u00f3ry dodaje twarzy energii i \u015bwie\u017co\u015bci. Stworzony dla os\u00f3b ceni\u0105cych wygod\u0119 i wszechstronno\u015b\u0107 kosmetyk\u00f3w, idealnie sprawdzi si\u0119 w codziennym makija\u017cu. Dzi\u0119ki lekkiej, kremowej konsystencji \u0142atwo si\u0119 aplikuje, daj\u0105c naturalne, rozmyte wyko\u0144czenie zar\u00f3wno na ustach, jak i policzkach. <\/p>\n<p>Korzy\u015bci dla sk\u00f3ry:<br \/>\nNawil\u017cenie i od\u017cywienie \u2013 formu\u0142a wzbogacona o sk\u0142adniki piel\u0119gnacyjne, kt\u00f3re zapobiegaj\u0105 przesuszeniu sk\u00f3ry.<br \/>\nNaturalne wyko\u0144czenie \u2013 subtelny, zdrowy blask, kt\u00f3ry podkre\u015bla \u015bwie\u017co\u015b\u0107 i promienno\u015b\u0107 cery.<br \/>\nWielozadaniowo\u015b\u0107 \u2013 produkt do stosowania na usta i policzki, idealny na co dzie\u0144 i w podr\u00f3\u017cy.<br \/>\n\u0141atwo\u015b\u0107 blendowania \u2013 kremowa konsystencja, kt\u00f3ra wtapia si\u0119 w sk\u00f3r\u0119, nie pozostawiaj\u0105c plam ani nier\u00f3wno\u015bci.<br \/>\nD\u0142ugotrwa\u0142y efekt \u2013 utrzymuje si\u0119 przez wiele godzin, bez konieczno\u015bci poprawek.<\/p>\n<p>Spos\u00f3b u\u017cycia:<br \/>\nNa policzki: Nanie\u015b niewielk\u0105 ilo\u015b\u0107 produktu na opuszki palc\u00f3w, a nast\u0119pnie delikatnie wklep w ko\u015bci policzkowe. Mo\u017cesz budowa\u0107 intensywno\u015b\u0107 koloru wed\u0142ug w\u0142asnych preferencji.<br \/>\nNa usta: Za pomoc\u0105 palc\u00f3w lub p\u0119dzelka rozprowad\u017a produkt na ustach, tworz\u0105c naturalny, rozmyty efekt. Dla intensywniejszego koloru na\u0142\u00f3\u017c kolejn\u0105 warstw\u0119.<\/p>\n","protected":false},"excerpt":{"rendered":"<p>FWEE Lip&#038;Cheek Blurry Pudding Pot RD04 Fav 5 g to innowacyjny produkt 2w1, kt\u00f3ry \u0142\u0105czy w sobie funkcj\u0119 pomadki oraz r\u00f3\u017cu do policzk\u00f3w. Odcie\u0144 RD04 Fav to intensywny, \u017cywy czerwony kolor z delikatnymi ciep\u0142ymi tonami, kt\u00f3ry dodaje twarzy energii i \u015bwie\u017co\u015bci. Stworzony dla os\u00f3b ceni\u0105cych wygod\u0119 i wszechstronno\u015b\u0107 kosmetyk\u00f3w, idealnie sprawdzi si\u0119 w codziennym makija\u017cu. &#8230; <a title=\"FWEE Lip&#038;Cheek Blurry Pudding Pot RD04 Fav 5 g &#8211; 2w1 pomadka i r\u00f3\u017c do policzk\u00f3w\" class=\"read-more\" href=\"https:\/\/selleetools.com\/pl\/product\/fwee-lipcheek-blurry-pudding-pot-rd04-fav-5-g-2w1-pomadka-i-roz-do-policzkow\/\">Read more<span class=\"screen-reader-text\">FWEE Lip&#038;Cheek Blurry Pudding Pot RD04 Fav 5 g &#8211; 2w1 pomadka i r\u00f3\u017c do policzk\u00f3w<\/span><\/a><\/p>\n","protected":false},"featured_media":608935,"comment_status":"open","ping_status":"closed","template":"","meta":{"_links_to":"","_links_to_target":""},"yoast_head":"<!-- This site is optimized with the Yoast SEO plugin v19.4 - https:\/\/yoast.com\/wordpress\/plugins\/seo\/ -->\n<title>FWEE Lip&amp;Cheek Blurry Pudding Pot RD04 Fav 5 g - 2w1 pomadka i r\u00f3\u017c do policzk\u00f3w - Selleetools.com<\/title>\n<meta name=\"robots\" content=\"index, follow, max-snippet:-1, max-image-preview:large, max-video-preview:-1\" \/>\n<link rel=\"canonical\" href=\"https:\/\/selleetools.com\/pl\/product\/fwee-lipcheek-blurry-pudding-pot-rd04-fav-5-g-2w1-pomadka-i-roz-do-policzkow\/\" \/>\n<meta property=\"og:locale\" content=\"pl_PL\" \/>\n<meta property=\"og:type\" content=\"article\" \/>\n<meta property=\"og:title\" content=\"FWEE Lip&amp;Cheek Blurry Pudding Pot RD04 Fav 5 g - 2w1 pomadka i r\u00f3\u017c do policzk\u00f3w - Selleetools.com\" \/>\n<meta property=\"og:description\" content=\"FWEE Lip&#038;Cheek Blurry Pudding Pot RD04 Fav 5 g to innowacyjny produkt 2w1, kt\u00f3ry \u0142\u0105czy w sobie funkcj\u0119 pomadki oraz r\u00f3\u017cu do policzk\u00f3w. Odcie\u0144 RD04 Fav to intensywny, \u017cywy czerwony kolor z delikatnymi ciep\u0142ymi tonami, kt\u00f3ry dodaje twarzy energii i \u015bwie\u017co\u015bci. Stworzony dla os\u00f3b ceni\u0105cych wygod\u0119 i wszechstronno\u015b\u0107 kosmetyk\u00f3w, idealnie sprawdzi si\u0119 w codziennym makija\u017cu. ... Read moreFWEE Lip&#038;Cheek Blurry Pudding Pot RD04 Fav 5 g &#8211; 2w1 pomadka i r\u00f3\u017c do policzk\u00f3w\" \/>\n<meta property=\"og:url\" content=\"https:\/\/selleetools.com\/pl\/product\/fwee-lipcheek-blurry-pudding-pot-rd04-fav-5-g-2w1-pomadka-i-roz-do-policzkow\/\" \/>\n<meta property=\"og:site_name\" content=\"Selleetools.com\" \/>\n<meta property=\"article:modified_time\" content=\"2025-11-04T20:34:18+00:00\" \/>\n<meta property=\"og:image\" content=\"https:\/\/selleetools.com\/wp-content\/uploads\/2025\/10\/f5fd1ccc8b7ebefaf2b4652ae2d409c3.png\" \/>\n\t<meta property=\"og:image:width\" content=\"1080\" \/>\n\t<meta property=\"og:image:height\" content=\"1080\" \/>\n\t<meta property=\"og:image:type\" content=\"image\/png\" \/>\n<meta name=\"twitter:card\" content=\"summary_large_image\" \/>\n<meta name=\"twitter:label1\" content=\"Est. reading time\" \/>\n\t<meta name=\"twitter:data1\" content=\"1 minuta\" \/>\n<!-- \/ Yoast SEO plugin. -->","yoast_head_json":{"title":"FWEE Lip&Cheek Blurry Pudding Pot RD04 Fav 5 g - 2w1 pomadka i r\u00f3\u017c do policzk\u00f3w - Selleetools.com","robots":{"index":"index","follow":"follow","max-snippet":"max-snippet:-1","max-image-preview":"max-image-preview:large","max-video-preview":"max-video-preview:-1"},"canonical":"https:\/\/selleetools.com\/pl\/product\/fwee-lipcheek-blurry-pudding-pot-rd04-fav-5-g-2w1-pomadka-i-roz-do-policzkow\/","og_locale":"pl_PL","og_type":"article","og_title":"FWEE Lip&Cheek Blurry Pudding Pot RD04 Fav 5 g - 2w1 pomadka i r\u00f3\u017c do policzk\u00f3w - Selleetools.com","og_description":"FWEE Lip&#038;Cheek Blurry Pudding Pot RD04 Fav 5 g to innowacyjny produkt 2w1, kt\u00f3ry \u0142\u0105czy w sobie funkcj\u0119 pomadki oraz r\u00f3\u017cu do policzk\u00f3w. Odcie\u0144 RD04 Fav to intensywny, \u017cywy czerwony kolor z delikatnymi ciep\u0142ymi tonami, kt\u00f3ry dodaje twarzy energii i \u015bwie\u017co\u015bci. Stworzony dla os\u00f3b ceni\u0105cych wygod\u0119 i wszechstronno\u015b\u0107 kosmetyk\u00f3w, idealnie sprawdzi si\u0119 w codziennym makija\u017cu. ... Read moreFWEE Lip&#038;Cheek Blurry Pudding Pot RD04 Fav 5 g &#8211; 2w1 pomadka i r\u00f3\u017c do policzk\u00f3w","og_url":"https:\/\/selleetools.com\/pl\/product\/fwee-lipcheek-blurry-pudding-pot-rd04-fav-5-g-2w1-pomadka-i-roz-do-policzkow\/","og_site_name":"Selleetools.com","article_modified_time":"2025-11-04T20:34:18+00:00","og_image":[{"width":1080,"height":1080,"url":"https:\/\/selleetools.com\/wp-content\/uploads\/2025\/10\/f5fd1ccc8b7ebefaf2b4652ae2d409c3.png","type":"image\/png"}],"twitter_card":"summary_large_image","twitter_misc":{"Est. reading time":"1 minuta"},"schema":{"@context":"https:\/\/schema.org","@graph":[{"@type":"Organization","@id":"https:\/\/selleetools.com\/#organization","name":"Selleetools","url":"https:\/\/selleetools.com\/","sameAs":[],"logo":{"@type":"ImageObject","inLanguage":"pl-PL","@id":"https:\/\/selleetools.com\/#\/schema\/logo\/image\/","url":"https:\/\/selleetools.com\/wp-content\/uploads\/2021\/10\/logo-dark.png","contentUrl":"https:\/\/selleetools.com\/wp-content\/uploads\/2021\/10\/logo-dark.png","width":320,"height":76,"caption":"Selleetools"},"image":{"@id":"https:\/\/selleetools.com\/#\/schema\/logo\/image\/"}},{"@type":"WebSite","@id":"https:\/\/selleetools.com\/#website","url":"https:\/\/selleetools.com\/","name":"Selleetools.com","description":"","publisher":{"@id":"https:\/\/selleetools.com\/#organization"},"potentialAction":[{"@type":"SearchAction","target":{"@type":"EntryPoint","urlTemplate":"https:\/\/selleetools.com\/?s={search_term_string}"},"query-input":"required name=search_term_string"}],"inLanguage":"pl-PL"},{"@type":"WebPage","@id":"https:\/\/selleetools.com\/pl\/product\/fwee-lipcheek-blurry-pudding-pot-rd04-fav-5-g-2w1-pomadka-i-roz-do-policzkow\/","url":"https:\/\/selleetools.com\/pl\/product\/fwee-lipcheek-blurry-pudding-pot-rd04-fav-5-g-2w1-pomadka-i-roz-do-policzkow\/","name":"FWEE Lip&Cheek Blurry Pudding Pot RD04 Fav 5 g - 2w1 pomadka i r\u00f3\u017c do policzk\u00f3w - Selleetools.com","isPartOf":{"@id":"https:\/\/selleetools.com\/#website"},"datePublished":"2025-10-24T12:27:02+00:00","dateModified":"2025-11-04T20:34:18+00:00","breadcrumb":{"@id":"https:\/\/selleetools.com\/pl\/product\/fwee-lipcheek-blurry-pudding-pot-rd04-fav-5-g-2w1-pomadka-i-roz-do-policzkow\/#breadcrumb"},"inLanguage":"pl-PL","potentialAction":[{"@type":"ReadAction","target":["https:\/\/selleetools.com\/pl\/product\/fwee-lipcheek-blurry-pudding-pot-rd04-fav-5-g-2w1-pomadka-i-roz-do-policzkow\/"]}]},{"@type":"BreadcrumbList","@id":"https:\/\/selleetools.com\/pl\/product\/fwee-lipcheek-blurry-pudding-pot-rd04-fav-5-g-2w1-pomadka-i-roz-do-policzkow\/#breadcrumb","itemListElement":[{"@type":"ListItem","position":1,"name":"Home","item":"https:\/\/selleetools.com\/pl\/"},{"@type":"ListItem","position":2,"name":"Katalog","item":"https:\/\/selleetools.com\/pl\/katalog\/"},{"@type":"ListItem","position":3,"name":"FWEE Lip&#038;Cheek Blurry Pudding Pot RD04 Fav 5 g &#8211; 2w1 pomadka i r\u00f3\u017c do policzk\u00f3w"}]}]}},"_links":{"self":[{"href":"https:\/\/selleetools.com\/pl\/wp-json\/wp\/v2\/product\/608937"}],"collection":[{"href":"https:\/\/selleetools.com\/pl\/wp-json\/wp\/v2\/product"}],"about":[{"href":"https:\/\/selleetools.com\/pl\/wp-json\/wp\/v2\/types\/product"}],"replies":[{"embeddable":true,"href":"https:\/\/selleetools.com\/pl\/wp-json\/wp\/v2\/comments?post=608937"}],"wp:featuredmedia":[{"embeddable":true,"href":"https:\/\/selleetools.com\/pl\/wp-json\/wp\/v2\/media\/608935"}],"wp:attachment":[{"href":"https:\/\/selleetools.com\/pl\/wp-json\/wp\/v2\/media?parent=608937"}],"curies":[{"name":"wp","href":"https:\/\/api.w.org\/{rel}","templated":true}]}}