{"id":608919,"date":"2025-10-24T14:26:43","date_gmt":"2025-10-24T12:26:43","guid":{"rendered":"https:\/\/selleetools.com\/?post_type=product&#038;p=608919"},"modified":"2025-11-04T21:33:05","modified_gmt":"2025-11-04T20:33:05","slug":"fwee-lipcheek-blurry-pudding-pot-nd02-like-5-g-2w1-pomadka-i-roz-do-policzkow","status":"publish","type":"product","link":"https:\/\/selleetools.com\/pl\/product\/fwee-lipcheek-blurry-pudding-pot-nd02-like-5-g-2w1-pomadka-i-roz-do-policzkow\/","title":{"rendered":"FWEE Lip&#038;Cheek Blurry Pudding Pot ND02 Like 5 g &#8211; 2w1 pomadka i r\u00f3\u017c do policzk\u00f3w"},"content":{"rendered":"<p>FWEE Lip&#038;Cheek Blurry Pudding Pot ND02 Like to wszechstronny kosmetyk 2w1, kt\u00f3ry \u0142\u0105czy funkcje pomadki i r\u00f3\u017cu do policzk\u00f3w. Ma delikatn\u0105, piankow\u0105 konsystencj\u0119 przypominaj\u0105c\u0105 pudding, kt\u00f3ra doskonale si\u0119 rozprowadza i stapia ze sk\u00f3r\u0105, nadaj\u0105c jej naturalne, matowo-satynowe wyko\u0144czenie. Odcie\u0144 ND02 Like to subtelny, codzienny kolor, kt\u00f3ry dopasowuje si\u0119 do wielu karnacji, podkre\u015blaj\u0105c usta i policzki \u015bwie\u017cym rumie\u0144cem.<\/p>\n<p>Korzy\u015bci ze stosowania:<br \/>\nWielofunkcyjno\u015b\u0107 \u2013 jeden produkt do ust i policzk\u00f3w, idealny do szybkiego makija\u017cu.<br \/>\nNaturalny efekt blur \u2013 zmi\u0119kcza optycznie rysy twarzy, nadaj\u0105c cerze \u015bwie\u017co\u015b\u0107 i wypocz\u0119ty wygl\u0105d.<br \/>\nLekka, komfortowa formu\u0142a \u2013 niet\u0142usta i nieklej\u0105ca si\u0119, doskona\u0142a do codziennego noszenia.<br \/>\n\u0141atwa aplikacja \u2013 kremowa konsystencja pozwala na aplikacj\u0119 opuszkami palc\u00f3w, p\u0119dzlem lub g\u0105bk\u0105.<br \/>\nSk\u0142adniki piel\u0119gnuj\u0105ce \u2013 zawiera m.in. mas\u0142o kakaowe i ekstrakt z agawy, kt\u00f3re wspomagaj\u0105 nawil\u017cenie i elastyczno\u015b\u0107 sk\u00f3ry.<\/p>\n<p>Spos\u00f3b u\u017cycia:<br \/>\nNa usta: Delikatnie wklep opuszkami palc\u00f3w lub p\u0119dzelkiem, aby uzyska\u0107 efekt rozmytego koloru.<br \/>\nNa policzki: Nanie\u015b niewielk\u0105 ilo\u015b\u0107 na szczyty ko\u015bci policzkowych i rozprowad\u017a kolistymi ruchami, a\u017c do uzyskania naturalnego rumie\u0144ca.<br \/>\nIntensywno\u015b\u0107 koloru mo\u017cna budowa\u0107 warstwami w zale\u017cno\u015bci od potrzeb.<\/p>\n","protected":false},"excerpt":{"rendered":"<p>FWEE Lip&#038;Cheek Blurry Pudding Pot ND02 Like to wszechstronny kosmetyk 2w1, kt\u00f3ry \u0142\u0105czy funkcje pomadki i r\u00f3\u017cu do policzk\u00f3w. Ma delikatn\u0105, piankow\u0105 konsystencj\u0119 przypominaj\u0105c\u0105 pudding, kt\u00f3ra doskonale si\u0119 rozprowadza i stapia ze sk\u00f3r\u0105, nadaj\u0105c jej naturalne, matowo-satynowe wyko\u0144czenie. Odcie\u0144 ND02 Like to subtelny, codzienny kolor, kt\u00f3ry dopasowuje si\u0119 do wielu karnacji, podkre\u015blaj\u0105c usta i policzki &#8230; <a title=\"FWEE Lip&#038;Cheek Blurry Pudding Pot ND02 Like 5 g &#8211; 2w1 pomadka i r\u00f3\u017c do policzk\u00f3w\" class=\"read-more\" href=\"https:\/\/selleetools.com\/pl\/product\/fwee-lipcheek-blurry-pudding-pot-nd02-like-5-g-2w1-pomadka-i-roz-do-policzkow\/\">Read more<span class=\"screen-reader-text\">FWEE Lip&#038;Cheek Blurry Pudding Pot ND02 Like 5 g &#8211; 2w1 pomadka i r\u00f3\u017c do policzk\u00f3w<\/span><\/a><\/p>\n","protected":false},"featured_media":608917,"comment_status":"open","ping_status":"closed","template":"","meta":{"_links_to":"","_links_to_target":""},"yoast_head":"<!-- This site is optimized with the Yoast SEO plugin v19.4 - https:\/\/yoast.com\/wordpress\/plugins\/seo\/ -->\n<title>FWEE Lip&amp;Cheek Blurry Pudding Pot ND02 Like 5 g - 2w1 pomadka i r\u00f3\u017c do policzk\u00f3w - Selleetools.com<\/title>\n<meta name=\"robots\" content=\"index, follow, max-snippet:-1, max-image-preview:large, max-video-preview:-1\" \/>\n<link rel=\"canonical\" href=\"https:\/\/selleetools.com\/product\/fwee-lipcheek-blurry-pudding-pot-nd02-like-5-g-2w1-pomadka-i-roz-do-policzkow\/\" \/>\n<meta property=\"og:locale\" content=\"pl_PL\" \/>\n<meta property=\"og:type\" content=\"article\" \/>\n<meta property=\"og:title\" content=\"FWEE Lip&amp;Cheek Blurry Pudding Pot ND02 Like 5 g - 2w1 pomadka i r\u00f3\u017c do policzk\u00f3w - Selleetools.com\" \/>\n<meta property=\"og:description\" content=\"FWEE Lip&#038;Cheek Blurry Pudding Pot ND02 Like to wszechstronny kosmetyk 2w1, kt\u00f3ry \u0142\u0105czy funkcje pomadki i r\u00f3\u017cu do policzk\u00f3w. Ma delikatn\u0105, piankow\u0105 konsystencj\u0119 przypominaj\u0105c\u0105 pudding, kt\u00f3ra doskonale si\u0119 rozprowadza i stapia ze sk\u00f3r\u0105, nadaj\u0105c jej naturalne, matowo-satynowe wyko\u0144czenie. Odcie\u0144 ND02 Like to subtelny, codzienny kolor, kt\u00f3ry dopasowuje si\u0119 do wielu karnacji, podkre\u015blaj\u0105c usta i policzki ... Read moreFWEE Lip&#038;Cheek Blurry Pudding Pot ND02 Like 5 g &#8211; 2w1 pomadka i r\u00f3\u017c do policzk\u00f3w\" \/>\n<meta property=\"og:url\" content=\"https:\/\/selleetools.com\/product\/fwee-lipcheek-blurry-pudding-pot-nd02-like-5-g-2w1-pomadka-i-roz-do-policzkow\/\" \/>\n<meta property=\"og:site_name\" content=\"Selleetools.com\" \/>\n<meta property=\"article:modified_time\" content=\"2025-11-04T20:33:05+00:00\" \/>\n<meta property=\"og:image\" content=\"https:\/\/selleetools.com\/wp-content\/uploads\/2025\/10\/794dc01b0ebc77b4db3f88e4aace44b7.png\" \/>\n\t<meta property=\"og:image:width\" content=\"1080\" \/>\n\t<meta property=\"og:image:height\" content=\"1080\" \/>\n\t<meta property=\"og:image:type\" content=\"image\/png\" \/>\n<meta name=\"twitter:card\" content=\"summary_large_image\" \/>\n<meta name=\"twitter:label1\" content=\"Est. reading time\" \/>\n\t<meta name=\"twitter:data1\" content=\"1 minuta\" \/>\n<!-- \/ Yoast SEO plugin. -->","yoast_head_json":{"title":"FWEE Lip&Cheek Blurry Pudding Pot ND02 Like 5 g - 2w1 pomadka i r\u00f3\u017c do policzk\u00f3w - Selleetools.com","robots":{"index":"index","follow":"follow","max-snippet":"max-snippet:-1","max-image-preview":"max-image-preview:large","max-video-preview":"max-video-preview:-1"},"canonical":"https:\/\/selleetools.com\/product\/fwee-lipcheek-blurry-pudding-pot-nd02-like-5-g-2w1-pomadka-i-roz-do-policzkow\/","og_locale":"pl_PL","og_type":"article","og_title":"FWEE Lip&Cheek Blurry Pudding Pot ND02 Like 5 g - 2w1 pomadka i r\u00f3\u017c do policzk\u00f3w - Selleetools.com","og_description":"FWEE Lip&#038;Cheek Blurry Pudding Pot ND02 Like to wszechstronny kosmetyk 2w1, kt\u00f3ry \u0142\u0105czy funkcje pomadki i r\u00f3\u017cu do policzk\u00f3w. Ma delikatn\u0105, piankow\u0105 konsystencj\u0119 przypominaj\u0105c\u0105 pudding, kt\u00f3ra doskonale si\u0119 rozprowadza i stapia ze sk\u00f3r\u0105, nadaj\u0105c jej naturalne, matowo-satynowe wyko\u0144czenie. Odcie\u0144 ND02 Like to subtelny, codzienny kolor, kt\u00f3ry dopasowuje si\u0119 do wielu karnacji, podkre\u015blaj\u0105c usta i policzki ... Read moreFWEE Lip&#038;Cheek Blurry Pudding Pot ND02 Like 5 g &#8211; 2w1 pomadka i r\u00f3\u017c do policzk\u00f3w","og_url":"https:\/\/selleetools.com\/product\/fwee-lipcheek-blurry-pudding-pot-nd02-like-5-g-2w1-pomadka-i-roz-do-policzkow\/","og_site_name":"Selleetools.com","article_modified_time":"2025-11-04T20:33:05+00:00","og_image":[{"width":1080,"height":1080,"url":"https:\/\/selleetools.com\/wp-content\/uploads\/2025\/10\/794dc01b0ebc77b4db3f88e4aace44b7.png","type":"image\/png"}],"twitter_card":"summary_large_image","twitter_misc":{"Est. reading time":"1 minuta"},"schema":{"@context":"https:\/\/schema.org","@graph":[{"@type":"Organization","@id":"https:\/\/selleetools.com\/#organization","name":"Selleetools","url":"https:\/\/selleetools.com\/","sameAs":[],"logo":{"@type":"ImageObject","inLanguage":"pl-PL","@id":"https:\/\/selleetools.com\/#\/schema\/logo\/image\/","url":"https:\/\/selleetools.com\/wp-content\/uploads\/2021\/10\/logo-dark.png","contentUrl":"https:\/\/selleetools.com\/wp-content\/uploads\/2021\/10\/logo-dark.png","width":320,"height":76,"caption":"Selleetools"},"image":{"@id":"https:\/\/selleetools.com\/#\/schema\/logo\/image\/"}},{"@type":"WebSite","@id":"https:\/\/selleetools.com\/#website","url":"https:\/\/selleetools.com\/","name":"Selleetools.com","description":"","publisher":{"@id":"https:\/\/selleetools.com\/#organization"},"potentialAction":[{"@type":"SearchAction","target":{"@type":"EntryPoint","urlTemplate":"https:\/\/selleetools.com\/?s={search_term_string}"},"query-input":"required name=search_term_string"}],"inLanguage":"pl-PL"},{"@type":"WebPage","@id":"https:\/\/selleetools.com\/product\/fwee-lipcheek-blurry-pudding-pot-nd02-like-5-g-2w1-pomadka-i-roz-do-policzkow\/","url":"https:\/\/selleetools.com\/product\/fwee-lipcheek-blurry-pudding-pot-nd02-like-5-g-2w1-pomadka-i-roz-do-policzkow\/","name":"FWEE Lip&Cheek Blurry Pudding Pot ND02 Like 5 g - 2w1 pomadka i r\u00f3\u017c do policzk\u00f3w - Selleetools.com","isPartOf":{"@id":"https:\/\/selleetools.com\/#website"},"datePublished":"2025-10-24T12:26:43+00:00","dateModified":"2025-11-04T20:33:05+00:00","breadcrumb":{"@id":"https:\/\/selleetools.com\/product\/fwee-lipcheek-blurry-pudding-pot-nd02-like-5-g-2w1-pomadka-i-roz-do-policzkow\/#breadcrumb"},"inLanguage":"pl-PL","potentialAction":[{"@type":"ReadAction","target":["https:\/\/selleetools.com\/product\/fwee-lipcheek-blurry-pudding-pot-nd02-like-5-g-2w1-pomadka-i-roz-do-policzkow\/"]}]},{"@type":"BreadcrumbList","@id":"https:\/\/selleetools.com\/product\/fwee-lipcheek-blurry-pudding-pot-nd02-like-5-g-2w1-pomadka-i-roz-do-policzkow\/#breadcrumb","itemListElement":[{"@type":"ListItem","position":1,"name":"Home","item":"https:\/\/selleetools.com\/pl\/"},{"@type":"ListItem","position":2,"name":"Katalog","item":"https:\/\/selleetools.com\/pl\/katalog\/"},{"@type":"ListItem","position":3,"name":"FWEE Lip&#038;Cheek Blurry Pudding Pot ND02 Like 5 g &#8211; 2w1 pomadka i r\u00f3\u017c do policzk\u00f3w"}]}]}},"_links":{"self":[{"href":"https:\/\/selleetools.com\/pl\/wp-json\/wp\/v2\/product\/608919"}],"collection":[{"href":"https:\/\/selleetools.com\/pl\/wp-json\/wp\/v2\/product"}],"about":[{"href":"https:\/\/selleetools.com\/pl\/wp-json\/wp\/v2\/types\/product"}],"replies":[{"embeddable":true,"href":"https:\/\/selleetools.com\/pl\/wp-json\/wp\/v2\/comments?post=608919"}],"wp:featuredmedia":[{"embeddable":true,"href":"https:\/\/selleetools.com\/pl\/wp-json\/wp\/v2\/media\/608917"}],"wp:attachment":[{"href":"https:\/\/selleetools.com\/pl\/wp-json\/wp\/v2\/media?parent=608919"}],"curies":[{"name":"wp","href":"https:\/\/api.w.org\/{rel}","templated":true}]}}