{"id":608916,"date":"2025-10-24T14:26:40","date_gmt":"2025-10-24T12:26:40","guid":{"rendered":"https:\/\/selleetools.com\/?post_type=product&#038;p=608916"},"modified":"2025-11-04T21:32:54","modified_gmt":"2025-11-04T20:32:54","slug":"fwee-lipcheek-blurry-pudding-pot-cr05-girls-5-g-2w1-pomadka-i-roz-do-policzkow","status":"publish","type":"product","link":"https:\/\/selleetools.com\/pl\/product\/fwee-lipcheek-blurry-pudding-pot-cr05-girls-5-g-2w1-pomadka-i-roz-do-policzkow\/","title":{"rendered":"FWEE Lip&#038;Cheek Blurry Pudding Pot CR05 Girls 5 g &#8211; 2w1 pomadka i r\u00f3\u017c do policzk\u00f3w"},"content":{"rendered":"<p>FWEE Lip&#038;Cheek Blurry Pudding Pot CR05 to innowacyjny kosmetyk 2w1, kt\u00f3ry pe\u0142ni funkcj\u0119 zar\u00f3wno pomadki, jak i r\u00f3\u017cu do policzk\u00f3w. Jego lekka, puszysta konsystencja przypominaj\u0105ca pudding sprawia, \u017ce aplikacja jest niezwykle przyjemna, a efekt \u2013 subtelnie rozmyty i naturalny. Odcie\u0144 CR05 Girls to delikatna, dziewcz\u0119ca tonacja, kt\u00f3ra pasuje do wielu typ\u00f3w urody i nadaje twarzy \u015bwie\u017co\u015bci.<\/p>\n<p>Korzy\u015bci ze stosowania:<br \/>\nWielofunkcyjno\u015b\u0107: Mo\u017cliwo\u015b\u0107 stosowania na usta i policzki sprawia, \u017ce jest idealny do szybkiego makija\u017cu i podr\u00f3\u017cy.<br \/>\nNaturalny efekt blur: Formu\u0142a z efektem soft focus optycznie wyg\u0142adza sk\u00f3r\u0119 i nadaje jej mi\u0119kko\u015b\u0107 bez wyra\u017anych kontur\u00f3w.<br \/>\nOd\u017cywienie i komfort: Zawiera mas\u0142o kakaowe i ekstrakt z agawy, kt\u00f3re nawil\u017caj\u0105 i piel\u0119gnuj\u0105 sk\u00f3r\u0119 oraz usta.<br \/>\n\u0141atwo\u015b\u0107 aplikacji: Puszysta, kremowa konsystencja pozwala na \u0142atwe rozprowadzanie produktu palcami lub p\u0119dzlem, bez smug i ci\u0119\u017cko\u015bci.<br \/>\nEfekt d\u0142ugotrwa\u0142y: Lekka, ale dobrze przylegaj\u0105ca formu\u0142a zapewnia trwa\u0142o\u015b\u0107 koloru przez wiele godzin.<\/p>\n<p>Spos\u00f3b u\u017cycia:<br \/>\nJako pomadka: Na\u0142\u00f3\u017c opuszk\u0105 palca lub p\u0119dzelkiem niewielk\u0105 ilo\u015b\u0107 produktu na usta i delikatnie rozetrzyj.<br \/>\nJako r\u00f3\u017c: Nanie\u015b punktowo na policzki i rozblenduj do po\u017c\u0105danego efektu rozmycia. Dla bardziej intensywnego koloru \u2013 na\u0142\u00f3\u017c kolejn\u0105 warstw\u0119.<\/p>\n","protected":false},"excerpt":{"rendered":"<p>FWEE Lip&#038;Cheek Blurry Pudding Pot CR05 to innowacyjny kosmetyk 2w1, kt\u00f3ry pe\u0142ni funkcj\u0119 zar\u00f3wno pomadki, jak i r\u00f3\u017cu do policzk\u00f3w. Jego lekka, puszysta konsystencja przypominaj\u0105ca pudding sprawia, \u017ce aplikacja jest niezwykle przyjemna, a efekt \u2013 subtelnie rozmyty i naturalny. Odcie\u0144 CR05 Girls to delikatna, dziewcz\u0119ca tonacja, kt\u00f3ra pasuje do wielu typ\u00f3w urody i nadaje twarzy &#8230; <a title=\"FWEE Lip&#038;Cheek Blurry Pudding Pot CR05 Girls 5 g &#8211; 2w1 pomadka i r\u00f3\u017c do policzk\u00f3w\" class=\"read-more\" href=\"https:\/\/selleetools.com\/pl\/product\/fwee-lipcheek-blurry-pudding-pot-cr05-girls-5-g-2w1-pomadka-i-roz-do-policzkow\/\">Read more<span class=\"screen-reader-text\">FWEE Lip&#038;Cheek Blurry Pudding Pot CR05 Girls 5 g &#8211; 2w1 pomadka i r\u00f3\u017c do policzk\u00f3w<\/span><\/a><\/p>\n","protected":false},"featured_media":608914,"comment_status":"open","ping_status":"closed","template":"","meta":{"_links_to":"","_links_to_target":""},"yoast_head":"<!-- This site is optimized with the Yoast SEO plugin v19.4 - https:\/\/yoast.com\/wordpress\/plugins\/seo\/ -->\n<title>FWEE Lip&amp;Cheek Blurry Pudding Pot CR05 Girls 5 g - 2w1 pomadka i r\u00f3\u017c do policzk\u00f3w - Selleetools.com<\/title>\n<meta name=\"robots\" content=\"index, follow, max-snippet:-1, max-image-preview:large, max-video-preview:-1\" \/>\n<link rel=\"canonical\" href=\"https:\/\/admincentral.selleetools.com\/product\/fwee-lipcheek-blurry-pudding-pot-cr05-girls-5-g-2w1-pomadka-i-roz-do-policzkow\/\" \/>\n<meta property=\"og:locale\" content=\"pl_PL\" \/>\n<meta property=\"og:type\" content=\"article\" \/>\n<meta property=\"og:title\" content=\"FWEE Lip&amp;Cheek Blurry Pudding Pot CR05 Girls 5 g - 2w1 pomadka i r\u00f3\u017c do policzk\u00f3w - Selleetools.com\" \/>\n<meta property=\"og:description\" content=\"FWEE Lip&#038;Cheek Blurry Pudding Pot CR05 to innowacyjny kosmetyk 2w1, kt\u00f3ry pe\u0142ni funkcj\u0119 zar\u00f3wno pomadki, jak i r\u00f3\u017cu do policzk\u00f3w. Jego lekka, puszysta konsystencja przypominaj\u0105ca pudding sprawia, \u017ce aplikacja jest niezwykle przyjemna, a efekt \u2013 subtelnie rozmyty i naturalny. Odcie\u0144 CR05 Girls to delikatna, dziewcz\u0119ca tonacja, kt\u00f3ra pasuje do wielu typ\u00f3w urody i nadaje twarzy ... Read moreFWEE Lip&#038;Cheek Blurry Pudding Pot CR05 Girls 5 g &#8211; 2w1 pomadka i r\u00f3\u017c do policzk\u00f3w\" \/>\n<meta property=\"og:url\" content=\"https:\/\/admincentral.selleetools.com\/product\/fwee-lipcheek-blurry-pudding-pot-cr05-girls-5-g-2w1-pomadka-i-roz-do-policzkow\/\" \/>\n<meta property=\"og:site_name\" content=\"Selleetools.com\" \/>\n<meta property=\"article:modified_time\" content=\"2025-11-04T20:32:54+00:00\" \/>\n<meta property=\"og:image\" content=\"https:\/\/selleetools.com\/wp-content\/uploads\/2025\/10\/4cc42ea67d80175a963ac994575480a9.png\" \/>\n\t<meta property=\"og:image:width\" content=\"1080\" \/>\n\t<meta property=\"og:image:height\" content=\"1080\" \/>\n\t<meta property=\"og:image:type\" content=\"image\/png\" \/>\n<meta name=\"twitter:card\" content=\"summary_large_image\" \/>\n<meta name=\"twitter:label1\" content=\"Est. reading time\" \/>\n\t<meta name=\"twitter:data1\" content=\"1 minuta\" \/>\n<!-- \/ Yoast SEO plugin. -->","yoast_head_json":{"title":"FWEE Lip&Cheek Blurry Pudding Pot CR05 Girls 5 g - 2w1 pomadka i r\u00f3\u017c do policzk\u00f3w - Selleetools.com","robots":{"index":"index","follow":"follow","max-snippet":"max-snippet:-1","max-image-preview":"max-image-preview:large","max-video-preview":"max-video-preview:-1"},"canonical":"https:\/\/admincentral.selleetools.com\/product\/fwee-lipcheek-blurry-pudding-pot-cr05-girls-5-g-2w1-pomadka-i-roz-do-policzkow\/","og_locale":"pl_PL","og_type":"article","og_title":"FWEE Lip&Cheek Blurry Pudding Pot CR05 Girls 5 g - 2w1 pomadka i r\u00f3\u017c do policzk\u00f3w - Selleetools.com","og_description":"FWEE Lip&#038;Cheek Blurry Pudding Pot CR05 to innowacyjny kosmetyk 2w1, kt\u00f3ry pe\u0142ni funkcj\u0119 zar\u00f3wno pomadki, jak i r\u00f3\u017cu do policzk\u00f3w. Jego lekka, puszysta konsystencja przypominaj\u0105ca pudding sprawia, \u017ce aplikacja jest niezwykle przyjemna, a efekt \u2013 subtelnie rozmyty i naturalny. Odcie\u0144 CR05 Girls to delikatna, dziewcz\u0119ca tonacja, kt\u00f3ra pasuje do wielu typ\u00f3w urody i nadaje twarzy ... Read moreFWEE Lip&#038;Cheek Blurry Pudding Pot CR05 Girls 5 g &#8211; 2w1 pomadka i r\u00f3\u017c do policzk\u00f3w","og_url":"https:\/\/admincentral.selleetools.com\/product\/fwee-lipcheek-blurry-pudding-pot-cr05-girls-5-g-2w1-pomadka-i-roz-do-policzkow\/","og_site_name":"Selleetools.com","article_modified_time":"2025-11-04T20:32:54+00:00","og_image":[{"width":1080,"height":1080,"url":"https:\/\/selleetools.com\/wp-content\/uploads\/2025\/10\/4cc42ea67d80175a963ac994575480a9.png","type":"image\/png"}],"twitter_card":"summary_large_image","twitter_misc":{"Est. reading time":"1 minuta"},"schema":{"@context":"https:\/\/schema.org","@graph":[{"@type":"Organization","@id":"https:\/\/selleetools.com\/#organization","name":"Selleetools","url":"https:\/\/selleetools.com\/","sameAs":[],"logo":{"@type":"ImageObject","inLanguage":"pl-PL","@id":"https:\/\/selleetools.com\/#\/schema\/logo\/image\/","url":"https:\/\/selleetools.com\/wp-content\/uploads\/2021\/10\/logo-dark.png","contentUrl":"https:\/\/selleetools.com\/wp-content\/uploads\/2021\/10\/logo-dark.png","width":320,"height":76,"caption":"Selleetools"},"image":{"@id":"https:\/\/selleetools.com\/#\/schema\/logo\/image\/"}},{"@type":"WebSite","@id":"https:\/\/selleetools.com\/#website","url":"https:\/\/selleetools.com\/","name":"Selleetools.com","description":"","publisher":{"@id":"https:\/\/selleetools.com\/#organization"},"potentialAction":[{"@type":"SearchAction","target":{"@type":"EntryPoint","urlTemplate":"https:\/\/selleetools.com\/?s={search_term_string}"},"query-input":"required name=search_term_string"}],"inLanguage":"pl-PL"},{"@type":"WebPage","@id":"https:\/\/admincentral.selleetools.com\/product\/fwee-lipcheek-blurry-pudding-pot-cr05-girls-5-g-2w1-pomadka-i-roz-do-policzkow\/","url":"https:\/\/admincentral.selleetools.com\/product\/fwee-lipcheek-blurry-pudding-pot-cr05-girls-5-g-2w1-pomadka-i-roz-do-policzkow\/","name":"FWEE Lip&Cheek Blurry Pudding Pot CR05 Girls 5 g - 2w1 pomadka i r\u00f3\u017c do policzk\u00f3w - Selleetools.com","isPartOf":{"@id":"https:\/\/selleetools.com\/#website"},"datePublished":"2025-10-24T12:26:40+00:00","dateModified":"2025-11-04T20:32:54+00:00","breadcrumb":{"@id":"https:\/\/admincentral.selleetools.com\/product\/fwee-lipcheek-blurry-pudding-pot-cr05-girls-5-g-2w1-pomadka-i-roz-do-policzkow\/#breadcrumb"},"inLanguage":"pl-PL","potentialAction":[{"@type":"ReadAction","target":["https:\/\/admincentral.selleetools.com\/product\/fwee-lipcheek-blurry-pudding-pot-cr05-girls-5-g-2w1-pomadka-i-roz-do-policzkow\/"]}]},{"@type":"BreadcrumbList","@id":"https:\/\/admincentral.selleetools.com\/product\/fwee-lipcheek-blurry-pudding-pot-cr05-girls-5-g-2w1-pomadka-i-roz-do-policzkow\/#breadcrumb","itemListElement":[{"@type":"ListItem","position":1,"name":"Home","item":"https:\/\/selleetools.com\/pl\/"},{"@type":"ListItem","position":2,"name":"Katalog","item":"https:\/\/selleetools.com\/pl\/katalog\/"},{"@type":"ListItem","position":3,"name":"FWEE Lip&#038;Cheek Blurry Pudding Pot CR05 Girls 5 g &#8211; 2w1 pomadka i r\u00f3\u017c do policzk\u00f3w"}]}]}},"_links":{"self":[{"href":"https:\/\/selleetools.com\/pl\/wp-json\/wp\/v2\/product\/608916"}],"collection":[{"href":"https:\/\/selleetools.com\/pl\/wp-json\/wp\/v2\/product"}],"about":[{"href":"https:\/\/selleetools.com\/pl\/wp-json\/wp\/v2\/types\/product"}],"replies":[{"embeddable":true,"href":"https:\/\/selleetools.com\/pl\/wp-json\/wp\/v2\/comments?post=608916"}],"wp:featuredmedia":[{"embeddable":true,"href":"https:\/\/selleetools.com\/pl\/wp-json\/wp\/v2\/media\/608914"}],"wp:attachment":[{"href":"https:\/\/selleetools.com\/pl\/wp-json\/wp\/v2\/media?parent=608916"}],"curies":[{"name":"wp","href":"https:\/\/api.w.org\/{rel}","templated":true}]}}