{"id":608907,"date":"2025-10-24T14:26:30","date_gmt":"2025-10-24T12:26:30","guid":{"rendered":"https:\/\/selleetools.com\/?post_type=product&#038;p=608907"},"modified":"2025-11-04T21:32:15","modified_gmt":"2025-11-04T20:32:15","slug":"fwee-lipcheek-blurry-pudding-pot-cr01-dear-5-g-2w1-pomadka-i-roz-do-policzkow","status":"publish","type":"product","link":"https:\/\/selleetools.com\/pl\/product\/fwee-lipcheek-blurry-pudding-pot-cr01-dear-5-g-2w1-pomadka-i-roz-do-policzkow\/","title":{"rendered":"FWEE Lip&#038;Cheek Blurry Pudding Pot CR01 Dear 5 g &#8211; 2w1 pomadka i r\u00f3\u017c do policzk\u00f3w"},"content":{"rendered":"<p>FWEE Lip&#038;Cheek Blurry Pudding Pot CR01 Dear to uniwersalny kosmetyk 2w1, kt\u00f3ry \u0142\u0105czy w sobie funkcj\u0119 kremowej pomadki oraz r\u00f3\u017cu do policzk\u00f3w. Ma innowacyjn\u0105, aksamitnie mi\u0119kk\u0105 konsystencj\u0119 przypominaj\u0105c\u0105 pudding, kt\u00f3ra g\u0142adko rozprowadza si\u0119 na sk\u00f3rze, tworz\u0105c delikatne, rozmyte wyko\u0144czenie typu \u201cblurry\u201d. Odcie\u0144 CR01 Dear to subtelna, dziewcz\u0119ca czerwie\u0144, idealna zar\u00f3wno na co dzie\u0144, jak i na specjalne okazje.<\/p>\n<p>Korzy\u015bci ze stosowania:<br \/>\nWielofunkcyjno\u015b\u0107 \u2013 jeden produkt do ust i policzk\u00f3w, co sprawia, \u017ce idealnie sprawdza si\u0119 w podr\u00f3\u017cy i codziennym makija\u017cu.<br \/>\nNaturalne wyko\u0144czenie \u2013 efekt soft focus, kt\u00f3ry wyg\u0142adza optycznie faktur\u0119 sk\u00f3ry i nadaje \u015bwie\u017co\u015bci cerze.<br \/>\n\u0141atwa aplikacja \u2013 kremowa formu\u0142a umo\u017cliwia aplikacj\u0119 opuszkami palc\u00f3w lub p\u0119dzlem bez smug i prze\u015bwit\u00f3w.<br \/>\nOd\u017cywienie i komfort noszenia \u2013 zawarto\u015b\u0107 mas\u0142a kakaowego i ekstraktu z agawy wspiera nawil\u017cenie i komfort sk\u00f3ry.<\/p>\n<p>Spos\u00f3b u\u017cycia:<br \/>\nNa usta: Niewielk\u0105 ilo\u015b\u0107 produktu nanie\u015b na usta opuszkami palc\u00f3w lub p\u0119dzelkiem, delikatnie rozprowadzaj\u0105c dla uzyskania naturalnego efektu.<br \/>\nNa policzki: Opuszkiem palca lub g\u0105beczk\u0105 wklep produkt w centraln\u0105 cz\u0119\u015b\u0107 policzka, a nast\u0119pnie delikatnie rozetrzyj ku zewn\u0119trznej stronie twarzy. Intensywno\u015b\u0107 koloru mo\u017cna budowa\u0107, nak\u0142adaj\u0105c kolejne warstwy.<\/p>\n","protected":false},"excerpt":{"rendered":"<p>FWEE Lip&#038;Cheek Blurry Pudding Pot CR01 Dear to uniwersalny kosmetyk 2w1, kt\u00f3ry \u0142\u0105czy w sobie funkcj\u0119 kremowej pomadki oraz r\u00f3\u017cu do policzk\u00f3w. Ma innowacyjn\u0105, aksamitnie mi\u0119kk\u0105 konsystencj\u0119 przypominaj\u0105c\u0105 pudding, kt\u00f3ra g\u0142adko rozprowadza si\u0119 na sk\u00f3rze, tworz\u0105c delikatne, rozmyte wyko\u0144czenie typu \u201cblurry\u201d. Odcie\u0144 CR01 Dear to subtelna, dziewcz\u0119ca czerwie\u0144, idealna zar\u00f3wno na co dzie\u0144, jak i &#8230; <a title=\"FWEE Lip&#038;Cheek Blurry Pudding Pot CR01 Dear 5 g &#8211; 2w1 pomadka i r\u00f3\u017c do policzk\u00f3w\" class=\"read-more\" href=\"https:\/\/selleetools.com\/pl\/product\/fwee-lipcheek-blurry-pudding-pot-cr01-dear-5-g-2w1-pomadka-i-roz-do-policzkow\/\">Read more<span class=\"screen-reader-text\">FWEE Lip&#038;Cheek Blurry Pudding Pot CR01 Dear 5 g &#8211; 2w1 pomadka i r\u00f3\u017c do policzk\u00f3w<\/span><\/a><\/p>\n","protected":false},"featured_media":608905,"comment_status":"open","ping_status":"closed","template":"","meta":{"_links_to":"","_links_to_target":""},"yoast_head":"<!-- This site is optimized with the Yoast SEO plugin v19.4 - https:\/\/yoast.com\/wordpress\/plugins\/seo\/ -->\n<title>FWEE Lip&amp;Cheek Blurry Pudding Pot CR01 Dear 5 g - 2w1 pomadka i r\u00f3\u017c do policzk\u00f3w - Selleetools.com<\/title>\n<meta name=\"robots\" content=\"index, follow, max-snippet:-1, max-image-preview:large, max-video-preview:-1\" \/>\n<link rel=\"canonical\" href=\"https:\/\/selleetools.com\/pl\/product\/fwee-lipcheek-blurry-pudding-pot-cr01-dear-5-g-2w1-pomadka-i-roz-do-policzkow\/\" \/>\n<meta property=\"og:locale\" content=\"pl_PL\" \/>\n<meta property=\"og:type\" content=\"article\" \/>\n<meta property=\"og:title\" content=\"FWEE Lip&amp;Cheek Blurry Pudding Pot CR01 Dear 5 g - 2w1 pomadka i r\u00f3\u017c do policzk\u00f3w - Selleetools.com\" \/>\n<meta property=\"og:description\" content=\"FWEE Lip&#038;Cheek Blurry Pudding Pot CR01 Dear to uniwersalny kosmetyk 2w1, kt\u00f3ry \u0142\u0105czy w sobie funkcj\u0119 kremowej pomadki oraz r\u00f3\u017cu do policzk\u00f3w. Ma innowacyjn\u0105, aksamitnie mi\u0119kk\u0105 konsystencj\u0119 przypominaj\u0105c\u0105 pudding, kt\u00f3ra g\u0142adko rozprowadza si\u0119 na sk\u00f3rze, tworz\u0105c delikatne, rozmyte wyko\u0144czenie typu \u201cblurry\u201d. Odcie\u0144 CR01 Dear to subtelna, dziewcz\u0119ca czerwie\u0144, idealna zar\u00f3wno na co dzie\u0144, jak i ... Read moreFWEE Lip&#038;Cheek Blurry Pudding Pot CR01 Dear 5 g &#8211; 2w1 pomadka i r\u00f3\u017c do policzk\u00f3w\" \/>\n<meta property=\"og:url\" content=\"https:\/\/selleetools.com\/pl\/product\/fwee-lipcheek-blurry-pudding-pot-cr01-dear-5-g-2w1-pomadka-i-roz-do-policzkow\/\" \/>\n<meta property=\"og:site_name\" content=\"Selleetools.com\" \/>\n<meta property=\"article:modified_time\" content=\"2025-11-04T20:32:15+00:00\" \/>\n<meta property=\"og:image\" content=\"https:\/\/selleetools.com\/wp-content\/uploads\/2025\/10\/cdc96ffee0d4e8fc30f8ed0f41229f64.png\" \/>\n\t<meta property=\"og:image:width\" content=\"1080\" \/>\n\t<meta property=\"og:image:height\" content=\"1080\" \/>\n\t<meta property=\"og:image:type\" content=\"image\/png\" \/>\n<meta name=\"twitter:card\" content=\"summary_large_image\" \/>\n<meta name=\"twitter:label1\" content=\"Est. reading time\" \/>\n\t<meta name=\"twitter:data1\" content=\"1 minuta\" \/>\n<!-- \/ Yoast SEO plugin. -->","yoast_head_json":{"title":"FWEE Lip&Cheek Blurry Pudding Pot CR01 Dear 5 g - 2w1 pomadka i r\u00f3\u017c do policzk\u00f3w - Selleetools.com","robots":{"index":"index","follow":"follow","max-snippet":"max-snippet:-1","max-image-preview":"max-image-preview:large","max-video-preview":"max-video-preview:-1"},"canonical":"https:\/\/selleetools.com\/pl\/product\/fwee-lipcheek-blurry-pudding-pot-cr01-dear-5-g-2w1-pomadka-i-roz-do-policzkow\/","og_locale":"pl_PL","og_type":"article","og_title":"FWEE Lip&Cheek Blurry Pudding Pot CR01 Dear 5 g - 2w1 pomadka i r\u00f3\u017c do policzk\u00f3w - Selleetools.com","og_description":"FWEE Lip&#038;Cheek Blurry Pudding Pot CR01 Dear to uniwersalny kosmetyk 2w1, kt\u00f3ry \u0142\u0105czy w sobie funkcj\u0119 kremowej pomadki oraz r\u00f3\u017cu do policzk\u00f3w. Ma innowacyjn\u0105, aksamitnie mi\u0119kk\u0105 konsystencj\u0119 przypominaj\u0105c\u0105 pudding, kt\u00f3ra g\u0142adko rozprowadza si\u0119 na sk\u00f3rze, tworz\u0105c delikatne, rozmyte wyko\u0144czenie typu \u201cblurry\u201d. Odcie\u0144 CR01 Dear to subtelna, dziewcz\u0119ca czerwie\u0144, idealna zar\u00f3wno na co dzie\u0144, jak i ... Read moreFWEE Lip&#038;Cheek Blurry Pudding Pot CR01 Dear 5 g &#8211; 2w1 pomadka i r\u00f3\u017c do policzk\u00f3w","og_url":"https:\/\/selleetools.com\/pl\/product\/fwee-lipcheek-blurry-pudding-pot-cr01-dear-5-g-2w1-pomadka-i-roz-do-policzkow\/","og_site_name":"Selleetools.com","article_modified_time":"2025-11-04T20:32:15+00:00","og_image":[{"width":1080,"height":1080,"url":"https:\/\/selleetools.com\/wp-content\/uploads\/2025\/10\/cdc96ffee0d4e8fc30f8ed0f41229f64.png","type":"image\/png"}],"twitter_card":"summary_large_image","twitter_misc":{"Est. reading time":"1 minuta"},"schema":{"@context":"https:\/\/schema.org","@graph":[{"@type":"Organization","@id":"https:\/\/selleetools.com\/#organization","name":"Selleetools","url":"https:\/\/selleetools.com\/","sameAs":[],"logo":{"@type":"ImageObject","inLanguage":"pl-PL","@id":"https:\/\/selleetools.com\/#\/schema\/logo\/image\/","url":"https:\/\/selleetools.com\/wp-content\/uploads\/2021\/10\/logo-dark.png","contentUrl":"https:\/\/selleetools.com\/wp-content\/uploads\/2021\/10\/logo-dark.png","width":320,"height":76,"caption":"Selleetools"},"image":{"@id":"https:\/\/selleetools.com\/#\/schema\/logo\/image\/"}},{"@type":"WebSite","@id":"https:\/\/selleetools.com\/#website","url":"https:\/\/selleetools.com\/","name":"Selleetools.com","description":"","publisher":{"@id":"https:\/\/selleetools.com\/#organization"},"potentialAction":[{"@type":"SearchAction","target":{"@type":"EntryPoint","urlTemplate":"https:\/\/selleetools.com\/?s={search_term_string}"},"query-input":"required name=search_term_string"}],"inLanguage":"pl-PL"},{"@type":"WebPage","@id":"https:\/\/selleetools.com\/pl\/product\/fwee-lipcheek-blurry-pudding-pot-cr01-dear-5-g-2w1-pomadka-i-roz-do-policzkow\/","url":"https:\/\/selleetools.com\/pl\/product\/fwee-lipcheek-blurry-pudding-pot-cr01-dear-5-g-2w1-pomadka-i-roz-do-policzkow\/","name":"FWEE Lip&Cheek Blurry Pudding Pot CR01 Dear 5 g - 2w1 pomadka i r\u00f3\u017c do policzk\u00f3w - Selleetools.com","isPartOf":{"@id":"https:\/\/selleetools.com\/#website"},"datePublished":"2025-10-24T12:26:30+00:00","dateModified":"2025-11-04T20:32:15+00:00","breadcrumb":{"@id":"https:\/\/selleetools.com\/pl\/product\/fwee-lipcheek-blurry-pudding-pot-cr01-dear-5-g-2w1-pomadka-i-roz-do-policzkow\/#breadcrumb"},"inLanguage":"pl-PL","potentialAction":[{"@type":"ReadAction","target":["https:\/\/selleetools.com\/pl\/product\/fwee-lipcheek-blurry-pudding-pot-cr01-dear-5-g-2w1-pomadka-i-roz-do-policzkow\/"]}]},{"@type":"BreadcrumbList","@id":"https:\/\/selleetools.com\/pl\/product\/fwee-lipcheek-blurry-pudding-pot-cr01-dear-5-g-2w1-pomadka-i-roz-do-policzkow\/#breadcrumb","itemListElement":[{"@type":"ListItem","position":1,"name":"Home","item":"https:\/\/selleetools.com\/pl\/"},{"@type":"ListItem","position":2,"name":"Katalog","item":"https:\/\/selleetools.com\/pl\/katalog\/"},{"@type":"ListItem","position":3,"name":"FWEE Lip&#038;Cheek Blurry Pudding Pot CR01 Dear 5 g &#8211; 2w1 pomadka i r\u00f3\u017c do policzk\u00f3w"}]}]}},"_links":{"self":[{"href":"https:\/\/selleetools.com\/pl\/wp-json\/wp\/v2\/product\/608907"}],"collection":[{"href":"https:\/\/selleetools.com\/pl\/wp-json\/wp\/v2\/product"}],"about":[{"href":"https:\/\/selleetools.com\/pl\/wp-json\/wp\/v2\/types\/product"}],"replies":[{"embeddable":true,"href":"https:\/\/selleetools.com\/pl\/wp-json\/wp\/v2\/comments?post=608907"}],"wp:featuredmedia":[{"embeddable":true,"href":"https:\/\/selleetools.com\/pl\/wp-json\/wp\/v2\/media\/608905"}],"wp:attachment":[{"href":"https:\/\/selleetools.com\/pl\/wp-json\/wp\/v2\/media?parent=608907"}],"curies":[{"name":"wp","href":"https:\/\/api.w.org\/{rel}","templated":true}]}}