{"id":608890,"date":"2025-10-24T14:26:16","date_gmt":"2025-10-24T12:26:16","guid":{"rendered":"https:\/\/selleetools.com\/?post_type=product&#038;p=608890"},"modified":"2025-11-04T21:31:58","modified_gmt":"2025-11-04T20:31:58","slug":"anua-pdrn-hyaluronic-acid-capsule-100-serum-30-ml-serum-nawilzajace","status":"publish","type":"product","link":"https:\/\/selleetools.com\/pl\/product\/anua-pdrn-hyaluronic-acid-capsule-100-serum-30-ml-serum-nawilzajace\/","title":{"rendered":"ANUA PDRN Hyaluronic Acid Capsule 100 Serum 30 ml &#8211; serum nawil\u017caj\u0105ce"},"content":{"rendered":"<p>ANUA PDRN Hyaluronic Acid Capsule 100 Serum to intensywne serum, kt\u00f3re \u0142\u0105czy w sobie PDRN oraz kwas hialuronowy, zapewniaj\u0105c sk\u00f3rze g\u0142\u0119bokie nawil\u017cenie, regeneracj\u0119 i odbudow\u0119. Dzi\u0119ki zawarto\u015bci hydrolizowanego kwasu hialuronowego, hydrolizowanego kolagenu i glutationu, serum skutecznie stymuluje procesy naprawcze sk\u00f3ry, poprawiaj\u0105c jej elastyczno\u015b\u0107 i j\u0119drno\u015b\u0107. Niacynamid dzia\u0142a rozja\u015bniaj\u0105co, poprawiaj\u0105c koloryt sk\u00f3ry i redukuj\u0105c przebarwienia. Dodatkowo, ekstrakty ro\u015blinne \u0142agodz\u0105 sk\u00f3r\u0119 i wspieraj\u0105 jej regeneracj\u0119.<\/p>\n<p>Korzy\u015bci dla sk\u00f3ry:<br \/>\nG\u0142\u0119bokie nawil\u017cenie i regeneracja<br \/>\nPoprawa elastyczno\u015bci i j\u0119drno\u015bci sk\u00f3ry<br \/>\nRedukcja przebarwie\u0144 i poprawa kolorytu<br \/>\nWyg\u0142adzenie sk\u00f3ry i poprawa jej struktury<\/p>\n<p>Spos\u00f3b u\u017cycia: Na oczyszczon\u0105 sk\u00f3r\u0119 twarzy na\u0142\u00f3\u017c odpowiedni\u0105 ilo\u015b\u0107 serum i delikatnie wmasuj a\u017c do ca\u0142kowitego wch\u0142oni\u0119cia. Stosuj codziennie rano i wieczorem, aby uzyska\u0107 najlepsze efekty.<\/p>\n","protected":false},"excerpt":{"rendered":"<p>ANUA PDRN Hyaluronic Acid Capsule 100 Serum to intensywne serum, kt\u00f3re \u0142\u0105czy w sobie PDRN oraz kwas hialuronowy, zapewniaj\u0105c sk\u00f3rze g\u0142\u0119bokie nawil\u017cenie, regeneracj\u0119 i odbudow\u0119. Dzi\u0119ki zawarto\u015bci hydrolizowanego kwasu hialuronowego, hydrolizowanego kolagenu i glutationu, serum skutecznie stymuluje procesy naprawcze sk\u00f3ry, poprawiaj\u0105c jej elastyczno\u015b\u0107 i j\u0119drno\u015b\u0107. Niacynamid dzia\u0142a rozja\u015bniaj\u0105co, poprawiaj\u0105c koloryt sk\u00f3ry i redukuj\u0105c przebarwienia. Dodatkowo, &#8230; <a title=\"ANUA PDRN Hyaluronic Acid Capsule 100 Serum 30 ml &#8211; serum nawil\u017caj\u0105ce\" class=\"read-more\" href=\"https:\/\/selleetools.com\/pl\/product\/anua-pdrn-hyaluronic-acid-capsule-100-serum-30-ml-serum-nawilzajace\/\">Read more<span class=\"screen-reader-text\">ANUA PDRN Hyaluronic Acid Capsule 100 Serum 30 ml &#8211; serum nawil\u017caj\u0105ce<\/span><\/a><\/p>\n","protected":false},"featured_media":608888,"comment_status":"open","ping_status":"closed","template":"","meta":{"_links_to":"","_links_to_target":""},"yoast_head":"<!-- This site is optimized with the Yoast SEO plugin v19.4 - https:\/\/yoast.com\/wordpress\/plugins\/seo\/ -->\n<title>ANUA PDRN Hyaluronic Acid Capsule 100 Serum 30 ml - serum nawil\u017caj\u0105ce - Selleetools.com<\/title>\n<meta name=\"robots\" content=\"index, follow, max-snippet:-1, max-image-preview:large, max-video-preview:-1\" \/>\n<link rel=\"canonical\" href=\"https:\/\/selleetools.com\/pl\/product\/anua-pdrn-hyaluronic-acid-capsule-100-serum-30-ml-serum-nawilzajace\/\" \/>\n<meta property=\"og:locale\" content=\"pl_PL\" \/>\n<meta property=\"og:type\" content=\"article\" \/>\n<meta property=\"og:title\" content=\"ANUA PDRN Hyaluronic Acid Capsule 100 Serum 30 ml - serum nawil\u017caj\u0105ce - Selleetools.com\" \/>\n<meta property=\"og:description\" content=\"ANUA PDRN Hyaluronic Acid Capsule 100 Serum to intensywne serum, kt\u00f3re \u0142\u0105czy w sobie PDRN oraz kwas hialuronowy, zapewniaj\u0105c sk\u00f3rze g\u0142\u0119bokie nawil\u017cenie, regeneracj\u0119 i odbudow\u0119. Dzi\u0119ki zawarto\u015bci hydrolizowanego kwasu hialuronowego, hydrolizowanego kolagenu i glutationu, serum skutecznie stymuluje procesy naprawcze sk\u00f3ry, poprawiaj\u0105c jej elastyczno\u015b\u0107 i j\u0119drno\u015b\u0107. Niacynamid dzia\u0142a rozja\u015bniaj\u0105co, poprawiaj\u0105c koloryt sk\u00f3ry i redukuj\u0105c przebarwienia. Dodatkowo, ... Read moreANUA PDRN Hyaluronic Acid Capsule 100 Serum 30 ml &#8211; serum nawil\u017caj\u0105ce\" \/>\n<meta property=\"og:url\" content=\"https:\/\/selleetools.com\/pl\/product\/anua-pdrn-hyaluronic-acid-capsule-100-serum-30-ml-serum-nawilzajace\/\" \/>\n<meta property=\"og:site_name\" content=\"Selleetools.com\" \/>\n<meta property=\"article:modified_time\" content=\"2025-11-04T20:31:58+00:00\" \/>\n<meta property=\"og:image\" content=\"https:\/\/selleetools.com\/wp-content\/uploads\/2025\/10\/169abae3b8d85f6071483e4ecc93265c.jpg\" \/>\n\t<meta property=\"og:image:width\" content=\"1200\" \/>\n\t<meta property=\"og:image:height\" content=\"1200\" \/>\n\t<meta property=\"og:image:type\" content=\"image\/jpeg\" \/>\n<meta name=\"twitter:card\" content=\"summary_large_image\" \/>\n<meta name=\"twitter:label1\" content=\"Est. reading time\" \/>\n\t<meta name=\"twitter:data1\" content=\"1 minuta\" \/>\n<!-- \/ Yoast SEO plugin. -->","yoast_head_json":{"title":"ANUA PDRN Hyaluronic Acid Capsule 100 Serum 30 ml - serum nawil\u017caj\u0105ce - Selleetools.com","robots":{"index":"index","follow":"follow","max-snippet":"max-snippet:-1","max-image-preview":"max-image-preview:large","max-video-preview":"max-video-preview:-1"},"canonical":"https:\/\/selleetools.com\/pl\/product\/anua-pdrn-hyaluronic-acid-capsule-100-serum-30-ml-serum-nawilzajace\/","og_locale":"pl_PL","og_type":"article","og_title":"ANUA PDRN Hyaluronic Acid Capsule 100 Serum 30 ml - serum nawil\u017caj\u0105ce - Selleetools.com","og_description":"ANUA PDRN Hyaluronic Acid Capsule 100 Serum to intensywne serum, kt\u00f3re \u0142\u0105czy w sobie PDRN oraz kwas hialuronowy, zapewniaj\u0105c sk\u00f3rze g\u0142\u0119bokie nawil\u017cenie, regeneracj\u0119 i odbudow\u0119. Dzi\u0119ki zawarto\u015bci hydrolizowanego kwasu hialuronowego, hydrolizowanego kolagenu i glutationu, serum skutecznie stymuluje procesy naprawcze sk\u00f3ry, poprawiaj\u0105c jej elastyczno\u015b\u0107 i j\u0119drno\u015b\u0107. Niacynamid dzia\u0142a rozja\u015bniaj\u0105co, poprawiaj\u0105c koloryt sk\u00f3ry i redukuj\u0105c przebarwienia. Dodatkowo, ... Read moreANUA PDRN Hyaluronic Acid Capsule 100 Serum 30 ml &#8211; serum nawil\u017caj\u0105ce","og_url":"https:\/\/selleetools.com\/pl\/product\/anua-pdrn-hyaluronic-acid-capsule-100-serum-30-ml-serum-nawilzajace\/","og_site_name":"Selleetools.com","article_modified_time":"2025-11-04T20:31:58+00:00","og_image":[{"width":1200,"height":1200,"url":"https:\/\/selleetools.com\/wp-content\/uploads\/2025\/10\/169abae3b8d85f6071483e4ecc93265c.jpg","type":"image\/jpeg"}],"twitter_card":"summary_large_image","twitter_misc":{"Est. reading time":"1 minuta"},"schema":{"@context":"https:\/\/schema.org","@graph":[{"@type":"Organization","@id":"https:\/\/selleetools.com\/#organization","name":"Selleetools","url":"https:\/\/selleetools.com\/","sameAs":[],"logo":{"@type":"ImageObject","inLanguage":"pl-PL","@id":"https:\/\/selleetools.com\/#\/schema\/logo\/image\/","url":"https:\/\/selleetools.com\/wp-content\/uploads\/2021\/10\/logo-dark.png","contentUrl":"https:\/\/selleetools.com\/wp-content\/uploads\/2021\/10\/logo-dark.png","width":320,"height":76,"caption":"Selleetools"},"image":{"@id":"https:\/\/selleetools.com\/#\/schema\/logo\/image\/"}},{"@type":"WebSite","@id":"https:\/\/selleetools.com\/#website","url":"https:\/\/selleetools.com\/","name":"Selleetools.com","description":"","publisher":{"@id":"https:\/\/selleetools.com\/#organization"},"potentialAction":[{"@type":"SearchAction","target":{"@type":"EntryPoint","urlTemplate":"https:\/\/selleetools.com\/?s={search_term_string}"},"query-input":"required name=search_term_string"}],"inLanguage":"pl-PL"},{"@type":"WebPage","@id":"https:\/\/selleetools.com\/pl\/product\/anua-pdrn-hyaluronic-acid-capsule-100-serum-30-ml-serum-nawilzajace\/","url":"https:\/\/selleetools.com\/pl\/product\/anua-pdrn-hyaluronic-acid-capsule-100-serum-30-ml-serum-nawilzajace\/","name":"ANUA PDRN Hyaluronic Acid Capsule 100 Serum 30 ml - serum nawil\u017caj\u0105ce - Selleetools.com","isPartOf":{"@id":"https:\/\/selleetools.com\/#website"},"datePublished":"2025-10-24T12:26:16+00:00","dateModified":"2025-11-04T20:31:58+00:00","breadcrumb":{"@id":"https:\/\/selleetools.com\/pl\/product\/anua-pdrn-hyaluronic-acid-capsule-100-serum-30-ml-serum-nawilzajace\/#breadcrumb"},"inLanguage":"pl-PL","potentialAction":[{"@type":"ReadAction","target":["https:\/\/selleetools.com\/pl\/product\/anua-pdrn-hyaluronic-acid-capsule-100-serum-30-ml-serum-nawilzajace\/"]}]},{"@type":"BreadcrumbList","@id":"https:\/\/selleetools.com\/pl\/product\/anua-pdrn-hyaluronic-acid-capsule-100-serum-30-ml-serum-nawilzajace\/#breadcrumb","itemListElement":[{"@type":"ListItem","position":1,"name":"Home","item":"https:\/\/selleetools.com\/pl\/"},{"@type":"ListItem","position":2,"name":"Katalog","item":"https:\/\/selleetools.com\/pl\/katalog\/"},{"@type":"ListItem","position":3,"name":"ANUA PDRN Hyaluronic Acid Capsule 100 Serum 30 ml &#8211; serum nawil\u017caj\u0105ce"}]}]}},"_links":{"self":[{"href":"https:\/\/selleetools.com\/pl\/wp-json\/wp\/v2\/product\/608890"}],"collection":[{"href":"https:\/\/selleetools.com\/pl\/wp-json\/wp\/v2\/product"}],"about":[{"href":"https:\/\/selleetools.com\/pl\/wp-json\/wp\/v2\/types\/product"}],"replies":[{"embeddable":true,"href":"https:\/\/selleetools.com\/pl\/wp-json\/wp\/v2\/comments?post=608890"}],"wp:featuredmedia":[{"embeddable":true,"href":"https:\/\/selleetools.com\/pl\/wp-json\/wp\/v2\/media\/608888"}],"wp:attachment":[{"href":"https:\/\/selleetools.com\/pl\/wp-json\/wp\/v2\/media?parent=608890"}],"curies":[{"name":"wp","href":"https:\/\/api.w.org\/{rel}","templated":true}]}}