{"id":608833,"date":"2025-10-24T14:25:21","date_gmt":"2025-10-24T12:25:21","guid":{"rendered":"https:\/\/selleetools.com\/?post_type=product&#038;p=608833"},"modified":"2025-11-04T21:30:30","modified_gmt":"2025-11-04T20:30:30","slug":"fwee-glitz-stone-highlighter-hl01-fever-garnet-5-9-g-rozswietlacz-rozowy","status":"publish","type":"product","link":"https:\/\/selleetools.com\/pl\/product\/fwee-glitz-stone-highlighter-hl01-fever-garnet-5-9-g-rozswietlacz-rozowy\/","title":{"rendered":"FWEE Glitz Stone Highlighter HL01 FEVER GARNET 5.9 g &#8211; roz\u015bwietlacz r\u00f3\u017cowy"},"content":{"rendered":"<p>FWEE Glitz Stone Highlighter w odcieniu HL01 FEVER GARNET to wyj\u0105tkowy roz\u015bwietlacz o intensywnym, ciep\u0142ym kolorze rubinowego granatu z subtelnymi, r\u00f3\u017cowo-z\u0142otymi refleksami. Inspirowany blaskiem kamieni szlachetnych, tworzy efekt tafli na sk\u00f3rze, dodaj\u0105c jej wielowymiarowego, luksusowego blasku. Jego jedwabista formu\u0142a oparta na syntetycznym fluorytowym mika zapewnia g\u0142adk\u0105 aplikacj\u0119 i d\u0142ugotrwa\u0142y efekt glow \u2013 zar\u00f3wno w dziennym makija\u017cu, jak i wieczorowym glam looku.<\/p>\n<p>Korzy\u015bci ze stosowania:<br \/>\nNadaje sk\u00f3rze promienny, \u015bwietlisty wygl\u0105d bez efektu ci\u0119\u017cko\u015bci.<br \/>\nWzbogacony o sk\u0142adniki wyg\u0142adzaj\u0105ce i zmi\u0119kczaj\u0105ce, takie jak dimetikon i glikol kaprylowy.<br \/>\nDelikatna, lekka formu\u0142a nie podkre\u015bla por\u00f3w ani suchych sk\u00f3rek.<br \/>\nEfekt mo\u017cna stopniowa\u0107 \u2013 od subtelnego blasku po intensywn\u0105 tafl\u0119 \u015bwiat\u0142a.<br \/>\nProdukt odpowiedni do ka\u017cdego typu cery.<\/p>\n<p>Spos\u00f3b u\u017cycia:<br \/>\nNa\u0142\u00f3\u017c niewielk\u0105 ilo\u015b\u0107 roz\u015bwietlacza na szczyty ko\u015bci policzkowych, grzbiet nosa, \u0142uk kupidyna oraz \u0142uk brwiowy, u\u017cywaj\u0105c p\u0119dzla, g\u0105beczki lub palca. Dla bardziej intensywnego efektu, aplikuj na lekko wilgotn\u0105 sk\u00f3r\u0119 lub po spryskaniu p\u0119dzla mgie\u0142k\u0105 utrwalaj\u0105c\u0105.<\/p>\n","protected":false},"excerpt":{"rendered":"<p>FWEE Glitz Stone Highlighter w odcieniu HL01 FEVER GARNET to wyj\u0105tkowy roz\u015bwietlacz o intensywnym, ciep\u0142ym kolorze rubinowego granatu z subtelnymi, r\u00f3\u017cowo-z\u0142otymi refleksami. Inspirowany blaskiem kamieni szlachetnych, tworzy efekt tafli na sk\u00f3rze, dodaj\u0105c jej wielowymiarowego, luksusowego blasku. Jego jedwabista formu\u0142a oparta na syntetycznym fluorytowym mika zapewnia g\u0142adk\u0105 aplikacj\u0119 i d\u0142ugotrwa\u0142y efekt glow \u2013 zar\u00f3wno w dziennym &#8230; <a title=\"FWEE Glitz Stone Highlighter HL01 FEVER GARNET 5.9 g &#8211; roz\u015bwietlacz r\u00f3\u017cowy\" class=\"read-more\" href=\"https:\/\/selleetools.com\/pl\/product\/fwee-glitz-stone-highlighter-hl01-fever-garnet-5-9-g-rozswietlacz-rozowy\/\">Read more<span class=\"screen-reader-text\">FWEE Glitz Stone Highlighter HL01 FEVER GARNET 5.9 g &#8211; roz\u015bwietlacz r\u00f3\u017cowy<\/span><\/a><\/p>\n","protected":false},"featured_media":608831,"comment_status":"open","ping_status":"closed","template":"","meta":{"_links_to":"","_links_to_target":""},"yoast_head":"<!-- This site is optimized with the Yoast SEO plugin v19.4 - https:\/\/yoast.com\/wordpress\/plugins\/seo\/ -->\n<title>FWEE Glitz Stone Highlighter HL01 FEVER GARNET 5.9 g - roz\u015bwietlacz r\u00f3\u017cowy - Selleetools.com<\/title>\n<meta name=\"robots\" content=\"index, follow, max-snippet:-1, max-image-preview:large, max-video-preview:-1\" \/>\n<link rel=\"canonical\" href=\"https:\/\/admincentral.selleetools.com\/pl\/product\/fwee-glitz-stone-highlighter-hl01-fever-garnet-5-9-g-rozswietlacz-rozowy\/\" \/>\n<meta property=\"og:locale\" content=\"pl_PL\" \/>\n<meta property=\"og:type\" content=\"article\" \/>\n<meta property=\"og:title\" content=\"FWEE Glitz Stone Highlighter HL01 FEVER GARNET 5.9 g - roz\u015bwietlacz r\u00f3\u017cowy - Selleetools.com\" \/>\n<meta property=\"og:description\" content=\"FWEE Glitz Stone Highlighter w odcieniu HL01 FEVER GARNET to wyj\u0105tkowy roz\u015bwietlacz o intensywnym, ciep\u0142ym kolorze rubinowego granatu z subtelnymi, r\u00f3\u017cowo-z\u0142otymi refleksami. Inspirowany blaskiem kamieni szlachetnych, tworzy efekt tafli na sk\u00f3rze, dodaj\u0105c jej wielowymiarowego, luksusowego blasku. Jego jedwabista formu\u0142a oparta na syntetycznym fluorytowym mika zapewnia g\u0142adk\u0105 aplikacj\u0119 i d\u0142ugotrwa\u0142y efekt glow \u2013 zar\u00f3wno w dziennym ... Read moreFWEE Glitz Stone Highlighter HL01 FEVER GARNET 5.9 g &#8211; roz\u015bwietlacz r\u00f3\u017cowy\" \/>\n<meta property=\"og:url\" content=\"https:\/\/admincentral.selleetools.com\/pl\/product\/fwee-glitz-stone-highlighter-hl01-fever-garnet-5-9-g-rozswietlacz-rozowy\/\" \/>\n<meta property=\"og:site_name\" content=\"Selleetools.com\" \/>\n<meta property=\"article:modified_time\" content=\"2025-11-04T20:30:30+00:00\" \/>\n<meta property=\"og:image\" content=\"https:\/\/selleetools.com\/wp-content\/uploads\/2025\/10\/093ba2e44eb8fe03cf32c9c13d0ee04d.png\" \/>\n\t<meta property=\"og:image:width\" content=\"1080\" \/>\n\t<meta property=\"og:image:height\" content=\"1080\" \/>\n\t<meta property=\"og:image:type\" content=\"image\/png\" \/>\n<meta name=\"twitter:card\" content=\"summary_large_image\" \/>\n<meta name=\"twitter:label1\" content=\"Est. reading time\" \/>\n\t<meta name=\"twitter:data1\" content=\"1 minuta\" \/>\n<!-- \/ Yoast SEO plugin. -->","yoast_head_json":{"title":"FWEE Glitz Stone Highlighter HL01 FEVER GARNET 5.9 g - roz\u015bwietlacz r\u00f3\u017cowy - Selleetools.com","robots":{"index":"index","follow":"follow","max-snippet":"max-snippet:-1","max-image-preview":"max-image-preview:large","max-video-preview":"max-video-preview:-1"},"canonical":"https:\/\/admincentral.selleetools.com\/pl\/product\/fwee-glitz-stone-highlighter-hl01-fever-garnet-5-9-g-rozswietlacz-rozowy\/","og_locale":"pl_PL","og_type":"article","og_title":"FWEE Glitz Stone Highlighter HL01 FEVER GARNET 5.9 g - roz\u015bwietlacz r\u00f3\u017cowy - Selleetools.com","og_description":"FWEE Glitz Stone Highlighter w odcieniu HL01 FEVER GARNET to wyj\u0105tkowy roz\u015bwietlacz o intensywnym, ciep\u0142ym kolorze rubinowego granatu z subtelnymi, r\u00f3\u017cowo-z\u0142otymi refleksami. Inspirowany blaskiem kamieni szlachetnych, tworzy efekt tafli na sk\u00f3rze, dodaj\u0105c jej wielowymiarowego, luksusowego blasku. Jego jedwabista formu\u0142a oparta na syntetycznym fluorytowym mika zapewnia g\u0142adk\u0105 aplikacj\u0119 i d\u0142ugotrwa\u0142y efekt glow \u2013 zar\u00f3wno w dziennym ... Read moreFWEE Glitz Stone Highlighter HL01 FEVER GARNET 5.9 g &#8211; roz\u015bwietlacz r\u00f3\u017cowy","og_url":"https:\/\/admincentral.selleetools.com\/pl\/product\/fwee-glitz-stone-highlighter-hl01-fever-garnet-5-9-g-rozswietlacz-rozowy\/","og_site_name":"Selleetools.com","article_modified_time":"2025-11-04T20:30:30+00:00","og_image":[{"width":1080,"height":1080,"url":"https:\/\/selleetools.com\/wp-content\/uploads\/2025\/10\/093ba2e44eb8fe03cf32c9c13d0ee04d.png","type":"image\/png"}],"twitter_card":"summary_large_image","twitter_misc":{"Est. reading time":"1 minuta"},"schema":{"@context":"https:\/\/schema.org","@graph":[{"@type":"Organization","@id":"https:\/\/selleetools.com\/#organization","name":"Selleetools","url":"https:\/\/selleetools.com\/","sameAs":[],"logo":{"@type":"ImageObject","inLanguage":"pl-PL","@id":"https:\/\/selleetools.com\/#\/schema\/logo\/image\/","url":"https:\/\/selleetools.com\/wp-content\/uploads\/2021\/10\/logo-dark.png","contentUrl":"https:\/\/selleetools.com\/wp-content\/uploads\/2021\/10\/logo-dark.png","width":320,"height":76,"caption":"Selleetools"},"image":{"@id":"https:\/\/selleetools.com\/#\/schema\/logo\/image\/"}},{"@type":"WebSite","@id":"https:\/\/selleetools.com\/#website","url":"https:\/\/selleetools.com\/","name":"Selleetools.com","description":"","publisher":{"@id":"https:\/\/selleetools.com\/#organization"},"potentialAction":[{"@type":"SearchAction","target":{"@type":"EntryPoint","urlTemplate":"https:\/\/selleetools.com\/?s={search_term_string}"},"query-input":"required name=search_term_string"}],"inLanguage":"pl-PL"},{"@type":"WebPage","@id":"https:\/\/admincentral.selleetools.com\/pl\/product\/fwee-glitz-stone-highlighter-hl01-fever-garnet-5-9-g-rozswietlacz-rozowy\/","url":"https:\/\/admincentral.selleetools.com\/pl\/product\/fwee-glitz-stone-highlighter-hl01-fever-garnet-5-9-g-rozswietlacz-rozowy\/","name":"FWEE Glitz Stone Highlighter HL01 FEVER GARNET 5.9 g - roz\u015bwietlacz r\u00f3\u017cowy - Selleetools.com","isPartOf":{"@id":"https:\/\/selleetools.com\/#website"},"datePublished":"2025-10-24T12:25:21+00:00","dateModified":"2025-11-04T20:30:30+00:00","breadcrumb":{"@id":"https:\/\/admincentral.selleetools.com\/pl\/product\/fwee-glitz-stone-highlighter-hl01-fever-garnet-5-9-g-rozswietlacz-rozowy\/#breadcrumb"},"inLanguage":"pl-PL","potentialAction":[{"@type":"ReadAction","target":["https:\/\/admincentral.selleetools.com\/pl\/product\/fwee-glitz-stone-highlighter-hl01-fever-garnet-5-9-g-rozswietlacz-rozowy\/"]}]},{"@type":"BreadcrumbList","@id":"https:\/\/admincentral.selleetools.com\/pl\/product\/fwee-glitz-stone-highlighter-hl01-fever-garnet-5-9-g-rozswietlacz-rozowy\/#breadcrumb","itemListElement":[{"@type":"ListItem","position":1,"name":"Home","item":"https:\/\/selleetools.com\/pl\/"},{"@type":"ListItem","position":2,"name":"Katalog","item":"https:\/\/selleetools.com\/pl\/katalog\/"},{"@type":"ListItem","position":3,"name":"FWEE Glitz Stone Highlighter HL01 FEVER GARNET 5.9 g &#8211; roz\u015bwietlacz r\u00f3\u017cowy"}]}]}},"_links":{"self":[{"href":"https:\/\/selleetools.com\/pl\/wp-json\/wp\/v2\/product\/608833"}],"collection":[{"href":"https:\/\/selleetools.com\/pl\/wp-json\/wp\/v2\/product"}],"about":[{"href":"https:\/\/selleetools.com\/pl\/wp-json\/wp\/v2\/types\/product"}],"replies":[{"embeddable":true,"href":"https:\/\/selleetools.com\/pl\/wp-json\/wp\/v2\/comments?post=608833"}],"wp:featuredmedia":[{"embeddable":true,"href":"https:\/\/selleetools.com\/pl\/wp-json\/wp\/v2\/media\/608831"}],"wp:attachment":[{"href":"https:\/\/selleetools.com\/pl\/wp-json\/wp\/v2\/media?parent=608833"}],"curies":[{"name":"wp","href":"https:\/\/api.w.org\/{rel}","templated":true}]}}