{"id":608827,"date":"2025-10-24T14:25:16","date_gmt":"2025-10-24T12:25:16","guid":{"rendered":"https:\/\/selleetools.com\/?post_type=product&#038;p=608827"},"modified":"2025-11-04T21:30:03","modified_gmt":"2025-11-04T20:30:03","slug":"fwee-glitz-stone-highlighter-hl11-royal-topaz-5-6-g-rozswietlacz-brzoskwiniowy","status":"publish","type":"product","link":"https:\/\/selleetools.com\/pl\/product\/fwee-glitz-stone-highlighter-hl11-royal-topaz-5-6-g-rozswietlacz-brzoskwiniowy\/","title":{"rendered":"FWEE Glitz Stone Highlighter HL11 ROYAL TOPAZ 5.6 g &#8211; roz\u015bwietlacz brzoskwiniowy"},"content":{"rendered":"<p>FWEE Glitz Stone Highlighter w odcieniu HL11 ROYAL TOPAZ to luksusowy roz\u015bwietlacz o ciep\u0142ym, z\u0142ocisto-brzoskwiniowym tonie z wyra\u017anymi, wielowymiarowymi refleksami. Drobno zmielone pigmenty i per\u0142owe drobinki tworz\u0105 na sk\u00f3rze efekt tafli \u2013 intensywnie b\u0142yszcz\u0105cy, a jednocze\u015bnie elegancki blask, kt\u00f3ry podkre\u015bla rysy twarzy i dodaje cerze promienno\u015bci.<\/p>\n<p>Korzy\u015bci ze stosowania:<br \/>\nNadaje sk\u00f3rze efekt \u201eglass skin\u201d \u2013 \u015bwietlistego, zdrowego blasku.<br \/>\nWzbogacony o sk\u0142adniki o w\u0142a\u015bciwo\u015bciach wyg\u0142adzaj\u0105cych, takie jak dimetikon i nylon-12, kt\u00f3re poprawiaj\u0105 przyczepno\u015b\u0107 i trwa\u0142o\u015b\u0107 produktu.<br \/>\nFormu\u0142a oparta na syntetycznym fluorytowym mikie i borokrzemianach zapewnia intensywny, l\u015bni\u0105cy efekt bez widocznych drobinek.<br \/>\nMo\u017cliwo\u015b\u0107 budowania intensywno\u015bci \u2013 od subtelnego roz\u015bwietlenia po pe\u0142en glow.<br \/>\nIdealny do podkre\u015blenia ko\u015bci policzkowych, \u0142uku brwiowego, nosa i dekoltu.<\/p>\n<p>Spos\u00f3b u\u017cycia:<br \/>\nZa pomoc\u0105 p\u0119dzla typu fan brush lub opuszk\u00f3w palc\u00f3w na\u0142\u00f3\u017c roz\u015bwietlacz na wybrane partie twarzy: szczyty ko\u015bci policzkowych, grzbiet nosa, \u0142uk kupidyna i pod \u0142uk brwiowy. Dla intensywniejszego efektu, na\u0142\u00f3\u017c produkt na lekko zwil\u017con\u0105 g\u0105beczk\u0119 lub p\u0119dzel.<\/p>\n","protected":false},"excerpt":{"rendered":"<p>FWEE Glitz Stone Highlighter w odcieniu HL11 ROYAL TOPAZ to luksusowy roz\u015bwietlacz o ciep\u0142ym, z\u0142ocisto-brzoskwiniowym tonie z wyra\u017anymi, wielowymiarowymi refleksami. Drobno zmielone pigmenty i per\u0142owe drobinki tworz\u0105 na sk\u00f3rze efekt tafli \u2013 intensywnie b\u0142yszcz\u0105cy, a jednocze\u015bnie elegancki blask, kt\u00f3ry podkre\u015bla rysy twarzy i dodaje cerze promienno\u015bci. Korzy\u015bci ze stosowania: Nadaje sk\u00f3rze efekt \u201eglass skin\u201d \u2013 &#8230; <a title=\"FWEE Glitz Stone Highlighter HL11 ROYAL TOPAZ 5.6 g &#8211; roz\u015bwietlacz brzoskwiniowy\" class=\"read-more\" href=\"https:\/\/selleetools.com\/pl\/product\/fwee-glitz-stone-highlighter-hl11-royal-topaz-5-6-g-rozswietlacz-brzoskwiniowy\/\">Read more<span class=\"screen-reader-text\">FWEE Glitz Stone Highlighter HL11 ROYAL TOPAZ 5.6 g &#8211; roz\u015bwietlacz brzoskwiniowy<\/span><\/a><\/p>\n","protected":false},"featured_media":608825,"comment_status":"open","ping_status":"closed","template":"","meta":{"_links_to":"","_links_to_target":""},"yoast_head":"<!-- This site is optimized with the Yoast SEO plugin v19.4 - https:\/\/yoast.com\/wordpress\/plugins\/seo\/ -->\n<title>FWEE Glitz Stone Highlighter HL11 ROYAL TOPAZ 5.6 g - roz\u015bwietlacz brzoskwiniowy - Selleetools.com<\/title>\n<meta name=\"robots\" content=\"index, follow, max-snippet:-1, max-image-preview:large, max-video-preview:-1\" \/>\n<link rel=\"canonical\" href=\"https:\/\/selleetools.com\/product\/fwee-glitz-stone-highlighter-hl11-royal-topaz-5-6-g-rozswietlacz-brzoskwiniowy\/\" \/>\n<meta property=\"og:locale\" content=\"pl_PL\" \/>\n<meta property=\"og:type\" content=\"article\" \/>\n<meta property=\"og:title\" content=\"FWEE Glitz Stone Highlighter HL11 ROYAL TOPAZ 5.6 g - roz\u015bwietlacz brzoskwiniowy - Selleetools.com\" \/>\n<meta property=\"og:description\" content=\"FWEE Glitz Stone Highlighter w odcieniu HL11 ROYAL TOPAZ to luksusowy roz\u015bwietlacz o ciep\u0142ym, z\u0142ocisto-brzoskwiniowym tonie z wyra\u017anymi, wielowymiarowymi refleksami. Drobno zmielone pigmenty i per\u0142owe drobinki tworz\u0105 na sk\u00f3rze efekt tafli \u2013 intensywnie b\u0142yszcz\u0105cy, a jednocze\u015bnie elegancki blask, kt\u00f3ry podkre\u015bla rysy twarzy i dodaje cerze promienno\u015bci. Korzy\u015bci ze stosowania: Nadaje sk\u00f3rze efekt \u201eglass skin\u201d \u2013 ... Read moreFWEE Glitz Stone Highlighter HL11 ROYAL TOPAZ 5.6 g &#8211; roz\u015bwietlacz brzoskwiniowy\" \/>\n<meta property=\"og:url\" content=\"https:\/\/selleetools.com\/product\/fwee-glitz-stone-highlighter-hl11-royal-topaz-5-6-g-rozswietlacz-brzoskwiniowy\/\" \/>\n<meta property=\"og:site_name\" content=\"Selleetools.com\" \/>\n<meta property=\"article:modified_time\" content=\"2025-11-04T20:30:03+00:00\" \/>\n<meta property=\"og:image\" content=\"https:\/\/selleetools.com\/wp-content\/uploads\/2025\/10\/2aa4bc589a60de00ec4684fc8d12e0fc.png\" \/>\n\t<meta property=\"og:image:width\" content=\"1080\" \/>\n\t<meta property=\"og:image:height\" content=\"1080\" \/>\n\t<meta property=\"og:image:type\" content=\"image\/png\" \/>\n<meta name=\"twitter:card\" content=\"summary_large_image\" \/>\n<meta name=\"twitter:label1\" content=\"Est. reading time\" \/>\n\t<meta name=\"twitter:data1\" content=\"1 minuta\" \/>\n<!-- \/ Yoast SEO plugin. -->","yoast_head_json":{"title":"FWEE Glitz Stone Highlighter HL11 ROYAL TOPAZ 5.6 g - roz\u015bwietlacz brzoskwiniowy - Selleetools.com","robots":{"index":"index","follow":"follow","max-snippet":"max-snippet:-1","max-image-preview":"max-image-preview:large","max-video-preview":"max-video-preview:-1"},"canonical":"https:\/\/selleetools.com\/product\/fwee-glitz-stone-highlighter-hl11-royal-topaz-5-6-g-rozswietlacz-brzoskwiniowy\/","og_locale":"pl_PL","og_type":"article","og_title":"FWEE Glitz Stone Highlighter HL11 ROYAL TOPAZ 5.6 g - roz\u015bwietlacz brzoskwiniowy - Selleetools.com","og_description":"FWEE Glitz Stone Highlighter w odcieniu HL11 ROYAL TOPAZ to luksusowy roz\u015bwietlacz o ciep\u0142ym, z\u0142ocisto-brzoskwiniowym tonie z wyra\u017anymi, wielowymiarowymi refleksami. Drobno zmielone pigmenty i per\u0142owe drobinki tworz\u0105 na sk\u00f3rze efekt tafli \u2013 intensywnie b\u0142yszcz\u0105cy, a jednocze\u015bnie elegancki blask, kt\u00f3ry podkre\u015bla rysy twarzy i dodaje cerze promienno\u015bci. Korzy\u015bci ze stosowania: Nadaje sk\u00f3rze efekt \u201eglass skin\u201d \u2013 ... Read moreFWEE Glitz Stone Highlighter HL11 ROYAL TOPAZ 5.6 g &#8211; roz\u015bwietlacz brzoskwiniowy","og_url":"https:\/\/selleetools.com\/product\/fwee-glitz-stone-highlighter-hl11-royal-topaz-5-6-g-rozswietlacz-brzoskwiniowy\/","og_site_name":"Selleetools.com","article_modified_time":"2025-11-04T20:30:03+00:00","og_image":[{"width":1080,"height":1080,"url":"https:\/\/selleetools.com\/wp-content\/uploads\/2025\/10\/2aa4bc589a60de00ec4684fc8d12e0fc.png","type":"image\/png"}],"twitter_card":"summary_large_image","twitter_misc":{"Est. reading time":"1 minuta"},"schema":{"@context":"https:\/\/schema.org","@graph":[{"@type":"Organization","@id":"https:\/\/selleetools.com\/#organization","name":"Selleetools","url":"https:\/\/selleetools.com\/","sameAs":[],"logo":{"@type":"ImageObject","inLanguage":"pl-PL","@id":"https:\/\/selleetools.com\/#\/schema\/logo\/image\/","url":"https:\/\/selleetools.com\/wp-content\/uploads\/2021\/10\/logo-dark.png","contentUrl":"https:\/\/selleetools.com\/wp-content\/uploads\/2021\/10\/logo-dark.png","width":320,"height":76,"caption":"Selleetools"},"image":{"@id":"https:\/\/selleetools.com\/#\/schema\/logo\/image\/"}},{"@type":"WebSite","@id":"https:\/\/selleetools.com\/#website","url":"https:\/\/selleetools.com\/","name":"Selleetools.com","description":"","publisher":{"@id":"https:\/\/selleetools.com\/#organization"},"potentialAction":[{"@type":"SearchAction","target":{"@type":"EntryPoint","urlTemplate":"https:\/\/selleetools.com\/?s={search_term_string}"},"query-input":"required name=search_term_string"}],"inLanguage":"pl-PL"},{"@type":"WebPage","@id":"https:\/\/selleetools.com\/product\/fwee-glitz-stone-highlighter-hl11-royal-topaz-5-6-g-rozswietlacz-brzoskwiniowy\/","url":"https:\/\/selleetools.com\/product\/fwee-glitz-stone-highlighter-hl11-royal-topaz-5-6-g-rozswietlacz-brzoskwiniowy\/","name":"FWEE Glitz Stone Highlighter HL11 ROYAL TOPAZ 5.6 g - roz\u015bwietlacz brzoskwiniowy - Selleetools.com","isPartOf":{"@id":"https:\/\/selleetools.com\/#website"},"datePublished":"2025-10-24T12:25:16+00:00","dateModified":"2025-11-04T20:30:03+00:00","breadcrumb":{"@id":"https:\/\/selleetools.com\/product\/fwee-glitz-stone-highlighter-hl11-royal-topaz-5-6-g-rozswietlacz-brzoskwiniowy\/#breadcrumb"},"inLanguage":"pl-PL","potentialAction":[{"@type":"ReadAction","target":["https:\/\/selleetools.com\/product\/fwee-glitz-stone-highlighter-hl11-royal-topaz-5-6-g-rozswietlacz-brzoskwiniowy\/"]}]},{"@type":"BreadcrumbList","@id":"https:\/\/selleetools.com\/product\/fwee-glitz-stone-highlighter-hl11-royal-topaz-5-6-g-rozswietlacz-brzoskwiniowy\/#breadcrumb","itemListElement":[{"@type":"ListItem","position":1,"name":"Home","item":"https:\/\/selleetools.com\/pl\/"},{"@type":"ListItem","position":2,"name":"Katalog","item":"https:\/\/selleetools.com\/pl\/katalog\/"},{"@type":"ListItem","position":3,"name":"FWEE Glitz Stone Highlighter HL11 ROYAL TOPAZ 5.6 g &#8211; roz\u015bwietlacz brzoskwiniowy"}]}]}},"_links":{"self":[{"href":"https:\/\/selleetools.com\/pl\/wp-json\/wp\/v2\/product\/608827"}],"collection":[{"href":"https:\/\/selleetools.com\/pl\/wp-json\/wp\/v2\/product"}],"about":[{"href":"https:\/\/selleetools.com\/pl\/wp-json\/wp\/v2\/types\/product"}],"replies":[{"embeddable":true,"href":"https:\/\/selleetools.com\/pl\/wp-json\/wp\/v2\/comments?post=608827"}],"wp:featuredmedia":[{"embeddable":true,"href":"https:\/\/selleetools.com\/pl\/wp-json\/wp\/v2\/media\/608825"}],"wp:attachment":[{"href":"https:\/\/selleetools.com\/pl\/wp-json\/wp\/v2\/media?parent=608827"}],"curies":[{"name":"wp","href":"https:\/\/api.w.org\/{rel}","templated":true}]}}