{"id":608824,"date":"2025-10-24T14:25:13","date_gmt":"2025-10-24T12:25:13","guid":{"rendered":"https:\/\/selleetools.com\/?post_type=product&#038;p=608824"},"modified":"2025-11-04T21:29:49","modified_gmt":"2025-11-04T20:29:49","slug":"fwee-glitz-stone-highlighter-hl10-opal-blooming-6-0-g-rozswietlacz-perlowy","status":"publish","type":"product","link":"https:\/\/selleetools.com\/pl\/product\/fwee-glitz-stone-highlighter-hl10-opal-blooming-6-0-g-rozswietlacz-perlowy\/","title":{"rendered":"FWEE Glitz Stone Highlighter HL10 OPAL BLOOMING 6.0 g &#8211; roz\u015bwietlacz per\u0142owy"},"content":{"rendered":"<p>Odkryj magiczny blask roz\u015bwietlacza FWEE Glitz Stone HL10 Opal Blooming, kt\u00f3ry otuli Twoj\u0105 sk\u00f3r\u0119 \u015bwietlist\u0105 tafl\u0105 w odcieniu opalizuj\u0105cego r\u00f3\u017cu z per\u0142owo-z\u0142ot\u0105 po\u015bwiat\u0105. Jego subtelnie mieni\u0105ca si\u0119 formu\u0142a doskonale stapia si\u0119 z cer\u0105, podkre\u015blaj\u0105c ko\u015bci policzkowe, \u0142uk brwiowy i inne partie twarzy, kt\u00f3re chcesz roz\u015bwietli\u0107.<\/p>\n<p>Korzy\u015bci ze stosowania:<br \/>\nNadaje sk\u00f3rze zdrowy, promienny blask bez efektu przerysowania<br \/>\nOpalizuj\u0105cy odcie\u0144 pasuje do wi\u0119kszo\u015bci karnacji, idealny na co dzie\u0144 i na specjalne okazje<br \/>\nLekka, jedwabista konsystencja \u0142atwo si\u0119 rozprowadza i nie podkre\u015bla tekstury sk\u00f3ry<br \/>\nTr\u00f3jwymiarowy efekt roz\u015bwietlenia dzi\u0119ki drobno zmielonym pigmentom odbijaj\u0105cym \u015bwiat\u0142o<\/p>\n<p>Spos\u00f3b u\u017cycia:<br \/>\nNa\u0142\u00f3\u017c niewielk\u0105 ilo\u015b\u0107 produktu na ko\u015bci policzkowe, grzbiet nosa, \u0142uk Kupidyna lub inne miejsca, kt\u00f3re chcesz podkre\u015bli\u0107. Mo\u017cesz aplikowa\u0107 p\u0119dzlem wachlarzowym, palcami lub g\u0105beczk\u0105 \u2014 dla bardziej intensywnego efektu stosuj na mokro.<\/p>\n","protected":false},"excerpt":{"rendered":"<p>Odkryj magiczny blask roz\u015bwietlacza FWEE Glitz Stone HL10 Opal Blooming, kt\u00f3ry otuli Twoj\u0105 sk\u00f3r\u0119 \u015bwietlist\u0105 tafl\u0105 w odcieniu opalizuj\u0105cego r\u00f3\u017cu z per\u0142owo-z\u0142ot\u0105 po\u015bwiat\u0105. Jego subtelnie mieni\u0105ca si\u0119 formu\u0142a doskonale stapia si\u0119 z cer\u0105, podkre\u015blaj\u0105c ko\u015bci policzkowe, \u0142uk brwiowy i inne partie twarzy, kt\u00f3re chcesz roz\u015bwietli\u0107. Korzy\u015bci ze stosowania: Nadaje sk\u00f3rze zdrowy, promienny blask bez efektu &#8230; <a title=\"FWEE Glitz Stone Highlighter HL10 OPAL BLOOMING 6.0 g &#8211; roz\u015bwietlacz per\u0142owy\" class=\"read-more\" href=\"https:\/\/selleetools.com\/pl\/product\/fwee-glitz-stone-highlighter-hl10-opal-blooming-6-0-g-rozswietlacz-perlowy\/\">Read more<span class=\"screen-reader-text\">FWEE Glitz Stone Highlighter HL10 OPAL BLOOMING 6.0 g &#8211; roz\u015bwietlacz per\u0142owy<\/span><\/a><\/p>\n","protected":false},"featured_media":608822,"comment_status":"open","ping_status":"closed","template":"","meta":{"_links_to":"","_links_to_target":""},"yoast_head":"<!-- This site is optimized with the Yoast SEO plugin v19.4 - https:\/\/yoast.com\/wordpress\/plugins\/seo\/ -->\n<title>FWEE Glitz Stone Highlighter HL10 OPAL BLOOMING 6.0 g - roz\u015bwietlacz per\u0142owy - Selleetools.com<\/title>\n<meta name=\"robots\" content=\"index, follow, max-snippet:-1, max-image-preview:large, max-video-preview:-1\" \/>\n<link rel=\"canonical\" href=\"https:\/\/selleetools.com\/pl\/product\/fwee-glitz-stone-highlighter-hl10-opal-blooming-6-0-g-rozswietlacz-perlowy\/\" \/>\n<meta property=\"og:locale\" content=\"pl_PL\" \/>\n<meta property=\"og:type\" content=\"article\" \/>\n<meta property=\"og:title\" content=\"FWEE Glitz Stone Highlighter HL10 OPAL BLOOMING 6.0 g - roz\u015bwietlacz per\u0142owy - Selleetools.com\" \/>\n<meta property=\"og:description\" content=\"Odkryj magiczny blask roz\u015bwietlacza FWEE Glitz Stone HL10 Opal Blooming, kt\u00f3ry otuli Twoj\u0105 sk\u00f3r\u0119 \u015bwietlist\u0105 tafl\u0105 w odcieniu opalizuj\u0105cego r\u00f3\u017cu z per\u0142owo-z\u0142ot\u0105 po\u015bwiat\u0105. Jego subtelnie mieni\u0105ca si\u0119 formu\u0142a doskonale stapia si\u0119 z cer\u0105, podkre\u015blaj\u0105c ko\u015bci policzkowe, \u0142uk brwiowy i inne partie twarzy, kt\u00f3re chcesz roz\u015bwietli\u0107. Korzy\u015bci ze stosowania: Nadaje sk\u00f3rze zdrowy, promienny blask bez efektu ... Read moreFWEE Glitz Stone Highlighter HL10 OPAL BLOOMING 6.0 g &#8211; roz\u015bwietlacz per\u0142owy\" \/>\n<meta property=\"og:url\" content=\"https:\/\/selleetools.com\/pl\/product\/fwee-glitz-stone-highlighter-hl10-opal-blooming-6-0-g-rozswietlacz-perlowy\/\" \/>\n<meta property=\"og:site_name\" content=\"Selleetools.com\" \/>\n<meta property=\"article:modified_time\" content=\"2025-11-04T20:29:49+00:00\" \/>\n<meta property=\"og:image\" content=\"https:\/\/selleetools.com\/wp-content\/uploads\/2025\/10\/c66fe0d23f8d9009d261b44b92e08f51.png\" \/>\n\t<meta property=\"og:image:width\" content=\"1080\" \/>\n\t<meta property=\"og:image:height\" content=\"1080\" \/>\n\t<meta property=\"og:image:type\" content=\"image\/png\" \/>\n<meta name=\"twitter:card\" content=\"summary_large_image\" \/>\n<meta name=\"twitter:label1\" content=\"Est. reading time\" \/>\n\t<meta name=\"twitter:data1\" content=\"1 minuta\" \/>\n<!-- \/ Yoast SEO plugin. -->","yoast_head_json":{"title":"FWEE Glitz Stone Highlighter HL10 OPAL BLOOMING 6.0 g - roz\u015bwietlacz per\u0142owy - Selleetools.com","robots":{"index":"index","follow":"follow","max-snippet":"max-snippet:-1","max-image-preview":"max-image-preview:large","max-video-preview":"max-video-preview:-1"},"canonical":"https:\/\/selleetools.com\/pl\/product\/fwee-glitz-stone-highlighter-hl10-opal-blooming-6-0-g-rozswietlacz-perlowy\/","og_locale":"pl_PL","og_type":"article","og_title":"FWEE Glitz Stone Highlighter HL10 OPAL BLOOMING 6.0 g - roz\u015bwietlacz per\u0142owy - Selleetools.com","og_description":"Odkryj magiczny blask roz\u015bwietlacza FWEE Glitz Stone HL10 Opal Blooming, kt\u00f3ry otuli Twoj\u0105 sk\u00f3r\u0119 \u015bwietlist\u0105 tafl\u0105 w odcieniu opalizuj\u0105cego r\u00f3\u017cu z per\u0142owo-z\u0142ot\u0105 po\u015bwiat\u0105. Jego subtelnie mieni\u0105ca si\u0119 formu\u0142a doskonale stapia si\u0119 z cer\u0105, podkre\u015blaj\u0105c ko\u015bci policzkowe, \u0142uk brwiowy i inne partie twarzy, kt\u00f3re chcesz roz\u015bwietli\u0107. Korzy\u015bci ze stosowania: Nadaje sk\u00f3rze zdrowy, promienny blask bez efektu ... Read moreFWEE Glitz Stone Highlighter HL10 OPAL BLOOMING 6.0 g &#8211; roz\u015bwietlacz per\u0142owy","og_url":"https:\/\/selleetools.com\/pl\/product\/fwee-glitz-stone-highlighter-hl10-opal-blooming-6-0-g-rozswietlacz-perlowy\/","og_site_name":"Selleetools.com","article_modified_time":"2025-11-04T20:29:49+00:00","og_image":[{"width":1080,"height":1080,"url":"https:\/\/selleetools.com\/wp-content\/uploads\/2025\/10\/c66fe0d23f8d9009d261b44b92e08f51.png","type":"image\/png"}],"twitter_card":"summary_large_image","twitter_misc":{"Est. reading time":"1 minuta"},"schema":{"@context":"https:\/\/schema.org","@graph":[{"@type":"Organization","@id":"https:\/\/selleetools.com\/#organization","name":"Selleetools","url":"https:\/\/selleetools.com\/","sameAs":[],"logo":{"@type":"ImageObject","inLanguage":"pl-PL","@id":"https:\/\/selleetools.com\/#\/schema\/logo\/image\/","url":"https:\/\/selleetools.com\/wp-content\/uploads\/2021\/10\/logo-dark.png","contentUrl":"https:\/\/selleetools.com\/wp-content\/uploads\/2021\/10\/logo-dark.png","width":320,"height":76,"caption":"Selleetools"},"image":{"@id":"https:\/\/selleetools.com\/#\/schema\/logo\/image\/"}},{"@type":"WebSite","@id":"https:\/\/selleetools.com\/#website","url":"https:\/\/selleetools.com\/","name":"Selleetools.com","description":"","publisher":{"@id":"https:\/\/selleetools.com\/#organization"},"potentialAction":[{"@type":"SearchAction","target":{"@type":"EntryPoint","urlTemplate":"https:\/\/selleetools.com\/?s={search_term_string}"},"query-input":"required name=search_term_string"}],"inLanguage":"pl-PL"},{"@type":"WebPage","@id":"https:\/\/selleetools.com\/pl\/product\/fwee-glitz-stone-highlighter-hl10-opal-blooming-6-0-g-rozswietlacz-perlowy\/","url":"https:\/\/selleetools.com\/pl\/product\/fwee-glitz-stone-highlighter-hl10-opal-blooming-6-0-g-rozswietlacz-perlowy\/","name":"FWEE Glitz Stone Highlighter HL10 OPAL BLOOMING 6.0 g - roz\u015bwietlacz per\u0142owy - Selleetools.com","isPartOf":{"@id":"https:\/\/selleetools.com\/#website"},"datePublished":"2025-10-24T12:25:13+00:00","dateModified":"2025-11-04T20:29:49+00:00","breadcrumb":{"@id":"https:\/\/selleetools.com\/pl\/product\/fwee-glitz-stone-highlighter-hl10-opal-blooming-6-0-g-rozswietlacz-perlowy\/#breadcrumb"},"inLanguage":"pl-PL","potentialAction":[{"@type":"ReadAction","target":["https:\/\/selleetools.com\/pl\/product\/fwee-glitz-stone-highlighter-hl10-opal-blooming-6-0-g-rozswietlacz-perlowy\/"]}]},{"@type":"BreadcrumbList","@id":"https:\/\/selleetools.com\/pl\/product\/fwee-glitz-stone-highlighter-hl10-opal-blooming-6-0-g-rozswietlacz-perlowy\/#breadcrumb","itemListElement":[{"@type":"ListItem","position":1,"name":"Home","item":"https:\/\/selleetools.com\/pl\/"},{"@type":"ListItem","position":2,"name":"Katalog","item":"https:\/\/selleetools.com\/pl\/katalog\/"},{"@type":"ListItem","position":3,"name":"FWEE Glitz Stone Highlighter HL10 OPAL BLOOMING 6.0 g &#8211; roz\u015bwietlacz per\u0142owy"}]}]}},"_links":{"self":[{"href":"https:\/\/selleetools.com\/pl\/wp-json\/wp\/v2\/product\/608824"}],"collection":[{"href":"https:\/\/selleetools.com\/pl\/wp-json\/wp\/v2\/product"}],"about":[{"href":"https:\/\/selleetools.com\/pl\/wp-json\/wp\/v2\/types\/product"}],"replies":[{"embeddable":true,"href":"https:\/\/selleetools.com\/pl\/wp-json\/wp\/v2\/comments?post=608824"}],"wp:featuredmedia":[{"embeddable":true,"href":"https:\/\/selleetools.com\/pl\/wp-json\/wp\/v2\/media\/608822"}],"wp:attachment":[{"href":"https:\/\/selleetools.com\/pl\/wp-json\/wp\/v2\/media?parent=608824"}],"curies":[{"name":"wp","href":"https:\/\/api.w.org\/{rel}","templated":true}]}}