{"id":608818,"date":"2025-10-24T14:25:07","date_gmt":"2025-10-24T12:25:07","guid":{"rendered":"https:\/\/selleetools.com\/?post_type=product&#038;p=608818"},"modified":"2025-11-04T21:29:18","modified_gmt":"2025-11-04T20:29:18","slug":"fwee-glitz-stone-highlighter-hl07-ruby-reborn-6-0-g-rozswietlacz-rubinowy","status":"publish","type":"product","link":"https:\/\/selleetools.com\/pl\/product\/fwee-glitz-stone-highlighter-hl07-ruby-reborn-6-0-g-rozswietlacz-rubinowy\/","title":{"rendered":"FWEE Glitz Stone Highlighter HL07 RUBY REBORN 6.0 g &#8211; roz\u015bwietlacz rubinowy"},"content":{"rendered":"<p>Zanurz si\u0119 w \u015bwietlistym blasku z roz\u015bwietlaczem FWEE Glitz Stone Highlighter HL07 RUBY REBORN, kt\u00f3ry ol\u015bniewa intensywnym, rubinowo-r\u00f3\u017cowym odcieniem z ciep\u0142ymi, per\u0142owymi refleksami. Inspirowany szlachetnym kamieniem \u2013 rubinem \u2013 nadaje sk\u00f3rze elegancki, wielowymiarowy po\u0142ysk, kt\u00f3ry przepi\u0119knie odbija \u015bwiat\u0142o niezale\u017cnie od k\u0105ta padania.<\/p>\n<p>Korzy\u015bci ze stosowania:<br \/>\nNadaje sk\u00f3rze promienny blask i efekt \u201eglow from within\u201d.<br \/>\nDelikatna, jedwabista formu\u0142a \u0142atwo si\u0119 rozprowadza i nie tworzy smug.<br \/>\nDzi\u0119ki zawarto\u015bci mikropere\u0142 i pigment\u00f3w odbijaj\u0105cych \u015bwiat\u0142o, optycznie wyg\u0142adza sk\u00f3r\u0119 i podkre\u015bla ko\u015bci policzkowe.<br \/>\nOdpowiedni do ka\u017cdego typu cery \u2013 nie podkre\u015bla niedoskona\u0142o\u015bci ani por\u00f3w.<br \/>\nMo\u017cna budowa\u0107 intensywno\u015b\u0107 blasku od subtelnego do spektakularnego efektu.<\/p>\n<p>Spos\u00f3b u\u017cycia:<br \/>\nNanie\u015b produkt p\u0119dzlem na szczyty ko\u015bci policzkowych, grzbiet nosa, \u0142uk kupidyna lub pod \u0142uk brwiowy. Dla mocniejszego efektu u\u017cyj wilgotnego aplikatora lub wklep produkt opuszkami palc\u00f3w. Mo\u017cna stosowa\u0107 r\u00f3wnie\u017c jako cie\u0144 do powiek, by doda\u0107 spojrzeniu blasku.<\/p>\n","protected":false},"excerpt":{"rendered":"<p>Zanurz si\u0119 w \u015bwietlistym blasku z roz\u015bwietlaczem FWEE Glitz Stone Highlighter HL07 RUBY REBORN, kt\u00f3ry ol\u015bniewa intensywnym, rubinowo-r\u00f3\u017cowym odcieniem z ciep\u0142ymi, per\u0142owymi refleksami. Inspirowany szlachetnym kamieniem \u2013 rubinem \u2013 nadaje sk\u00f3rze elegancki, wielowymiarowy po\u0142ysk, kt\u00f3ry przepi\u0119knie odbija \u015bwiat\u0142o niezale\u017cnie od k\u0105ta padania. Korzy\u015bci ze stosowania: Nadaje sk\u00f3rze promienny blask i efekt \u201eglow from within\u201d. Delikatna, &#8230; <a title=\"FWEE Glitz Stone Highlighter HL07 RUBY REBORN 6.0 g &#8211; roz\u015bwietlacz rubinowy\" class=\"read-more\" href=\"https:\/\/selleetools.com\/pl\/product\/fwee-glitz-stone-highlighter-hl07-ruby-reborn-6-0-g-rozswietlacz-rubinowy\/\">Read more<span class=\"screen-reader-text\">FWEE Glitz Stone Highlighter HL07 RUBY REBORN 6.0 g &#8211; roz\u015bwietlacz rubinowy<\/span><\/a><\/p>\n","protected":false},"featured_media":608816,"comment_status":"open","ping_status":"closed","template":"","meta":{"_links_to":"","_links_to_target":""},"yoast_head":"<!-- This site is optimized with the Yoast SEO plugin v19.4 - https:\/\/yoast.com\/wordpress\/plugins\/seo\/ -->\n<title>FWEE Glitz Stone Highlighter HL07 RUBY REBORN 6.0 g - roz\u015bwietlacz rubinowy - Selleetools.com<\/title>\n<meta name=\"robots\" content=\"index, follow, max-snippet:-1, max-image-preview:large, max-video-preview:-1\" \/>\n<link rel=\"canonical\" href=\"https:\/\/admincentral.selleetools.com\/pl\/product\/fwee-glitz-stone-highlighter-hl07-ruby-reborn-6-0-g-rozswietlacz-rubinowy\/\" \/>\n<meta property=\"og:locale\" content=\"pl_PL\" \/>\n<meta property=\"og:type\" content=\"article\" \/>\n<meta property=\"og:title\" content=\"FWEE Glitz Stone Highlighter HL07 RUBY REBORN 6.0 g - roz\u015bwietlacz rubinowy - Selleetools.com\" \/>\n<meta property=\"og:description\" content=\"Zanurz si\u0119 w \u015bwietlistym blasku z roz\u015bwietlaczem FWEE Glitz Stone Highlighter HL07 RUBY REBORN, kt\u00f3ry ol\u015bniewa intensywnym, rubinowo-r\u00f3\u017cowym odcieniem z ciep\u0142ymi, per\u0142owymi refleksami. Inspirowany szlachetnym kamieniem \u2013 rubinem \u2013 nadaje sk\u00f3rze elegancki, wielowymiarowy po\u0142ysk, kt\u00f3ry przepi\u0119knie odbija \u015bwiat\u0142o niezale\u017cnie od k\u0105ta padania. Korzy\u015bci ze stosowania: Nadaje sk\u00f3rze promienny blask i efekt \u201eglow from within\u201d. Delikatna, ... Read moreFWEE Glitz Stone Highlighter HL07 RUBY REBORN 6.0 g &#8211; roz\u015bwietlacz rubinowy\" \/>\n<meta property=\"og:url\" content=\"https:\/\/admincentral.selleetools.com\/pl\/product\/fwee-glitz-stone-highlighter-hl07-ruby-reborn-6-0-g-rozswietlacz-rubinowy\/\" \/>\n<meta property=\"og:site_name\" content=\"Selleetools.com\" \/>\n<meta property=\"article:modified_time\" content=\"2025-11-04T20:29:18+00:00\" \/>\n<meta property=\"og:image\" content=\"https:\/\/selleetools.com\/wp-content\/uploads\/2025\/10\/c4a2b9363dd65db723ace9a9b2465285.png\" \/>\n\t<meta property=\"og:image:width\" content=\"1080\" \/>\n\t<meta property=\"og:image:height\" content=\"1080\" \/>\n\t<meta property=\"og:image:type\" content=\"image\/png\" \/>\n<meta name=\"twitter:card\" content=\"summary_large_image\" \/>\n<meta name=\"twitter:label1\" content=\"Est. reading time\" \/>\n\t<meta name=\"twitter:data1\" content=\"1 minuta\" \/>\n<!-- \/ Yoast SEO plugin. -->","yoast_head_json":{"title":"FWEE Glitz Stone Highlighter HL07 RUBY REBORN 6.0 g - roz\u015bwietlacz rubinowy - Selleetools.com","robots":{"index":"index","follow":"follow","max-snippet":"max-snippet:-1","max-image-preview":"max-image-preview:large","max-video-preview":"max-video-preview:-1"},"canonical":"https:\/\/admincentral.selleetools.com\/pl\/product\/fwee-glitz-stone-highlighter-hl07-ruby-reborn-6-0-g-rozswietlacz-rubinowy\/","og_locale":"pl_PL","og_type":"article","og_title":"FWEE Glitz Stone Highlighter HL07 RUBY REBORN 6.0 g - roz\u015bwietlacz rubinowy - Selleetools.com","og_description":"Zanurz si\u0119 w \u015bwietlistym blasku z roz\u015bwietlaczem FWEE Glitz Stone Highlighter HL07 RUBY REBORN, kt\u00f3ry ol\u015bniewa intensywnym, rubinowo-r\u00f3\u017cowym odcieniem z ciep\u0142ymi, per\u0142owymi refleksami. Inspirowany szlachetnym kamieniem \u2013 rubinem \u2013 nadaje sk\u00f3rze elegancki, wielowymiarowy po\u0142ysk, kt\u00f3ry przepi\u0119knie odbija \u015bwiat\u0142o niezale\u017cnie od k\u0105ta padania. Korzy\u015bci ze stosowania: Nadaje sk\u00f3rze promienny blask i efekt \u201eglow from within\u201d. Delikatna, ... Read moreFWEE Glitz Stone Highlighter HL07 RUBY REBORN 6.0 g &#8211; roz\u015bwietlacz rubinowy","og_url":"https:\/\/admincentral.selleetools.com\/pl\/product\/fwee-glitz-stone-highlighter-hl07-ruby-reborn-6-0-g-rozswietlacz-rubinowy\/","og_site_name":"Selleetools.com","article_modified_time":"2025-11-04T20:29:18+00:00","og_image":[{"width":1080,"height":1080,"url":"https:\/\/selleetools.com\/wp-content\/uploads\/2025\/10\/c4a2b9363dd65db723ace9a9b2465285.png","type":"image\/png"}],"twitter_card":"summary_large_image","twitter_misc":{"Est. reading time":"1 minuta"},"schema":{"@context":"https:\/\/schema.org","@graph":[{"@type":"Organization","@id":"https:\/\/selleetools.com\/#organization","name":"Selleetools","url":"https:\/\/selleetools.com\/","sameAs":[],"logo":{"@type":"ImageObject","inLanguage":"pl-PL","@id":"https:\/\/selleetools.com\/#\/schema\/logo\/image\/","url":"https:\/\/selleetools.com\/wp-content\/uploads\/2021\/10\/logo-dark.png","contentUrl":"https:\/\/selleetools.com\/wp-content\/uploads\/2021\/10\/logo-dark.png","width":320,"height":76,"caption":"Selleetools"},"image":{"@id":"https:\/\/selleetools.com\/#\/schema\/logo\/image\/"}},{"@type":"WebSite","@id":"https:\/\/selleetools.com\/#website","url":"https:\/\/selleetools.com\/","name":"Selleetools.com","description":"","publisher":{"@id":"https:\/\/selleetools.com\/#organization"},"potentialAction":[{"@type":"SearchAction","target":{"@type":"EntryPoint","urlTemplate":"https:\/\/selleetools.com\/?s={search_term_string}"},"query-input":"required name=search_term_string"}],"inLanguage":"pl-PL"},{"@type":"WebPage","@id":"https:\/\/admincentral.selleetools.com\/pl\/product\/fwee-glitz-stone-highlighter-hl07-ruby-reborn-6-0-g-rozswietlacz-rubinowy\/","url":"https:\/\/admincentral.selleetools.com\/pl\/product\/fwee-glitz-stone-highlighter-hl07-ruby-reborn-6-0-g-rozswietlacz-rubinowy\/","name":"FWEE Glitz Stone Highlighter HL07 RUBY REBORN 6.0 g - roz\u015bwietlacz rubinowy - Selleetools.com","isPartOf":{"@id":"https:\/\/selleetools.com\/#website"},"datePublished":"2025-10-24T12:25:07+00:00","dateModified":"2025-11-04T20:29:18+00:00","breadcrumb":{"@id":"https:\/\/admincentral.selleetools.com\/pl\/product\/fwee-glitz-stone-highlighter-hl07-ruby-reborn-6-0-g-rozswietlacz-rubinowy\/#breadcrumb"},"inLanguage":"pl-PL","potentialAction":[{"@type":"ReadAction","target":["https:\/\/admincentral.selleetools.com\/pl\/product\/fwee-glitz-stone-highlighter-hl07-ruby-reborn-6-0-g-rozswietlacz-rubinowy\/"]}]},{"@type":"BreadcrumbList","@id":"https:\/\/admincentral.selleetools.com\/pl\/product\/fwee-glitz-stone-highlighter-hl07-ruby-reborn-6-0-g-rozswietlacz-rubinowy\/#breadcrumb","itemListElement":[{"@type":"ListItem","position":1,"name":"Home","item":"https:\/\/selleetools.com\/pl\/"},{"@type":"ListItem","position":2,"name":"Katalog","item":"https:\/\/selleetools.com\/pl\/katalog\/"},{"@type":"ListItem","position":3,"name":"FWEE Glitz Stone Highlighter HL07 RUBY REBORN 6.0 g &#8211; roz\u015bwietlacz rubinowy"}]}]}},"_links":{"self":[{"href":"https:\/\/selleetools.com\/pl\/wp-json\/wp\/v2\/product\/608818"}],"collection":[{"href":"https:\/\/selleetools.com\/pl\/wp-json\/wp\/v2\/product"}],"about":[{"href":"https:\/\/selleetools.com\/pl\/wp-json\/wp\/v2\/types\/product"}],"replies":[{"embeddable":true,"href":"https:\/\/selleetools.com\/pl\/wp-json\/wp\/v2\/comments?post=608818"}],"wp:featuredmedia":[{"embeddable":true,"href":"https:\/\/selleetools.com\/pl\/wp-json\/wp\/v2\/media\/608816"}],"wp:attachment":[{"href":"https:\/\/selleetools.com\/pl\/wp-json\/wp\/v2\/media?parent=608818"}],"curies":[{"name":"wp","href":"https:\/\/api.w.org\/{rel}","templated":true}]}}