{"id":608809,"date":"2025-10-24T14:24:58","date_gmt":"2025-10-24T12:24:58","guid":{"rendered":"https:\/\/selleetools.com\/?post_type=product&#038;p=608809"},"modified":"2025-11-03T17:03:32","modified_gmt":"2025-11-03T16:03:32","slug":"fwee-cushion-glass-natural-03-natural-glass-13-g-podklad-w-formie-cushion","status":"publish","type":"product","link":"https:\/\/selleetools.com\/pl\/product\/fwee-cushion-glass-natural-03-natural-glass-13-g-podklad-w-formie-cushion\/","title":{"rendered":"FWEE Cushion glass natural 03 natural glass 13 g &#8211; podk\u0142ad w formie cushion"},"content":{"rendered":"<p>FWEE Cushion Glass to innowacyjny podk\u0142ad w poduszeczce, kt\u00f3ry zapewnia efekt drugiej sk\u00f3ry i naturalne, \u015bwietliste wyko\u0144czenie typu \u201eglass skin\u201d. Lekka formu\u0142a wtapia si\u0119 w cer\u0119, wyg\u0142adzaj\u0105c jej struktur\u0119 i wyr\u00f3wnuj\u0105c koloryt bez uczucia ci\u0119\u017cko\u015bci. Odcie\u0144 03 Natural Glass zosta\u0142 stworzony z my\u015bl\u0105 o cerze o \u015brednim odcieniu z naturalnym tonem. Kosmetyk \u0142\u0105czy dzia\u0142anie piel\u0119gnacyjne i ochronne \u2013 zawiera m.in. wod\u0119 termaln\u0105 Onsen, niacynamid, kompleksy kwasu hialuronowego oraz filtr przeciws\u0142oneczny.<\/p>\n<p>Korzy\u015bci ze stosowania:<br \/>\nnaturalne krycie i promienny efekt \u201eglass skin\u201d bez efektu maski,<br \/>\nintensywne nawil\u017cenie dzi\u0119ki zawarto\u015bci kwasu hialuronowego w kilku formach,<br \/>\npoprawa kondycji sk\u00f3ry i roz\u015bwietlenie dzi\u0119ki niacynamidowi i adenozynie,<br \/>\nochrona przeciws\u0142oneczna SPF (dzi\u0119ki filtrom fizycznym i chemicznym),<br \/>\nkomfortowa, lekka formu\u0142a odpowiednia do codziennego stosowania,<br \/>\nwygodna aplikacja \u2013 idealna do poprawek w ci\u0105gu dnia.<\/p>\n<p>Spos\u00f3b u\u017cycia:<br \/>\nDelikatnie naci\u015bnij aplikator na g\u0105beczk\u0119 nas\u0105czon\u0105 podk\u0142adem, a nast\u0119pnie wklep produkt r\u00f3wnomiernie w sk\u00f3r\u0119 twarzy. Aplikuj stopniowo, a\u017c do uzyskania po\u017c\u0105danego poziomu krycia. Dla lepszego efektu roz\u015bwietlenia i trwa\u0142o\u015bci, mo\u017cesz lekko przypudrowa\u0107 stref\u0119 T.<\/p>\n","protected":false},"excerpt":{"rendered":"<p>FWEE Cushion Glass to innowacyjny podk\u0142ad w poduszeczce, kt\u00f3ry zapewnia efekt drugiej sk\u00f3ry i naturalne, \u015bwietliste wyko\u0144czenie typu \u201eglass skin\u201d. Lekka formu\u0142a wtapia si\u0119 w cer\u0119, wyg\u0142adzaj\u0105c jej struktur\u0119 i wyr\u00f3wnuj\u0105c koloryt bez uczucia ci\u0119\u017cko\u015bci. Odcie\u0144 03 Natural Glass zosta\u0142 stworzony z my\u015bl\u0105 o cerze o \u015brednim odcieniu z naturalnym tonem. Kosmetyk \u0142\u0105czy dzia\u0142anie piel\u0119gnacyjne &#8230; <a title=\"FWEE Cushion glass natural 03 natural glass 13 g &#8211; podk\u0142ad w formie cushion\" class=\"read-more\" href=\"https:\/\/selleetools.com\/pl\/product\/fwee-cushion-glass-natural-03-natural-glass-13-g-podklad-w-formie-cushion\/\">Read more<span class=\"screen-reader-text\">FWEE Cushion glass natural 03 natural glass 13 g &#8211; podk\u0142ad w formie cushion<\/span><\/a><\/p>\n","protected":false},"featured_media":608807,"comment_status":"open","ping_status":"closed","template":"","meta":{"_links_to":"","_links_to_target":""},"yoast_head":"<!-- This site is optimized with the Yoast SEO plugin v19.4 - https:\/\/yoast.com\/wordpress\/plugins\/seo\/ -->\n<title>FWEE Cushion glass natural 03 natural glass 13 g - podk\u0142ad w formie cushion - Selleetools.com<\/title>\n<meta name=\"robots\" content=\"index, follow, max-snippet:-1, max-image-preview:large, max-video-preview:-1\" \/>\n<link rel=\"canonical\" href=\"https:\/\/admincentral.selleetools.com\/pl\/product\/fwee-cushion-glass-natural-03-natural-glass-13-g-podklad-w-formie-cushion\/\" \/>\n<meta property=\"og:locale\" content=\"pl_PL\" \/>\n<meta property=\"og:type\" content=\"article\" \/>\n<meta property=\"og:title\" content=\"FWEE Cushion glass natural 03 natural glass 13 g - podk\u0142ad w formie cushion - Selleetools.com\" \/>\n<meta property=\"og:description\" content=\"FWEE Cushion Glass to innowacyjny podk\u0142ad w poduszeczce, kt\u00f3ry zapewnia efekt drugiej sk\u00f3ry i naturalne, \u015bwietliste wyko\u0144czenie typu \u201eglass skin\u201d. Lekka formu\u0142a wtapia si\u0119 w cer\u0119, wyg\u0142adzaj\u0105c jej struktur\u0119 i wyr\u00f3wnuj\u0105c koloryt bez uczucia ci\u0119\u017cko\u015bci. Odcie\u0144 03 Natural Glass zosta\u0142 stworzony z my\u015bl\u0105 o cerze o \u015brednim odcieniu z naturalnym tonem. Kosmetyk \u0142\u0105czy dzia\u0142anie piel\u0119gnacyjne ... Read moreFWEE Cushion glass natural 03 natural glass 13 g &#8211; podk\u0142ad w formie cushion\" \/>\n<meta property=\"og:url\" content=\"https:\/\/admincentral.selleetools.com\/pl\/product\/fwee-cushion-glass-natural-03-natural-glass-13-g-podklad-w-formie-cushion\/\" \/>\n<meta property=\"og:site_name\" content=\"Selleetools.com\" \/>\n<meta property=\"article:modified_time\" content=\"2025-11-03T16:03:32+00:00\" \/>\n<meta property=\"og:image\" content=\"https:\/\/selleetools.com\/wp-content\/uploads\/2025\/10\/caea91612254f214b732e78800558cdb.png\" \/>\n\t<meta property=\"og:image:width\" content=\"1080\" \/>\n\t<meta property=\"og:image:height\" content=\"1080\" \/>\n\t<meta property=\"og:image:type\" content=\"image\/png\" \/>\n<meta name=\"twitter:card\" content=\"summary_large_image\" \/>\n<meta name=\"twitter:label1\" content=\"Est. reading time\" \/>\n\t<meta name=\"twitter:data1\" content=\"1 minuta\" \/>\n<!-- \/ Yoast SEO plugin. -->","yoast_head_json":{"title":"FWEE Cushion glass natural 03 natural glass 13 g - podk\u0142ad w formie cushion - Selleetools.com","robots":{"index":"index","follow":"follow","max-snippet":"max-snippet:-1","max-image-preview":"max-image-preview:large","max-video-preview":"max-video-preview:-1"},"canonical":"https:\/\/admincentral.selleetools.com\/pl\/product\/fwee-cushion-glass-natural-03-natural-glass-13-g-podklad-w-formie-cushion\/","og_locale":"pl_PL","og_type":"article","og_title":"FWEE Cushion glass natural 03 natural glass 13 g - podk\u0142ad w formie cushion - Selleetools.com","og_description":"FWEE Cushion Glass to innowacyjny podk\u0142ad w poduszeczce, kt\u00f3ry zapewnia efekt drugiej sk\u00f3ry i naturalne, \u015bwietliste wyko\u0144czenie typu \u201eglass skin\u201d. Lekka formu\u0142a wtapia si\u0119 w cer\u0119, wyg\u0142adzaj\u0105c jej struktur\u0119 i wyr\u00f3wnuj\u0105c koloryt bez uczucia ci\u0119\u017cko\u015bci. Odcie\u0144 03 Natural Glass zosta\u0142 stworzony z my\u015bl\u0105 o cerze o \u015brednim odcieniu z naturalnym tonem. Kosmetyk \u0142\u0105czy dzia\u0142anie piel\u0119gnacyjne ... Read moreFWEE Cushion glass natural 03 natural glass 13 g &#8211; podk\u0142ad w formie cushion","og_url":"https:\/\/admincentral.selleetools.com\/pl\/product\/fwee-cushion-glass-natural-03-natural-glass-13-g-podklad-w-formie-cushion\/","og_site_name":"Selleetools.com","article_modified_time":"2025-11-03T16:03:32+00:00","og_image":[{"width":1080,"height":1080,"url":"https:\/\/selleetools.com\/wp-content\/uploads\/2025\/10\/caea91612254f214b732e78800558cdb.png","type":"image\/png"}],"twitter_card":"summary_large_image","twitter_misc":{"Est. reading time":"1 minuta"},"schema":{"@context":"https:\/\/schema.org","@graph":[{"@type":"Organization","@id":"https:\/\/selleetools.com\/#organization","name":"Selleetools","url":"https:\/\/selleetools.com\/","sameAs":[],"logo":{"@type":"ImageObject","inLanguage":"pl-PL","@id":"https:\/\/selleetools.com\/#\/schema\/logo\/image\/","url":"https:\/\/selleetools.com\/wp-content\/uploads\/2021\/10\/logo-dark.png","contentUrl":"https:\/\/selleetools.com\/wp-content\/uploads\/2021\/10\/logo-dark.png","width":320,"height":76,"caption":"Selleetools"},"image":{"@id":"https:\/\/selleetools.com\/#\/schema\/logo\/image\/"}},{"@type":"WebSite","@id":"https:\/\/selleetools.com\/#website","url":"https:\/\/selleetools.com\/","name":"Selleetools.com","description":"","publisher":{"@id":"https:\/\/selleetools.com\/#organization"},"potentialAction":[{"@type":"SearchAction","target":{"@type":"EntryPoint","urlTemplate":"https:\/\/selleetools.com\/?s={search_term_string}"},"query-input":"required name=search_term_string"}],"inLanguage":"pl-PL"},{"@type":"WebPage","@id":"https:\/\/admincentral.selleetools.com\/pl\/product\/fwee-cushion-glass-natural-03-natural-glass-13-g-podklad-w-formie-cushion\/","url":"https:\/\/admincentral.selleetools.com\/pl\/product\/fwee-cushion-glass-natural-03-natural-glass-13-g-podklad-w-formie-cushion\/","name":"FWEE Cushion glass natural 03 natural glass 13 g - podk\u0142ad w formie cushion - Selleetools.com","isPartOf":{"@id":"https:\/\/selleetools.com\/#website"},"datePublished":"2025-10-24T12:24:58+00:00","dateModified":"2025-11-03T16:03:32+00:00","breadcrumb":{"@id":"https:\/\/admincentral.selleetools.com\/pl\/product\/fwee-cushion-glass-natural-03-natural-glass-13-g-podklad-w-formie-cushion\/#breadcrumb"},"inLanguage":"pl-PL","potentialAction":[{"@type":"ReadAction","target":["https:\/\/admincentral.selleetools.com\/pl\/product\/fwee-cushion-glass-natural-03-natural-glass-13-g-podklad-w-formie-cushion\/"]}]},{"@type":"BreadcrumbList","@id":"https:\/\/admincentral.selleetools.com\/pl\/product\/fwee-cushion-glass-natural-03-natural-glass-13-g-podklad-w-formie-cushion\/#breadcrumb","itemListElement":[{"@type":"ListItem","position":1,"name":"Home","item":"https:\/\/selleetools.com\/pl\/"},{"@type":"ListItem","position":2,"name":"Katalog","item":"https:\/\/selleetools.com\/pl\/katalog\/"},{"@type":"ListItem","position":3,"name":"FWEE Cushion glass natural 03 natural glass 13 g &#8211; podk\u0142ad w formie cushion"}]}]}},"_links":{"self":[{"href":"https:\/\/selleetools.com\/pl\/wp-json\/wp\/v2\/product\/608809"}],"collection":[{"href":"https:\/\/selleetools.com\/pl\/wp-json\/wp\/v2\/product"}],"about":[{"href":"https:\/\/selleetools.com\/pl\/wp-json\/wp\/v2\/types\/product"}],"replies":[{"embeddable":true,"href":"https:\/\/selleetools.com\/pl\/wp-json\/wp\/v2\/comments?post=608809"}],"wp:featuredmedia":[{"embeddable":true,"href":"https:\/\/selleetools.com\/pl\/wp-json\/wp\/v2\/media\/608807"}],"wp:attachment":[{"href":"https:\/\/selleetools.com\/pl\/wp-json\/wp\/v2\/media?parent=608809"}],"curies":[{"name":"wp","href":"https:\/\/api.w.org\/{rel}","templated":true}]}}