{"id":608806,"date":"2025-10-24T14:24:55","date_gmt":"2025-10-24T12:24:55","guid":{"rendered":"https:\/\/selleetools.com\/?post_type=product&#038;p=608806"},"modified":"2025-11-03T17:03:33","modified_gmt":"2025-11-03T16:03:33","slug":"fwee-cushion-glass-natural-02-nude-glass-13-g-podklad-w-formie-cushion","status":"publish","type":"product","link":"https:\/\/selleetools.com\/pl\/product\/fwee-cushion-glass-natural-02-nude-glass-13-g-podklad-w-formie-cushion\/","title":{"rendered":"FWEE Cushion glass natural 02 nude glass 13 g &#8211; podk\u0142ad w formie cushion"},"content":{"rendered":"<p>FWEE Cushion Glass to podk\u0142ad w formie nowoczesnego cushionu, kt\u00f3ry \u0142\u0105czy w sobie perfekcyjne krycie, naturalne wyko\u0144czenie i intensywn\u0105 piel\u0119gnacj\u0119 sk\u00f3ry. Odcie\u0144 02 Nude Glass zosta\u0142 stworzony z my\u015bl\u0105 o jasnych karnacjach z neutralnym podtonem. Lekka, jedwabista formu\u0142a wtapia si\u0119 w sk\u00f3r\u0119, tworz\u0105c efekt \u201eglass skin\u201d \u2013 promiennej, \u015bwie\u017cej i zdrowo wygl\u0105daj\u0105cej cery bez efektu maski. Produkt zawiera wod\u0119 termaln\u0105 Onsen-Sui oraz kompleks a\u017c 8 form kwasu hialuronowego, kt\u00f3re g\u0142\u0119boko nawil\u017caj\u0105 i wyg\u0142adzaj\u0105 sk\u00f3r\u0119 przez ca\u0142y dzie\u0144.<\/p>\n<p>Korzy\u015bci ze stosowania:<br \/>\nNatychmiastowy efekt roz\u015bwietlonej i wyg\u0142adzonej cery<br \/>\nD\u0142ugotrwa\u0142e, \u015brednie krycie z mo\u017cliwo\u015bci\u0105 budowania<br \/>\nNawil\u017cenie i piel\u0119gnacja dzi\u0119ki obecno\u015bci kwasu hialuronowego, niacynamidu i ceramid\u00f3w<br \/>\nOchrona przeciws\u0142oneczna dzi\u0119ki filtrom UV (SPF)<br \/>\nDelikatna formu\u0142a odpowiednia dla sk\u00f3ry wra\u017cliwej<br \/>\nSk\u00f3ra wygl\u0105da zdrowo, promiennie i naturalnie \u2013 bez nadmiernego b\u0142yszczenia<\/p>\n<p>Spos\u00f3b u\u017cycia:<br \/>\nDelikatnie doci\u015bnij aplikator do g\u0105beczki nas\u0105czonej podk\u0142adem, a nast\u0119pnie stempluj\u0105cymi ruchami rozprowad\u017a produkt na twarzy. Aplikuj stopniowo, buduj\u0105c krycie w razie potrzeby. Dla najlepszego efektu wyko\u0144czenia \u201eglass skin\u201d zako\u0144cz makija\u017c subtelnym pudrem roz\u015bwietlaj\u0105cym lub mgie\u0142k\u0105 utrwalaj\u0105c\u0105.<\/p>\n","protected":false},"excerpt":{"rendered":"<p>FWEE Cushion Glass to podk\u0142ad w formie nowoczesnego cushionu, kt\u00f3ry \u0142\u0105czy w sobie perfekcyjne krycie, naturalne wyko\u0144czenie i intensywn\u0105 piel\u0119gnacj\u0119 sk\u00f3ry. Odcie\u0144 02 Nude Glass zosta\u0142 stworzony z my\u015bl\u0105 o jasnych karnacjach z neutralnym podtonem. Lekka, jedwabista formu\u0142a wtapia si\u0119 w sk\u00f3r\u0119, tworz\u0105c efekt \u201eglass skin\u201d \u2013 promiennej, \u015bwie\u017cej i zdrowo wygl\u0105daj\u0105cej cery bez efektu &#8230; <a title=\"FWEE Cushion glass natural 02 nude glass 13 g &#8211; podk\u0142ad w formie cushion\" class=\"read-more\" href=\"https:\/\/selleetools.com\/pl\/product\/fwee-cushion-glass-natural-02-nude-glass-13-g-podklad-w-formie-cushion\/\">Read more<span class=\"screen-reader-text\">FWEE Cushion glass natural 02 nude glass 13 g &#8211; podk\u0142ad w formie cushion<\/span><\/a><\/p>\n","protected":false},"featured_media":608804,"comment_status":"open","ping_status":"closed","template":"","meta":{"_links_to":"","_links_to_target":""},"yoast_head":"<!-- This site is optimized with the Yoast SEO plugin v19.4 - https:\/\/yoast.com\/wordpress\/plugins\/seo\/ -->\n<title>FWEE Cushion glass natural 02 nude glass 13 g - podk\u0142ad w formie cushion - Selleetools.com<\/title>\n<meta name=\"robots\" content=\"index, follow, max-snippet:-1, max-image-preview:large, max-video-preview:-1\" \/>\n<link rel=\"canonical\" href=\"https:\/\/admincentral.selleetools.com\/pl\/product\/fwee-cushion-glass-natural-02-nude-glass-13-g-podklad-w-formie-cushion\/\" \/>\n<meta property=\"og:locale\" content=\"pl_PL\" \/>\n<meta property=\"og:type\" content=\"article\" \/>\n<meta property=\"og:title\" content=\"FWEE Cushion glass natural 02 nude glass 13 g - podk\u0142ad w formie cushion - Selleetools.com\" \/>\n<meta property=\"og:description\" content=\"FWEE Cushion Glass to podk\u0142ad w formie nowoczesnego cushionu, kt\u00f3ry \u0142\u0105czy w sobie perfekcyjne krycie, naturalne wyko\u0144czenie i intensywn\u0105 piel\u0119gnacj\u0119 sk\u00f3ry. Odcie\u0144 02 Nude Glass zosta\u0142 stworzony z my\u015bl\u0105 o jasnych karnacjach z neutralnym podtonem. Lekka, jedwabista formu\u0142a wtapia si\u0119 w sk\u00f3r\u0119, tworz\u0105c efekt \u201eglass skin\u201d \u2013 promiennej, \u015bwie\u017cej i zdrowo wygl\u0105daj\u0105cej cery bez efektu ... Read moreFWEE Cushion glass natural 02 nude glass 13 g &#8211; podk\u0142ad w formie cushion\" \/>\n<meta property=\"og:url\" content=\"https:\/\/admincentral.selleetools.com\/pl\/product\/fwee-cushion-glass-natural-02-nude-glass-13-g-podklad-w-formie-cushion\/\" \/>\n<meta property=\"og:site_name\" content=\"Selleetools.com\" \/>\n<meta property=\"article:modified_time\" content=\"2025-11-03T16:03:33+00:00\" \/>\n<meta property=\"og:image\" content=\"https:\/\/selleetools.com\/wp-content\/uploads\/2025\/10\/eb446bd62e6ba86302d22ef5cbb01c71.png\" \/>\n\t<meta property=\"og:image:width\" content=\"1080\" \/>\n\t<meta property=\"og:image:height\" content=\"1080\" \/>\n\t<meta property=\"og:image:type\" content=\"image\/png\" \/>\n<meta name=\"twitter:card\" content=\"summary_large_image\" \/>\n<meta name=\"twitter:label1\" content=\"Est. reading time\" \/>\n\t<meta name=\"twitter:data1\" content=\"1 minuta\" \/>\n<!-- \/ Yoast SEO plugin. -->","yoast_head_json":{"title":"FWEE Cushion glass natural 02 nude glass 13 g - podk\u0142ad w formie cushion - Selleetools.com","robots":{"index":"index","follow":"follow","max-snippet":"max-snippet:-1","max-image-preview":"max-image-preview:large","max-video-preview":"max-video-preview:-1"},"canonical":"https:\/\/admincentral.selleetools.com\/pl\/product\/fwee-cushion-glass-natural-02-nude-glass-13-g-podklad-w-formie-cushion\/","og_locale":"pl_PL","og_type":"article","og_title":"FWEE Cushion glass natural 02 nude glass 13 g - podk\u0142ad w formie cushion - Selleetools.com","og_description":"FWEE Cushion Glass to podk\u0142ad w formie nowoczesnego cushionu, kt\u00f3ry \u0142\u0105czy w sobie perfekcyjne krycie, naturalne wyko\u0144czenie i intensywn\u0105 piel\u0119gnacj\u0119 sk\u00f3ry. Odcie\u0144 02 Nude Glass zosta\u0142 stworzony z my\u015bl\u0105 o jasnych karnacjach z neutralnym podtonem. Lekka, jedwabista formu\u0142a wtapia si\u0119 w sk\u00f3r\u0119, tworz\u0105c efekt \u201eglass skin\u201d \u2013 promiennej, \u015bwie\u017cej i zdrowo wygl\u0105daj\u0105cej cery bez efektu ... Read moreFWEE Cushion glass natural 02 nude glass 13 g &#8211; podk\u0142ad w formie cushion","og_url":"https:\/\/admincentral.selleetools.com\/pl\/product\/fwee-cushion-glass-natural-02-nude-glass-13-g-podklad-w-formie-cushion\/","og_site_name":"Selleetools.com","article_modified_time":"2025-11-03T16:03:33+00:00","og_image":[{"width":1080,"height":1080,"url":"https:\/\/selleetools.com\/wp-content\/uploads\/2025\/10\/eb446bd62e6ba86302d22ef5cbb01c71.png","type":"image\/png"}],"twitter_card":"summary_large_image","twitter_misc":{"Est. reading time":"1 minuta"},"schema":{"@context":"https:\/\/schema.org","@graph":[{"@type":"Organization","@id":"https:\/\/selleetools.com\/#organization","name":"Selleetools","url":"https:\/\/selleetools.com\/","sameAs":[],"logo":{"@type":"ImageObject","inLanguage":"pl-PL","@id":"https:\/\/selleetools.com\/#\/schema\/logo\/image\/","url":"https:\/\/selleetools.com\/wp-content\/uploads\/2021\/10\/logo-dark.png","contentUrl":"https:\/\/selleetools.com\/wp-content\/uploads\/2021\/10\/logo-dark.png","width":320,"height":76,"caption":"Selleetools"},"image":{"@id":"https:\/\/selleetools.com\/#\/schema\/logo\/image\/"}},{"@type":"WebSite","@id":"https:\/\/selleetools.com\/#website","url":"https:\/\/selleetools.com\/","name":"Selleetools.com","description":"","publisher":{"@id":"https:\/\/selleetools.com\/#organization"},"potentialAction":[{"@type":"SearchAction","target":{"@type":"EntryPoint","urlTemplate":"https:\/\/selleetools.com\/?s={search_term_string}"},"query-input":"required name=search_term_string"}],"inLanguage":"pl-PL"},{"@type":"WebPage","@id":"https:\/\/admincentral.selleetools.com\/pl\/product\/fwee-cushion-glass-natural-02-nude-glass-13-g-podklad-w-formie-cushion\/","url":"https:\/\/admincentral.selleetools.com\/pl\/product\/fwee-cushion-glass-natural-02-nude-glass-13-g-podklad-w-formie-cushion\/","name":"FWEE Cushion glass natural 02 nude glass 13 g - podk\u0142ad w formie cushion - Selleetools.com","isPartOf":{"@id":"https:\/\/selleetools.com\/#website"},"datePublished":"2025-10-24T12:24:55+00:00","dateModified":"2025-11-03T16:03:33+00:00","breadcrumb":{"@id":"https:\/\/admincentral.selleetools.com\/pl\/product\/fwee-cushion-glass-natural-02-nude-glass-13-g-podklad-w-formie-cushion\/#breadcrumb"},"inLanguage":"pl-PL","potentialAction":[{"@type":"ReadAction","target":["https:\/\/admincentral.selleetools.com\/pl\/product\/fwee-cushion-glass-natural-02-nude-glass-13-g-podklad-w-formie-cushion\/"]}]},{"@type":"BreadcrumbList","@id":"https:\/\/admincentral.selleetools.com\/pl\/product\/fwee-cushion-glass-natural-02-nude-glass-13-g-podklad-w-formie-cushion\/#breadcrumb","itemListElement":[{"@type":"ListItem","position":1,"name":"Home","item":"https:\/\/selleetools.com\/pl\/"},{"@type":"ListItem","position":2,"name":"Katalog","item":"https:\/\/selleetools.com\/pl\/katalog\/"},{"@type":"ListItem","position":3,"name":"FWEE Cushion glass natural 02 nude glass 13 g &#8211; podk\u0142ad w formie cushion"}]}]}},"_links":{"self":[{"href":"https:\/\/selleetools.com\/pl\/wp-json\/wp\/v2\/product\/608806"}],"collection":[{"href":"https:\/\/selleetools.com\/pl\/wp-json\/wp\/v2\/product"}],"about":[{"href":"https:\/\/selleetools.com\/pl\/wp-json\/wp\/v2\/types\/product"}],"replies":[{"embeddable":true,"href":"https:\/\/selleetools.com\/pl\/wp-json\/wp\/v2\/comments?post=608806"}],"wp:featuredmedia":[{"embeddable":true,"href":"https:\/\/selleetools.com\/pl\/wp-json\/wp\/v2\/media\/608804"}],"wp:attachment":[{"href":"https:\/\/selleetools.com\/pl\/wp-json\/wp\/v2\/media?parent=608806"}],"curies":[{"name":"wp","href":"https:\/\/api.w.org\/{rel}","templated":true}]}}