{"id":608797,"date":"2025-10-24T14:24:46","date_gmt":"2025-10-24T12:24:46","guid":{"rendered":"https:\/\/selleetools.com\/?post_type=product&#038;p=608797"},"modified":"2025-11-04T21:52:59","modified_gmt":"2025-11-04T20:52:59","slug":"iunik-tea-tree-relief-toner-25-ml-lagodzacy-tonik-do-twarzy","status":"publish","type":"product","link":"https:\/\/selleetools.com\/pl\/product\/iunik-tea-tree-relief-toner-25-ml-lagodzacy-tonik-do-twarzy\/","title":{"rendered":"IUNIK Tea Tree Relief Toner 25 ml &#8211; \u0142agodz\u0105cy tonik do twarzy"},"content":{"rendered":"<p>Lekki, koj\u0105cy tonik, kt\u00f3ry przynosi natychmiastow\u0105 ulg\u0119 sk\u00f3rze problematycznej i wra\u017cliwej. iUNIK Tea Tree Relief Toner bazuje na wodzie z li\u015bci drzewa herbacianego i w\u0105kroty azjatyckiej \u2013 duet ten skutecznie \u0142agodzi podra\u017cnienia, minimalizuje zaczerwienienia i wspomaga regeneracj\u0119 sk\u00f3ry. Dodatkowo zawarta w toniku niacynamid rozja\u015bnia przebarwienia i ujednolica koloryt, a kwas hialuronowy dba o odpowiedni poziom nawil\u017cenia.<\/p>\n<p>Korzy\u015bci dla sk\u00f3ry<br \/>\n\u0142agodzi podra\u017cnienia i redukuje zaczerwienienia<br \/>\nujednolica koloryt i poprawia wygl\u0105d sk\u00f3ry<br \/>\nzapewnia lekkie, ale skuteczne nawil\u017cenie<br \/>\nidealny dla sk\u00f3ry t\u0142ustej, mieszanej, tr\u0105dzikowej i reaktywnej<\/p>\n<p>Spos\u00f3b u\u017cycia: Po oczyszczeniu sk\u00f3ry nanie\u015b odpowiedni\u0105 ilo\u015b\u0107 toniku na wacik lub d\u0142onie i delikatnie rozprowad\u017a po twarzy. Stosuj rano i wieczorem jako pierwszy krok piel\u0119gnacji po demakija\u017cu.<\/p>\n","protected":false},"excerpt":{"rendered":"<p>Lekki, koj\u0105cy tonik, kt\u00f3ry przynosi natychmiastow\u0105 ulg\u0119 sk\u00f3rze problematycznej i wra\u017cliwej. iUNIK Tea Tree Relief Toner bazuje na wodzie z li\u015bci drzewa herbacianego i w\u0105kroty azjatyckiej \u2013 duet ten skutecznie \u0142agodzi podra\u017cnienia, minimalizuje zaczerwienienia i wspomaga regeneracj\u0119 sk\u00f3ry. Dodatkowo zawarta w toniku niacynamid rozja\u015bnia przebarwienia i ujednolica koloryt, a kwas hialuronowy dba o odpowiedni poziom &#8230; <a title=\"IUNIK Tea Tree Relief Toner 25 ml &#8211; \u0142agodz\u0105cy tonik do twarzy\" class=\"read-more\" href=\"https:\/\/selleetools.com\/pl\/product\/iunik-tea-tree-relief-toner-25-ml-lagodzacy-tonik-do-twarzy\/\">Read more<span class=\"screen-reader-text\">IUNIK Tea Tree Relief Toner 25 ml &#8211; \u0142agodz\u0105cy tonik do twarzy<\/span><\/a><\/p>\n","protected":false},"featured_media":608795,"comment_status":"open","ping_status":"closed","template":"","meta":{"_links_to":"","_links_to_target":""},"yoast_head":"<!-- This site is optimized with the Yoast SEO plugin v19.4 - https:\/\/yoast.com\/wordpress\/plugins\/seo\/ -->\n<title>IUNIK Tea Tree Relief Toner 25 ml - \u0142agodz\u0105cy tonik do twarzy - Selleetools.com<\/title>\n<meta name=\"robots\" content=\"index, follow, max-snippet:-1, max-image-preview:large, max-video-preview:-1\" \/>\n<link rel=\"canonical\" href=\"https:\/\/selleetools.com\/pl\/product\/iunik-tea-tree-relief-toner-25-ml-lagodzacy-tonik-do-twarzy\/\" \/>\n<meta property=\"og:locale\" content=\"pl_PL\" \/>\n<meta property=\"og:type\" content=\"article\" \/>\n<meta property=\"og:title\" content=\"IUNIK Tea Tree Relief Toner 25 ml - \u0142agodz\u0105cy tonik do twarzy - Selleetools.com\" \/>\n<meta property=\"og:description\" content=\"Lekki, koj\u0105cy tonik, kt\u00f3ry przynosi natychmiastow\u0105 ulg\u0119 sk\u00f3rze problematycznej i wra\u017cliwej. iUNIK Tea Tree Relief Toner bazuje na wodzie z li\u015bci drzewa herbacianego i w\u0105kroty azjatyckiej \u2013 duet ten skutecznie \u0142agodzi podra\u017cnienia, minimalizuje zaczerwienienia i wspomaga regeneracj\u0119 sk\u00f3ry. Dodatkowo zawarta w toniku niacynamid rozja\u015bnia przebarwienia i ujednolica koloryt, a kwas hialuronowy dba o odpowiedni poziom ... Read moreIUNIK Tea Tree Relief Toner 25 ml &#8211; \u0142agodz\u0105cy tonik do twarzy\" \/>\n<meta property=\"og:url\" content=\"https:\/\/selleetools.com\/pl\/product\/iunik-tea-tree-relief-toner-25-ml-lagodzacy-tonik-do-twarzy\/\" \/>\n<meta property=\"og:site_name\" content=\"Selleetools.com\" \/>\n<meta property=\"article:modified_time\" content=\"2025-11-04T20:52:59+00:00\" \/>\n<meta property=\"og:image\" content=\"https:\/\/selleetools.com\/wp-content\/uploads\/2025\/10\/38aa20c061dfbea5901911a54fb28d4c.jpg\" \/>\n\t<meta property=\"og:image:width\" content=\"1200\" \/>\n\t<meta property=\"og:image:height\" content=\"1200\" \/>\n\t<meta property=\"og:image:type\" content=\"image\/jpeg\" \/>\n<meta name=\"twitter:card\" content=\"summary_large_image\" \/>\n<meta name=\"twitter:label1\" content=\"Est. reading time\" \/>\n\t<meta name=\"twitter:data1\" content=\"1 minuta\" \/>\n<!-- \/ Yoast SEO plugin. -->","yoast_head_json":{"title":"IUNIK Tea Tree Relief Toner 25 ml - \u0142agodz\u0105cy tonik do twarzy - Selleetools.com","robots":{"index":"index","follow":"follow","max-snippet":"max-snippet:-1","max-image-preview":"max-image-preview:large","max-video-preview":"max-video-preview:-1"},"canonical":"https:\/\/selleetools.com\/pl\/product\/iunik-tea-tree-relief-toner-25-ml-lagodzacy-tonik-do-twarzy\/","og_locale":"pl_PL","og_type":"article","og_title":"IUNIK Tea Tree Relief Toner 25 ml - \u0142agodz\u0105cy tonik do twarzy - Selleetools.com","og_description":"Lekki, koj\u0105cy tonik, kt\u00f3ry przynosi natychmiastow\u0105 ulg\u0119 sk\u00f3rze problematycznej i wra\u017cliwej. iUNIK Tea Tree Relief Toner bazuje na wodzie z li\u015bci drzewa herbacianego i w\u0105kroty azjatyckiej \u2013 duet ten skutecznie \u0142agodzi podra\u017cnienia, minimalizuje zaczerwienienia i wspomaga regeneracj\u0119 sk\u00f3ry. Dodatkowo zawarta w toniku niacynamid rozja\u015bnia przebarwienia i ujednolica koloryt, a kwas hialuronowy dba o odpowiedni poziom ... Read moreIUNIK Tea Tree Relief Toner 25 ml &#8211; \u0142agodz\u0105cy tonik do twarzy","og_url":"https:\/\/selleetools.com\/pl\/product\/iunik-tea-tree-relief-toner-25-ml-lagodzacy-tonik-do-twarzy\/","og_site_name":"Selleetools.com","article_modified_time":"2025-11-04T20:52:59+00:00","og_image":[{"width":1200,"height":1200,"url":"https:\/\/selleetools.com\/wp-content\/uploads\/2025\/10\/38aa20c061dfbea5901911a54fb28d4c.jpg","type":"image\/jpeg"}],"twitter_card":"summary_large_image","twitter_misc":{"Est. reading time":"1 minuta"},"schema":{"@context":"https:\/\/schema.org","@graph":[{"@type":"Organization","@id":"https:\/\/selleetools.com\/#organization","name":"Selleetools","url":"https:\/\/selleetools.com\/","sameAs":[],"logo":{"@type":"ImageObject","inLanguage":"pl-PL","@id":"https:\/\/selleetools.com\/#\/schema\/logo\/image\/","url":"https:\/\/selleetools.com\/wp-content\/uploads\/2021\/10\/logo-dark.png","contentUrl":"https:\/\/selleetools.com\/wp-content\/uploads\/2021\/10\/logo-dark.png","width":320,"height":76,"caption":"Selleetools"},"image":{"@id":"https:\/\/selleetools.com\/#\/schema\/logo\/image\/"}},{"@type":"WebSite","@id":"https:\/\/selleetools.com\/#website","url":"https:\/\/selleetools.com\/","name":"Selleetools.com","description":"","publisher":{"@id":"https:\/\/selleetools.com\/#organization"},"potentialAction":[{"@type":"SearchAction","target":{"@type":"EntryPoint","urlTemplate":"https:\/\/selleetools.com\/?s={search_term_string}"},"query-input":"required name=search_term_string"}],"inLanguage":"pl-PL"},{"@type":"WebPage","@id":"https:\/\/selleetools.com\/pl\/product\/iunik-tea-tree-relief-toner-25-ml-lagodzacy-tonik-do-twarzy\/","url":"https:\/\/selleetools.com\/pl\/product\/iunik-tea-tree-relief-toner-25-ml-lagodzacy-tonik-do-twarzy\/","name":"IUNIK Tea Tree Relief Toner 25 ml - \u0142agodz\u0105cy tonik do twarzy - Selleetools.com","isPartOf":{"@id":"https:\/\/selleetools.com\/#website"},"datePublished":"2025-10-24T12:24:46+00:00","dateModified":"2025-11-04T20:52:59+00:00","breadcrumb":{"@id":"https:\/\/selleetools.com\/pl\/product\/iunik-tea-tree-relief-toner-25-ml-lagodzacy-tonik-do-twarzy\/#breadcrumb"},"inLanguage":"pl-PL","potentialAction":[{"@type":"ReadAction","target":["https:\/\/selleetools.com\/pl\/product\/iunik-tea-tree-relief-toner-25-ml-lagodzacy-tonik-do-twarzy\/"]}]},{"@type":"BreadcrumbList","@id":"https:\/\/selleetools.com\/pl\/product\/iunik-tea-tree-relief-toner-25-ml-lagodzacy-tonik-do-twarzy\/#breadcrumb","itemListElement":[{"@type":"ListItem","position":1,"name":"Home","item":"https:\/\/selleetools.com\/pl\/"},{"@type":"ListItem","position":2,"name":"Katalog","item":"https:\/\/selleetools.com\/pl\/katalog\/"},{"@type":"ListItem","position":3,"name":"IUNIK Tea Tree Relief Toner 25 ml &#8211; \u0142agodz\u0105cy tonik do twarzy"}]}]}},"_links":{"self":[{"href":"https:\/\/selleetools.com\/pl\/wp-json\/wp\/v2\/product\/608797"}],"collection":[{"href":"https:\/\/selleetools.com\/pl\/wp-json\/wp\/v2\/product"}],"about":[{"href":"https:\/\/selleetools.com\/pl\/wp-json\/wp\/v2\/types\/product"}],"replies":[{"embeddable":true,"href":"https:\/\/selleetools.com\/pl\/wp-json\/wp\/v2\/comments?post=608797"}],"wp:featuredmedia":[{"embeddable":true,"href":"https:\/\/selleetools.com\/pl\/wp-json\/wp\/v2\/media\/608795"}],"wp:attachment":[{"href":"https:\/\/selleetools.com\/pl\/wp-json\/wp\/v2\/media?parent=608797"}],"curies":[{"name":"wp","href":"https:\/\/api.w.org\/{rel}","templated":true}]}}