{"id":608779,"date":"2025-10-24T14:24:31","date_gmt":"2025-10-24T12:24:31","guid":{"rendered":"https:\/\/selleetools.com\/?post_type=product&#038;p=608779"},"modified":"2025-11-03T17:03:39","modified_gmt":"2025-11-03T16:03:39","slug":"tirtir-mask-fit-red-mini-cushion-29n-natural-beige-4-5-g-podklad-w-formie-cushion-wersja-mini","status":"publish","type":"product","link":"https:\/\/selleetools.com\/pl\/product\/tirtir-mask-fit-red-mini-cushion-29n-natural-beige-4-5-g-podklad-w-formie-cushion-wersja-mini\/","title":{"rendered":"TIRTIR Mask Fit Red Mini Cushion 29N Natural Beige 4.5 g &#8211; podk\u0142ad w formie cushion wersja mini"},"content":{"rendered":"<p>TIRTIR Mask Fit Red Mini Cushion to kompaktowy podk\u0142ad w formie cushion, kt\u00f3ry \u0142\u0105czy w sobie lekko\u015b\u0107 aplikacji, d\u0142ugotrwa\u0142e krycie i piel\u0119gnacyjne w\u0142a\u015bciwo\u015bci. Wersja mini to idealny wyb\u00f3r do torebki lub na podr\u00f3\u017c \u2013 zapewnia perfekcyjne wyko\u0144czenie makija\u017cu w ka\u017cdej sytuacji. Odcie\u0144 29N Natural Beige zosta\u0142 stworzony z my\u015bl\u0105 o naturalnie be\u017cowej tonacji sk\u00f3ry. Formu\u0142a wzbogacona o niacynamid, adenozyn\u0119, ekstrakty ro\u015blinne i propolis dzia\u0142a nie tylko upi\u0119kszaj\u0105co, ale r\u00f3wnie\u017c wspiera kondycj\u0119 sk\u00f3ry na co dzie\u0144.<\/p>\n<p>Korzy\u015bci ze stosowania:<br \/>\nNaturalne, \u015brednie krycie z efektem drugiej sk\u00f3ry.<br \/>\nD\u0142ugotrwa\u0142a formu\u0142a odporna na \u015bcieranie i mask transfer.<br \/>\nWyg\u0142adza struktur\u0119 sk\u00f3ry i nadaje jej zdrowy, satynowy blask.<br \/>\nZawarto\u015b\u0107 niacynamidu pomaga rozja\u015bni\u0107 cer\u0119 i wyr\u00f3wna\u0107 koloryt.<br \/>\nAdenozyna wspomaga redukcj\u0119 drobnych linii i poprawia elastyczno\u015b\u0107 sk\u00f3ry.<br \/>\nEkstrakty z hibiskusa, r\u00f3\u017cy i lilii wodnej dzia\u0142aj\u0105 \u0142agodz\u0105co i nawil\u017caj\u0105co.<br \/>\nWzbogacony o astaksantyn\u0119 i olej z alg Haematococcus Pluvialis o silnym dzia\u0142aniu antyoksydacyjnym.<\/p>\n<p>Spos\u00f3b u\u017cycia:<br \/>\nNabierz niewielk\u0105 ilo\u015b\u0107 produktu za pomoc\u0105 aplikatora (g\u0105beczki) i delikatnie wklep w sk\u00f3r\u0119 twarzy. Aplikuj punktowo lub na ca\u0142\u0105 twarz \u2013 w zale\u017cno\u015bci od potrzeb. Dla uzyskania mocniejszego krycia, na\u0142\u00f3\u017c kolejn\u0105 warstw\u0119. \u015awietnie sprawdzi si\u0119 r\u00f3wnie\u017c do poprawek w ci\u0105gu dnia.<\/p>\n","protected":false},"excerpt":{"rendered":"<p>TIRTIR Mask Fit Red Mini Cushion to kompaktowy podk\u0142ad w formie cushion, kt\u00f3ry \u0142\u0105czy w sobie lekko\u015b\u0107 aplikacji, d\u0142ugotrwa\u0142e krycie i piel\u0119gnacyjne w\u0142a\u015bciwo\u015bci. Wersja mini to idealny wyb\u00f3r do torebki lub na podr\u00f3\u017c \u2013 zapewnia perfekcyjne wyko\u0144czenie makija\u017cu w ka\u017cdej sytuacji. Odcie\u0144 29N Natural Beige zosta\u0142 stworzony z my\u015bl\u0105 o naturalnie be\u017cowej tonacji sk\u00f3ry. Formu\u0142a &#8230; <a title=\"TIRTIR Mask Fit Red Mini Cushion 29N Natural Beige 4.5 g &#8211; podk\u0142ad w formie cushion wersja mini\" class=\"read-more\" href=\"https:\/\/selleetools.com\/pl\/product\/tirtir-mask-fit-red-mini-cushion-29n-natural-beige-4-5-g-podklad-w-formie-cushion-wersja-mini\/\">Read more<span class=\"screen-reader-text\">TIRTIR Mask Fit Red Mini Cushion 29N Natural Beige 4.5 g &#8211; podk\u0142ad w formie cushion wersja mini<\/span><\/a><\/p>\n","protected":false},"featured_media":608777,"comment_status":"open","ping_status":"closed","template":"","meta":{"_links_to":"","_links_to_target":""},"yoast_head":"<!-- This site is optimized with the Yoast SEO plugin v19.4 - https:\/\/yoast.com\/wordpress\/plugins\/seo\/ -->\n<title>TIRTIR Mask Fit Red Mini Cushion 29N Natural Beige 4.5 g - podk\u0142ad w formie cushion wersja mini - Selleetools.com<\/title>\n<meta name=\"robots\" content=\"index, follow, max-snippet:-1, max-image-preview:large, max-video-preview:-1\" \/>\n<link rel=\"canonical\" href=\"https:\/\/selleetools.com\/pl\/product\/tirtir-mask-fit-red-mini-cushion-29n-natural-beige-4-5-g-podklad-w-formie-cushion-wersja-mini\/\" \/>\n<meta property=\"og:locale\" content=\"pl_PL\" \/>\n<meta property=\"og:type\" content=\"article\" \/>\n<meta property=\"og:title\" content=\"TIRTIR Mask Fit Red Mini Cushion 29N Natural Beige 4.5 g - podk\u0142ad w formie cushion wersja mini - Selleetools.com\" \/>\n<meta property=\"og:description\" content=\"TIRTIR Mask Fit Red Mini Cushion to kompaktowy podk\u0142ad w formie cushion, kt\u00f3ry \u0142\u0105czy w sobie lekko\u015b\u0107 aplikacji, d\u0142ugotrwa\u0142e krycie i piel\u0119gnacyjne w\u0142a\u015bciwo\u015bci. Wersja mini to idealny wyb\u00f3r do torebki lub na podr\u00f3\u017c \u2013 zapewnia perfekcyjne wyko\u0144czenie makija\u017cu w ka\u017cdej sytuacji. Odcie\u0144 29N Natural Beige zosta\u0142 stworzony z my\u015bl\u0105 o naturalnie be\u017cowej tonacji sk\u00f3ry. Formu\u0142a ... Read moreTIRTIR Mask Fit Red Mini Cushion 29N Natural Beige 4.5 g &#8211; podk\u0142ad w formie cushion wersja mini\" \/>\n<meta property=\"og:url\" content=\"https:\/\/selleetools.com\/pl\/product\/tirtir-mask-fit-red-mini-cushion-29n-natural-beige-4-5-g-podklad-w-formie-cushion-wersja-mini\/\" \/>\n<meta property=\"og:site_name\" content=\"Selleetools.com\" \/>\n<meta property=\"article:modified_time\" content=\"2025-11-03T16:03:39+00:00\" \/>\n<meta property=\"og:image\" content=\"https:\/\/selleetools.com\/wp-content\/uploads\/2025\/10\/edcc996aeb633025a8b55e1a38e1a6b0.png\" \/>\n\t<meta property=\"og:image:width\" content=\"1080\" \/>\n\t<meta property=\"og:image:height\" content=\"1080\" \/>\n\t<meta property=\"og:image:type\" content=\"image\/png\" \/>\n<meta name=\"twitter:card\" content=\"summary_large_image\" \/>\n<meta name=\"twitter:label1\" content=\"Est. reading time\" \/>\n\t<meta name=\"twitter:data1\" content=\"1 minuta\" \/>\n<!-- \/ Yoast SEO plugin. -->","yoast_head_json":{"title":"TIRTIR Mask Fit Red Mini Cushion 29N Natural Beige 4.5 g - podk\u0142ad w formie cushion wersja mini - Selleetools.com","robots":{"index":"index","follow":"follow","max-snippet":"max-snippet:-1","max-image-preview":"max-image-preview:large","max-video-preview":"max-video-preview:-1"},"canonical":"https:\/\/selleetools.com\/pl\/product\/tirtir-mask-fit-red-mini-cushion-29n-natural-beige-4-5-g-podklad-w-formie-cushion-wersja-mini\/","og_locale":"pl_PL","og_type":"article","og_title":"TIRTIR Mask Fit Red Mini Cushion 29N Natural Beige 4.5 g - podk\u0142ad w formie cushion wersja mini - Selleetools.com","og_description":"TIRTIR Mask Fit Red Mini Cushion to kompaktowy podk\u0142ad w formie cushion, kt\u00f3ry \u0142\u0105czy w sobie lekko\u015b\u0107 aplikacji, d\u0142ugotrwa\u0142e krycie i piel\u0119gnacyjne w\u0142a\u015bciwo\u015bci. Wersja mini to idealny wyb\u00f3r do torebki lub na podr\u00f3\u017c \u2013 zapewnia perfekcyjne wyko\u0144czenie makija\u017cu w ka\u017cdej sytuacji. Odcie\u0144 29N Natural Beige zosta\u0142 stworzony z my\u015bl\u0105 o naturalnie be\u017cowej tonacji sk\u00f3ry. Formu\u0142a ... Read moreTIRTIR Mask Fit Red Mini Cushion 29N Natural Beige 4.5 g &#8211; podk\u0142ad w formie cushion wersja mini","og_url":"https:\/\/selleetools.com\/pl\/product\/tirtir-mask-fit-red-mini-cushion-29n-natural-beige-4-5-g-podklad-w-formie-cushion-wersja-mini\/","og_site_name":"Selleetools.com","article_modified_time":"2025-11-03T16:03:39+00:00","og_image":[{"width":1080,"height":1080,"url":"https:\/\/selleetools.com\/wp-content\/uploads\/2025\/10\/edcc996aeb633025a8b55e1a38e1a6b0.png","type":"image\/png"}],"twitter_card":"summary_large_image","twitter_misc":{"Est. reading time":"1 minuta"},"schema":{"@context":"https:\/\/schema.org","@graph":[{"@type":"Organization","@id":"https:\/\/selleetools.com\/#organization","name":"Selleetools","url":"https:\/\/selleetools.com\/","sameAs":[],"logo":{"@type":"ImageObject","inLanguage":"pl-PL","@id":"https:\/\/selleetools.com\/#\/schema\/logo\/image\/","url":"https:\/\/selleetools.com\/wp-content\/uploads\/2021\/10\/logo-dark.png","contentUrl":"https:\/\/selleetools.com\/wp-content\/uploads\/2021\/10\/logo-dark.png","width":320,"height":76,"caption":"Selleetools"},"image":{"@id":"https:\/\/selleetools.com\/#\/schema\/logo\/image\/"}},{"@type":"WebSite","@id":"https:\/\/selleetools.com\/#website","url":"https:\/\/selleetools.com\/","name":"Selleetools.com","description":"","publisher":{"@id":"https:\/\/selleetools.com\/#organization"},"potentialAction":[{"@type":"SearchAction","target":{"@type":"EntryPoint","urlTemplate":"https:\/\/selleetools.com\/?s={search_term_string}"},"query-input":"required name=search_term_string"}],"inLanguage":"pl-PL"},{"@type":"WebPage","@id":"https:\/\/selleetools.com\/pl\/product\/tirtir-mask-fit-red-mini-cushion-29n-natural-beige-4-5-g-podklad-w-formie-cushion-wersja-mini\/","url":"https:\/\/selleetools.com\/pl\/product\/tirtir-mask-fit-red-mini-cushion-29n-natural-beige-4-5-g-podklad-w-formie-cushion-wersja-mini\/","name":"TIRTIR Mask Fit Red Mini Cushion 29N Natural Beige 4.5 g - podk\u0142ad w formie cushion wersja mini - Selleetools.com","isPartOf":{"@id":"https:\/\/selleetools.com\/#website"},"datePublished":"2025-10-24T12:24:31+00:00","dateModified":"2025-11-03T16:03:39+00:00","breadcrumb":{"@id":"https:\/\/selleetools.com\/pl\/product\/tirtir-mask-fit-red-mini-cushion-29n-natural-beige-4-5-g-podklad-w-formie-cushion-wersja-mini\/#breadcrumb"},"inLanguage":"pl-PL","potentialAction":[{"@type":"ReadAction","target":["https:\/\/selleetools.com\/pl\/product\/tirtir-mask-fit-red-mini-cushion-29n-natural-beige-4-5-g-podklad-w-formie-cushion-wersja-mini\/"]}]},{"@type":"BreadcrumbList","@id":"https:\/\/selleetools.com\/pl\/product\/tirtir-mask-fit-red-mini-cushion-29n-natural-beige-4-5-g-podklad-w-formie-cushion-wersja-mini\/#breadcrumb","itemListElement":[{"@type":"ListItem","position":1,"name":"Home","item":"https:\/\/selleetools.com\/pl\/"},{"@type":"ListItem","position":2,"name":"Katalog","item":"https:\/\/selleetools.com\/pl\/katalog\/"},{"@type":"ListItem","position":3,"name":"TIRTIR Mask Fit Red Mini Cushion 29N Natural Beige 4.5 g &#8211; podk\u0142ad w formie cushion wersja mini"}]}]}},"_links":{"self":[{"href":"https:\/\/selleetools.com\/pl\/wp-json\/wp\/v2\/product\/608779"}],"collection":[{"href":"https:\/\/selleetools.com\/pl\/wp-json\/wp\/v2\/product"}],"about":[{"href":"https:\/\/selleetools.com\/pl\/wp-json\/wp\/v2\/types\/product"}],"replies":[{"embeddable":true,"href":"https:\/\/selleetools.com\/pl\/wp-json\/wp\/v2\/comments?post=608779"}],"wp:featuredmedia":[{"embeddable":true,"href":"https:\/\/selleetools.com\/pl\/wp-json\/wp\/v2\/media\/608777"}],"wp:attachment":[{"href":"https:\/\/selleetools.com\/pl\/wp-json\/wp\/v2\/media?parent=608779"}],"curies":[{"name":"wp","href":"https:\/\/api.w.org\/{rel}","templated":true}]}}