{"id":608776,"date":"2025-10-24T14:24:28","date_gmt":"2025-10-24T12:24:28","guid":{"rendered":"https:\/\/selleetools.com\/?post_type=product&#038;p=608776"},"modified":"2025-11-03T17:03:40","modified_gmt":"2025-11-03T16:03:40","slug":"tirtir-mask-fit-red-cushion-29n-natural-beige-18-g-podklad-w-formie-cushion","status":"publish","type":"product","link":"https:\/\/selleetools.com\/pl\/product\/tirtir-mask-fit-red-cushion-29n-natural-beige-18-g-podklad-w-formie-cushion\/","title":{"rendered":"TIRTIR Mask Fit Red Cushion 29N Natural Beige 18 g &#8211; podk\u0142ad w formie cushion"},"content":{"rendered":"<p>TIRTIR Mask Fit Red Cushion to innowacyjny podk\u0142ad w formie cushion, kt\u00f3ry zapewnia naturalne krycie, d\u0142ugotrwa\u0142\u0105 trwa\u0142o\u015b\u0107 i komfort noszenia przez ca\u0142y dzie\u0144. Odcie\u0144 29N Natural Beige zosta\u0142 stworzony z my\u015bl\u0105 o \u015brednich tonacjach sk\u00f3ry z neutralnymi podtonami. Lekka, ale trwa\u0142a formu\u0142a wtapia si\u0119 w cer\u0119 niczym druga sk\u00f3ra, tworz\u0105c efekt nieskazitelnej, \u015bwie\u017cej i promiennej cery bez efektu maski. Produkt \u0142\u0105czy w\u0142a\u015bciwo\u015bci makija\u017cu i piel\u0119gnacji \u2013 zawiera m.in. niacynamid, adenozyn\u0119, propolis i ekstrakty ro\u015blinne, kt\u00f3re dbaj\u0105 o kondycj\u0119 sk\u00f3ry podczas noszenia makija\u017cu.<\/p>\n<p>Korzy\u015bci ze stosowania:<br \/>\nNaturalne, p\u00f3\u0142matowe wyko\u0144czenie z mo\u017cliwo\u015bci\u0105 budowania krycia.<br \/>\nD\u0142ugotrwa\u0142a formu\u0142a odporna na \u015bcieranie, wilgo\u0107 i pot.<br \/>\nDoskona\u0142a przyczepno\u015b\u0107 do sk\u00f3ry \u2013 \u201emask fit\u201d efekt bez odci\u0119cia.<br \/>\nSk\u0142ad wzbogacony o sk\u0142adniki piel\u0119gnacyjne:<br \/>\nNiacynamid \u2013 rozja\u015bnia i wyr\u00f3wnuje koloryt cery.<br \/>\nAdenozyna \u2013 dzia\u0142a wyg\u0142adzaj\u0105co i przeciwzmarszczkowo.<br \/>\nEkstrakt z hibiskusa, r\u00f3\u017cy pomarszczonej i nenufaru \u2013 dzia\u0142aj\u0105 antyoksydacyjnie i \u0142agodz\u0105co.<br \/>\nPropolis i astaksantyna \u2013 wspomagaj\u0105 regeneracj\u0119 sk\u00f3ry i wzmacniaj\u0105 jej barier\u0119 ochronn\u0105.<br \/>\nPraktyczne opakowanie typu cushion \u2013 idealne do poprawek w ci\u0105gu dnia.<\/p>\n<p>Spos\u00f3b u\u017cycia:<br \/>\nNabierz odpowiedni\u0105 ilo\u015b\u0107 produktu przy pomocy aplikatora do\u0142\u0105czonego do opakowania, delikatnie dociskaj\u0105c go do g\u0105beczki. Nast\u0119pnie wklep podk\u0142ad w sk\u00f3r\u0119 twarzy, rozpoczynaj\u0105c od \u015brodka i kieruj\u0105c si\u0119 na zewn\u0105trz. W razie potrzeby dobuduj krycie warstwami. Idealny do stosowania samodzielnie lub jako wyko\u0144czenie piel\u0119gnacji porannej rutyny.<\/p>\n","protected":false},"excerpt":{"rendered":"<p>TIRTIR Mask Fit Red Cushion to innowacyjny podk\u0142ad w formie cushion, kt\u00f3ry zapewnia naturalne krycie, d\u0142ugotrwa\u0142\u0105 trwa\u0142o\u015b\u0107 i komfort noszenia przez ca\u0142y dzie\u0144. Odcie\u0144 29N Natural Beige zosta\u0142 stworzony z my\u015bl\u0105 o \u015brednich tonacjach sk\u00f3ry z neutralnymi podtonami. Lekka, ale trwa\u0142a formu\u0142a wtapia si\u0119 w cer\u0119 niczym druga sk\u00f3ra, tworz\u0105c efekt nieskazitelnej, \u015bwie\u017cej i promiennej &#8230; <a title=\"TIRTIR Mask Fit Red Cushion 29N Natural Beige 18 g &#8211; podk\u0142ad w formie cushion\" class=\"read-more\" href=\"https:\/\/selleetools.com\/pl\/product\/tirtir-mask-fit-red-cushion-29n-natural-beige-18-g-podklad-w-formie-cushion\/\">Read more<span class=\"screen-reader-text\">TIRTIR Mask Fit Red Cushion 29N Natural Beige 18 g &#8211; podk\u0142ad w formie cushion<\/span><\/a><\/p>\n","protected":false},"featured_media":608774,"comment_status":"open","ping_status":"closed","template":"","meta":{"_links_to":"","_links_to_target":""},"yoast_head":"<!-- This site is optimized with the Yoast SEO plugin v19.4 - https:\/\/yoast.com\/wordpress\/plugins\/seo\/ -->\n<title>TIRTIR Mask Fit Red Cushion 29N Natural Beige 18 g - podk\u0142ad w formie cushion - Selleetools.com<\/title>\n<meta name=\"robots\" content=\"index, follow, max-snippet:-1, max-image-preview:large, max-video-preview:-1\" \/>\n<link rel=\"canonical\" href=\"https:\/\/selleetools.com\/product\/tirtir-mask-fit-red-cushion-29n-natural-beige-18-g-podklad-w-formie-cushion\/\" \/>\n<meta property=\"og:locale\" content=\"pl_PL\" \/>\n<meta property=\"og:type\" content=\"article\" \/>\n<meta property=\"og:title\" content=\"TIRTIR Mask Fit Red Cushion 29N Natural Beige 18 g - podk\u0142ad w formie cushion - Selleetools.com\" \/>\n<meta property=\"og:description\" content=\"TIRTIR Mask Fit Red Cushion to innowacyjny podk\u0142ad w formie cushion, kt\u00f3ry zapewnia naturalne krycie, d\u0142ugotrwa\u0142\u0105 trwa\u0142o\u015b\u0107 i komfort noszenia przez ca\u0142y dzie\u0144. Odcie\u0144 29N Natural Beige zosta\u0142 stworzony z my\u015bl\u0105 o \u015brednich tonacjach sk\u00f3ry z neutralnymi podtonami. Lekka, ale trwa\u0142a formu\u0142a wtapia si\u0119 w cer\u0119 niczym druga sk\u00f3ra, tworz\u0105c efekt nieskazitelnej, \u015bwie\u017cej i promiennej ... Read moreTIRTIR Mask Fit Red Cushion 29N Natural Beige 18 g &#8211; podk\u0142ad w formie cushion\" \/>\n<meta property=\"og:url\" content=\"https:\/\/selleetools.com\/product\/tirtir-mask-fit-red-cushion-29n-natural-beige-18-g-podklad-w-formie-cushion\/\" \/>\n<meta property=\"og:site_name\" content=\"Selleetools.com\" \/>\n<meta property=\"article:modified_time\" content=\"2025-11-03T16:03:40+00:00\" \/>\n<meta property=\"og:image\" content=\"https:\/\/selleetools.com\/wp-content\/uploads\/2025\/10\/876ceea9e5342cea767b9d3a30684dba.png\" \/>\n\t<meta property=\"og:image:width\" content=\"1080\" \/>\n\t<meta property=\"og:image:height\" content=\"1080\" \/>\n\t<meta property=\"og:image:type\" content=\"image\/png\" \/>\n<meta name=\"twitter:card\" content=\"summary_large_image\" \/>\n<meta name=\"twitter:label1\" content=\"Est. reading time\" \/>\n\t<meta name=\"twitter:data1\" content=\"1 minuta\" \/>\n<!-- \/ Yoast SEO plugin. -->","yoast_head_json":{"title":"TIRTIR Mask Fit Red Cushion 29N Natural Beige 18 g - podk\u0142ad w formie cushion - Selleetools.com","robots":{"index":"index","follow":"follow","max-snippet":"max-snippet:-1","max-image-preview":"max-image-preview:large","max-video-preview":"max-video-preview:-1"},"canonical":"https:\/\/selleetools.com\/product\/tirtir-mask-fit-red-cushion-29n-natural-beige-18-g-podklad-w-formie-cushion\/","og_locale":"pl_PL","og_type":"article","og_title":"TIRTIR Mask Fit Red Cushion 29N Natural Beige 18 g - podk\u0142ad w formie cushion - Selleetools.com","og_description":"TIRTIR Mask Fit Red Cushion to innowacyjny podk\u0142ad w formie cushion, kt\u00f3ry zapewnia naturalne krycie, d\u0142ugotrwa\u0142\u0105 trwa\u0142o\u015b\u0107 i komfort noszenia przez ca\u0142y dzie\u0144. Odcie\u0144 29N Natural Beige zosta\u0142 stworzony z my\u015bl\u0105 o \u015brednich tonacjach sk\u00f3ry z neutralnymi podtonami. Lekka, ale trwa\u0142a formu\u0142a wtapia si\u0119 w cer\u0119 niczym druga sk\u00f3ra, tworz\u0105c efekt nieskazitelnej, \u015bwie\u017cej i promiennej ... Read moreTIRTIR Mask Fit Red Cushion 29N Natural Beige 18 g &#8211; podk\u0142ad w formie cushion","og_url":"https:\/\/selleetools.com\/product\/tirtir-mask-fit-red-cushion-29n-natural-beige-18-g-podklad-w-formie-cushion\/","og_site_name":"Selleetools.com","article_modified_time":"2025-11-03T16:03:40+00:00","og_image":[{"width":1080,"height":1080,"url":"https:\/\/selleetools.com\/wp-content\/uploads\/2025\/10\/876ceea9e5342cea767b9d3a30684dba.png","type":"image\/png"}],"twitter_card":"summary_large_image","twitter_misc":{"Est. reading time":"1 minuta"},"schema":{"@context":"https:\/\/schema.org","@graph":[{"@type":"Organization","@id":"https:\/\/selleetools.com\/#organization","name":"Selleetools","url":"https:\/\/selleetools.com\/","sameAs":[],"logo":{"@type":"ImageObject","inLanguage":"pl-PL","@id":"https:\/\/selleetools.com\/#\/schema\/logo\/image\/","url":"https:\/\/selleetools.com\/wp-content\/uploads\/2021\/10\/logo-dark.png","contentUrl":"https:\/\/selleetools.com\/wp-content\/uploads\/2021\/10\/logo-dark.png","width":320,"height":76,"caption":"Selleetools"},"image":{"@id":"https:\/\/selleetools.com\/#\/schema\/logo\/image\/"}},{"@type":"WebSite","@id":"https:\/\/selleetools.com\/#website","url":"https:\/\/selleetools.com\/","name":"Selleetools.com","description":"","publisher":{"@id":"https:\/\/selleetools.com\/#organization"},"potentialAction":[{"@type":"SearchAction","target":{"@type":"EntryPoint","urlTemplate":"https:\/\/selleetools.com\/?s={search_term_string}"},"query-input":"required name=search_term_string"}],"inLanguage":"pl-PL"},{"@type":"WebPage","@id":"https:\/\/selleetools.com\/product\/tirtir-mask-fit-red-cushion-29n-natural-beige-18-g-podklad-w-formie-cushion\/","url":"https:\/\/selleetools.com\/product\/tirtir-mask-fit-red-cushion-29n-natural-beige-18-g-podklad-w-formie-cushion\/","name":"TIRTIR Mask Fit Red Cushion 29N Natural Beige 18 g - podk\u0142ad w formie cushion - Selleetools.com","isPartOf":{"@id":"https:\/\/selleetools.com\/#website"},"datePublished":"2025-10-24T12:24:28+00:00","dateModified":"2025-11-03T16:03:40+00:00","breadcrumb":{"@id":"https:\/\/selleetools.com\/product\/tirtir-mask-fit-red-cushion-29n-natural-beige-18-g-podklad-w-formie-cushion\/#breadcrumb"},"inLanguage":"pl-PL","potentialAction":[{"@type":"ReadAction","target":["https:\/\/selleetools.com\/product\/tirtir-mask-fit-red-cushion-29n-natural-beige-18-g-podklad-w-formie-cushion\/"]}]},{"@type":"BreadcrumbList","@id":"https:\/\/selleetools.com\/product\/tirtir-mask-fit-red-cushion-29n-natural-beige-18-g-podklad-w-formie-cushion\/#breadcrumb","itemListElement":[{"@type":"ListItem","position":1,"name":"Home","item":"https:\/\/selleetools.com\/pl\/"},{"@type":"ListItem","position":2,"name":"Katalog","item":"https:\/\/selleetools.com\/pl\/katalog\/"},{"@type":"ListItem","position":3,"name":"TIRTIR Mask Fit Red Cushion 29N Natural Beige 18 g &#8211; podk\u0142ad w formie cushion"}]}]}},"_links":{"self":[{"href":"https:\/\/selleetools.com\/pl\/wp-json\/wp\/v2\/product\/608776"}],"collection":[{"href":"https:\/\/selleetools.com\/pl\/wp-json\/wp\/v2\/product"}],"about":[{"href":"https:\/\/selleetools.com\/pl\/wp-json\/wp\/v2\/types\/product"}],"replies":[{"embeddable":true,"href":"https:\/\/selleetools.com\/pl\/wp-json\/wp\/v2\/comments?post=608776"}],"wp:featuredmedia":[{"embeddable":true,"href":"https:\/\/selleetools.com\/pl\/wp-json\/wp\/v2\/media\/608774"}],"wp:attachment":[{"href":"https:\/\/selleetools.com\/pl\/wp-json\/wp\/v2\/media?parent=608776"}],"curies":[{"name":"wp","href":"https:\/\/api.w.org\/{rel}","templated":true}]}}