{"id":608371,"date":"2025-10-24T14:18:17","date_gmt":"2025-10-24T12:18:17","guid":{"rendered":"https:\/\/selleetools.com\/?post_type=product&#038;p=608371"},"modified":"2025-11-03T17:03:49","modified_gmt":"2025-11-03T16:03:49","slug":"medicube-triple-collagen-serum-4-0-55-ml-odmladzajace-serum","status":"publish","type":"product","link":"https:\/\/selleetools.com\/pl\/product\/medicube-triple-collagen-serum-4-0-55-ml-odmladzajace-serum\/","title":{"rendered":"Medicube Triple Collagen Serum 4.0 55 ml &#8211; odm\u0142adzaj\u0105ce serum"},"content":{"rendered":"<p>Intensywnie odm\u0142adzaj\u0105ce serum Medicube Triple Collagen Serum 4.0 to zaawansowana formu\u0142a oparta na kompleksie a\u017c 10 rodzaj\u00f3w kolagenu i 8 formach kwasu hialuronowego, kt\u00f3re dog\u0142\u0119bnie nawil\u017caj\u0105, wyg\u0142adzaj\u0105 i wzmacniaj\u0105 sk\u00f3r\u0119. Dzi\u0119ki lekkiej, szybko wch\u0142aniaj\u0105cej si\u0119 konsystencji serum dzia\u0142a od wewn\u0105trz, przywracaj\u0105c sk\u00f3rze elastyczno\u015b\u0107 i m\u0142odzie\u0144czy blask. Obecno\u015b\u0107 niacynamidu wspomaga wyr\u00f3wnanie kolorytu cery, a adenozyna redukuje widoczno\u015b\u0107 drobnych zmarszczek.<\/p>\n<p>Korzy\u015bci ze stosowania:<br \/>\nPoprawa j\u0119drno\u015bci i elastyczno\u015bci sk\u00f3ry dzi\u0119ki potr\u00f3jnej sile kolagenu (kolagen rozpuszczalny, hydrolizowany i atelokolagen)<br \/>\nG\u0142\u0119bokie, wielopoziomowe nawil\u017cenie dzi\u0119ki zaawansowanemu kompleksowi kwas\u00f3w hialuronowych<br \/>\nRoz\u015bwietlenie i wyr\u00f3wnanie kolorytu sk\u00f3ry (niacynamid)<br \/>\nWyg\u0142adzenie drobnych linii i zmarszczek (adenozyna)<br \/>\nLekka, nieklej\u0105ca si\u0119 formu\u0142a, idealna do codziennej piel\u0119gnacji ka\u017cdego typu sk\u00f3ry, tak\u017ce dojrza\u0142ej i odwodnionej<\/p>\n<p>Spos\u00f3b u\u017cycia:<br \/>\nPo oczyszczeniu i tonizacji sk\u00f3ry, na\u0142\u00f3\u017c 1\u20132 pompki serum na twarz i szyj\u0119. Delikatnie wklep opuszkami palc\u00f3w a\u017c do ca\u0142kowitego wch\u0142oni\u0119cia. Stosuj rano i wieczorem przed aplikacj\u0105 kremu nawil\u017caj\u0105cego.<\/p>\n","protected":false},"excerpt":{"rendered":"<p>Intensywnie odm\u0142adzaj\u0105ce serum Medicube Triple Collagen Serum 4.0 to zaawansowana formu\u0142a oparta na kompleksie a\u017c 10 rodzaj\u00f3w kolagenu i 8 formach kwasu hialuronowego, kt\u00f3re dog\u0142\u0119bnie nawil\u017caj\u0105, wyg\u0142adzaj\u0105 i wzmacniaj\u0105 sk\u00f3r\u0119. Dzi\u0119ki lekkiej, szybko wch\u0142aniaj\u0105cej si\u0119 konsystencji serum dzia\u0142a od wewn\u0105trz, przywracaj\u0105c sk\u00f3rze elastyczno\u015b\u0107 i m\u0142odzie\u0144czy blask. Obecno\u015b\u0107 niacynamidu wspomaga wyr\u00f3wnanie kolorytu cery, a adenozyna redukuje &#8230; <a title=\"Medicube Triple Collagen Serum 4.0 55 ml &#8211; odm\u0142adzaj\u0105ce serum\" class=\"read-more\" href=\"https:\/\/selleetools.com\/pl\/product\/medicube-triple-collagen-serum-4-0-55-ml-odmladzajace-serum\/\">Read more<span class=\"screen-reader-text\">Medicube Triple Collagen Serum 4.0 55 ml &#8211; odm\u0142adzaj\u0105ce serum<\/span><\/a><\/p>\n","protected":false},"featured_media":608369,"comment_status":"open","ping_status":"closed","template":"","meta":{"_links_to":"","_links_to_target":""},"yoast_head":"<!-- This site is optimized with the Yoast SEO plugin v19.4 - https:\/\/yoast.com\/wordpress\/plugins\/seo\/ -->\n<title>Medicube Triple Collagen Serum 4.0 55 ml - odm\u0142adzaj\u0105ce serum - Selleetools.com<\/title>\n<meta name=\"robots\" content=\"index, follow, max-snippet:-1, max-image-preview:large, max-video-preview:-1\" \/>\n<link rel=\"canonical\" href=\"https:\/\/admincentral.selleetools.com\/product\/medicube-triple-collagen-serum-4-0-55-ml-odmladzajace-serum\/\" \/>\n<meta property=\"og:locale\" content=\"pl_PL\" \/>\n<meta property=\"og:type\" content=\"article\" \/>\n<meta property=\"og:title\" content=\"Medicube Triple Collagen Serum 4.0 55 ml - odm\u0142adzaj\u0105ce serum - Selleetools.com\" \/>\n<meta property=\"og:description\" content=\"Intensywnie odm\u0142adzaj\u0105ce serum Medicube Triple Collagen Serum 4.0 to zaawansowana formu\u0142a oparta na kompleksie a\u017c 10 rodzaj\u00f3w kolagenu i 8 formach kwasu hialuronowego, kt\u00f3re dog\u0142\u0119bnie nawil\u017caj\u0105, wyg\u0142adzaj\u0105 i wzmacniaj\u0105 sk\u00f3r\u0119. Dzi\u0119ki lekkiej, szybko wch\u0142aniaj\u0105cej si\u0119 konsystencji serum dzia\u0142a od wewn\u0105trz, przywracaj\u0105c sk\u00f3rze elastyczno\u015b\u0107 i m\u0142odzie\u0144czy blask. Obecno\u015b\u0107 niacynamidu wspomaga wyr\u00f3wnanie kolorytu cery, a adenozyna redukuje ... Read moreMedicube Triple Collagen Serum 4.0 55 ml &#8211; odm\u0142adzaj\u0105ce serum\" \/>\n<meta property=\"og:url\" content=\"https:\/\/admincentral.selleetools.com\/product\/medicube-triple-collagen-serum-4-0-55-ml-odmladzajace-serum\/\" \/>\n<meta property=\"og:site_name\" content=\"Selleetools.com\" \/>\n<meta property=\"article:modified_time\" content=\"2025-11-03T16:03:49+00:00\" \/>\n<meta property=\"og:image\" content=\"https:\/\/selleetools.com\/wp-content\/uploads\/2025\/10\/3a9ef2672f862c1767e9b69252b2a150.png\" \/>\n\t<meta property=\"og:image:width\" content=\"1080\" \/>\n\t<meta property=\"og:image:height\" content=\"1080\" \/>\n\t<meta property=\"og:image:type\" content=\"image\/png\" \/>\n<meta name=\"twitter:card\" content=\"summary_large_image\" \/>\n<meta name=\"twitter:label1\" content=\"Est. reading time\" \/>\n\t<meta name=\"twitter:data1\" content=\"1 minuta\" \/>\n<!-- \/ Yoast SEO plugin. -->","yoast_head_json":{"title":"Medicube Triple Collagen Serum 4.0 55 ml - odm\u0142adzaj\u0105ce serum - Selleetools.com","robots":{"index":"index","follow":"follow","max-snippet":"max-snippet:-1","max-image-preview":"max-image-preview:large","max-video-preview":"max-video-preview:-1"},"canonical":"https:\/\/admincentral.selleetools.com\/product\/medicube-triple-collagen-serum-4-0-55-ml-odmladzajace-serum\/","og_locale":"pl_PL","og_type":"article","og_title":"Medicube Triple Collagen Serum 4.0 55 ml - odm\u0142adzaj\u0105ce serum - Selleetools.com","og_description":"Intensywnie odm\u0142adzaj\u0105ce serum Medicube Triple Collagen Serum 4.0 to zaawansowana formu\u0142a oparta na kompleksie a\u017c 10 rodzaj\u00f3w kolagenu i 8 formach kwasu hialuronowego, kt\u00f3re dog\u0142\u0119bnie nawil\u017caj\u0105, wyg\u0142adzaj\u0105 i wzmacniaj\u0105 sk\u00f3r\u0119. Dzi\u0119ki lekkiej, szybko wch\u0142aniaj\u0105cej si\u0119 konsystencji serum dzia\u0142a od wewn\u0105trz, przywracaj\u0105c sk\u00f3rze elastyczno\u015b\u0107 i m\u0142odzie\u0144czy blask. Obecno\u015b\u0107 niacynamidu wspomaga wyr\u00f3wnanie kolorytu cery, a adenozyna redukuje ... Read moreMedicube Triple Collagen Serum 4.0 55 ml &#8211; odm\u0142adzaj\u0105ce serum","og_url":"https:\/\/admincentral.selleetools.com\/product\/medicube-triple-collagen-serum-4-0-55-ml-odmladzajace-serum\/","og_site_name":"Selleetools.com","article_modified_time":"2025-11-03T16:03:49+00:00","og_image":[{"width":1080,"height":1080,"url":"https:\/\/selleetools.com\/wp-content\/uploads\/2025\/10\/3a9ef2672f862c1767e9b69252b2a150.png","type":"image\/png"}],"twitter_card":"summary_large_image","twitter_misc":{"Est. reading time":"1 minuta"},"schema":{"@context":"https:\/\/schema.org","@graph":[{"@type":"Organization","@id":"https:\/\/selleetools.com\/#organization","name":"Selleetools","url":"https:\/\/selleetools.com\/","sameAs":[],"logo":{"@type":"ImageObject","inLanguage":"pl-PL","@id":"https:\/\/selleetools.com\/#\/schema\/logo\/image\/","url":"https:\/\/selleetools.com\/wp-content\/uploads\/2021\/10\/logo-dark.png","contentUrl":"https:\/\/selleetools.com\/wp-content\/uploads\/2021\/10\/logo-dark.png","width":320,"height":76,"caption":"Selleetools"},"image":{"@id":"https:\/\/selleetools.com\/#\/schema\/logo\/image\/"}},{"@type":"WebSite","@id":"https:\/\/selleetools.com\/#website","url":"https:\/\/selleetools.com\/","name":"Selleetools.com","description":"","publisher":{"@id":"https:\/\/selleetools.com\/#organization"},"potentialAction":[{"@type":"SearchAction","target":{"@type":"EntryPoint","urlTemplate":"https:\/\/selleetools.com\/?s={search_term_string}"},"query-input":"required name=search_term_string"}],"inLanguage":"pl-PL"},{"@type":"WebPage","@id":"https:\/\/admincentral.selleetools.com\/product\/medicube-triple-collagen-serum-4-0-55-ml-odmladzajace-serum\/","url":"https:\/\/admincentral.selleetools.com\/product\/medicube-triple-collagen-serum-4-0-55-ml-odmladzajace-serum\/","name":"Medicube Triple Collagen Serum 4.0 55 ml - odm\u0142adzaj\u0105ce serum - Selleetools.com","isPartOf":{"@id":"https:\/\/selleetools.com\/#website"},"datePublished":"2025-10-24T12:18:17+00:00","dateModified":"2025-11-03T16:03:49+00:00","breadcrumb":{"@id":"https:\/\/admincentral.selleetools.com\/product\/medicube-triple-collagen-serum-4-0-55-ml-odmladzajace-serum\/#breadcrumb"},"inLanguage":"pl-PL","potentialAction":[{"@type":"ReadAction","target":["https:\/\/admincentral.selleetools.com\/product\/medicube-triple-collagen-serum-4-0-55-ml-odmladzajace-serum\/"]}]},{"@type":"BreadcrumbList","@id":"https:\/\/admincentral.selleetools.com\/product\/medicube-triple-collagen-serum-4-0-55-ml-odmladzajace-serum\/#breadcrumb","itemListElement":[{"@type":"ListItem","position":1,"name":"Home","item":"https:\/\/selleetools.com\/pl\/"},{"@type":"ListItem","position":2,"name":"Katalog","item":"https:\/\/selleetools.com\/pl\/katalog\/"},{"@type":"ListItem","position":3,"name":"Medicube Triple Collagen Serum 4.0 55 ml &#8211; odm\u0142adzaj\u0105ce serum"}]}]}},"_links":{"self":[{"href":"https:\/\/selleetools.com\/pl\/wp-json\/wp\/v2\/product\/608371"}],"collection":[{"href":"https:\/\/selleetools.com\/pl\/wp-json\/wp\/v2\/product"}],"about":[{"href":"https:\/\/selleetools.com\/pl\/wp-json\/wp\/v2\/types\/product"}],"replies":[{"embeddable":true,"href":"https:\/\/selleetools.com\/pl\/wp-json\/wp\/v2\/comments?post=608371"}],"wp:featuredmedia":[{"embeddable":true,"href":"https:\/\/selleetools.com\/pl\/wp-json\/wp\/v2\/media\/608369"}],"wp:attachment":[{"href":"https:\/\/selleetools.com\/pl\/wp-json\/wp\/v2\/media?parent=608371"}],"curies":[{"name":"wp","href":"https:\/\/api.w.org\/{rel}","templated":true}]}}