{"id":608356,"date":"2025-10-24T14:18:01","date_gmt":"2025-10-24T12:18:01","guid":{"rendered":"https:\/\/selleetools.com\/?post_type=product&#038;p=608356"},"modified":"2026-02-25T19:15:02","modified_gmt":"2026-02-25T18:15:02","slug":"romnd-glasting-water-tint-16-figrise-4-g-figowy-tint-do-ust","status":"publish","type":"product","link":"https:\/\/selleetools.com\/pl\/product\/romnd-glasting-water-tint-16-figrise-4-g-figowy-tint-do-ust\/","title":{"rendered":"rom&#038;nd Glasting Water Tint 16. Figrise 4 g &#8211; figowy tint do ust"},"content":{"rendered":"<p>rom&#038;nd Glasting Water Tint w odcieniu 16. Figrise to wyj\u0105tkowy tint do ust o intensywnym, figowym kolorze i b\u0142yszcz\u0105cym wyko\u0144czeniu. Lekka, \u017celowa formu\u0142a doskonale \u0142\u0105czy si\u0119 z ustami, tworz\u0105c efekt \u201eszklistego b\u0142ysku\u201d bez uczucia lepko\u015bci. Dzi\u0119ki innowacyjnej technologii podw\u00f3jnej warstwy \u2013 barwnika i transparentnego po\u0142ysku \u2013 tint d\u0142ugo utrzymuje si\u0119 na ustach, nie trac\u0105c intensywno\u015bci koloru.<\/p>\n<p>Korzy\u015bci ze stosowania:<br \/>\nNadaje ustom intensywny, g\u0142\u0119boki kolor o figowym odcieniu z naturalnym po\u0142yskiem.<br \/>\nTworzy efekt wilgotnych, pe\u0142nych ust, optycznie je powi\u0119kszaj\u0105c.<br \/>\nD\u0142ugotrwa\u0142a formu\u0142a \u2013 kolor utrzymuje si\u0119 przez wiele godzin bez konieczno\u015bci poprawek.<br \/>\nNie klei si\u0119, nie wysusza ust \u2013 dzi\u0119ki obecno\u015bci nawil\u017caj\u0105cych emolient\u00f3w i sk\u0142adnik\u00f3w piel\u0119gnuj\u0105cych, takich jak squalane, digliceryna czy wyci\u0105g ze stewii.<br \/>\nDelikatny, przyjemny zapach podnosi komfort aplikacji.<\/p>\n<p>Spos\u00f3b u\u017cycia:<br \/>\nZa pomoc\u0105 aplikatora nanie\u015b odpowiedni\u0105 ilo\u015b\u0107 produktu na czyste usta. Dla intensywniejszego efektu na\u0142\u00f3\u017c drug\u0105 warstw\u0119. Mo\u017cesz delikatnie rozetrze\u0107 tint palcem lub p\u0119dzelkiem, aby uzyska\u0107 efekt gradientu. Stosuj samodzielnie lub jako b\u0142yszcz\u0105ce wyko\u0144czenie na matow\u0105 pomadk\u0119.<\/p>\n","protected":false},"excerpt":{"rendered":"<p>rom&#038;nd Glasting Water Tint w odcieniu 16. Figrise to wyj\u0105tkowy tint do ust o intensywnym, figowym kolorze i b\u0142yszcz\u0105cym wyko\u0144czeniu. Lekka, \u017celowa formu\u0142a doskonale \u0142\u0105czy si\u0119 z ustami, tworz\u0105c efekt \u201eszklistego b\u0142ysku\u201d bez uczucia lepko\u015bci. Dzi\u0119ki innowacyjnej technologii podw\u00f3jnej warstwy \u2013 barwnika i transparentnego po\u0142ysku \u2013 tint d\u0142ugo utrzymuje si\u0119 na ustach, nie trac\u0105c intensywno\u015bci &#8230; <a title=\"rom&#038;nd Glasting Water Tint 16. Figrise 4 g &#8211; figowy tint do ust\" class=\"read-more\" href=\"https:\/\/selleetools.com\/pl\/product\/romnd-glasting-water-tint-16-figrise-4-g-figowy-tint-do-ust\/\">Read more<span class=\"screen-reader-text\">rom&#038;nd Glasting Water Tint 16. Figrise 4 g &#8211; figowy tint do ust<\/span><\/a><\/p>\n","protected":false},"featured_media":608354,"comment_status":"open","ping_status":"closed","template":"","meta":{"_links_to":"","_links_to_target":""},"yoast_head":"<!-- This site is optimized with the Yoast SEO plugin v19.4 - https:\/\/yoast.com\/wordpress\/plugins\/seo\/ -->\n<title>rom&amp;nd Glasting Water Tint 16. Figrise 4 g - figowy tint do ust - Selleetools.com<\/title>\n<meta name=\"robots\" content=\"index, follow, max-snippet:-1, max-image-preview:large, max-video-preview:-1\" \/>\n<link rel=\"canonical\" href=\"https:\/\/admincentral.selleetools.com\/pl\/product\/romnd-glasting-water-tint-16-figrise-4-g-figowy-tint-do-ust\/\" \/>\n<meta property=\"og:locale\" content=\"pl_PL\" \/>\n<meta property=\"og:type\" content=\"article\" \/>\n<meta property=\"og:title\" content=\"rom&amp;nd Glasting Water Tint 16. Figrise 4 g - figowy tint do ust - Selleetools.com\" \/>\n<meta property=\"og:description\" content=\"rom&#038;nd Glasting Water Tint w odcieniu 16. Figrise to wyj\u0105tkowy tint do ust o intensywnym, figowym kolorze i b\u0142yszcz\u0105cym wyko\u0144czeniu. Lekka, \u017celowa formu\u0142a doskonale \u0142\u0105czy si\u0119 z ustami, tworz\u0105c efekt \u201eszklistego b\u0142ysku\u201d bez uczucia lepko\u015bci. Dzi\u0119ki innowacyjnej technologii podw\u00f3jnej warstwy \u2013 barwnika i transparentnego po\u0142ysku \u2013 tint d\u0142ugo utrzymuje si\u0119 na ustach, nie trac\u0105c intensywno\u015bci ... Read morerom&#038;nd Glasting Water Tint 16. Figrise 4 g &#8211; figowy tint do ust\" \/>\n<meta property=\"og:url\" content=\"https:\/\/admincentral.selleetools.com\/pl\/product\/romnd-glasting-water-tint-16-figrise-4-g-figowy-tint-do-ust\/\" \/>\n<meta property=\"og:site_name\" content=\"Selleetools.com\" \/>\n<meta property=\"article:modified_time\" content=\"2026-02-25T18:15:02+00:00\" \/>\n<meta property=\"og:image\" content=\"https:\/\/selleetools.com\/wp-content\/uploads\/2025\/10\/6cc0a2e0659436692016a6521e23e530.png\" \/>\n\t<meta property=\"og:image:width\" content=\"1080\" \/>\n\t<meta property=\"og:image:height\" content=\"1080\" \/>\n\t<meta property=\"og:image:type\" content=\"image\/png\" \/>\n<meta name=\"twitter:card\" content=\"summary_large_image\" \/>\n<meta name=\"twitter:label1\" content=\"Est. reading time\" \/>\n\t<meta name=\"twitter:data1\" content=\"1 minuta\" \/>\n<!-- \/ Yoast SEO plugin. -->","yoast_head_json":{"title":"rom&nd Glasting Water Tint 16. Figrise 4 g - figowy tint do ust - Selleetools.com","robots":{"index":"index","follow":"follow","max-snippet":"max-snippet:-1","max-image-preview":"max-image-preview:large","max-video-preview":"max-video-preview:-1"},"canonical":"https:\/\/admincentral.selleetools.com\/pl\/product\/romnd-glasting-water-tint-16-figrise-4-g-figowy-tint-do-ust\/","og_locale":"pl_PL","og_type":"article","og_title":"rom&nd Glasting Water Tint 16. Figrise 4 g - figowy tint do ust - Selleetools.com","og_description":"rom&#038;nd Glasting Water Tint w odcieniu 16. Figrise to wyj\u0105tkowy tint do ust o intensywnym, figowym kolorze i b\u0142yszcz\u0105cym wyko\u0144czeniu. Lekka, \u017celowa formu\u0142a doskonale \u0142\u0105czy si\u0119 z ustami, tworz\u0105c efekt \u201eszklistego b\u0142ysku\u201d bez uczucia lepko\u015bci. Dzi\u0119ki innowacyjnej technologii podw\u00f3jnej warstwy \u2013 barwnika i transparentnego po\u0142ysku \u2013 tint d\u0142ugo utrzymuje si\u0119 na ustach, nie trac\u0105c intensywno\u015bci ... Read morerom&#038;nd Glasting Water Tint 16. Figrise 4 g &#8211; figowy tint do ust","og_url":"https:\/\/admincentral.selleetools.com\/pl\/product\/romnd-glasting-water-tint-16-figrise-4-g-figowy-tint-do-ust\/","og_site_name":"Selleetools.com","article_modified_time":"2026-02-25T18:15:02+00:00","og_image":[{"width":1080,"height":1080,"url":"https:\/\/selleetools.com\/wp-content\/uploads\/2025\/10\/6cc0a2e0659436692016a6521e23e530.png","type":"image\/png"}],"twitter_card":"summary_large_image","twitter_misc":{"Est. reading time":"1 minuta"},"schema":{"@context":"https:\/\/schema.org","@graph":[{"@type":"Organization","@id":"https:\/\/selleetools.com\/#organization","name":"Selleetools","url":"https:\/\/selleetools.com\/","sameAs":[],"logo":{"@type":"ImageObject","inLanguage":"pl-PL","@id":"https:\/\/selleetools.com\/#\/schema\/logo\/image\/","url":"https:\/\/selleetools.com\/wp-content\/uploads\/2021\/10\/logo-dark.png","contentUrl":"https:\/\/selleetools.com\/wp-content\/uploads\/2021\/10\/logo-dark.png","width":320,"height":76,"caption":"Selleetools"},"image":{"@id":"https:\/\/selleetools.com\/#\/schema\/logo\/image\/"}},{"@type":"WebSite","@id":"https:\/\/selleetools.com\/#website","url":"https:\/\/selleetools.com\/","name":"Selleetools.com","description":"","publisher":{"@id":"https:\/\/selleetools.com\/#organization"},"potentialAction":[{"@type":"SearchAction","target":{"@type":"EntryPoint","urlTemplate":"https:\/\/selleetools.com\/?s={search_term_string}"},"query-input":"required name=search_term_string"}],"inLanguage":"pl-PL"},{"@type":"WebPage","@id":"https:\/\/admincentral.selleetools.com\/pl\/product\/romnd-glasting-water-tint-16-figrise-4-g-figowy-tint-do-ust\/","url":"https:\/\/admincentral.selleetools.com\/pl\/product\/romnd-glasting-water-tint-16-figrise-4-g-figowy-tint-do-ust\/","name":"rom&nd Glasting Water Tint 16. Figrise 4 g - figowy tint do ust - Selleetools.com","isPartOf":{"@id":"https:\/\/selleetools.com\/#website"},"datePublished":"2025-10-24T12:18:01+00:00","dateModified":"2026-02-25T18:15:02+00:00","breadcrumb":{"@id":"https:\/\/admincentral.selleetools.com\/pl\/product\/romnd-glasting-water-tint-16-figrise-4-g-figowy-tint-do-ust\/#breadcrumb"},"inLanguage":"pl-PL","potentialAction":[{"@type":"ReadAction","target":["https:\/\/admincentral.selleetools.com\/pl\/product\/romnd-glasting-water-tint-16-figrise-4-g-figowy-tint-do-ust\/"]}]},{"@type":"BreadcrumbList","@id":"https:\/\/admincentral.selleetools.com\/pl\/product\/romnd-glasting-water-tint-16-figrise-4-g-figowy-tint-do-ust\/#breadcrumb","itemListElement":[{"@type":"ListItem","position":1,"name":"Home","item":"https:\/\/selleetools.com\/pl\/"},{"@type":"ListItem","position":2,"name":"Katalog","item":"https:\/\/selleetools.com\/pl\/katalog\/"},{"@type":"ListItem","position":3,"name":"rom&#038;nd Glasting Water Tint 16. Figrise 4 g &#8211; figowy tint do ust"}]}]}},"_links":{"self":[{"href":"https:\/\/selleetools.com\/pl\/wp-json\/wp\/v2\/product\/608356"}],"collection":[{"href":"https:\/\/selleetools.com\/pl\/wp-json\/wp\/v2\/product"}],"about":[{"href":"https:\/\/selleetools.com\/pl\/wp-json\/wp\/v2\/types\/product"}],"replies":[{"embeddable":true,"href":"https:\/\/selleetools.com\/pl\/wp-json\/wp\/v2\/comments?post=608356"}],"wp:featuredmedia":[{"embeddable":true,"href":"https:\/\/selleetools.com\/pl\/wp-json\/wp\/v2\/media\/608354"}],"wp:attachment":[{"href":"https:\/\/selleetools.com\/pl\/wp-json\/wp\/v2\/media?parent=608356"}],"curies":[{"name":"wp","href":"https:\/\/api.w.org\/{rel}","templated":true}]}}