{"id":608350,"date":"2025-10-24T14:17:54","date_gmt":"2025-10-24T12:17:54","guid":{"rendered":"https:\/\/selleetools.com\/?post_type=product&#038;p=608350"},"modified":"2026-02-25T19:15:08","modified_gmt":"2026-02-25T18:15:08","slug":"romnd-glasting-water-tint-14-mauve-moon-4-g-sliwkowy-tint-do-ust","status":"publish","type":"product","link":"https:\/\/selleetools.com\/pl\/product\/romnd-glasting-water-tint-14-mauve-moon-4-g-sliwkowy-tint-do-ust\/","title":{"rendered":"rom&#038;nd Glasting Water Tint 14. Mauve Moon 4 g &#8211; \u015bliwkowy tint do ust"},"content":{"rendered":"<p>rom&#038;nd Glasting Water Tint w odcieniu 14. Mauve Moon to lekki, wodny tint o g\u0142\u0119bokim, \u015bliwkowym kolorze z ch\u0142odn\u0105 nut\u0105 mauve. Jego innowacyjna formu\u0142a \u0142\u0105czy efekt soczystego po\u0142ysku z d\u0142ugotrwa\u0142ym kolorem, kt\u00f3ry stapia si\u0119 z ustami niczym druga sk\u00f3ra. Transparentna warstwa po\u0142ysku podkre\u015bla naturaln\u0105 obj\u0119to\u015b\u0107 warg, a komfortowa konsystencja nie klei si\u0119 i nie przesusza.<\/p>\n<p>Korzy\u015bci ze stosowania:<br \/>\nintensywny, d\u0142ugotrwa\u0142y kolor bez uczucia ci\u0119\u017cko\u015bci,<br \/>\nefekt mokrych ust dzi\u0119ki l\u015bni\u0105cemu wyko\u0144czeniu,<br \/>\nlekka, wodna formu\u0142a zapewnia komfort przez ca\u0142y dzie\u0144,<br \/>\nsk\u0142adniki piel\u0119gnuj\u0105ce (squalane, digliceryna, stewia) wspieraj\u0105 nawil\u017cenie i wyg\u0142adzenie ust,<br \/>\n\u0142atwa aplikacja bez smug i nadbudowywania warstw.<\/p>\n<p>Spos\u00f3b u\u017cycia:<br \/>\nNa\u0142\u00f3\u017c produkt bezpo\u015brednio na usta za pomoc\u0105 aplikatora. Dla bardziej intensywnego efektu na\u0142\u00f3\u017c dodatkow\u0105 warstw\u0119. Mo\u017cesz u\u017cy\u0107 tintu solo lub jako baz\u0119 pod przezroczysty b\u0142yszczyk.<\/p>\n","protected":false},"excerpt":{"rendered":"<p>rom&#038;nd Glasting Water Tint w odcieniu 14. Mauve Moon to lekki, wodny tint o g\u0142\u0119bokim, \u015bliwkowym kolorze z ch\u0142odn\u0105 nut\u0105 mauve. Jego innowacyjna formu\u0142a \u0142\u0105czy efekt soczystego po\u0142ysku z d\u0142ugotrwa\u0142ym kolorem, kt\u00f3ry stapia si\u0119 z ustami niczym druga sk\u00f3ra. Transparentna warstwa po\u0142ysku podkre\u015bla naturaln\u0105 obj\u0119to\u015b\u0107 warg, a komfortowa konsystencja nie klei si\u0119 i nie przesusza. &#8230; <a title=\"rom&#038;nd Glasting Water Tint 14. Mauve Moon 4 g &#8211; \u015bliwkowy tint do ust\" class=\"read-more\" href=\"https:\/\/selleetools.com\/pl\/product\/romnd-glasting-water-tint-14-mauve-moon-4-g-sliwkowy-tint-do-ust\/\">Read more<span class=\"screen-reader-text\">rom&#038;nd Glasting Water Tint 14. Mauve Moon 4 g &#8211; \u015bliwkowy tint do ust<\/span><\/a><\/p>\n","protected":false},"featured_media":608348,"comment_status":"open","ping_status":"closed","template":"","meta":{"_links_to":"","_links_to_target":""},"yoast_head":"<!-- This site is optimized with the Yoast SEO plugin v19.4 - https:\/\/yoast.com\/wordpress\/plugins\/seo\/ -->\n<title>rom&amp;nd Glasting Water Tint 14. Mauve Moon 4 g - \u015bliwkowy tint do ust - Selleetools.com<\/title>\n<meta name=\"robots\" content=\"index, follow, max-snippet:-1, max-image-preview:large, max-video-preview:-1\" \/>\n<link rel=\"canonical\" href=\"https:\/\/selleetools.com\/pl\/product\/romnd-glasting-water-tint-14-mauve-moon-4-g-sliwkowy-tint-do-ust\/\" \/>\n<meta property=\"og:locale\" content=\"pl_PL\" \/>\n<meta property=\"og:type\" content=\"article\" \/>\n<meta property=\"og:title\" content=\"rom&amp;nd Glasting Water Tint 14. Mauve Moon 4 g - \u015bliwkowy tint do ust - Selleetools.com\" \/>\n<meta property=\"og:description\" content=\"rom&#038;nd Glasting Water Tint w odcieniu 14. Mauve Moon to lekki, wodny tint o g\u0142\u0119bokim, \u015bliwkowym kolorze z ch\u0142odn\u0105 nut\u0105 mauve. Jego innowacyjna formu\u0142a \u0142\u0105czy efekt soczystego po\u0142ysku z d\u0142ugotrwa\u0142ym kolorem, kt\u00f3ry stapia si\u0119 z ustami niczym druga sk\u00f3ra. Transparentna warstwa po\u0142ysku podkre\u015bla naturaln\u0105 obj\u0119to\u015b\u0107 warg, a komfortowa konsystencja nie klei si\u0119 i nie przesusza. ... Read morerom&#038;nd Glasting Water Tint 14. Mauve Moon 4 g &#8211; \u015bliwkowy tint do ust\" \/>\n<meta property=\"og:url\" content=\"https:\/\/selleetools.com\/pl\/product\/romnd-glasting-water-tint-14-mauve-moon-4-g-sliwkowy-tint-do-ust\/\" \/>\n<meta property=\"og:site_name\" content=\"Selleetools.com\" \/>\n<meta property=\"article:modified_time\" content=\"2026-02-25T18:15:08+00:00\" \/>\n<meta property=\"og:image\" content=\"https:\/\/selleetools.com\/wp-content\/uploads\/2025\/10\/1361868b33d88bf11969ad077d4ca8c5.png\" \/>\n\t<meta property=\"og:image:width\" content=\"1080\" \/>\n\t<meta property=\"og:image:height\" content=\"1080\" \/>\n\t<meta property=\"og:image:type\" content=\"image\/png\" \/>\n<meta name=\"twitter:card\" content=\"summary_large_image\" \/>\n<meta name=\"twitter:label1\" content=\"Est. reading time\" \/>\n\t<meta name=\"twitter:data1\" content=\"1 minuta\" \/>\n<!-- \/ Yoast SEO plugin. -->","yoast_head_json":{"title":"rom&nd Glasting Water Tint 14. Mauve Moon 4 g - \u015bliwkowy tint do ust - Selleetools.com","robots":{"index":"index","follow":"follow","max-snippet":"max-snippet:-1","max-image-preview":"max-image-preview:large","max-video-preview":"max-video-preview:-1"},"canonical":"https:\/\/selleetools.com\/pl\/product\/romnd-glasting-water-tint-14-mauve-moon-4-g-sliwkowy-tint-do-ust\/","og_locale":"pl_PL","og_type":"article","og_title":"rom&nd Glasting Water Tint 14. Mauve Moon 4 g - \u015bliwkowy tint do ust - Selleetools.com","og_description":"rom&#038;nd Glasting Water Tint w odcieniu 14. Mauve Moon to lekki, wodny tint o g\u0142\u0119bokim, \u015bliwkowym kolorze z ch\u0142odn\u0105 nut\u0105 mauve. Jego innowacyjna formu\u0142a \u0142\u0105czy efekt soczystego po\u0142ysku z d\u0142ugotrwa\u0142ym kolorem, kt\u00f3ry stapia si\u0119 z ustami niczym druga sk\u00f3ra. Transparentna warstwa po\u0142ysku podkre\u015bla naturaln\u0105 obj\u0119to\u015b\u0107 warg, a komfortowa konsystencja nie klei si\u0119 i nie przesusza. ... Read morerom&#038;nd Glasting Water Tint 14. Mauve Moon 4 g &#8211; \u015bliwkowy tint do ust","og_url":"https:\/\/selleetools.com\/pl\/product\/romnd-glasting-water-tint-14-mauve-moon-4-g-sliwkowy-tint-do-ust\/","og_site_name":"Selleetools.com","article_modified_time":"2026-02-25T18:15:08+00:00","og_image":[{"width":1080,"height":1080,"url":"https:\/\/selleetools.com\/wp-content\/uploads\/2025\/10\/1361868b33d88bf11969ad077d4ca8c5.png","type":"image\/png"}],"twitter_card":"summary_large_image","twitter_misc":{"Est. reading time":"1 minuta"},"schema":{"@context":"https:\/\/schema.org","@graph":[{"@type":"Organization","@id":"https:\/\/selleetools.com\/#organization","name":"Selleetools","url":"https:\/\/selleetools.com\/","sameAs":[],"logo":{"@type":"ImageObject","inLanguage":"pl-PL","@id":"https:\/\/selleetools.com\/#\/schema\/logo\/image\/","url":"https:\/\/selleetools.com\/wp-content\/uploads\/2021\/10\/logo-dark.png","contentUrl":"https:\/\/selleetools.com\/wp-content\/uploads\/2021\/10\/logo-dark.png","width":320,"height":76,"caption":"Selleetools"},"image":{"@id":"https:\/\/selleetools.com\/#\/schema\/logo\/image\/"}},{"@type":"WebSite","@id":"https:\/\/selleetools.com\/#website","url":"https:\/\/selleetools.com\/","name":"Selleetools.com","description":"","publisher":{"@id":"https:\/\/selleetools.com\/#organization"},"potentialAction":[{"@type":"SearchAction","target":{"@type":"EntryPoint","urlTemplate":"https:\/\/selleetools.com\/?s={search_term_string}"},"query-input":"required name=search_term_string"}],"inLanguage":"pl-PL"},{"@type":"WebPage","@id":"https:\/\/selleetools.com\/pl\/product\/romnd-glasting-water-tint-14-mauve-moon-4-g-sliwkowy-tint-do-ust\/","url":"https:\/\/selleetools.com\/pl\/product\/romnd-glasting-water-tint-14-mauve-moon-4-g-sliwkowy-tint-do-ust\/","name":"rom&nd Glasting Water Tint 14. Mauve Moon 4 g - \u015bliwkowy tint do ust - Selleetools.com","isPartOf":{"@id":"https:\/\/selleetools.com\/#website"},"datePublished":"2025-10-24T12:17:54+00:00","dateModified":"2026-02-25T18:15:08+00:00","breadcrumb":{"@id":"https:\/\/selleetools.com\/pl\/product\/romnd-glasting-water-tint-14-mauve-moon-4-g-sliwkowy-tint-do-ust\/#breadcrumb"},"inLanguage":"pl-PL","potentialAction":[{"@type":"ReadAction","target":["https:\/\/selleetools.com\/pl\/product\/romnd-glasting-water-tint-14-mauve-moon-4-g-sliwkowy-tint-do-ust\/"]}]},{"@type":"BreadcrumbList","@id":"https:\/\/selleetools.com\/pl\/product\/romnd-glasting-water-tint-14-mauve-moon-4-g-sliwkowy-tint-do-ust\/#breadcrumb","itemListElement":[{"@type":"ListItem","position":1,"name":"Home","item":"https:\/\/selleetools.com\/pl\/"},{"@type":"ListItem","position":2,"name":"Katalog","item":"https:\/\/selleetools.com\/pl\/katalog\/"},{"@type":"ListItem","position":3,"name":"rom&#038;nd Glasting Water Tint 14. Mauve Moon 4 g &#8211; \u015bliwkowy tint do ust"}]}]}},"_links":{"self":[{"href":"https:\/\/selleetools.com\/pl\/wp-json\/wp\/v2\/product\/608350"}],"collection":[{"href":"https:\/\/selleetools.com\/pl\/wp-json\/wp\/v2\/product"}],"about":[{"href":"https:\/\/selleetools.com\/pl\/wp-json\/wp\/v2\/types\/product"}],"replies":[{"embeddable":true,"href":"https:\/\/selleetools.com\/pl\/wp-json\/wp\/v2\/comments?post=608350"}],"wp:featuredmedia":[{"embeddable":true,"href":"https:\/\/selleetools.com\/pl\/wp-json\/wp\/v2\/media\/608348"}],"wp:attachment":[{"href":"https:\/\/selleetools.com\/pl\/wp-json\/wp\/v2\/media?parent=608350"}],"curies":[{"name":"wp","href":"https:\/\/api.w.org\/{rel}","templated":true}]}}