{"id":608347,"date":"2025-10-24T14:17:51","date_gmt":"2025-10-24T12:17:51","guid":{"rendered":"https:\/\/selleetools.com\/?post_type=product&#038;p=608347"},"modified":"2025-11-04T21:51:37","modified_gmt":"2025-11-04T20:51:37","slug":"romnd-bare-layer-palette-02-strawberry-mood-14-g-rozowa-paleta-cieni-do-powiek-z-rozem","status":"publish","type":"product","link":"https:\/\/selleetools.com\/pl\/product\/romnd-bare-layer-palette-02-strawberry-mood-14-g-rozowa-paleta-cieni-do-powiek-z-rozem\/","title":{"rendered":"rom&#038;nd Bare Layer Palette 02 Strawberry Mood 14 g &#8211; r\u00f3\u017cowa paleta cieni do powiek z r\u00f3\u017cem"},"content":{"rendered":"<p>Odkryj romantyczny \u015bwiat pastelowych barw z palet\u0105 rom&#038;nd Bare Layer Palette 02 Strawberry Mood. Ta 14-gramowa, starannie skomponowana paleta \u0142\u0105czy w sobie 5 cieni do powiek i 1 r\u00f3\u017c, oferuj\u0105c pe\u0142en wachlarz subtelnych odcieni inspirowanych truskawkowym zachodem s\u0142o\u0144ca. Idealna do tworzenia naturalnego, codziennego makija\u017cu oraz delikatnych, dziewcz\u0119cych stylizacji z nutk\u0105 r\u00f3\u017cu i brzoskwini. Paleta \u0142\u0105czy matowe, satynowe i per\u0142owe wyko\u0144czenia, pozwalaj\u0105c na efektowne warstwowanie kolor\u00f3w bez efektu ci\u0119\u017cko\u015bci.<\/p>\n<p>Korzy\u015bci ze stosowania:<br \/>\nWszechstronno\u015b\u0107 kolor\u00f3w: Zestaw pastelowych i owocowych ton\u00f3w idealnie komponuje si\u0119 z jasn\u0105 i neutraln\u0105 karnacj\u0105, tworz\u0105c delikatny, \u015bwie\u017cy makija\u017c.<br \/>\nJedwabista formu\u0142a: Cienie \u0142atwo si\u0119 rozprowadzaj\u0105, nie osypuj\u0105 si\u0119 i nie zbieraj\u0105 w za\u0142amaniach powieki, dzi\u0119ki czemu makija\u017c pozostaje nienaganny przez ca\u0142y dzie\u0144.<br \/>\nWarstwowy efekt: Lekka pigmentacja pozwala budowa\u0107 intensywno\u015b\u0107 koloru stopniowo, zapewniaj\u0105c naturalny wygl\u0105d bez przesady<br \/>\n2w1 \u2013 cie\u0144 i r\u00f3\u017c: Dzi\u0119ki obecno\u015bci uniwersalnego r\u00f3\u017cu, paleta sprawdzi si\u0119 r\u00f3wnie\u017c jako kompaktowe rozwi\u0105zanie do pe\u0142nego makija\u017cu twarzy.<br \/>\nBogactwo sk\u0142adnik\u00f3w piel\u0119gnuj\u0105cych: Formu\u0142a zawiera witamin\u0119 E (Tocopherol), oleje estrowe oraz nawil\u017caj\u0105ce emolienty, kt\u00f3re chroni\u0105 sk\u00f3r\u0119 przed przesuszeniem.<\/p>\n<p>Spos\u00f3b u\u017cycia:<br \/>\nNa\u0142\u00f3\u017c ja\u015bniejszy cie\u0144 jako baz\u0119 na ca\u0142\u0105 powiek\u0119.<br \/>\nDodaj odcienie \u015brednie do za\u0142amania powieki, by nada\u0107 g\u0142\u0119bi spojrzeniu.<br \/>\nCiemniejsze kolory u\u017cyj w zewn\u0119trznym k\u0105ciku oka lub wzd\u0142u\u017c linii rz\u0119s.<br \/>\nPer\u0142owe odcienie mo\u017cesz na\u0142o\u017cy\u0107 na \u015brodek powieki lub w wewn\u0119trzny k\u0105cik oka dla efektu roz\u015bwietlenia.<br \/>\nZastosuj r\u00f3\u017c na ko\u015bci policzkowe delikatnie rozcieraj\u0105c ku g\u00f3rze.<\/p>\n","protected":false},"excerpt":{"rendered":"<p>Odkryj romantyczny \u015bwiat pastelowych barw z palet\u0105 rom&#038;nd Bare Layer Palette 02 Strawberry Mood. Ta 14-gramowa, starannie skomponowana paleta \u0142\u0105czy w sobie 5 cieni do powiek i 1 r\u00f3\u017c, oferuj\u0105c pe\u0142en wachlarz subtelnych odcieni inspirowanych truskawkowym zachodem s\u0142o\u0144ca. Idealna do tworzenia naturalnego, codziennego makija\u017cu oraz delikatnych, dziewcz\u0119cych stylizacji z nutk\u0105 r\u00f3\u017cu i brzoskwini. Paleta \u0142\u0105czy &#8230; <a title=\"rom&#038;nd Bare Layer Palette 02 Strawberry Mood 14 g &#8211; r\u00f3\u017cowa paleta cieni do powiek z r\u00f3\u017cem\" class=\"read-more\" href=\"https:\/\/selleetools.com\/pl\/product\/romnd-bare-layer-palette-02-strawberry-mood-14-g-rozowa-paleta-cieni-do-powiek-z-rozem\/\">Read more<span class=\"screen-reader-text\">rom&#038;nd Bare Layer Palette 02 Strawberry Mood 14 g &#8211; r\u00f3\u017cowa paleta cieni do powiek z r\u00f3\u017cem<\/span><\/a><\/p>\n","protected":false},"featured_media":608345,"comment_status":"open","ping_status":"closed","template":"","meta":{"_links_to":"","_links_to_target":""},"yoast_head":"<!-- This site is optimized with the Yoast SEO plugin v19.4 - https:\/\/yoast.com\/wordpress\/plugins\/seo\/ -->\n<title>rom&amp;nd Bare Layer Palette 02 Strawberry Mood 14 g - r\u00f3\u017cowa paleta cieni do powiek z r\u00f3\u017cem - Selleetools.com<\/title>\n<meta name=\"robots\" content=\"index, follow, max-snippet:-1, max-image-preview:large, max-video-preview:-1\" \/>\n<link rel=\"canonical\" href=\"https:\/\/admincentral.selleetools.com\/pl\/product\/romnd-bare-layer-palette-02-strawberry-mood-14-g-rozowa-paleta-cieni-do-powiek-z-rozem\/\" \/>\n<meta property=\"og:locale\" content=\"pl_PL\" \/>\n<meta property=\"og:type\" content=\"article\" \/>\n<meta property=\"og:title\" content=\"rom&amp;nd Bare Layer Palette 02 Strawberry Mood 14 g - r\u00f3\u017cowa paleta cieni do powiek z r\u00f3\u017cem - Selleetools.com\" \/>\n<meta property=\"og:description\" content=\"Odkryj romantyczny \u015bwiat pastelowych barw z palet\u0105 rom&#038;nd Bare Layer Palette 02 Strawberry Mood. Ta 14-gramowa, starannie skomponowana paleta \u0142\u0105czy w sobie 5 cieni do powiek i 1 r\u00f3\u017c, oferuj\u0105c pe\u0142en wachlarz subtelnych odcieni inspirowanych truskawkowym zachodem s\u0142o\u0144ca. Idealna do tworzenia naturalnego, codziennego makija\u017cu oraz delikatnych, dziewcz\u0119cych stylizacji z nutk\u0105 r\u00f3\u017cu i brzoskwini. Paleta \u0142\u0105czy ... Read morerom&#038;nd Bare Layer Palette 02 Strawberry Mood 14 g &#8211; r\u00f3\u017cowa paleta cieni do powiek z r\u00f3\u017cem\" \/>\n<meta property=\"og:url\" content=\"https:\/\/admincentral.selleetools.com\/pl\/product\/romnd-bare-layer-palette-02-strawberry-mood-14-g-rozowa-paleta-cieni-do-powiek-z-rozem\/\" \/>\n<meta property=\"og:site_name\" content=\"Selleetools.com\" \/>\n<meta property=\"article:modified_time\" content=\"2025-11-04T20:51:37+00:00\" \/>\n<meta property=\"og:image\" content=\"https:\/\/selleetools.com\/wp-content\/uploads\/2025\/10\/d339a65cd1bd4a4e4e239fea8b030bde.png\" \/>\n\t<meta property=\"og:image:width\" content=\"1080\" \/>\n\t<meta property=\"og:image:height\" content=\"1080\" \/>\n\t<meta property=\"og:image:type\" content=\"image\/png\" \/>\n<meta name=\"twitter:card\" content=\"summary_large_image\" \/>\n<meta name=\"twitter:label1\" content=\"Est. reading time\" \/>\n\t<meta name=\"twitter:data1\" content=\"1 minuta\" \/>\n<!-- \/ Yoast SEO plugin. -->","yoast_head_json":{"title":"rom&nd Bare Layer Palette 02 Strawberry Mood 14 g - r\u00f3\u017cowa paleta cieni do powiek z r\u00f3\u017cem - Selleetools.com","robots":{"index":"index","follow":"follow","max-snippet":"max-snippet:-1","max-image-preview":"max-image-preview:large","max-video-preview":"max-video-preview:-1"},"canonical":"https:\/\/admincentral.selleetools.com\/pl\/product\/romnd-bare-layer-palette-02-strawberry-mood-14-g-rozowa-paleta-cieni-do-powiek-z-rozem\/","og_locale":"pl_PL","og_type":"article","og_title":"rom&nd Bare Layer Palette 02 Strawberry Mood 14 g - r\u00f3\u017cowa paleta cieni do powiek z r\u00f3\u017cem - Selleetools.com","og_description":"Odkryj romantyczny \u015bwiat pastelowych barw z palet\u0105 rom&#038;nd Bare Layer Palette 02 Strawberry Mood. Ta 14-gramowa, starannie skomponowana paleta \u0142\u0105czy w sobie 5 cieni do powiek i 1 r\u00f3\u017c, oferuj\u0105c pe\u0142en wachlarz subtelnych odcieni inspirowanych truskawkowym zachodem s\u0142o\u0144ca. Idealna do tworzenia naturalnego, codziennego makija\u017cu oraz delikatnych, dziewcz\u0119cych stylizacji z nutk\u0105 r\u00f3\u017cu i brzoskwini. Paleta \u0142\u0105czy ... Read morerom&#038;nd Bare Layer Palette 02 Strawberry Mood 14 g &#8211; r\u00f3\u017cowa paleta cieni do powiek z r\u00f3\u017cem","og_url":"https:\/\/admincentral.selleetools.com\/pl\/product\/romnd-bare-layer-palette-02-strawberry-mood-14-g-rozowa-paleta-cieni-do-powiek-z-rozem\/","og_site_name":"Selleetools.com","article_modified_time":"2025-11-04T20:51:37+00:00","og_image":[{"width":1080,"height":1080,"url":"https:\/\/selleetools.com\/wp-content\/uploads\/2025\/10\/d339a65cd1bd4a4e4e239fea8b030bde.png","type":"image\/png"}],"twitter_card":"summary_large_image","twitter_misc":{"Est. reading time":"1 minuta"},"schema":{"@context":"https:\/\/schema.org","@graph":[{"@type":"Organization","@id":"https:\/\/selleetools.com\/#organization","name":"Selleetools","url":"https:\/\/selleetools.com\/","sameAs":[],"logo":{"@type":"ImageObject","inLanguage":"pl-PL","@id":"https:\/\/selleetools.com\/#\/schema\/logo\/image\/","url":"https:\/\/selleetools.com\/wp-content\/uploads\/2021\/10\/logo-dark.png","contentUrl":"https:\/\/selleetools.com\/wp-content\/uploads\/2021\/10\/logo-dark.png","width":320,"height":76,"caption":"Selleetools"},"image":{"@id":"https:\/\/selleetools.com\/#\/schema\/logo\/image\/"}},{"@type":"WebSite","@id":"https:\/\/selleetools.com\/#website","url":"https:\/\/selleetools.com\/","name":"Selleetools.com","description":"","publisher":{"@id":"https:\/\/selleetools.com\/#organization"},"potentialAction":[{"@type":"SearchAction","target":{"@type":"EntryPoint","urlTemplate":"https:\/\/selleetools.com\/?s={search_term_string}"},"query-input":"required name=search_term_string"}],"inLanguage":"pl-PL"},{"@type":"WebPage","@id":"https:\/\/admincentral.selleetools.com\/pl\/product\/romnd-bare-layer-palette-02-strawberry-mood-14-g-rozowa-paleta-cieni-do-powiek-z-rozem\/","url":"https:\/\/admincentral.selleetools.com\/pl\/product\/romnd-bare-layer-palette-02-strawberry-mood-14-g-rozowa-paleta-cieni-do-powiek-z-rozem\/","name":"rom&nd Bare Layer Palette 02 Strawberry Mood 14 g - r\u00f3\u017cowa paleta cieni do powiek z r\u00f3\u017cem - Selleetools.com","isPartOf":{"@id":"https:\/\/selleetools.com\/#website"},"datePublished":"2025-10-24T12:17:51+00:00","dateModified":"2025-11-04T20:51:37+00:00","breadcrumb":{"@id":"https:\/\/admincentral.selleetools.com\/pl\/product\/romnd-bare-layer-palette-02-strawberry-mood-14-g-rozowa-paleta-cieni-do-powiek-z-rozem\/#breadcrumb"},"inLanguage":"pl-PL","potentialAction":[{"@type":"ReadAction","target":["https:\/\/admincentral.selleetools.com\/pl\/product\/romnd-bare-layer-palette-02-strawberry-mood-14-g-rozowa-paleta-cieni-do-powiek-z-rozem\/"]}]},{"@type":"BreadcrumbList","@id":"https:\/\/admincentral.selleetools.com\/pl\/product\/romnd-bare-layer-palette-02-strawberry-mood-14-g-rozowa-paleta-cieni-do-powiek-z-rozem\/#breadcrumb","itemListElement":[{"@type":"ListItem","position":1,"name":"Home","item":"https:\/\/selleetools.com\/pl\/"},{"@type":"ListItem","position":2,"name":"Katalog","item":"https:\/\/selleetools.com\/pl\/katalog\/"},{"@type":"ListItem","position":3,"name":"rom&#038;nd Bare Layer Palette 02 Strawberry Mood 14 g &#8211; r\u00f3\u017cowa paleta cieni do powiek z r\u00f3\u017cem"}]}]}},"_links":{"self":[{"href":"https:\/\/selleetools.com\/pl\/wp-json\/wp\/v2\/product\/608347"}],"collection":[{"href":"https:\/\/selleetools.com\/pl\/wp-json\/wp\/v2\/product"}],"about":[{"href":"https:\/\/selleetools.com\/pl\/wp-json\/wp\/v2\/types\/product"}],"replies":[{"embeddable":true,"href":"https:\/\/selleetools.com\/pl\/wp-json\/wp\/v2\/comments?post=608347"}],"wp:featuredmedia":[{"embeddable":true,"href":"https:\/\/selleetools.com\/pl\/wp-json\/wp\/v2\/media\/608345"}],"wp:attachment":[{"href":"https:\/\/selleetools.com\/pl\/wp-json\/wp\/v2\/media?parent=608347"}],"curies":[{"name":"wp","href":"https:\/\/api.w.org\/{rel}","templated":true}]}}