{"id":608338,"date":"2025-10-24T14:17:43","date_gmt":"2025-10-24T12:17:43","guid":{"rendered":"https:\/\/selleetools.com\/?post_type=product&#038;p=608338"},"modified":"2025-11-04T21:51:20","modified_gmt":"2025-11-04T20:51:20","slug":"romnd-better-than-palette-05-shade-shadow-garden-8-g-paleta-bezowo-brazowych-cieni-do-powiek","status":"publish","type":"product","link":"https:\/\/selleetools.com\/pl\/product\/romnd-better-than-palette-05-shade-shadow-garden-8-g-paleta-bezowo-brazowych-cieni-do-powiek\/","title":{"rendered":"rom&#038;nd Better Than Palette 05 Shade &#038; shadow Garden 8 g &#8211; paleta be\u017cowo-br\u0105zowych cieni do powiek"},"content":{"rendered":"<p>rom&#038;nd Better Than Palette 05 Shade &#038; Shadow Garden to elegancka paleta sk\u0142adaj\u0105ca si\u0119 z dziesi\u0119ciu starannie dobranych odcieni be\u017cu i br\u0105zu, idealnych do codziennego makija\u017cu oraz subtelnego konturowania oka. Matowe i jedwabiste formu\u0142y doskonale blenduj\u0105 si\u0119 ze sob\u0105, tworz\u0105c naturalne przej\u015bcia i g\u0142\u0119bi\u0119 spojrzenia. Paleta zosta\u0142a zaprojektowana z my\u015bl\u0105 o uniwersalno\u015bci \u2013 sprawdzi si\u0119 u ka\u017cdego typu urody i w ka\u017cdej porze roku.<\/p>\n<p>Korzy\u015bci ze stosowania:<br \/>\nNaturalne konturowanie oka \u2013 cienie w neutralnej tonacji modeluj\u0105 powiek\u0119, podkre\u015blaj\u0105c jej kszta\u0142t bez efektu przesady.<br \/>\nAksamitne wyko\u0144czenie \u2013 formu\u0142a oparta na sk\u0142adnikach takich jak Boron Nitride i Nylon-12 zapewnia mi\u0119kk\u0105 aplikacj\u0119 i trwa\u0142y, matowy efekt.<br \/>\nWysoka przyczepno\u015b\u0107 i trwa\u0142o\u015b\u0107 \u2013 zawarto\u015b\u0107 Dimethicone, Octyldodecyl Stearoyl Stearate i Hydrogenated Lecithin wp\u0142ywa na komfort noszenia, minimalizuj\u0105c osypywanie si\u0119 produktu.<br \/>\nBezpieczna dla wra\u017cliwej sk\u00f3ry wok\u00f3\u0142 oczu \u2013 \u0142agodne sk\u0142adniki jak Mica, Magnesium Myristate i Talc s\u0105 delikatne dla sk\u00f3ry, nawet przy codziennym stosowaniu.<br \/>\nUniwersalno\u015b\u0107 kolorystyczna \u2013 paleta zawiera zar\u00f3wno jasne bazy, jak i g\u0142\u0119bokie odcienie do zaznaczania linii rz\u0119s czy zewn\u0119trznego k\u0105cika.<\/p>\n<p>Spos\u00f3b u\u017cycia: Aplikuj cienie przy pomocy p\u0119dzla lub palca. Jasne odcienie rozprowad\u017a na ca\u0142ej powiece jako baz\u0119, \u015brednie w za\u0142amaniu powieki dla efektu g\u0142\u0119bi, a ciemniejsze u\u017cyj do konturowania lub jako eyeliner wzd\u0142u\u017c linii rz\u0119s. Mo\u017cesz miesza\u0107 odcienie, aby uzyska\u0107 po\u017c\u0105dany efekt \u2013 od naturalnego po bardziej wyrazisty.<\/p>\n","protected":false},"excerpt":{"rendered":"<p>rom&#038;nd Better Than Palette 05 Shade &#038; Shadow Garden to elegancka paleta sk\u0142adaj\u0105ca si\u0119 z dziesi\u0119ciu starannie dobranych odcieni be\u017cu i br\u0105zu, idealnych do codziennego makija\u017cu oraz subtelnego konturowania oka. Matowe i jedwabiste formu\u0142y doskonale blenduj\u0105 si\u0119 ze sob\u0105, tworz\u0105c naturalne przej\u015bcia i g\u0142\u0119bi\u0119 spojrzenia. Paleta zosta\u0142a zaprojektowana z my\u015bl\u0105 o uniwersalno\u015bci \u2013 sprawdzi si\u0119 &#8230; <a title=\"rom&#038;nd Better Than Palette 05 Shade &#038; shadow Garden 8 g &#8211; paleta be\u017cowo-br\u0105zowych cieni do powiek\" class=\"read-more\" href=\"https:\/\/selleetools.com\/pl\/product\/romnd-better-than-palette-05-shade-shadow-garden-8-g-paleta-bezowo-brazowych-cieni-do-powiek\/\">Read more<span class=\"screen-reader-text\">rom&#038;nd Better Than Palette 05 Shade &#038; shadow Garden 8 g &#8211; paleta be\u017cowo-br\u0105zowych cieni do powiek<\/span><\/a><\/p>\n","protected":false},"featured_media":608336,"comment_status":"open","ping_status":"closed","template":"","meta":{"_links_to":"","_links_to_target":""},"yoast_head":"<!-- This site is optimized with the Yoast SEO plugin v19.4 - https:\/\/yoast.com\/wordpress\/plugins\/seo\/ -->\n<title>rom&amp;nd Better Than Palette 05 Shade &amp; shadow Garden 8 g - paleta be\u017cowo-br\u0105zowych cieni do powiek - Selleetools.com<\/title>\n<meta name=\"robots\" content=\"index, follow, max-snippet:-1, max-image-preview:large, max-video-preview:-1\" \/>\n<link rel=\"canonical\" href=\"https:\/\/admincentral.selleetools.com\/pl\/product\/romnd-better-than-palette-05-shade-shadow-garden-8-g-paleta-bezowo-brazowych-cieni-do-powiek\/\" \/>\n<meta property=\"og:locale\" content=\"pl_PL\" \/>\n<meta property=\"og:type\" content=\"article\" \/>\n<meta property=\"og:title\" content=\"rom&amp;nd Better Than Palette 05 Shade &amp; shadow Garden 8 g - paleta be\u017cowo-br\u0105zowych cieni do powiek - Selleetools.com\" \/>\n<meta property=\"og:description\" content=\"rom&#038;nd Better Than Palette 05 Shade &#038; Shadow Garden to elegancka paleta sk\u0142adaj\u0105ca si\u0119 z dziesi\u0119ciu starannie dobranych odcieni be\u017cu i br\u0105zu, idealnych do codziennego makija\u017cu oraz subtelnego konturowania oka. Matowe i jedwabiste formu\u0142y doskonale blenduj\u0105 si\u0119 ze sob\u0105, tworz\u0105c naturalne przej\u015bcia i g\u0142\u0119bi\u0119 spojrzenia. Paleta zosta\u0142a zaprojektowana z my\u015bl\u0105 o uniwersalno\u015bci \u2013 sprawdzi si\u0119 ... Read morerom&#038;nd Better Than Palette 05 Shade &#038; shadow Garden 8 g &#8211; paleta be\u017cowo-br\u0105zowych cieni do powiek\" \/>\n<meta property=\"og:url\" content=\"https:\/\/admincentral.selleetools.com\/pl\/product\/romnd-better-than-palette-05-shade-shadow-garden-8-g-paleta-bezowo-brazowych-cieni-do-powiek\/\" \/>\n<meta property=\"og:site_name\" content=\"Selleetools.com\" \/>\n<meta property=\"article:modified_time\" content=\"2025-11-04T20:51:20+00:00\" \/>\n<meta property=\"og:image\" content=\"https:\/\/selleetools.com\/wp-content\/uploads\/2025\/10\/309160535a3086e06a35b1a4cfdb88ff.png\" \/>\n\t<meta property=\"og:image:width\" content=\"1080\" \/>\n\t<meta property=\"og:image:height\" content=\"1080\" \/>\n\t<meta property=\"og:image:type\" content=\"image\/png\" \/>\n<meta name=\"twitter:card\" content=\"summary_large_image\" \/>\n<meta name=\"twitter:label1\" content=\"Est. reading time\" \/>\n\t<meta name=\"twitter:data1\" content=\"1 minuta\" \/>\n<!-- \/ Yoast SEO plugin. -->","yoast_head_json":{"title":"rom&nd Better Than Palette 05 Shade & shadow Garden 8 g - paleta be\u017cowo-br\u0105zowych cieni do powiek - Selleetools.com","robots":{"index":"index","follow":"follow","max-snippet":"max-snippet:-1","max-image-preview":"max-image-preview:large","max-video-preview":"max-video-preview:-1"},"canonical":"https:\/\/admincentral.selleetools.com\/pl\/product\/romnd-better-than-palette-05-shade-shadow-garden-8-g-paleta-bezowo-brazowych-cieni-do-powiek\/","og_locale":"pl_PL","og_type":"article","og_title":"rom&nd Better Than Palette 05 Shade & shadow Garden 8 g - paleta be\u017cowo-br\u0105zowych cieni do powiek - Selleetools.com","og_description":"rom&#038;nd Better Than Palette 05 Shade &#038; Shadow Garden to elegancka paleta sk\u0142adaj\u0105ca si\u0119 z dziesi\u0119ciu starannie dobranych odcieni be\u017cu i br\u0105zu, idealnych do codziennego makija\u017cu oraz subtelnego konturowania oka. Matowe i jedwabiste formu\u0142y doskonale blenduj\u0105 si\u0119 ze sob\u0105, tworz\u0105c naturalne przej\u015bcia i g\u0142\u0119bi\u0119 spojrzenia. Paleta zosta\u0142a zaprojektowana z my\u015bl\u0105 o uniwersalno\u015bci \u2013 sprawdzi si\u0119 ... Read morerom&#038;nd Better Than Palette 05 Shade &#038; shadow Garden 8 g &#8211; paleta be\u017cowo-br\u0105zowych cieni do powiek","og_url":"https:\/\/admincentral.selleetools.com\/pl\/product\/romnd-better-than-palette-05-shade-shadow-garden-8-g-paleta-bezowo-brazowych-cieni-do-powiek\/","og_site_name":"Selleetools.com","article_modified_time":"2025-11-04T20:51:20+00:00","og_image":[{"width":1080,"height":1080,"url":"https:\/\/selleetools.com\/wp-content\/uploads\/2025\/10\/309160535a3086e06a35b1a4cfdb88ff.png","type":"image\/png"}],"twitter_card":"summary_large_image","twitter_misc":{"Est. reading time":"1 minuta"},"schema":{"@context":"https:\/\/schema.org","@graph":[{"@type":"Organization","@id":"https:\/\/selleetools.com\/#organization","name":"Selleetools","url":"https:\/\/selleetools.com\/","sameAs":[],"logo":{"@type":"ImageObject","inLanguage":"pl-PL","@id":"https:\/\/selleetools.com\/#\/schema\/logo\/image\/","url":"https:\/\/selleetools.com\/wp-content\/uploads\/2021\/10\/logo-dark.png","contentUrl":"https:\/\/selleetools.com\/wp-content\/uploads\/2021\/10\/logo-dark.png","width":320,"height":76,"caption":"Selleetools"},"image":{"@id":"https:\/\/selleetools.com\/#\/schema\/logo\/image\/"}},{"@type":"WebSite","@id":"https:\/\/selleetools.com\/#website","url":"https:\/\/selleetools.com\/","name":"Selleetools.com","description":"","publisher":{"@id":"https:\/\/selleetools.com\/#organization"},"potentialAction":[{"@type":"SearchAction","target":{"@type":"EntryPoint","urlTemplate":"https:\/\/selleetools.com\/?s={search_term_string}"},"query-input":"required name=search_term_string"}],"inLanguage":"pl-PL"},{"@type":"WebPage","@id":"https:\/\/admincentral.selleetools.com\/pl\/product\/romnd-better-than-palette-05-shade-shadow-garden-8-g-paleta-bezowo-brazowych-cieni-do-powiek\/","url":"https:\/\/admincentral.selleetools.com\/pl\/product\/romnd-better-than-palette-05-shade-shadow-garden-8-g-paleta-bezowo-brazowych-cieni-do-powiek\/","name":"rom&nd Better Than Palette 05 Shade & shadow Garden 8 g - paleta be\u017cowo-br\u0105zowych cieni do powiek - Selleetools.com","isPartOf":{"@id":"https:\/\/selleetools.com\/#website"},"datePublished":"2025-10-24T12:17:43+00:00","dateModified":"2025-11-04T20:51:20+00:00","breadcrumb":{"@id":"https:\/\/admincentral.selleetools.com\/pl\/product\/romnd-better-than-palette-05-shade-shadow-garden-8-g-paleta-bezowo-brazowych-cieni-do-powiek\/#breadcrumb"},"inLanguage":"pl-PL","potentialAction":[{"@type":"ReadAction","target":["https:\/\/admincentral.selleetools.com\/pl\/product\/romnd-better-than-palette-05-shade-shadow-garden-8-g-paleta-bezowo-brazowych-cieni-do-powiek\/"]}]},{"@type":"BreadcrumbList","@id":"https:\/\/admincentral.selleetools.com\/pl\/product\/romnd-better-than-palette-05-shade-shadow-garden-8-g-paleta-bezowo-brazowych-cieni-do-powiek\/#breadcrumb","itemListElement":[{"@type":"ListItem","position":1,"name":"Home","item":"https:\/\/selleetools.com\/pl\/"},{"@type":"ListItem","position":2,"name":"Katalog","item":"https:\/\/selleetools.com\/pl\/katalog\/"},{"@type":"ListItem","position":3,"name":"rom&#038;nd Better Than Palette 05 Shade &#038; shadow Garden 8 g &#8211; paleta be\u017cowo-br\u0105zowych cieni do powiek"}]}]}},"_links":{"self":[{"href":"https:\/\/selleetools.com\/pl\/wp-json\/wp\/v2\/product\/608338"}],"collection":[{"href":"https:\/\/selleetools.com\/pl\/wp-json\/wp\/v2\/product"}],"about":[{"href":"https:\/\/selleetools.com\/pl\/wp-json\/wp\/v2\/types\/product"}],"replies":[{"embeddable":true,"href":"https:\/\/selleetools.com\/pl\/wp-json\/wp\/v2\/comments?post=608338"}],"wp:featuredmedia":[{"embeddable":true,"href":"https:\/\/selleetools.com\/pl\/wp-json\/wp\/v2\/media\/608336"}],"wp:attachment":[{"href":"https:\/\/selleetools.com\/pl\/wp-json\/wp\/v2\/media?parent=608338"}],"curies":[{"name":"wp","href":"https:\/\/api.w.org\/{rel}","templated":true}]}}