{"id":608335,"date":"2025-10-24T14:17:40","date_gmt":"2025-10-24T12:17:40","guid":{"rendered":"https:\/\/selleetools.com\/?post_type=product&#038;p=608335"},"modified":"2025-11-04T21:51:05","modified_gmt":"2025-11-04T20:51:05","slug":"romnd-better-than-palette-02-mahogany-garden-7-5-g-paleta-brazowych-cieni-do-powiek","status":"publish","type":"product","link":"https:\/\/selleetools.com\/pl\/product\/romnd-better-than-palette-02-mahogany-garden-7-5-g-paleta-brazowych-cieni-do-powiek\/","title":{"rendered":"rom&#038;nd Better Than Palette 02 Mahogany Garden 7.5 g &#8211; paleta br\u0105zowych cieni do powiek"},"content":{"rendered":"<p>rom&#038;nd Better Than Palette 02 Mahogany Garden to kompozycja 10 doskonale zharmonizowanych odcieni br\u0105zu, kt\u00f3re umo\u017cliwiaj\u0105 tworzenie zar\u00f3wno naturalnych, dziennych makija\u017cy, jak i intensywnych, wieczorowych stylizacji. Paleta \u0142\u0105czy matowe, satynowe i b\u0142yszcz\u0105ce wyko\u0144czenia, kt\u00f3re pozwalaj\u0105 dowolnie modelowa\u0107 oko i dodawa\u0107 spojrzeniu g\u0142\u0119bi oraz blasku. Aksamitna, drobno zmielona formu\u0142a \u0142atwo si\u0119 blenduje, nie osypuje si\u0119 i utrzymuje si\u0119 przez wiele godzin bez utraty intensywno\u015bci koloru.<\/p>\n<p>Korzy\u015bci ze stosowania:<br \/>\nWszechstronno\u015b\u0107 kolor\u00f3w \u2013 szeroka gama odcieni br\u0105zu umo\u017cliwia tworzenie makija\u017cy na ka\u017cd\u0105 okazj\u0119.<br \/>\nD\u0142ugotrwa\u0142y efekt \u2013 lekka formu\u0142a \u015bci\u015ble przylega do powieki, zapewniaj\u0105c trwa\u0142o\u015b\u0107 bez rozmazywania.<br \/>\nWygodna aplikacja \u2013 cienie \u0142atwo si\u0119 rozprowadzaj\u0105 i rozcieraj\u0105, bez efektu plam.<br \/>\nWielowymiarowe wyko\u0144czenia \u2013 maty podkre\u015blaj\u0105 kszta\u0142t oka, b\u0142yski dodaj\u0105 roz\u015bwietlenia i elegancji.<br \/>\nBezpieczny sk\u0142ad \u2013 cienie wzbogacone o sk\u0142adniki wyg\u0142adzaj\u0105ce i zmi\u0119kczaj\u0105ce, odpowiednie tak\u017ce dla wra\u017cliwej sk\u00f3ry powiek.<\/p>\n<p>Spos\u00f3b u\u017cycia:<br \/>\nAplikuj cienie bezpo\u015brednio na powiek\u0119 za pomoc\u0105 p\u0119dzla lub opuszk\u00f3w palc\u00f3w. Jasne matowe odcienie sprawdz\u0105 si\u0119 jako baza, ciemniejsze do zaznaczenia za\u0142amania powieki, a b\u0142yszcz\u0105ce \u2013 na \u015brodek powieki lub k\u0105cik oka dla efektu roz\u015bwietlenia. Intensywno\u015b\u0107 koloru mo\u017cesz budowa\u0107 warstwowo.<\/p>\n","protected":false},"excerpt":{"rendered":"<p>rom&#038;nd Better Than Palette 02 Mahogany Garden to kompozycja 10 doskonale zharmonizowanych odcieni br\u0105zu, kt\u00f3re umo\u017cliwiaj\u0105 tworzenie zar\u00f3wno naturalnych, dziennych makija\u017cy, jak i intensywnych, wieczorowych stylizacji. Paleta \u0142\u0105czy matowe, satynowe i b\u0142yszcz\u0105ce wyko\u0144czenia, kt\u00f3re pozwalaj\u0105 dowolnie modelowa\u0107 oko i dodawa\u0107 spojrzeniu g\u0142\u0119bi oraz blasku. Aksamitna, drobno zmielona formu\u0142a \u0142atwo si\u0119 blenduje, nie osypuje si\u0119 i &#8230; <a title=\"rom&#038;nd Better Than Palette 02 Mahogany Garden 7.5 g &#8211; paleta br\u0105zowych cieni do powiek\" class=\"read-more\" href=\"https:\/\/selleetools.com\/pl\/product\/romnd-better-than-palette-02-mahogany-garden-7-5-g-paleta-brazowych-cieni-do-powiek\/\">Read more<span class=\"screen-reader-text\">rom&#038;nd Better Than Palette 02 Mahogany Garden 7.5 g &#8211; paleta br\u0105zowych cieni do powiek<\/span><\/a><\/p>\n","protected":false},"featured_media":608333,"comment_status":"open","ping_status":"closed","template":"","meta":{"_links_to":"","_links_to_target":""},"yoast_head":"<!-- This site is optimized with the Yoast SEO plugin v19.4 - https:\/\/yoast.com\/wordpress\/plugins\/seo\/ -->\n<title>rom&amp;nd Better Than Palette 02 Mahogany Garden 7.5 g - paleta br\u0105zowych cieni do powiek - Selleetools.com<\/title>\n<meta name=\"robots\" content=\"index, follow, max-snippet:-1, max-image-preview:large, max-video-preview:-1\" \/>\n<link rel=\"canonical\" href=\"https:\/\/admincentral.selleetools.com\/pl\/product\/romnd-better-than-palette-02-mahogany-garden-7-5-g-paleta-brazowych-cieni-do-powiek\/\" \/>\n<meta property=\"og:locale\" content=\"pl_PL\" \/>\n<meta property=\"og:type\" content=\"article\" \/>\n<meta property=\"og:title\" content=\"rom&amp;nd Better Than Palette 02 Mahogany Garden 7.5 g - paleta br\u0105zowych cieni do powiek - Selleetools.com\" \/>\n<meta property=\"og:description\" content=\"rom&#038;nd Better Than Palette 02 Mahogany Garden to kompozycja 10 doskonale zharmonizowanych odcieni br\u0105zu, kt\u00f3re umo\u017cliwiaj\u0105 tworzenie zar\u00f3wno naturalnych, dziennych makija\u017cy, jak i intensywnych, wieczorowych stylizacji. Paleta \u0142\u0105czy matowe, satynowe i b\u0142yszcz\u0105ce wyko\u0144czenia, kt\u00f3re pozwalaj\u0105 dowolnie modelowa\u0107 oko i dodawa\u0107 spojrzeniu g\u0142\u0119bi oraz blasku. Aksamitna, drobno zmielona formu\u0142a \u0142atwo si\u0119 blenduje, nie osypuje si\u0119 i ... Read morerom&#038;nd Better Than Palette 02 Mahogany Garden 7.5 g &#8211; paleta br\u0105zowych cieni do powiek\" \/>\n<meta property=\"og:url\" content=\"https:\/\/admincentral.selleetools.com\/pl\/product\/romnd-better-than-palette-02-mahogany-garden-7-5-g-paleta-brazowych-cieni-do-powiek\/\" \/>\n<meta property=\"og:site_name\" content=\"Selleetools.com\" \/>\n<meta property=\"article:modified_time\" content=\"2025-11-04T20:51:05+00:00\" \/>\n<meta property=\"og:image\" content=\"https:\/\/selleetools.com\/wp-content\/uploads\/2025\/10\/d77136591b96c729a686e28d8d262110.png\" \/>\n\t<meta property=\"og:image:width\" content=\"1080\" \/>\n\t<meta property=\"og:image:height\" content=\"1080\" \/>\n\t<meta property=\"og:image:type\" content=\"image\/png\" \/>\n<meta name=\"twitter:card\" content=\"summary_large_image\" \/>\n<meta name=\"twitter:label1\" content=\"Est. reading time\" \/>\n\t<meta name=\"twitter:data1\" content=\"1 minuta\" \/>\n<!-- \/ Yoast SEO plugin. -->","yoast_head_json":{"title":"rom&nd Better Than Palette 02 Mahogany Garden 7.5 g - paleta br\u0105zowych cieni do powiek - Selleetools.com","robots":{"index":"index","follow":"follow","max-snippet":"max-snippet:-1","max-image-preview":"max-image-preview:large","max-video-preview":"max-video-preview:-1"},"canonical":"https:\/\/admincentral.selleetools.com\/pl\/product\/romnd-better-than-palette-02-mahogany-garden-7-5-g-paleta-brazowych-cieni-do-powiek\/","og_locale":"pl_PL","og_type":"article","og_title":"rom&nd Better Than Palette 02 Mahogany Garden 7.5 g - paleta br\u0105zowych cieni do powiek - Selleetools.com","og_description":"rom&#038;nd Better Than Palette 02 Mahogany Garden to kompozycja 10 doskonale zharmonizowanych odcieni br\u0105zu, kt\u00f3re umo\u017cliwiaj\u0105 tworzenie zar\u00f3wno naturalnych, dziennych makija\u017cy, jak i intensywnych, wieczorowych stylizacji. Paleta \u0142\u0105czy matowe, satynowe i b\u0142yszcz\u0105ce wyko\u0144czenia, kt\u00f3re pozwalaj\u0105 dowolnie modelowa\u0107 oko i dodawa\u0107 spojrzeniu g\u0142\u0119bi oraz blasku. Aksamitna, drobno zmielona formu\u0142a \u0142atwo si\u0119 blenduje, nie osypuje si\u0119 i ... Read morerom&#038;nd Better Than Palette 02 Mahogany Garden 7.5 g &#8211; paleta br\u0105zowych cieni do powiek","og_url":"https:\/\/admincentral.selleetools.com\/pl\/product\/romnd-better-than-palette-02-mahogany-garden-7-5-g-paleta-brazowych-cieni-do-powiek\/","og_site_name":"Selleetools.com","article_modified_time":"2025-11-04T20:51:05+00:00","og_image":[{"width":1080,"height":1080,"url":"https:\/\/selleetools.com\/wp-content\/uploads\/2025\/10\/d77136591b96c729a686e28d8d262110.png","type":"image\/png"}],"twitter_card":"summary_large_image","twitter_misc":{"Est. reading time":"1 minuta"},"schema":{"@context":"https:\/\/schema.org","@graph":[{"@type":"Organization","@id":"https:\/\/selleetools.com\/#organization","name":"Selleetools","url":"https:\/\/selleetools.com\/","sameAs":[],"logo":{"@type":"ImageObject","inLanguage":"pl-PL","@id":"https:\/\/selleetools.com\/#\/schema\/logo\/image\/","url":"https:\/\/selleetools.com\/wp-content\/uploads\/2021\/10\/logo-dark.png","contentUrl":"https:\/\/selleetools.com\/wp-content\/uploads\/2021\/10\/logo-dark.png","width":320,"height":76,"caption":"Selleetools"},"image":{"@id":"https:\/\/selleetools.com\/#\/schema\/logo\/image\/"}},{"@type":"WebSite","@id":"https:\/\/selleetools.com\/#website","url":"https:\/\/selleetools.com\/","name":"Selleetools.com","description":"","publisher":{"@id":"https:\/\/selleetools.com\/#organization"},"potentialAction":[{"@type":"SearchAction","target":{"@type":"EntryPoint","urlTemplate":"https:\/\/selleetools.com\/?s={search_term_string}"},"query-input":"required name=search_term_string"}],"inLanguage":"pl-PL"},{"@type":"WebPage","@id":"https:\/\/admincentral.selleetools.com\/pl\/product\/romnd-better-than-palette-02-mahogany-garden-7-5-g-paleta-brazowych-cieni-do-powiek\/","url":"https:\/\/admincentral.selleetools.com\/pl\/product\/romnd-better-than-palette-02-mahogany-garden-7-5-g-paleta-brazowych-cieni-do-powiek\/","name":"rom&nd Better Than Palette 02 Mahogany Garden 7.5 g - paleta br\u0105zowych cieni do powiek - Selleetools.com","isPartOf":{"@id":"https:\/\/selleetools.com\/#website"},"datePublished":"2025-10-24T12:17:40+00:00","dateModified":"2025-11-04T20:51:05+00:00","breadcrumb":{"@id":"https:\/\/admincentral.selleetools.com\/pl\/product\/romnd-better-than-palette-02-mahogany-garden-7-5-g-paleta-brazowych-cieni-do-powiek\/#breadcrumb"},"inLanguage":"pl-PL","potentialAction":[{"@type":"ReadAction","target":["https:\/\/admincentral.selleetools.com\/pl\/product\/romnd-better-than-palette-02-mahogany-garden-7-5-g-paleta-brazowych-cieni-do-powiek\/"]}]},{"@type":"BreadcrumbList","@id":"https:\/\/admincentral.selleetools.com\/pl\/product\/romnd-better-than-palette-02-mahogany-garden-7-5-g-paleta-brazowych-cieni-do-powiek\/#breadcrumb","itemListElement":[{"@type":"ListItem","position":1,"name":"Home","item":"https:\/\/selleetools.com\/pl\/"},{"@type":"ListItem","position":2,"name":"Katalog","item":"https:\/\/selleetools.com\/pl\/katalog\/"},{"@type":"ListItem","position":3,"name":"rom&#038;nd Better Than Palette 02 Mahogany Garden 7.5 g &#8211; paleta br\u0105zowych cieni do powiek"}]}]}},"_links":{"self":[{"href":"https:\/\/selleetools.com\/pl\/wp-json\/wp\/v2\/product\/608335"}],"collection":[{"href":"https:\/\/selleetools.com\/pl\/wp-json\/wp\/v2\/product"}],"about":[{"href":"https:\/\/selleetools.com\/pl\/wp-json\/wp\/v2\/types\/product"}],"replies":[{"embeddable":true,"href":"https:\/\/selleetools.com\/pl\/wp-json\/wp\/v2\/comments?post=608335"}],"wp:featuredmedia":[{"embeddable":true,"href":"https:\/\/selleetools.com\/pl\/wp-json\/wp\/v2\/media\/608333"}],"wp:attachment":[{"href":"https:\/\/selleetools.com\/pl\/wp-json\/wp\/v2\/media?parent=608335"}],"curies":[{"name":"wp","href":"https:\/\/api.w.org\/{rel}","templated":true}]}}