{"id":608320,"date":"2025-10-24T14:17:27","date_gmt":"2025-10-24T12:17:27","guid":{"rendered":"https:\/\/selleetools.com\/?post_type=product&#038;p=608320"},"modified":"2025-11-04T21:50:35","modified_gmt":"2025-11-04T20:50:35","slug":"romnd-better-than-palette-01-pampas-garden-7-5-g-paleta-bezowych-i-brzoskwiniowych-cieni-do-powiek","status":"publish","type":"product","link":"https:\/\/selleetools.com\/pl\/product\/romnd-better-than-palette-01-pampas-garden-7-5-g-paleta-bezowych-i-brzoskwiniowych-cieni-do-powiek\/","title":{"rendered":"rom&#038;nd Better Than Palette 01 Pampas Garden 7.5 g &#8211; paleta be\u017cowych i brzoskwiniowych cieni do powiek"},"content":{"rendered":"<p>rom&#038;nd Better Than Palette 01 Pampas Garden to czaruj\u0105ca kompozycja 10 cieni do powiek inspirowana ciep\u0142ymi tonami suszonej trawy pampasowej i subtelno\u015bci\u0105 letniego \u015bwiat\u0142a. Paleta oferuje matowe, satynowe i b\u0142yszcz\u0105ce wyko\u0144czenia w odcieniach be\u017cu, brzoskwini i szampa\u0144skiego r\u00f3\u017cu, kt\u00f3re idealnie komponuj\u0105 si\u0119 z naturalnym kolorytem sk\u00f3ry i pozwalaj\u0105 stworzy\u0107 zar\u00f3wno codzienny, jak i bardziej zmys\u0142owy makija\u017c oka.<\/p>\n<p>Korzy\u015bci ze stosowania:<br \/>\nJedwabista aplikacja \u2013 zawarto\u015b\u0107 sk\u0142adnik\u00f3w takich jak Dimethicone i Phenyl Trimethicone sprawia, \u017ce cienie g\u0142adko sun\u0105 po powiece i r\u00f3wnomiernie si\u0119 rozprowadzaj\u0105.<br \/>\nIntensywny i trwa\u0142y kolor \u2013 formu\u0142a wzbogacona o Synthetic Fluorphlogopite i Calcium Aluminum Borosilicate zapewnia wysok\u0105 przyczepno\u015b\u0107 i efektowny po\u0142ysk bez osypywania.<br \/>\nZr\u00f3\u017cnicowane wyko\u0144czenia \u2013 paleta zawiera cienie matowe, per\u0142owe i brokatowe, co umo\u017cliwia pe\u0142n\u0105 personalizacj\u0119 makija\u017cu.<br \/>\nDelikatno\u015b\u0107 dla sk\u00f3ry \u2013 obecno\u015b\u0107 Diisostearyl Malate i Dipentaerythrityl Hexahydroxystearate wspiera komfort noszenia nawet przy wra\u017cliwej sk\u00f3rze powiek.<br \/>\nLekka konsystencja \u2013 formu\u0142a z dodatkiem Silica i Nylon-12 nie obci\u0105\u017ca sk\u00f3ry, pozwalaj\u0105c uzyska\u0107 mi\u0119kkie przej\u015bcia kolorystyczne.<\/p>\n<p>Spos\u00f3b u\u017cycia: Za pomoc\u0105 p\u0119dzla lub palca nanie\u015b wybrany cie\u0144 na powiek\u0119. Ja\u015bniejsze kolory stosuj jako baz\u0119, \u015brednie do modelowania kszta\u0142tu oka, a b\u0142yszcz\u0105ce jako akcent w wewn\u0119trznym k\u0105ciku lub na \u015brodku powieki. W celu uzyskania intensywniejszego efektu brokatowego, lekko zwil\u017c p\u0119dzel przed aplikacj\u0105.<\/p>\n","protected":false},"excerpt":{"rendered":"<p>rom&#038;nd Better Than Palette 01 Pampas Garden to czaruj\u0105ca kompozycja 10 cieni do powiek inspirowana ciep\u0142ymi tonami suszonej trawy pampasowej i subtelno\u015bci\u0105 letniego \u015bwiat\u0142a. Paleta oferuje matowe, satynowe i b\u0142yszcz\u0105ce wyko\u0144czenia w odcieniach be\u017cu, brzoskwini i szampa\u0144skiego r\u00f3\u017cu, kt\u00f3re idealnie komponuj\u0105 si\u0119 z naturalnym kolorytem sk\u00f3ry i pozwalaj\u0105 stworzy\u0107 zar\u00f3wno codzienny, jak i bardziej zmys\u0142owy &#8230; <a title=\"rom&#038;nd Better Than Palette 01 Pampas Garden 7.5 g &#8211; paleta be\u017cowych i brzoskwiniowych cieni do powiek\" class=\"read-more\" href=\"https:\/\/selleetools.com\/pl\/product\/romnd-better-than-palette-01-pampas-garden-7-5-g-paleta-bezowych-i-brzoskwiniowych-cieni-do-powiek\/\">Read more<span class=\"screen-reader-text\">rom&#038;nd Better Than Palette 01 Pampas Garden 7.5 g &#8211; paleta be\u017cowych i brzoskwiniowych cieni do powiek<\/span><\/a><\/p>\n","protected":false},"featured_media":608318,"comment_status":"open","ping_status":"closed","template":"","meta":{"_links_to":"","_links_to_target":""},"yoast_head":"<!-- This site is optimized with the Yoast SEO plugin v19.4 - https:\/\/yoast.com\/wordpress\/plugins\/seo\/ -->\n<title>rom&amp;nd Better Than Palette 01 Pampas Garden 7.5 g - paleta be\u017cowych i brzoskwiniowych cieni do powiek - Selleetools.com<\/title>\n<meta name=\"robots\" content=\"index, follow, max-snippet:-1, max-image-preview:large, max-video-preview:-1\" \/>\n<link rel=\"canonical\" href=\"https:\/\/admincentral.selleetools.com\/pl\/product\/romnd-better-than-palette-01-pampas-garden-7-5-g-paleta-bezowych-i-brzoskwiniowych-cieni-do-powiek\/\" \/>\n<meta property=\"og:locale\" content=\"pl_PL\" \/>\n<meta property=\"og:type\" content=\"article\" \/>\n<meta property=\"og:title\" content=\"rom&amp;nd Better Than Palette 01 Pampas Garden 7.5 g - paleta be\u017cowych i brzoskwiniowych cieni do powiek - Selleetools.com\" \/>\n<meta property=\"og:description\" content=\"rom&#038;nd Better Than Palette 01 Pampas Garden to czaruj\u0105ca kompozycja 10 cieni do powiek inspirowana ciep\u0142ymi tonami suszonej trawy pampasowej i subtelno\u015bci\u0105 letniego \u015bwiat\u0142a. Paleta oferuje matowe, satynowe i b\u0142yszcz\u0105ce wyko\u0144czenia w odcieniach be\u017cu, brzoskwini i szampa\u0144skiego r\u00f3\u017cu, kt\u00f3re idealnie komponuj\u0105 si\u0119 z naturalnym kolorytem sk\u00f3ry i pozwalaj\u0105 stworzy\u0107 zar\u00f3wno codzienny, jak i bardziej zmys\u0142owy ... Read morerom&#038;nd Better Than Palette 01 Pampas Garden 7.5 g &#8211; paleta be\u017cowych i brzoskwiniowych cieni do powiek\" \/>\n<meta property=\"og:url\" content=\"https:\/\/admincentral.selleetools.com\/pl\/product\/romnd-better-than-palette-01-pampas-garden-7-5-g-paleta-bezowych-i-brzoskwiniowych-cieni-do-powiek\/\" \/>\n<meta property=\"og:site_name\" content=\"Selleetools.com\" \/>\n<meta property=\"article:modified_time\" content=\"2025-11-04T20:50:35+00:00\" \/>\n<meta property=\"og:image\" content=\"https:\/\/selleetools.com\/wp-content\/uploads\/2025\/10\/884015029d2dca36bc5f0e7cb5690740.png\" \/>\n\t<meta property=\"og:image:width\" content=\"1080\" \/>\n\t<meta property=\"og:image:height\" content=\"1080\" \/>\n\t<meta property=\"og:image:type\" content=\"image\/png\" \/>\n<meta name=\"twitter:card\" content=\"summary_large_image\" \/>\n<meta name=\"twitter:label1\" content=\"Est. reading time\" \/>\n\t<meta name=\"twitter:data1\" content=\"1 minuta\" \/>\n<!-- \/ Yoast SEO plugin. -->","yoast_head_json":{"title":"rom&nd Better Than Palette 01 Pampas Garden 7.5 g - paleta be\u017cowych i brzoskwiniowych cieni do powiek - Selleetools.com","robots":{"index":"index","follow":"follow","max-snippet":"max-snippet:-1","max-image-preview":"max-image-preview:large","max-video-preview":"max-video-preview:-1"},"canonical":"https:\/\/admincentral.selleetools.com\/pl\/product\/romnd-better-than-palette-01-pampas-garden-7-5-g-paleta-bezowych-i-brzoskwiniowych-cieni-do-powiek\/","og_locale":"pl_PL","og_type":"article","og_title":"rom&nd Better Than Palette 01 Pampas Garden 7.5 g - paleta be\u017cowych i brzoskwiniowych cieni do powiek - Selleetools.com","og_description":"rom&#038;nd Better Than Palette 01 Pampas Garden to czaruj\u0105ca kompozycja 10 cieni do powiek inspirowana ciep\u0142ymi tonami suszonej trawy pampasowej i subtelno\u015bci\u0105 letniego \u015bwiat\u0142a. Paleta oferuje matowe, satynowe i b\u0142yszcz\u0105ce wyko\u0144czenia w odcieniach be\u017cu, brzoskwini i szampa\u0144skiego r\u00f3\u017cu, kt\u00f3re idealnie komponuj\u0105 si\u0119 z naturalnym kolorytem sk\u00f3ry i pozwalaj\u0105 stworzy\u0107 zar\u00f3wno codzienny, jak i bardziej zmys\u0142owy ... Read morerom&#038;nd Better Than Palette 01 Pampas Garden 7.5 g &#8211; paleta be\u017cowych i brzoskwiniowych cieni do powiek","og_url":"https:\/\/admincentral.selleetools.com\/pl\/product\/romnd-better-than-palette-01-pampas-garden-7-5-g-paleta-bezowych-i-brzoskwiniowych-cieni-do-powiek\/","og_site_name":"Selleetools.com","article_modified_time":"2025-11-04T20:50:35+00:00","og_image":[{"width":1080,"height":1080,"url":"https:\/\/selleetools.com\/wp-content\/uploads\/2025\/10\/884015029d2dca36bc5f0e7cb5690740.png","type":"image\/png"}],"twitter_card":"summary_large_image","twitter_misc":{"Est. reading time":"1 minuta"},"schema":{"@context":"https:\/\/schema.org","@graph":[{"@type":"Organization","@id":"https:\/\/selleetools.com\/#organization","name":"Selleetools","url":"https:\/\/selleetools.com\/","sameAs":[],"logo":{"@type":"ImageObject","inLanguage":"pl-PL","@id":"https:\/\/selleetools.com\/#\/schema\/logo\/image\/","url":"https:\/\/selleetools.com\/wp-content\/uploads\/2021\/10\/logo-dark.png","contentUrl":"https:\/\/selleetools.com\/wp-content\/uploads\/2021\/10\/logo-dark.png","width":320,"height":76,"caption":"Selleetools"},"image":{"@id":"https:\/\/selleetools.com\/#\/schema\/logo\/image\/"}},{"@type":"WebSite","@id":"https:\/\/selleetools.com\/#website","url":"https:\/\/selleetools.com\/","name":"Selleetools.com","description":"","publisher":{"@id":"https:\/\/selleetools.com\/#organization"},"potentialAction":[{"@type":"SearchAction","target":{"@type":"EntryPoint","urlTemplate":"https:\/\/selleetools.com\/?s={search_term_string}"},"query-input":"required name=search_term_string"}],"inLanguage":"pl-PL"},{"@type":"WebPage","@id":"https:\/\/admincentral.selleetools.com\/pl\/product\/romnd-better-than-palette-01-pampas-garden-7-5-g-paleta-bezowych-i-brzoskwiniowych-cieni-do-powiek\/","url":"https:\/\/admincentral.selleetools.com\/pl\/product\/romnd-better-than-palette-01-pampas-garden-7-5-g-paleta-bezowych-i-brzoskwiniowych-cieni-do-powiek\/","name":"rom&nd Better Than Palette 01 Pampas Garden 7.5 g - paleta be\u017cowych i brzoskwiniowych cieni do powiek - Selleetools.com","isPartOf":{"@id":"https:\/\/selleetools.com\/#website"},"datePublished":"2025-10-24T12:17:27+00:00","dateModified":"2025-11-04T20:50:35+00:00","breadcrumb":{"@id":"https:\/\/admincentral.selleetools.com\/pl\/product\/romnd-better-than-palette-01-pampas-garden-7-5-g-paleta-bezowych-i-brzoskwiniowych-cieni-do-powiek\/#breadcrumb"},"inLanguage":"pl-PL","potentialAction":[{"@type":"ReadAction","target":["https:\/\/admincentral.selleetools.com\/pl\/product\/romnd-better-than-palette-01-pampas-garden-7-5-g-paleta-bezowych-i-brzoskwiniowych-cieni-do-powiek\/"]}]},{"@type":"BreadcrumbList","@id":"https:\/\/admincentral.selleetools.com\/pl\/product\/romnd-better-than-palette-01-pampas-garden-7-5-g-paleta-bezowych-i-brzoskwiniowych-cieni-do-powiek\/#breadcrumb","itemListElement":[{"@type":"ListItem","position":1,"name":"Home","item":"https:\/\/selleetools.com\/pl\/"},{"@type":"ListItem","position":2,"name":"Katalog","item":"https:\/\/selleetools.com\/pl\/katalog\/"},{"@type":"ListItem","position":3,"name":"rom&#038;nd Better Than Palette 01 Pampas Garden 7.5 g &#8211; paleta be\u017cowych i brzoskwiniowych cieni do powiek"}]}]}},"_links":{"self":[{"href":"https:\/\/selleetools.com\/pl\/wp-json\/wp\/v2\/product\/608320"}],"collection":[{"href":"https:\/\/selleetools.com\/pl\/wp-json\/wp\/v2\/product"}],"about":[{"href":"https:\/\/selleetools.com\/pl\/wp-json\/wp\/v2\/types\/product"}],"replies":[{"embeddable":true,"href":"https:\/\/selleetools.com\/pl\/wp-json\/wp\/v2\/comments?post=608320"}],"wp:featuredmedia":[{"embeddable":true,"href":"https:\/\/selleetools.com\/pl\/wp-json\/wp\/v2\/media\/608318"}],"wp:attachment":[{"href":"https:\/\/selleetools.com\/pl\/wp-json\/wp\/v2\/media?parent=608320"}],"curies":[{"name":"wp","href":"https:\/\/api.w.org\/{rel}","templated":true}]}}