{"id":608311,"date":"2025-10-24T14:17:19","date_gmt":"2025-10-24T12:17:19","guid":{"rendered":"https:\/\/selleetools.com\/?post_type=product&#038;p=608311"},"modified":"2025-11-09T16:00:12","modified_gmt":"2025-11-09T15:00:12","slug":"be-the-skin-pore-reset-glass-skin-cleansing-oil-150-ml-olejek-do-demakijazu","status":"publish","type":"product","link":"https:\/\/selleetools.com\/pl\/product\/be-the-skin-pore-reset-glass-skin-cleansing-oil-150-ml-olejek-do-demakijazu\/","title":{"rendered":"Be The Skin Pore Reset Glass Skin Cleansing Oil 150 ml &#8211; olejek do demakija\u017cu"},"content":{"rendered":"<p>Be The Skin Pore Reset Glass Skin Cleansing Oil to lekki olejek do demakija\u017cu, kt\u00f3ry skutecznie usuwa makija\u017c, filtry przeciws\u0142oneczne oraz zanieczyszczenia, jednocze\u015bnie piel\u0119gnuj\u0105c sk\u00f3r\u0119. Zawiera mieszank\u0119 naturalnych olej\u00f3w ro\u015blinnych (zielona herbata, oliwka, winogrona, jojoba, ry\u017c) oraz Centella Asiatica Callus Extracellular Vesicles, kt\u00f3re wspieraj\u0105 regeneracj\u0119 i ukojenie sk\u00f3ry. Olejek pozostawia cer\u0119 czyst\u0105, g\u0142adk\u0105 i z efektem \u201eglass skin\u201d bez uczucia t\u0142usto\u015bci.<\/p>\n<p>Korzy\u015bci dla sk\u00f3ry:<br \/>\nSkutecznie rozpuszcza makija\u017c i zanieczyszczenia<br \/>\nOczyszcza pory i redukuje widoczno\u015b\u0107 zask\u00f3rnik\u00f3w<br \/>\nNawil\u017ca i zmi\u0119kcza sk\u00f3r\u0119<br \/>\nWzmacnia barier\u0119 hydrolipidow\u0105 i koi podra\u017cnienia<br \/>\nPrzygotowuje sk\u00f3r\u0119 na dalsze etapy piel\u0119gnacji<\/p>\n<p>Spos\u00f3b u\u017cycia: Na\u0142\u00f3\u017c 2\u20133 pompki olejku na suche d\u0142onie i wmasuj w such\u0105 sk\u00f3r\u0119 twarzy. Dodaj odrobin\u0119 wody, aby uzyska\u0107 mleczn\u0105 emulsj\u0119, a nast\u0119pnie dok\u0142adnie sp\u0142ucz letni\u0105 wod\u0105.<\/p>\n","protected":false},"excerpt":{"rendered":"<p>Be The Skin Pore Reset Glass Skin Cleansing Oil to lekki olejek do demakija\u017cu, kt\u00f3ry skutecznie usuwa makija\u017c, filtry przeciws\u0142oneczne oraz zanieczyszczenia, jednocze\u015bnie piel\u0119gnuj\u0105c sk\u00f3r\u0119. Zawiera mieszank\u0119 naturalnych olej\u00f3w ro\u015blinnych (zielona herbata, oliwka, winogrona, jojoba, ry\u017c) oraz Centella Asiatica Callus Extracellular Vesicles, kt\u00f3re wspieraj\u0105 regeneracj\u0119 i ukojenie sk\u00f3ry. Olejek pozostawia cer\u0119 czyst\u0105, g\u0142adk\u0105 i z &#8230; <a title=\"Be The Skin Pore Reset Glass Skin Cleansing Oil 150 ml &#8211; olejek do demakija\u017cu\" class=\"read-more\" href=\"https:\/\/selleetools.com\/pl\/product\/be-the-skin-pore-reset-glass-skin-cleansing-oil-150-ml-olejek-do-demakijazu\/\">Read more<span class=\"screen-reader-text\">Be The Skin Pore Reset Glass Skin Cleansing Oil 150 ml &#8211; olejek do demakija\u017cu<\/span><\/a><\/p>\n","protected":false},"featured_media":608309,"comment_status":"open","ping_status":"closed","template":"","meta":{"_links_to":"","_links_to_target":""},"yoast_head":"<!-- This site is optimized with the Yoast SEO plugin v19.4 - https:\/\/yoast.com\/wordpress\/plugins\/seo\/ -->\n<title>Be The Skin Pore Reset Glass Skin Cleansing Oil 150 ml - olejek do demakija\u017cu - Selleetools.com<\/title>\n<meta name=\"robots\" content=\"index, follow, max-snippet:-1, max-image-preview:large, max-video-preview:-1\" \/>\n<link rel=\"canonical\" href=\"https:\/\/selleetools.com\/pl\/product\/be-the-skin-pore-reset-glass-skin-cleansing-oil-150-ml-olejek-do-demakijazu\/\" \/>\n<meta property=\"og:locale\" content=\"pl_PL\" \/>\n<meta property=\"og:type\" content=\"article\" \/>\n<meta property=\"og:title\" content=\"Be The Skin Pore Reset Glass Skin Cleansing Oil 150 ml - olejek do demakija\u017cu - Selleetools.com\" \/>\n<meta property=\"og:description\" content=\"Be The Skin Pore Reset Glass Skin Cleansing Oil to lekki olejek do demakija\u017cu, kt\u00f3ry skutecznie usuwa makija\u017c, filtry przeciws\u0142oneczne oraz zanieczyszczenia, jednocze\u015bnie piel\u0119gnuj\u0105c sk\u00f3r\u0119. Zawiera mieszank\u0119 naturalnych olej\u00f3w ro\u015blinnych (zielona herbata, oliwka, winogrona, jojoba, ry\u017c) oraz Centella Asiatica Callus Extracellular Vesicles, kt\u00f3re wspieraj\u0105 regeneracj\u0119 i ukojenie sk\u00f3ry. Olejek pozostawia cer\u0119 czyst\u0105, g\u0142adk\u0105 i z ... Read moreBe The Skin Pore Reset Glass Skin Cleansing Oil 150 ml &#8211; olejek do demakija\u017cu\" \/>\n<meta property=\"og:url\" content=\"https:\/\/selleetools.com\/pl\/product\/be-the-skin-pore-reset-glass-skin-cleansing-oil-150-ml-olejek-do-demakijazu\/\" \/>\n<meta property=\"og:site_name\" content=\"Selleetools.com\" \/>\n<meta property=\"article:modified_time\" content=\"2025-11-09T15:00:12+00:00\" \/>\n<meta property=\"og:image\" content=\"https:\/\/selleetools.com\/wp-content\/uploads\/2025\/10\/3e0a272f8c4c12501ed06e33a1d609a8.jpg\" \/>\n\t<meta property=\"og:image:width\" content=\"1200\" \/>\n\t<meta property=\"og:image:height\" content=\"1200\" \/>\n\t<meta property=\"og:image:type\" content=\"image\/jpeg\" \/>\n<meta name=\"twitter:card\" content=\"summary_large_image\" \/>\n<meta name=\"twitter:label1\" content=\"Est. reading time\" \/>\n\t<meta name=\"twitter:data1\" content=\"1 minuta\" \/>\n<!-- \/ Yoast SEO plugin. -->","yoast_head_json":{"title":"Be The Skin Pore Reset Glass Skin Cleansing Oil 150 ml - olejek do demakija\u017cu - Selleetools.com","robots":{"index":"index","follow":"follow","max-snippet":"max-snippet:-1","max-image-preview":"max-image-preview:large","max-video-preview":"max-video-preview:-1"},"canonical":"https:\/\/selleetools.com\/pl\/product\/be-the-skin-pore-reset-glass-skin-cleansing-oil-150-ml-olejek-do-demakijazu\/","og_locale":"pl_PL","og_type":"article","og_title":"Be The Skin Pore Reset Glass Skin Cleansing Oil 150 ml - olejek do demakija\u017cu - Selleetools.com","og_description":"Be The Skin Pore Reset Glass Skin Cleansing Oil to lekki olejek do demakija\u017cu, kt\u00f3ry skutecznie usuwa makija\u017c, filtry przeciws\u0142oneczne oraz zanieczyszczenia, jednocze\u015bnie piel\u0119gnuj\u0105c sk\u00f3r\u0119. Zawiera mieszank\u0119 naturalnych olej\u00f3w ro\u015blinnych (zielona herbata, oliwka, winogrona, jojoba, ry\u017c) oraz Centella Asiatica Callus Extracellular Vesicles, kt\u00f3re wspieraj\u0105 regeneracj\u0119 i ukojenie sk\u00f3ry. Olejek pozostawia cer\u0119 czyst\u0105, g\u0142adk\u0105 i z ... Read moreBe The Skin Pore Reset Glass Skin Cleansing Oil 150 ml &#8211; olejek do demakija\u017cu","og_url":"https:\/\/selleetools.com\/pl\/product\/be-the-skin-pore-reset-glass-skin-cleansing-oil-150-ml-olejek-do-demakijazu\/","og_site_name":"Selleetools.com","article_modified_time":"2025-11-09T15:00:12+00:00","og_image":[{"width":1200,"height":1200,"url":"https:\/\/selleetools.com\/wp-content\/uploads\/2025\/10\/3e0a272f8c4c12501ed06e33a1d609a8.jpg","type":"image\/jpeg"}],"twitter_card":"summary_large_image","twitter_misc":{"Est. reading time":"1 minuta"},"schema":{"@context":"https:\/\/schema.org","@graph":[{"@type":"Organization","@id":"https:\/\/selleetools.com\/#organization","name":"Selleetools","url":"https:\/\/selleetools.com\/","sameAs":[],"logo":{"@type":"ImageObject","inLanguage":"pl-PL","@id":"https:\/\/selleetools.com\/#\/schema\/logo\/image\/","url":"https:\/\/selleetools.com\/wp-content\/uploads\/2021\/10\/logo-dark.png","contentUrl":"https:\/\/selleetools.com\/wp-content\/uploads\/2021\/10\/logo-dark.png","width":320,"height":76,"caption":"Selleetools"},"image":{"@id":"https:\/\/selleetools.com\/#\/schema\/logo\/image\/"}},{"@type":"WebSite","@id":"https:\/\/selleetools.com\/#website","url":"https:\/\/selleetools.com\/","name":"Selleetools.com","description":"","publisher":{"@id":"https:\/\/selleetools.com\/#organization"},"potentialAction":[{"@type":"SearchAction","target":{"@type":"EntryPoint","urlTemplate":"https:\/\/selleetools.com\/?s={search_term_string}"},"query-input":"required name=search_term_string"}],"inLanguage":"pl-PL"},{"@type":"WebPage","@id":"https:\/\/selleetools.com\/pl\/product\/be-the-skin-pore-reset-glass-skin-cleansing-oil-150-ml-olejek-do-demakijazu\/","url":"https:\/\/selleetools.com\/pl\/product\/be-the-skin-pore-reset-glass-skin-cleansing-oil-150-ml-olejek-do-demakijazu\/","name":"Be The Skin Pore Reset Glass Skin Cleansing Oil 150 ml - olejek do demakija\u017cu - Selleetools.com","isPartOf":{"@id":"https:\/\/selleetools.com\/#website"},"datePublished":"2025-10-24T12:17:19+00:00","dateModified":"2025-11-09T15:00:12+00:00","breadcrumb":{"@id":"https:\/\/selleetools.com\/pl\/product\/be-the-skin-pore-reset-glass-skin-cleansing-oil-150-ml-olejek-do-demakijazu\/#breadcrumb"},"inLanguage":"pl-PL","potentialAction":[{"@type":"ReadAction","target":["https:\/\/selleetools.com\/pl\/product\/be-the-skin-pore-reset-glass-skin-cleansing-oil-150-ml-olejek-do-demakijazu\/"]}]},{"@type":"BreadcrumbList","@id":"https:\/\/selleetools.com\/pl\/product\/be-the-skin-pore-reset-glass-skin-cleansing-oil-150-ml-olejek-do-demakijazu\/#breadcrumb","itemListElement":[{"@type":"ListItem","position":1,"name":"Home","item":"https:\/\/selleetools.com\/pl\/"},{"@type":"ListItem","position":2,"name":"Katalog","item":"https:\/\/selleetools.com\/pl\/katalog\/"},{"@type":"ListItem","position":3,"name":"Be The Skin Pore Reset Glass Skin Cleansing Oil 150 ml &#8211; olejek do demakija\u017cu"}]}]}},"_links":{"self":[{"href":"https:\/\/selleetools.com\/pl\/wp-json\/wp\/v2\/product\/608311"}],"collection":[{"href":"https:\/\/selleetools.com\/pl\/wp-json\/wp\/v2\/product"}],"about":[{"href":"https:\/\/selleetools.com\/pl\/wp-json\/wp\/v2\/types\/product"}],"replies":[{"embeddable":true,"href":"https:\/\/selleetools.com\/pl\/wp-json\/wp\/v2\/comments?post=608311"}],"wp:featuredmedia":[{"embeddable":true,"href":"https:\/\/selleetools.com\/pl\/wp-json\/wp\/v2\/media\/608309"}],"wp:attachment":[{"href":"https:\/\/selleetools.com\/pl\/wp-json\/wp\/v2\/media?parent=608311"}],"curies":[{"name":"wp","href":"https:\/\/api.w.org\/{rel}","templated":true}]}}