{"id":608299,"date":"2025-10-24T14:17:08","date_gmt":"2025-10-24T12:17:08","guid":{"rendered":"https:\/\/selleetools.com\/?post_type=product&#038;p=608299"},"modified":"2025-11-04T21:29:23","modified_gmt":"2025-11-04T20:29:23","slug":"romnd-better-than-cheek-n02-vine-nude-4-g-pudroworozowy-roz-do-policzkow","status":"publish","type":"product","link":"https:\/\/selleetools.com\/pl\/product\/romnd-better-than-cheek-n02-vine-nude-4-g-pudroworozowy-roz-do-policzkow\/","title":{"rendered":"rom&#038;nd Better Than Cheek N02 Vine Nude 4 g &#8211; pudrowor\u00f3\u017cowy r\u00f3\u017c do policzk\u00f3w"},"content":{"rendered":"<p>rom&#038;nd Better Than Cheek N02 Vine Nude to delikatny, pudrowor\u00f3\u017cowy r\u00f3\u017c do policzk\u00f3w w eleganckim, stonowanym odcieniu nude, kt\u00f3ry idealnie stapia si\u0119 ze sk\u00f3r\u0105, nadaj\u0105c jej naturalny, zdrowy rumieniec. Formu\u0142a r\u00f3\u017cu zosta\u0142a stworzona z my\u015bl\u0105 o subtelnym wyko\u0144czeniu \u2013 p\u00f3\u0142matowa, jedwabi\u015bcie g\u0142adka konsystencja sprawia, \u017ce produkt rozprowadza si\u0119 r\u00f3wnomiernie, nie tworz\u0105c plam ani smug. Dzi\u0119ki lekkiej formule, r\u00f3\u017c \u015bwietnie sprawdza si\u0119 zar\u00f3wno w dziennym, jak i bardziej wyrafinowanym makija\u017cu.<\/p>\n<p>Korzy\u015bci ze stosowania:<br \/>\nNaturalne wyko\u0144czenie \u2013 kolor wygl\u0105da jak efekt naturalnego zarumienienia, bez przesadnej intensywno\u015bci.<br \/>\nD\u0142ugotrwa\u0142o\u015b\u0107 \u2013 formu\u0142a zawieraj\u0105ca Boron Nitride i Silica pomaga w utrzymaniu \u015bwie\u017cego wygl\u0105du przez wiele godzin, absorbuj\u0105c nadmiar sebum.<br \/>\nJedwabista aplikacja \u2013 Dimethicone i Caprylic\/Capric Triglyceride wyg\u0142adzaj\u0105 sk\u00f3r\u0119 i poprawiaj\u0105 przyczepno\u015b\u0107 r\u00f3\u017cu, u\u0142atwiaj\u0105c aplikacj\u0119.<br \/>\nLekko\u015b\u0107 na sk\u00f3rze \u2013 r\u00f3\u017c jest niemal niewyczuwalny, nie obci\u0105\u017ca cery, nie podkre\u015bla suchych sk\u00f3rek ani por\u00f3w.<br \/>\nUniwersalny odcie\u0144 \u2013 odcie\u0144 Vine Nude doskonale komponuje si\u0119 z wi\u0119kszo\u015bci\u0105 typ\u00f3w urody i makija\u017cu dziennego.<\/p>\n<p>Spos\u00f3b u\u017cycia: Za pomoc\u0105 mi\u0119kkiego p\u0119dzla nabierz niewielk\u0105 ilo\u015b\u0107 produktu i delikatnie wklep lub omiataj policzki, zaczynaj\u0105c od \u015brodka twarzy w kierunku skroni. W razie potrzeby stopniuj intensywno\u015b\u0107 dla mocniejszego efektu. Dla najbardziej naturalnego rezultatu u\u017cyj lekkich, kolistych ruch\u00f3w.<\/p>\n","protected":false},"excerpt":{"rendered":"<p>rom&#038;nd Better Than Cheek N02 Vine Nude to delikatny, pudrowor\u00f3\u017cowy r\u00f3\u017c do policzk\u00f3w w eleganckim, stonowanym odcieniu nude, kt\u00f3ry idealnie stapia si\u0119 ze sk\u00f3r\u0105, nadaj\u0105c jej naturalny, zdrowy rumieniec. Formu\u0142a r\u00f3\u017cu zosta\u0142a stworzona z my\u015bl\u0105 o subtelnym wyko\u0144czeniu \u2013 p\u00f3\u0142matowa, jedwabi\u015bcie g\u0142adka konsystencja sprawia, \u017ce produkt rozprowadza si\u0119 r\u00f3wnomiernie, nie tworz\u0105c plam ani smug. Dzi\u0119ki &#8230; <a title=\"rom&#038;nd Better Than Cheek N02 Vine Nude 4 g &#8211; pudrowor\u00f3\u017cowy r\u00f3\u017c do policzk\u00f3w\" class=\"read-more\" href=\"https:\/\/selleetools.com\/pl\/product\/romnd-better-than-cheek-n02-vine-nude-4-g-pudroworozowy-roz-do-policzkow\/\">Read more<span class=\"screen-reader-text\">rom&#038;nd Better Than Cheek N02 Vine Nude 4 g &#8211; pudrowor\u00f3\u017cowy r\u00f3\u017c do policzk\u00f3w<\/span><\/a><\/p>\n","protected":false},"featured_media":608297,"comment_status":"open","ping_status":"closed","template":"","meta":{"_links_to":"","_links_to_target":""},"yoast_head":"<!-- This site is optimized with the Yoast SEO plugin v19.4 - https:\/\/yoast.com\/wordpress\/plugins\/seo\/ -->\n<title>rom&amp;nd Better Than Cheek N02 Vine Nude 4 g - pudrowor\u00f3\u017cowy r\u00f3\u017c do policzk\u00f3w - Selleetools.com<\/title>\n<meta name=\"robots\" content=\"index, follow, max-snippet:-1, max-image-preview:large, max-video-preview:-1\" \/>\n<link rel=\"canonical\" href=\"https:\/\/admincentral.selleetools.com\/pl\/product\/romnd-better-than-cheek-n02-vine-nude-4-g-pudroworozowy-roz-do-policzkow\/\" \/>\n<meta property=\"og:locale\" content=\"pl_PL\" \/>\n<meta property=\"og:type\" content=\"article\" \/>\n<meta property=\"og:title\" content=\"rom&amp;nd Better Than Cheek N02 Vine Nude 4 g - pudrowor\u00f3\u017cowy r\u00f3\u017c do policzk\u00f3w - Selleetools.com\" \/>\n<meta property=\"og:description\" content=\"rom&#038;nd Better Than Cheek N02 Vine Nude to delikatny, pudrowor\u00f3\u017cowy r\u00f3\u017c do policzk\u00f3w w eleganckim, stonowanym odcieniu nude, kt\u00f3ry idealnie stapia si\u0119 ze sk\u00f3r\u0105, nadaj\u0105c jej naturalny, zdrowy rumieniec. Formu\u0142a r\u00f3\u017cu zosta\u0142a stworzona z my\u015bl\u0105 o subtelnym wyko\u0144czeniu \u2013 p\u00f3\u0142matowa, jedwabi\u015bcie g\u0142adka konsystencja sprawia, \u017ce produkt rozprowadza si\u0119 r\u00f3wnomiernie, nie tworz\u0105c plam ani smug. Dzi\u0119ki ... Read morerom&#038;nd Better Than Cheek N02 Vine Nude 4 g &#8211; pudrowor\u00f3\u017cowy r\u00f3\u017c do policzk\u00f3w\" \/>\n<meta property=\"og:url\" content=\"https:\/\/admincentral.selleetools.com\/pl\/product\/romnd-better-than-cheek-n02-vine-nude-4-g-pudroworozowy-roz-do-policzkow\/\" \/>\n<meta property=\"og:site_name\" content=\"Selleetools.com\" \/>\n<meta property=\"article:modified_time\" content=\"2025-11-04T20:29:23+00:00\" \/>\n<meta property=\"og:image\" content=\"https:\/\/selleetools.com\/wp-content\/uploads\/2025\/10\/e0efc697d9a99e0f70c2eb8852306158.png\" \/>\n\t<meta property=\"og:image:width\" content=\"1080\" \/>\n\t<meta property=\"og:image:height\" content=\"1080\" \/>\n\t<meta property=\"og:image:type\" content=\"image\/png\" \/>\n<meta name=\"twitter:card\" content=\"summary_large_image\" \/>\n<meta name=\"twitter:label1\" content=\"Est. reading time\" \/>\n\t<meta name=\"twitter:data1\" content=\"1 minuta\" \/>\n<!-- \/ Yoast SEO plugin. -->","yoast_head_json":{"title":"rom&nd Better Than Cheek N02 Vine Nude 4 g - pudrowor\u00f3\u017cowy r\u00f3\u017c do policzk\u00f3w - Selleetools.com","robots":{"index":"index","follow":"follow","max-snippet":"max-snippet:-1","max-image-preview":"max-image-preview:large","max-video-preview":"max-video-preview:-1"},"canonical":"https:\/\/admincentral.selleetools.com\/pl\/product\/romnd-better-than-cheek-n02-vine-nude-4-g-pudroworozowy-roz-do-policzkow\/","og_locale":"pl_PL","og_type":"article","og_title":"rom&nd Better Than Cheek N02 Vine Nude 4 g - pudrowor\u00f3\u017cowy r\u00f3\u017c do policzk\u00f3w - Selleetools.com","og_description":"rom&#038;nd Better Than Cheek N02 Vine Nude to delikatny, pudrowor\u00f3\u017cowy r\u00f3\u017c do policzk\u00f3w w eleganckim, stonowanym odcieniu nude, kt\u00f3ry idealnie stapia si\u0119 ze sk\u00f3r\u0105, nadaj\u0105c jej naturalny, zdrowy rumieniec. Formu\u0142a r\u00f3\u017cu zosta\u0142a stworzona z my\u015bl\u0105 o subtelnym wyko\u0144czeniu \u2013 p\u00f3\u0142matowa, jedwabi\u015bcie g\u0142adka konsystencja sprawia, \u017ce produkt rozprowadza si\u0119 r\u00f3wnomiernie, nie tworz\u0105c plam ani smug. Dzi\u0119ki ... Read morerom&#038;nd Better Than Cheek N02 Vine Nude 4 g &#8211; pudrowor\u00f3\u017cowy r\u00f3\u017c do policzk\u00f3w","og_url":"https:\/\/admincentral.selleetools.com\/pl\/product\/romnd-better-than-cheek-n02-vine-nude-4-g-pudroworozowy-roz-do-policzkow\/","og_site_name":"Selleetools.com","article_modified_time":"2025-11-04T20:29:23+00:00","og_image":[{"width":1080,"height":1080,"url":"https:\/\/selleetools.com\/wp-content\/uploads\/2025\/10\/e0efc697d9a99e0f70c2eb8852306158.png","type":"image\/png"}],"twitter_card":"summary_large_image","twitter_misc":{"Est. reading time":"1 minuta"},"schema":{"@context":"https:\/\/schema.org","@graph":[{"@type":"Organization","@id":"https:\/\/selleetools.com\/#organization","name":"Selleetools","url":"https:\/\/selleetools.com\/","sameAs":[],"logo":{"@type":"ImageObject","inLanguage":"pl-PL","@id":"https:\/\/selleetools.com\/#\/schema\/logo\/image\/","url":"https:\/\/selleetools.com\/wp-content\/uploads\/2021\/10\/logo-dark.png","contentUrl":"https:\/\/selleetools.com\/wp-content\/uploads\/2021\/10\/logo-dark.png","width":320,"height":76,"caption":"Selleetools"},"image":{"@id":"https:\/\/selleetools.com\/#\/schema\/logo\/image\/"}},{"@type":"WebSite","@id":"https:\/\/selleetools.com\/#website","url":"https:\/\/selleetools.com\/","name":"Selleetools.com","description":"","publisher":{"@id":"https:\/\/selleetools.com\/#organization"},"potentialAction":[{"@type":"SearchAction","target":{"@type":"EntryPoint","urlTemplate":"https:\/\/selleetools.com\/?s={search_term_string}"},"query-input":"required name=search_term_string"}],"inLanguage":"pl-PL"},{"@type":"WebPage","@id":"https:\/\/admincentral.selleetools.com\/pl\/product\/romnd-better-than-cheek-n02-vine-nude-4-g-pudroworozowy-roz-do-policzkow\/","url":"https:\/\/admincentral.selleetools.com\/pl\/product\/romnd-better-than-cheek-n02-vine-nude-4-g-pudroworozowy-roz-do-policzkow\/","name":"rom&nd Better Than Cheek N02 Vine Nude 4 g - pudrowor\u00f3\u017cowy r\u00f3\u017c do policzk\u00f3w - Selleetools.com","isPartOf":{"@id":"https:\/\/selleetools.com\/#website"},"datePublished":"2025-10-24T12:17:08+00:00","dateModified":"2025-11-04T20:29:23+00:00","breadcrumb":{"@id":"https:\/\/admincentral.selleetools.com\/pl\/product\/romnd-better-than-cheek-n02-vine-nude-4-g-pudroworozowy-roz-do-policzkow\/#breadcrumb"},"inLanguage":"pl-PL","potentialAction":[{"@type":"ReadAction","target":["https:\/\/admincentral.selleetools.com\/pl\/product\/romnd-better-than-cheek-n02-vine-nude-4-g-pudroworozowy-roz-do-policzkow\/"]}]},{"@type":"BreadcrumbList","@id":"https:\/\/admincentral.selleetools.com\/pl\/product\/romnd-better-than-cheek-n02-vine-nude-4-g-pudroworozowy-roz-do-policzkow\/#breadcrumb","itemListElement":[{"@type":"ListItem","position":1,"name":"Home","item":"https:\/\/selleetools.com\/pl\/"},{"@type":"ListItem","position":2,"name":"Katalog","item":"https:\/\/selleetools.com\/pl\/katalog\/"},{"@type":"ListItem","position":3,"name":"rom&#038;nd Better Than Cheek N02 Vine Nude 4 g &#8211; pudrowor\u00f3\u017cowy r\u00f3\u017c do policzk\u00f3w"}]}]}},"_links":{"self":[{"href":"https:\/\/selleetools.com\/pl\/wp-json\/wp\/v2\/product\/608299"}],"collection":[{"href":"https:\/\/selleetools.com\/pl\/wp-json\/wp\/v2\/product"}],"about":[{"href":"https:\/\/selleetools.com\/pl\/wp-json\/wp\/v2\/types\/product"}],"replies":[{"embeddable":true,"href":"https:\/\/selleetools.com\/pl\/wp-json\/wp\/v2\/comments?post=608299"}],"wp:featuredmedia":[{"embeddable":true,"href":"https:\/\/selleetools.com\/pl\/wp-json\/wp\/v2\/media\/608297"}],"wp:attachment":[{"href":"https:\/\/selleetools.com\/pl\/wp-json\/wp\/v2\/media?parent=608299"}],"curies":[{"name":"wp","href":"https:\/\/api.w.org\/{rel}","templated":true}]}}