{"id":608296,"date":"2025-10-24T14:17:05","date_gmt":"2025-10-24T12:17:05","guid":{"rendered":"https:\/\/selleetools.com\/?post_type=product&#038;p=608296"},"modified":"2025-11-04T21:29:11","modified_gmt":"2025-11-04T20:29:11","slug":"romnd-better-than-cheek-n01-nutty-nude-4-g-nude-roz-do-policzkow","status":"publish","type":"product","link":"https:\/\/selleetools.com\/pl\/product\/romnd-better-than-cheek-n01-nutty-nude-4-g-nude-roz-do-policzkow\/","title":{"rendered":"rom&#038;nd Better Than Cheek N01 Nutty Nude 4 g &#8211; nude r\u00f3\u017c do policzk\u00f3w"},"content":{"rendered":"<p>rom&#038;nd Better Than Cheek N01 Nutty Nude to subtelny r\u00f3\u017c w odcieniu neutralnego be\u017cu z delikatn\u0105 nut\u0105 brzoskwini, kt\u00f3ry podkre\u015bla naturalne rysy twarzy i nadaje jej \u015bwie\u017co\u015bci bez efektu przesady. Jego mi\u0119kka, drobno zmielona formu\u0142a wtapia si\u0119 w sk\u00f3r\u0119, tworz\u0105c satynowo-matowe wyko\u0144czenie, kt\u00f3re wygl\u0105da jak naturalny rumieniec. Idealny do makija\u017cu dziennego, doskonale komponuje si\u0119 z ka\u017cd\u0105 karnacj\u0105, szczeg\u00f3lnie u os\u00f3b preferuj\u0105cych minimalistyczny, &#8220;no-makeup&#8221; look.<\/p>\n<p>Korzy\u015bci ze stosowania:<br \/>\nNaturalny efekt \u2013 be\u017cowy odcie\u0144 z brzoskwiniowym tonem subtelnie podkre\u015bla policzki, nadaj\u0105c im zdrowy wygl\u0105d.<br \/>\nMatowe, jedwabiste wyko\u0144czenie \u2013 dzi\u0119ki obecno\u015bci talku, krzemionki i boron nitride r\u00f3\u017c wtapia si\u0119 w sk\u00f3r\u0119 i wyg\u0142adza jej struktur\u0119.<br \/>\nD\u0142ugotrwa\u0142o\u015b\u0107 i lekko\u015b\u0107 \u2013 lekka konsystencja zapewnia komfort noszenia przez ca\u0142y dzie\u0144 bez uczucia ci\u0119\u017cko\u015bci.<br \/>\nPiel\u0119gnacja sk\u00f3ry w trakcie makija\u017cu \u2013 obecno\u015b\u0107 olej\u00f3w i estr\u00f3w (Caprylic\/Capric Triglyceride, Hexyl Laurate) zapobiega przesuszaniu sk\u00f3ry.<br \/>\nWysoka jako\u015b\u0107 pigment\u00f3w \u2013 trwa\u0142e, ale \u0142agodne barwniki gwarantuj\u0105 naturalny efekt bez plam i smug.<\/p>\n<p>Spos\u00f3b u\u017cycia: Za pomoc\u0105 p\u0119dzla delikatnie nabierz niewielk\u0105 ilo\u015b\u0107 produktu i na\u0142\u00f3\u017c na szczyty ko\u015bci policzkowych, rozcieraj\u0105c ku g\u00f3rze. Intensywno\u015b\u0107 koloru mo\u017cna stopniowa\u0107, dok\u0142adaj\u0105c kolejne warstwy. Idealny r\u00f3wnie\u017c do konturowania przy jasnych karnacjach.<\/p>\n","protected":false},"excerpt":{"rendered":"<p>rom&#038;nd Better Than Cheek N01 Nutty Nude to subtelny r\u00f3\u017c w odcieniu neutralnego be\u017cu z delikatn\u0105 nut\u0105 brzoskwini, kt\u00f3ry podkre\u015bla naturalne rysy twarzy i nadaje jej \u015bwie\u017co\u015bci bez efektu przesady. Jego mi\u0119kka, drobno zmielona formu\u0142a wtapia si\u0119 w sk\u00f3r\u0119, tworz\u0105c satynowo-matowe wyko\u0144czenie, kt\u00f3re wygl\u0105da jak naturalny rumieniec. Idealny do makija\u017cu dziennego, doskonale komponuje si\u0119 z &#8230; <a title=\"rom&#038;nd Better Than Cheek N01 Nutty Nude 4 g &#8211; nude r\u00f3\u017c do policzk\u00f3w\" class=\"read-more\" href=\"https:\/\/selleetools.com\/pl\/product\/romnd-better-than-cheek-n01-nutty-nude-4-g-nude-roz-do-policzkow\/\">Read more<span class=\"screen-reader-text\">rom&#038;nd Better Than Cheek N01 Nutty Nude 4 g &#8211; nude r\u00f3\u017c do policzk\u00f3w<\/span><\/a><\/p>\n","protected":false},"featured_media":608294,"comment_status":"open","ping_status":"closed","template":"","meta":{"_links_to":"","_links_to_target":""},"yoast_head":"<!-- This site is optimized with the Yoast SEO plugin v19.4 - https:\/\/yoast.com\/wordpress\/plugins\/seo\/ -->\n<title>rom&amp;nd Better Than Cheek N01 Nutty Nude 4 g - nude r\u00f3\u017c do policzk\u00f3w - Selleetools.com<\/title>\n<meta name=\"robots\" content=\"index, follow, max-snippet:-1, max-image-preview:large, max-video-preview:-1\" \/>\n<link rel=\"canonical\" href=\"https:\/\/admincentral.selleetools.com\/pl\/product\/romnd-better-than-cheek-n01-nutty-nude-4-g-nude-roz-do-policzkow\/\" \/>\n<meta property=\"og:locale\" content=\"pl_PL\" \/>\n<meta property=\"og:type\" content=\"article\" \/>\n<meta property=\"og:title\" content=\"rom&amp;nd Better Than Cheek N01 Nutty Nude 4 g - nude r\u00f3\u017c do policzk\u00f3w - Selleetools.com\" \/>\n<meta property=\"og:description\" content=\"rom&#038;nd Better Than Cheek N01 Nutty Nude to subtelny r\u00f3\u017c w odcieniu neutralnego be\u017cu z delikatn\u0105 nut\u0105 brzoskwini, kt\u00f3ry podkre\u015bla naturalne rysy twarzy i nadaje jej \u015bwie\u017co\u015bci bez efektu przesady. Jego mi\u0119kka, drobno zmielona formu\u0142a wtapia si\u0119 w sk\u00f3r\u0119, tworz\u0105c satynowo-matowe wyko\u0144czenie, kt\u00f3re wygl\u0105da jak naturalny rumieniec. Idealny do makija\u017cu dziennego, doskonale komponuje si\u0119 z ... Read morerom&#038;nd Better Than Cheek N01 Nutty Nude 4 g &#8211; nude r\u00f3\u017c do policzk\u00f3w\" \/>\n<meta property=\"og:url\" content=\"https:\/\/admincentral.selleetools.com\/pl\/product\/romnd-better-than-cheek-n01-nutty-nude-4-g-nude-roz-do-policzkow\/\" \/>\n<meta property=\"og:site_name\" content=\"Selleetools.com\" \/>\n<meta property=\"article:modified_time\" content=\"2025-11-04T20:29:11+00:00\" \/>\n<meta property=\"og:image\" content=\"https:\/\/selleetools.com\/wp-content\/uploads\/2025\/10\/04ae3194cf0e085011a90317bbb30f00.png\" \/>\n\t<meta property=\"og:image:width\" content=\"1080\" \/>\n\t<meta property=\"og:image:height\" content=\"1080\" \/>\n\t<meta property=\"og:image:type\" content=\"image\/png\" \/>\n<meta name=\"twitter:card\" content=\"summary_large_image\" \/>\n<meta name=\"twitter:label1\" content=\"Est. reading time\" \/>\n\t<meta name=\"twitter:data1\" content=\"1 minuta\" \/>\n<!-- \/ Yoast SEO plugin. -->","yoast_head_json":{"title":"rom&nd Better Than Cheek N01 Nutty Nude 4 g - nude r\u00f3\u017c do policzk\u00f3w - Selleetools.com","robots":{"index":"index","follow":"follow","max-snippet":"max-snippet:-1","max-image-preview":"max-image-preview:large","max-video-preview":"max-video-preview:-1"},"canonical":"https:\/\/admincentral.selleetools.com\/pl\/product\/romnd-better-than-cheek-n01-nutty-nude-4-g-nude-roz-do-policzkow\/","og_locale":"pl_PL","og_type":"article","og_title":"rom&nd Better Than Cheek N01 Nutty Nude 4 g - nude r\u00f3\u017c do policzk\u00f3w - Selleetools.com","og_description":"rom&#038;nd Better Than Cheek N01 Nutty Nude to subtelny r\u00f3\u017c w odcieniu neutralnego be\u017cu z delikatn\u0105 nut\u0105 brzoskwini, kt\u00f3ry podkre\u015bla naturalne rysy twarzy i nadaje jej \u015bwie\u017co\u015bci bez efektu przesady. Jego mi\u0119kka, drobno zmielona formu\u0142a wtapia si\u0119 w sk\u00f3r\u0119, tworz\u0105c satynowo-matowe wyko\u0144czenie, kt\u00f3re wygl\u0105da jak naturalny rumieniec. Idealny do makija\u017cu dziennego, doskonale komponuje si\u0119 z ... Read morerom&#038;nd Better Than Cheek N01 Nutty Nude 4 g &#8211; nude r\u00f3\u017c do policzk\u00f3w","og_url":"https:\/\/admincentral.selleetools.com\/pl\/product\/romnd-better-than-cheek-n01-nutty-nude-4-g-nude-roz-do-policzkow\/","og_site_name":"Selleetools.com","article_modified_time":"2025-11-04T20:29:11+00:00","og_image":[{"width":1080,"height":1080,"url":"https:\/\/selleetools.com\/wp-content\/uploads\/2025\/10\/04ae3194cf0e085011a90317bbb30f00.png","type":"image\/png"}],"twitter_card":"summary_large_image","twitter_misc":{"Est. reading time":"1 minuta"},"schema":{"@context":"https:\/\/schema.org","@graph":[{"@type":"Organization","@id":"https:\/\/selleetools.com\/#organization","name":"Selleetools","url":"https:\/\/selleetools.com\/","sameAs":[],"logo":{"@type":"ImageObject","inLanguage":"pl-PL","@id":"https:\/\/selleetools.com\/#\/schema\/logo\/image\/","url":"https:\/\/selleetools.com\/wp-content\/uploads\/2021\/10\/logo-dark.png","contentUrl":"https:\/\/selleetools.com\/wp-content\/uploads\/2021\/10\/logo-dark.png","width":320,"height":76,"caption":"Selleetools"},"image":{"@id":"https:\/\/selleetools.com\/#\/schema\/logo\/image\/"}},{"@type":"WebSite","@id":"https:\/\/selleetools.com\/#website","url":"https:\/\/selleetools.com\/","name":"Selleetools.com","description":"","publisher":{"@id":"https:\/\/selleetools.com\/#organization"},"potentialAction":[{"@type":"SearchAction","target":{"@type":"EntryPoint","urlTemplate":"https:\/\/selleetools.com\/?s={search_term_string}"},"query-input":"required name=search_term_string"}],"inLanguage":"pl-PL"},{"@type":"WebPage","@id":"https:\/\/admincentral.selleetools.com\/pl\/product\/romnd-better-than-cheek-n01-nutty-nude-4-g-nude-roz-do-policzkow\/","url":"https:\/\/admincentral.selleetools.com\/pl\/product\/romnd-better-than-cheek-n01-nutty-nude-4-g-nude-roz-do-policzkow\/","name":"rom&nd Better Than Cheek N01 Nutty Nude 4 g - nude r\u00f3\u017c do policzk\u00f3w - Selleetools.com","isPartOf":{"@id":"https:\/\/selleetools.com\/#website"},"datePublished":"2025-10-24T12:17:05+00:00","dateModified":"2025-11-04T20:29:11+00:00","breadcrumb":{"@id":"https:\/\/admincentral.selleetools.com\/pl\/product\/romnd-better-than-cheek-n01-nutty-nude-4-g-nude-roz-do-policzkow\/#breadcrumb"},"inLanguage":"pl-PL","potentialAction":[{"@type":"ReadAction","target":["https:\/\/admincentral.selleetools.com\/pl\/product\/romnd-better-than-cheek-n01-nutty-nude-4-g-nude-roz-do-policzkow\/"]}]},{"@type":"BreadcrumbList","@id":"https:\/\/admincentral.selleetools.com\/pl\/product\/romnd-better-than-cheek-n01-nutty-nude-4-g-nude-roz-do-policzkow\/#breadcrumb","itemListElement":[{"@type":"ListItem","position":1,"name":"Home","item":"https:\/\/selleetools.com\/pl\/"},{"@type":"ListItem","position":2,"name":"Katalog","item":"https:\/\/selleetools.com\/pl\/katalog\/"},{"@type":"ListItem","position":3,"name":"rom&#038;nd Better Than Cheek N01 Nutty Nude 4 g &#8211; nude r\u00f3\u017c do policzk\u00f3w"}]}]}},"_links":{"self":[{"href":"https:\/\/selleetools.com\/pl\/wp-json\/wp\/v2\/product\/608296"}],"collection":[{"href":"https:\/\/selleetools.com\/pl\/wp-json\/wp\/v2\/product"}],"about":[{"href":"https:\/\/selleetools.com\/pl\/wp-json\/wp\/v2\/types\/product"}],"replies":[{"embeddable":true,"href":"https:\/\/selleetools.com\/pl\/wp-json\/wp\/v2\/comments?post=608296"}],"wp:featuredmedia":[{"embeddable":true,"href":"https:\/\/selleetools.com\/pl\/wp-json\/wp\/v2\/media\/608294"}],"wp:attachment":[{"href":"https:\/\/selleetools.com\/pl\/wp-json\/wp\/v2\/media?parent=608296"}],"curies":[{"name":"wp","href":"https:\/\/api.w.org\/{rel}","templated":true}]}}