{"id":608293,"date":"2025-10-24T14:17:02","date_gmt":"2025-10-24T12:17:02","guid":{"rendered":"https:\/\/selleetools.com\/?post_type=product&#038;p=608293"},"modified":"2026-03-03T11:18:48","modified_gmt":"2026-03-03T10:18:48","slug":"romnd-better-than-cheek-c04-pear-4-g-brzoskwiniowy-roz-do-policzkow","status":"publish","type":"product","link":"https:\/\/selleetools.com\/pl\/product\/romnd-better-than-cheek-c04-pear-4-g-brzoskwiniowy-roz-do-policzkow\/","title":{"rendered":"rom&#038;nd Better Than Cheek C04 Pear 4 g &#8211; brzoskwiniowy r\u00f3\u017c do policzk\u00f3w"},"content":{"rendered":"<p>rom&#038;nd Better Than Cheek C04 Pear to lekki, jedwabisty r\u00f3\u017c do policzk\u00f3w w odcieniu subtelnej brzoskwini, kt\u00f3ry idealnie komponuje si\u0119 z cer\u0105, tworz\u0105c naturalny efekt zdrowego rumie\u0144ca. Jego pudrowa, p\u00f3\u0142transparentna formu\u0142a rozprowadza si\u0119 r\u00f3wnomiernie, nie tworz\u0105c plam i daj\u0105c efekt rozmytej mi\u0119kko\u015bci. Idealny do codziennego makija\u017cu, nadaje twarzy \u015bwie\u017co\u015bci i dziewcz\u0119cego uroku.<\/p>\n<p>Korzy\u015bci ze stosowania:<br \/>\nNaturalny efekt \u2013 nadaje cerze zdrowy, \u015bwie\u017cy wygl\u0105d bez przerysowania.<br \/>\nLekka i oddychaj\u0105ca formu\u0142a \u2013 nie obci\u0105\u017ca sk\u00f3ry, idealna nawet dla cery t\u0142ustej i mieszanej.<br \/>\nD\u0142ugotrwa\u0142o\u015b\u0107 \u2013 utrzymuje si\u0119 na sk\u00f3rze przez wiele godzin bez konieczno\u015bci poprawek.<br \/>\nMi\u0119kkie wyko\u0144czenie Soft Blur \u2013 wyg\u0142adza optycznie pory i drobne niedoskona\u0142o\u015bci.<br \/>\nBezpieczny dla sk\u00f3ry \u2013 delikatna formu\u0142a wzbogacona o sk\u0142adniki piel\u0119gnuj\u0105ce.<\/p>\n<p>Spos\u00f3b u\u017cycia: Za pomoc\u0105 p\u0119dzla do r\u00f3\u017cu nanie\u015b niewielk\u0105 ilo\u015b\u0107 produktu na szczyty ko\u015bci policzkowych, delikatnie rozcieraj\u0105c ku g\u00f3rze. Intensywno\u015b\u0107 efektu mo\u017cesz stopniowa\u0107, dok\u0142adaj\u0105c kolejne warstwy.<\/p>\n","protected":false},"excerpt":{"rendered":"<p>rom&#038;nd Better Than Cheek C04 Pear to lekki, jedwabisty r\u00f3\u017c do policzk\u00f3w w odcieniu subtelnej brzoskwini, kt\u00f3ry idealnie komponuje si\u0119 z cer\u0105, tworz\u0105c naturalny efekt zdrowego rumie\u0144ca. Jego pudrowa, p\u00f3\u0142transparentna formu\u0142a rozprowadza si\u0119 r\u00f3wnomiernie, nie tworz\u0105c plam i daj\u0105c efekt rozmytej mi\u0119kko\u015bci. Idealny do codziennego makija\u017cu, nadaje twarzy \u015bwie\u017co\u015bci i dziewcz\u0119cego uroku. Korzy\u015bci ze stosowania: &#8230; <a title=\"rom&#038;nd Better Than Cheek C04 Pear 4 g &#8211; brzoskwiniowy r\u00f3\u017c do policzk\u00f3w\" class=\"read-more\" href=\"https:\/\/selleetools.com\/pl\/product\/romnd-better-than-cheek-c04-pear-4-g-brzoskwiniowy-roz-do-policzkow\/\">Read more<span class=\"screen-reader-text\">rom&#038;nd Better Than Cheek C04 Pear 4 g &#8211; brzoskwiniowy r\u00f3\u017c do policzk\u00f3w<\/span><\/a><\/p>\n","protected":false},"featured_media":608291,"comment_status":"open","ping_status":"closed","template":"","meta":{"_links_to":"","_links_to_target":""},"yoast_head":"<!-- This site is optimized with the Yoast SEO plugin v19.4 - https:\/\/yoast.com\/wordpress\/plugins\/seo\/ -->\n<title>rom&amp;nd Better Than Cheek C04 Pear 4 g - brzoskwiniowy r\u00f3\u017c do policzk\u00f3w - Selleetools.com<\/title>\n<meta name=\"robots\" content=\"index, follow, max-snippet:-1, max-image-preview:large, max-video-preview:-1\" \/>\n<link rel=\"canonical\" href=\"https:\/\/selleetools.com\/pl\/product\/romnd-better-than-cheek-c04-pear-4-g-brzoskwiniowy-roz-do-policzkow\/\" \/>\n<meta property=\"og:locale\" content=\"pl_PL\" \/>\n<meta property=\"og:type\" content=\"article\" \/>\n<meta property=\"og:title\" content=\"rom&amp;nd Better Than Cheek C04 Pear 4 g - brzoskwiniowy r\u00f3\u017c do policzk\u00f3w - Selleetools.com\" \/>\n<meta property=\"og:description\" content=\"rom&#038;nd Better Than Cheek C04 Pear to lekki, jedwabisty r\u00f3\u017c do policzk\u00f3w w odcieniu subtelnej brzoskwini, kt\u00f3ry idealnie komponuje si\u0119 z cer\u0105, tworz\u0105c naturalny efekt zdrowego rumie\u0144ca. Jego pudrowa, p\u00f3\u0142transparentna formu\u0142a rozprowadza si\u0119 r\u00f3wnomiernie, nie tworz\u0105c plam i daj\u0105c efekt rozmytej mi\u0119kko\u015bci. Idealny do codziennego makija\u017cu, nadaje twarzy \u015bwie\u017co\u015bci i dziewcz\u0119cego uroku. Korzy\u015bci ze stosowania: ... Read morerom&#038;nd Better Than Cheek C04 Pear 4 g &#8211; brzoskwiniowy r\u00f3\u017c do policzk\u00f3w\" \/>\n<meta property=\"og:url\" content=\"https:\/\/selleetools.com\/pl\/product\/romnd-better-than-cheek-c04-pear-4-g-brzoskwiniowy-roz-do-policzkow\/\" \/>\n<meta property=\"og:site_name\" content=\"Selleetools.com\" \/>\n<meta property=\"article:modified_time\" content=\"2026-03-03T10:18:48+00:00\" \/>\n<meta property=\"og:image\" content=\"https:\/\/selleetools.com\/wp-content\/uploads\/2025\/10\/67c984b378399dcdfac35b01b08c15da.png\" \/>\n\t<meta property=\"og:image:width\" content=\"1080\" \/>\n\t<meta property=\"og:image:height\" content=\"1080\" \/>\n\t<meta property=\"og:image:type\" content=\"image\/png\" \/>\n<meta name=\"twitter:card\" content=\"summary_large_image\" \/>\n<meta name=\"twitter:label1\" content=\"Est. reading time\" \/>\n\t<meta name=\"twitter:data1\" content=\"1 minuta\" \/>\n<!-- \/ Yoast SEO plugin. -->","yoast_head_json":{"title":"rom&nd Better Than Cheek C04 Pear 4 g - brzoskwiniowy r\u00f3\u017c do policzk\u00f3w - Selleetools.com","robots":{"index":"index","follow":"follow","max-snippet":"max-snippet:-1","max-image-preview":"max-image-preview:large","max-video-preview":"max-video-preview:-1"},"canonical":"https:\/\/selleetools.com\/pl\/product\/romnd-better-than-cheek-c04-pear-4-g-brzoskwiniowy-roz-do-policzkow\/","og_locale":"pl_PL","og_type":"article","og_title":"rom&nd Better Than Cheek C04 Pear 4 g - brzoskwiniowy r\u00f3\u017c do policzk\u00f3w - Selleetools.com","og_description":"rom&#038;nd Better Than Cheek C04 Pear to lekki, jedwabisty r\u00f3\u017c do policzk\u00f3w w odcieniu subtelnej brzoskwini, kt\u00f3ry idealnie komponuje si\u0119 z cer\u0105, tworz\u0105c naturalny efekt zdrowego rumie\u0144ca. Jego pudrowa, p\u00f3\u0142transparentna formu\u0142a rozprowadza si\u0119 r\u00f3wnomiernie, nie tworz\u0105c plam i daj\u0105c efekt rozmytej mi\u0119kko\u015bci. Idealny do codziennego makija\u017cu, nadaje twarzy \u015bwie\u017co\u015bci i dziewcz\u0119cego uroku. Korzy\u015bci ze stosowania: ... Read morerom&#038;nd Better Than Cheek C04 Pear 4 g &#8211; brzoskwiniowy r\u00f3\u017c do policzk\u00f3w","og_url":"https:\/\/selleetools.com\/pl\/product\/romnd-better-than-cheek-c04-pear-4-g-brzoskwiniowy-roz-do-policzkow\/","og_site_name":"Selleetools.com","article_modified_time":"2026-03-03T10:18:48+00:00","og_image":[{"width":1080,"height":1080,"url":"https:\/\/selleetools.com\/wp-content\/uploads\/2025\/10\/67c984b378399dcdfac35b01b08c15da.png","type":"image\/png"}],"twitter_card":"summary_large_image","twitter_misc":{"Est. reading time":"1 minuta"},"schema":{"@context":"https:\/\/schema.org","@graph":[{"@type":"Organization","@id":"https:\/\/selleetools.com\/#organization","name":"Selleetools","url":"https:\/\/selleetools.com\/","sameAs":[],"logo":{"@type":"ImageObject","inLanguage":"pl-PL","@id":"https:\/\/selleetools.com\/#\/schema\/logo\/image\/","url":"https:\/\/selleetools.com\/wp-content\/uploads\/2021\/10\/logo-dark.png","contentUrl":"https:\/\/selleetools.com\/wp-content\/uploads\/2021\/10\/logo-dark.png","width":320,"height":76,"caption":"Selleetools"},"image":{"@id":"https:\/\/selleetools.com\/#\/schema\/logo\/image\/"}},{"@type":"WebSite","@id":"https:\/\/selleetools.com\/#website","url":"https:\/\/selleetools.com\/","name":"Selleetools.com","description":"","publisher":{"@id":"https:\/\/selleetools.com\/#organization"},"potentialAction":[{"@type":"SearchAction","target":{"@type":"EntryPoint","urlTemplate":"https:\/\/selleetools.com\/?s={search_term_string}"},"query-input":"required name=search_term_string"}],"inLanguage":"pl-PL"},{"@type":"WebPage","@id":"https:\/\/selleetools.com\/pl\/product\/romnd-better-than-cheek-c04-pear-4-g-brzoskwiniowy-roz-do-policzkow\/","url":"https:\/\/selleetools.com\/pl\/product\/romnd-better-than-cheek-c04-pear-4-g-brzoskwiniowy-roz-do-policzkow\/","name":"rom&nd Better Than Cheek C04 Pear 4 g - brzoskwiniowy r\u00f3\u017c do policzk\u00f3w - Selleetools.com","isPartOf":{"@id":"https:\/\/selleetools.com\/#website"},"datePublished":"2025-10-24T12:17:02+00:00","dateModified":"2026-03-03T10:18:48+00:00","breadcrumb":{"@id":"https:\/\/selleetools.com\/pl\/product\/romnd-better-than-cheek-c04-pear-4-g-brzoskwiniowy-roz-do-policzkow\/#breadcrumb"},"inLanguage":"pl-PL","potentialAction":[{"@type":"ReadAction","target":["https:\/\/selleetools.com\/pl\/product\/romnd-better-than-cheek-c04-pear-4-g-brzoskwiniowy-roz-do-policzkow\/"]}]},{"@type":"BreadcrumbList","@id":"https:\/\/selleetools.com\/pl\/product\/romnd-better-than-cheek-c04-pear-4-g-brzoskwiniowy-roz-do-policzkow\/#breadcrumb","itemListElement":[{"@type":"ListItem","position":1,"name":"Home","item":"https:\/\/selleetools.com\/pl\/"},{"@type":"ListItem","position":2,"name":"Katalog","item":"https:\/\/selleetools.com\/pl\/katalog\/"},{"@type":"ListItem","position":3,"name":"rom&#038;nd Better Than Cheek C04 Pear 4 g &#8211; brzoskwiniowy r\u00f3\u017c do policzk\u00f3w"}]}]}},"_links":{"self":[{"href":"https:\/\/selleetools.com\/pl\/wp-json\/wp\/v2\/product\/608293"}],"collection":[{"href":"https:\/\/selleetools.com\/pl\/wp-json\/wp\/v2\/product"}],"about":[{"href":"https:\/\/selleetools.com\/pl\/wp-json\/wp\/v2\/types\/product"}],"replies":[{"embeddable":true,"href":"https:\/\/selleetools.com\/pl\/wp-json\/wp\/v2\/comments?post=608293"}],"wp:featuredmedia":[{"embeddable":true,"href":"https:\/\/selleetools.com\/pl\/wp-json\/wp\/v2\/media\/608291"}],"wp:attachment":[{"href":"https:\/\/selleetools.com\/pl\/wp-json\/wp\/v2\/media?parent=608293"}],"curies":[{"name":"wp","href":"https:\/\/api.w.org\/{rel}","templated":true}]}}