{"id":608070,"date":"2025-10-24T14:13:40","date_gmt":"2025-10-24T12:13:40","guid":{"rendered":"https:\/\/selleetools.com\/?post_type=product&#038;p=608070"},"modified":"2025-11-03T17:04:14","modified_gmt":"2025-11-03T16:04:14","slug":"dr-althea-natural-brightening-velvet-mask-27-g-intensywnie-nawilzajaca-i-rozswietlajaca-maseczka-w-plachcie","status":"publish","type":"product","link":"https:\/\/selleetools.com\/pl\/product\/dr-althea-natural-brightening-velvet-mask-27-g-intensywnie-nawilzajaca-i-rozswietlajaca-maseczka-w-plachcie\/","title":{"rendered":"Dr.Althea Natural Brightening Velvet Mask 27 g &#8211; intensywnie nawil\u017caj\u0105ca i roz\u015bwietlaj\u0105ca maseczka w p\u0142achcie"},"content":{"rendered":"<p>Dr. Althea Natural Brightening Velvet Mask to intensywnie nawil\u017caj\u0105ca i roz\u015bwietlaj\u0105ca maseczka w p\u0142achcie, stworzona z my\u015bl\u0105 o sk\u00f3rze zm\u0119czonej, szarej i pozbawionej blasku. Luksusowa tkanina typu \u201evelvet sheet\u201d doskonale przylega do twarzy, zapewniaj\u0105c g\u0142\u0119bokie przenikanie sk\u0142adnik\u00f3w aktywnych. Formu\u0142a oparta na fermentach, ro\u015blinnych ekstraktach i sk\u0142adnikach nawil\u017caj\u0105cych wspiera regeneracj\u0119, wyg\u0142adzenie i naturalny glow.<\/p>\n<p>Korzy\u015bci dla sk\u00f3ry:<br \/>\nRoz\u015bwietla cer\u0119 i wyr\u00f3wnuje jej koloryt<br \/>\nNawil\u017ca i wyg\u0142adza sk\u00f3r\u0119 ju\u017c po jednym u\u017cyciu<br \/>\nWspiera regeneracj\u0119 i dzia\u0142a koj\u0105co<br \/>\nPoprawia elastyczno\u015b\u0107 i tekstur\u0119 sk\u00f3ry<br \/>\nIdealna jako ekspresowy zabieg \u201eprzed wyj\u015bciem\u201d lub wieczorna regeneracja<\/p>\n<p>Spos\u00f3b u\u017cycia: Na oczyszczon\u0105 i stonizowan\u0105 sk\u00f3r\u0119 na\u0142\u00f3\u017c maseczk\u0119, dok\u0142adnie dopasowuj\u0105c j\u0105 do twarzy. Pozostaw na 15\u201320 minut. Po zdj\u0119ciu maseczki delikatnie wklep pozosta\u0142\u0105 esencj\u0119 a\u017c do wch\u0142oni\u0119cia. Nie zmywaj. Stosuj 1\u20133 razy w tygodniu lub wed\u0142ug potrzeb sk\u00f3ry.<\/p>\n","protected":false},"excerpt":{"rendered":"<p>Dr. Althea Natural Brightening Velvet Mask to intensywnie nawil\u017caj\u0105ca i roz\u015bwietlaj\u0105ca maseczka w p\u0142achcie, stworzona z my\u015bl\u0105 o sk\u00f3rze zm\u0119czonej, szarej i pozbawionej blasku. Luksusowa tkanina typu \u201evelvet sheet\u201d doskonale przylega do twarzy, zapewniaj\u0105c g\u0142\u0119bokie przenikanie sk\u0142adnik\u00f3w aktywnych. Formu\u0142a oparta na fermentach, ro\u015blinnych ekstraktach i sk\u0142adnikach nawil\u017caj\u0105cych wspiera regeneracj\u0119, wyg\u0142adzenie i naturalny glow. Korzy\u015bci dla &#8230; <a title=\"Dr.Althea Natural Brightening Velvet Mask 27 g &#8211; intensywnie nawil\u017caj\u0105ca i roz\u015bwietlaj\u0105ca maseczka w p\u0142achcie\" class=\"read-more\" href=\"https:\/\/selleetools.com\/pl\/product\/dr-althea-natural-brightening-velvet-mask-27-g-intensywnie-nawilzajaca-i-rozswietlajaca-maseczka-w-plachcie\/\">Read more<span class=\"screen-reader-text\">Dr.Althea Natural Brightening Velvet Mask 27 g &#8211; intensywnie nawil\u017caj\u0105ca i roz\u015bwietlaj\u0105ca maseczka w p\u0142achcie<\/span><\/a><\/p>\n","protected":false},"featured_media":608068,"comment_status":"open","ping_status":"closed","template":"","meta":{"_links_to":"","_links_to_target":""},"yoast_head":"<!-- This site is optimized with the Yoast SEO plugin v19.4 - https:\/\/yoast.com\/wordpress\/plugins\/seo\/ -->\n<title>Dr.Althea Natural Brightening Velvet Mask 27 g - intensywnie nawil\u017caj\u0105ca i roz\u015bwietlaj\u0105ca maseczka w p\u0142achcie - Selleetools.com<\/title>\n<meta name=\"robots\" content=\"index, follow, max-snippet:-1, max-image-preview:large, max-video-preview:-1\" \/>\n<link rel=\"canonical\" href=\"https:\/\/admincentral.selleetools.com\/product\/dr-althea-natural-brightening-velvet-mask-27-g-intensywnie-nawilzajaca-i-rozswietlajaca-maseczka-w-plachcie\/\" \/>\n<meta property=\"og:locale\" content=\"pl_PL\" \/>\n<meta property=\"og:type\" content=\"article\" \/>\n<meta property=\"og:title\" content=\"Dr.Althea Natural Brightening Velvet Mask 27 g - intensywnie nawil\u017caj\u0105ca i roz\u015bwietlaj\u0105ca maseczka w p\u0142achcie - Selleetools.com\" \/>\n<meta property=\"og:description\" content=\"Dr. Althea Natural Brightening Velvet Mask to intensywnie nawil\u017caj\u0105ca i roz\u015bwietlaj\u0105ca maseczka w p\u0142achcie, stworzona z my\u015bl\u0105 o sk\u00f3rze zm\u0119czonej, szarej i pozbawionej blasku. Luksusowa tkanina typu \u201evelvet sheet\u201d doskonale przylega do twarzy, zapewniaj\u0105c g\u0142\u0119bokie przenikanie sk\u0142adnik\u00f3w aktywnych. Formu\u0142a oparta na fermentach, ro\u015blinnych ekstraktach i sk\u0142adnikach nawil\u017caj\u0105cych wspiera regeneracj\u0119, wyg\u0142adzenie i naturalny glow. Korzy\u015bci dla ... Read moreDr.Althea Natural Brightening Velvet Mask 27 g &#8211; intensywnie nawil\u017caj\u0105ca i roz\u015bwietlaj\u0105ca maseczka w p\u0142achcie\" \/>\n<meta property=\"og:url\" content=\"https:\/\/admincentral.selleetools.com\/product\/dr-althea-natural-brightening-velvet-mask-27-g-intensywnie-nawilzajaca-i-rozswietlajaca-maseczka-w-plachcie\/\" \/>\n<meta property=\"og:site_name\" content=\"Selleetools.com\" \/>\n<meta property=\"article:modified_time\" content=\"2025-11-03T16:04:14+00:00\" \/>\n<meta property=\"og:image\" content=\"https:\/\/selleetools.com\/wp-content\/uploads\/2025\/10\/1.jpg\" \/>\n\t<meta property=\"og:image:width\" content=\"1000\" \/>\n\t<meta property=\"og:image:height\" content=\"1000\" \/>\n\t<meta property=\"og:image:type\" content=\"image\/jpeg\" \/>\n<meta name=\"twitter:card\" content=\"summary_large_image\" \/>\n<meta name=\"twitter:label1\" content=\"Est. reading time\" \/>\n\t<meta name=\"twitter:data1\" content=\"1 minuta\" \/>\n<!-- \/ Yoast SEO plugin. -->","yoast_head_json":{"title":"Dr.Althea Natural Brightening Velvet Mask 27 g - intensywnie nawil\u017caj\u0105ca i roz\u015bwietlaj\u0105ca maseczka w p\u0142achcie - Selleetools.com","robots":{"index":"index","follow":"follow","max-snippet":"max-snippet:-1","max-image-preview":"max-image-preview:large","max-video-preview":"max-video-preview:-1"},"canonical":"https:\/\/admincentral.selleetools.com\/product\/dr-althea-natural-brightening-velvet-mask-27-g-intensywnie-nawilzajaca-i-rozswietlajaca-maseczka-w-plachcie\/","og_locale":"pl_PL","og_type":"article","og_title":"Dr.Althea Natural Brightening Velvet Mask 27 g - intensywnie nawil\u017caj\u0105ca i roz\u015bwietlaj\u0105ca maseczka w p\u0142achcie - Selleetools.com","og_description":"Dr. Althea Natural Brightening Velvet Mask to intensywnie nawil\u017caj\u0105ca i roz\u015bwietlaj\u0105ca maseczka w p\u0142achcie, stworzona z my\u015bl\u0105 o sk\u00f3rze zm\u0119czonej, szarej i pozbawionej blasku. Luksusowa tkanina typu \u201evelvet sheet\u201d doskonale przylega do twarzy, zapewniaj\u0105c g\u0142\u0119bokie przenikanie sk\u0142adnik\u00f3w aktywnych. Formu\u0142a oparta na fermentach, ro\u015blinnych ekstraktach i sk\u0142adnikach nawil\u017caj\u0105cych wspiera regeneracj\u0119, wyg\u0142adzenie i naturalny glow. Korzy\u015bci dla ... Read moreDr.Althea Natural Brightening Velvet Mask 27 g &#8211; intensywnie nawil\u017caj\u0105ca i roz\u015bwietlaj\u0105ca maseczka w p\u0142achcie","og_url":"https:\/\/admincentral.selleetools.com\/product\/dr-althea-natural-brightening-velvet-mask-27-g-intensywnie-nawilzajaca-i-rozswietlajaca-maseczka-w-plachcie\/","og_site_name":"Selleetools.com","article_modified_time":"2025-11-03T16:04:14+00:00","og_image":[{"width":1000,"height":1000,"url":"https:\/\/selleetools.com\/wp-content\/uploads\/2025\/10\/1.jpg","type":"image\/jpeg"}],"twitter_card":"summary_large_image","twitter_misc":{"Est. reading time":"1 minuta"},"schema":{"@context":"https:\/\/schema.org","@graph":[{"@type":"Organization","@id":"https:\/\/selleetools.com\/#organization","name":"Selleetools","url":"https:\/\/selleetools.com\/","sameAs":[],"logo":{"@type":"ImageObject","inLanguage":"pl-PL","@id":"https:\/\/selleetools.com\/#\/schema\/logo\/image\/","url":"https:\/\/selleetools.com\/wp-content\/uploads\/2021\/10\/logo-dark.png","contentUrl":"https:\/\/selleetools.com\/wp-content\/uploads\/2021\/10\/logo-dark.png","width":320,"height":76,"caption":"Selleetools"},"image":{"@id":"https:\/\/selleetools.com\/#\/schema\/logo\/image\/"}},{"@type":"WebSite","@id":"https:\/\/selleetools.com\/#website","url":"https:\/\/selleetools.com\/","name":"Selleetools.com","description":"","publisher":{"@id":"https:\/\/selleetools.com\/#organization"},"potentialAction":[{"@type":"SearchAction","target":{"@type":"EntryPoint","urlTemplate":"https:\/\/selleetools.com\/?s={search_term_string}"},"query-input":"required name=search_term_string"}],"inLanguage":"pl-PL"},{"@type":"WebPage","@id":"https:\/\/admincentral.selleetools.com\/product\/dr-althea-natural-brightening-velvet-mask-27-g-intensywnie-nawilzajaca-i-rozswietlajaca-maseczka-w-plachcie\/","url":"https:\/\/admincentral.selleetools.com\/product\/dr-althea-natural-brightening-velvet-mask-27-g-intensywnie-nawilzajaca-i-rozswietlajaca-maseczka-w-plachcie\/","name":"Dr.Althea Natural Brightening Velvet Mask 27 g - intensywnie nawil\u017caj\u0105ca i roz\u015bwietlaj\u0105ca maseczka w p\u0142achcie - Selleetools.com","isPartOf":{"@id":"https:\/\/selleetools.com\/#website"},"datePublished":"2025-10-24T12:13:40+00:00","dateModified":"2025-11-03T16:04:14+00:00","breadcrumb":{"@id":"https:\/\/admincentral.selleetools.com\/product\/dr-althea-natural-brightening-velvet-mask-27-g-intensywnie-nawilzajaca-i-rozswietlajaca-maseczka-w-plachcie\/#breadcrumb"},"inLanguage":"pl-PL","potentialAction":[{"@type":"ReadAction","target":["https:\/\/admincentral.selleetools.com\/product\/dr-althea-natural-brightening-velvet-mask-27-g-intensywnie-nawilzajaca-i-rozswietlajaca-maseczka-w-plachcie\/"]}]},{"@type":"BreadcrumbList","@id":"https:\/\/admincentral.selleetools.com\/product\/dr-althea-natural-brightening-velvet-mask-27-g-intensywnie-nawilzajaca-i-rozswietlajaca-maseczka-w-plachcie\/#breadcrumb","itemListElement":[{"@type":"ListItem","position":1,"name":"Home","item":"https:\/\/selleetools.com\/pl\/"},{"@type":"ListItem","position":2,"name":"Katalog","item":"https:\/\/selleetools.com\/pl\/katalog\/"},{"@type":"ListItem","position":3,"name":"Dr.Althea Natural Brightening Velvet Mask 27 g &#8211; intensywnie nawil\u017caj\u0105ca i roz\u015bwietlaj\u0105ca maseczka w p\u0142achcie"}]}]}},"_links":{"self":[{"href":"https:\/\/selleetools.com\/pl\/wp-json\/wp\/v2\/product\/608070"}],"collection":[{"href":"https:\/\/selleetools.com\/pl\/wp-json\/wp\/v2\/product"}],"about":[{"href":"https:\/\/selleetools.com\/pl\/wp-json\/wp\/v2\/types\/product"}],"replies":[{"embeddable":true,"href":"https:\/\/selleetools.com\/pl\/wp-json\/wp\/v2\/comments?post=608070"}],"wp:featuredmedia":[{"embeddable":true,"href":"https:\/\/selleetools.com\/pl\/wp-json\/wp\/v2\/media\/608068"}],"wp:attachment":[{"href":"https:\/\/selleetools.com\/pl\/wp-json\/wp\/v2\/media?parent=608070"}],"curies":[{"name":"wp","href":"https:\/\/api.w.org\/{rel}","templated":true}]}}