{"id":608043,"date":"2025-10-24T14:13:16","date_gmt":"2025-10-24T12:13:16","guid":{"rendered":"https:\/\/selleetools.com\/?post_type=product&#038;p=608043"},"modified":"2025-11-04T21:49:11","modified_gmt":"2025-11-04T20:49:11","slug":"cosnori-water-full-lip-plumper-strong-01-clear-3-5-g-przezroczysty-blyszczyk-powiekszajacy-usta","status":"publish","type":"product","link":"https:\/\/selleetools.com\/pl\/product\/cosnori-water-full-lip-plumper-strong-01-clear-3-5-g-przezroczysty-blyszczyk-powiekszajacy-usta\/","title":{"rendered":"Cosnori Water-Full Lip Plumper Strong 01 Clear 3.5 g &#8211; przezroczysty b\u0142yszczyk powi\u0119kszaj\u0105cy usta"},"content":{"rendered":"<p>Cosnori Water-Full Lip Plumper Strong 01 Clear to bezbarwny b\u0142yszczyk o intensywnym dzia\u0142aniu powi\u0119kszaj\u0105cym, kt\u00f3ry zapewnia efekt pe\u0142niejszych, g\u0142adszych i nawil\u017conych ust w zaledwie kilka chwil. Lekka, nieklej\u0105ca si\u0119 formu\u0142a dzia\u0142a zar\u00f3wno piel\u0119gnacyjnie, jak i wizualnie \u2013 daj\u0105c efekt soczystych, wyra\u017anie powi\u0119kszonych ust o szklistym wyko\u0144czeniu.<\/p>\n<p>Korzy\u015bci ze stosowania:<br \/>\nNatychmiastowy efekt powi\u0119kszenia ust dzi\u0119ki dzia\u0142aniu rozgrzewaj\u0105co-ch\u0142odz\u0105cemu<br \/>\nNawil\u017cenie i wyg\u0142adzenie ust bez uczucia lepko\u015bci<br \/>\nEfekt &#8220;glass lips&#8221; \u2013 b\u0142yszcz\u0105ce, zdrowo wygl\u0105daj\u0105ce usta<br \/>\nMo\u017ce by\u0107 stosowany samodzielnie lub jako topper na pomadk\u0119<\/p>\n<p>Spos\u00f3b u\u017cycia:<br \/>\nNa\u0142\u00f3\u017c cienk\u0105 warstw\u0119 produktu na czyste usta. Poczekaj chwil\u0119, a\u017c pojawi si\u0119 uczucie delikatnego mrowienia, oznaczaj\u0105ce rozpocz\u0119cie dzia\u0142ania sk\u0142adnik\u00f3w aktywnych. Stosuj w razie potrzeby w ci\u0105gu dnia, samodzielnie lub na inne produkty do ust.<\/p>\n","protected":false},"excerpt":{"rendered":"<p>Cosnori Water-Full Lip Plumper Strong 01 Clear to bezbarwny b\u0142yszczyk o intensywnym dzia\u0142aniu powi\u0119kszaj\u0105cym, kt\u00f3ry zapewnia efekt pe\u0142niejszych, g\u0142adszych i nawil\u017conych ust w zaledwie kilka chwil. Lekka, nieklej\u0105ca si\u0119 formu\u0142a dzia\u0142a zar\u00f3wno piel\u0119gnacyjnie, jak i wizualnie \u2013 daj\u0105c efekt soczystych, wyra\u017anie powi\u0119kszonych ust o szklistym wyko\u0144czeniu. Korzy\u015bci ze stosowania: Natychmiastowy efekt powi\u0119kszenia ust dzi\u0119ki dzia\u0142aniu &#8230; <a title=\"Cosnori Water-Full Lip Plumper Strong 01 Clear 3.5 g &#8211; przezroczysty b\u0142yszczyk powi\u0119kszaj\u0105cy usta\" class=\"read-more\" href=\"https:\/\/selleetools.com\/pl\/product\/cosnori-water-full-lip-plumper-strong-01-clear-3-5-g-przezroczysty-blyszczyk-powiekszajacy-usta\/\">Read more<span class=\"screen-reader-text\">Cosnori Water-Full Lip Plumper Strong 01 Clear 3.5 g &#8211; przezroczysty b\u0142yszczyk powi\u0119kszaj\u0105cy usta<\/span><\/a><\/p>\n","protected":false},"featured_media":608041,"comment_status":"open","ping_status":"closed","template":"","meta":{"_links_to":"","_links_to_target":""},"yoast_head":"<!-- This site is optimized with the Yoast SEO plugin v19.4 - https:\/\/yoast.com\/wordpress\/plugins\/seo\/ -->\n<title>Cosnori Water-Full Lip Plumper Strong 01 Clear 3.5 g - przezroczysty b\u0142yszczyk powi\u0119kszaj\u0105cy usta - Selleetools.com<\/title>\n<meta name=\"robots\" content=\"index, follow, max-snippet:-1, max-image-preview:large, max-video-preview:-1\" \/>\n<link rel=\"canonical\" href=\"https:\/\/selleetools.com\/pl\/product\/cosnori-water-full-lip-plumper-strong-01-clear-3-5-g-przezroczysty-blyszczyk-powiekszajacy-usta\/\" \/>\n<meta property=\"og:locale\" content=\"pl_PL\" \/>\n<meta property=\"og:type\" content=\"article\" \/>\n<meta property=\"og:title\" content=\"Cosnori Water-Full Lip Plumper Strong 01 Clear 3.5 g - przezroczysty b\u0142yszczyk powi\u0119kszaj\u0105cy usta - Selleetools.com\" \/>\n<meta property=\"og:description\" content=\"Cosnori Water-Full Lip Plumper Strong 01 Clear to bezbarwny b\u0142yszczyk o intensywnym dzia\u0142aniu powi\u0119kszaj\u0105cym, kt\u00f3ry zapewnia efekt pe\u0142niejszych, g\u0142adszych i nawil\u017conych ust w zaledwie kilka chwil. Lekka, nieklej\u0105ca si\u0119 formu\u0142a dzia\u0142a zar\u00f3wno piel\u0119gnacyjnie, jak i wizualnie \u2013 daj\u0105c efekt soczystych, wyra\u017anie powi\u0119kszonych ust o szklistym wyko\u0144czeniu. Korzy\u015bci ze stosowania: Natychmiastowy efekt powi\u0119kszenia ust dzi\u0119ki dzia\u0142aniu ... Read moreCosnori Water-Full Lip Plumper Strong 01 Clear 3.5 g &#8211; przezroczysty b\u0142yszczyk powi\u0119kszaj\u0105cy usta\" \/>\n<meta property=\"og:url\" content=\"https:\/\/selleetools.com\/pl\/product\/cosnori-water-full-lip-plumper-strong-01-clear-3-5-g-przezroczysty-blyszczyk-powiekszajacy-usta\/\" \/>\n<meta property=\"og:site_name\" content=\"Selleetools.com\" \/>\n<meta property=\"article:modified_time\" content=\"2025-11-04T20:49:11+00:00\" \/>\n<meta property=\"og:image\" content=\"https:\/\/selleetools.com\/wp-content\/uploads\/2025\/10\/6191a9d7c5b215ac27e6f9ddfc116635.png\" \/>\n\t<meta property=\"og:image:width\" content=\"1080\" \/>\n\t<meta property=\"og:image:height\" content=\"1080\" \/>\n\t<meta property=\"og:image:type\" content=\"image\/png\" \/>\n<meta name=\"twitter:card\" content=\"summary_large_image\" \/>\n<meta name=\"twitter:label1\" content=\"Est. reading time\" \/>\n\t<meta name=\"twitter:data1\" content=\"1 minuta\" \/>\n<!-- \/ Yoast SEO plugin. -->","yoast_head_json":{"title":"Cosnori Water-Full Lip Plumper Strong 01 Clear 3.5 g - przezroczysty b\u0142yszczyk powi\u0119kszaj\u0105cy usta - Selleetools.com","robots":{"index":"index","follow":"follow","max-snippet":"max-snippet:-1","max-image-preview":"max-image-preview:large","max-video-preview":"max-video-preview:-1"},"canonical":"https:\/\/selleetools.com\/pl\/product\/cosnori-water-full-lip-plumper-strong-01-clear-3-5-g-przezroczysty-blyszczyk-powiekszajacy-usta\/","og_locale":"pl_PL","og_type":"article","og_title":"Cosnori Water-Full Lip Plumper Strong 01 Clear 3.5 g - przezroczysty b\u0142yszczyk powi\u0119kszaj\u0105cy usta - Selleetools.com","og_description":"Cosnori Water-Full Lip Plumper Strong 01 Clear to bezbarwny b\u0142yszczyk o intensywnym dzia\u0142aniu powi\u0119kszaj\u0105cym, kt\u00f3ry zapewnia efekt pe\u0142niejszych, g\u0142adszych i nawil\u017conych ust w zaledwie kilka chwil. Lekka, nieklej\u0105ca si\u0119 formu\u0142a dzia\u0142a zar\u00f3wno piel\u0119gnacyjnie, jak i wizualnie \u2013 daj\u0105c efekt soczystych, wyra\u017anie powi\u0119kszonych ust o szklistym wyko\u0144czeniu. Korzy\u015bci ze stosowania: Natychmiastowy efekt powi\u0119kszenia ust dzi\u0119ki dzia\u0142aniu ... Read moreCosnori Water-Full Lip Plumper Strong 01 Clear 3.5 g &#8211; przezroczysty b\u0142yszczyk powi\u0119kszaj\u0105cy usta","og_url":"https:\/\/selleetools.com\/pl\/product\/cosnori-water-full-lip-plumper-strong-01-clear-3-5-g-przezroczysty-blyszczyk-powiekszajacy-usta\/","og_site_name":"Selleetools.com","article_modified_time":"2025-11-04T20:49:11+00:00","og_image":[{"width":1080,"height":1080,"url":"https:\/\/selleetools.com\/wp-content\/uploads\/2025\/10\/6191a9d7c5b215ac27e6f9ddfc116635.png","type":"image\/png"}],"twitter_card":"summary_large_image","twitter_misc":{"Est. reading time":"1 minuta"},"schema":{"@context":"https:\/\/schema.org","@graph":[{"@type":"Organization","@id":"https:\/\/selleetools.com\/#organization","name":"Selleetools","url":"https:\/\/selleetools.com\/","sameAs":[],"logo":{"@type":"ImageObject","inLanguage":"pl-PL","@id":"https:\/\/selleetools.com\/#\/schema\/logo\/image\/","url":"https:\/\/selleetools.com\/wp-content\/uploads\/2021\/10\/logo-dark.png","contentUrl":"https:\/\/selleetools.com\/wp-content\/uploads\/2021\/10\/logo-dark.png","width":320,"height":76,"caption":"Selleetools"},"image":{"@id":"https:\/\/selleetools.com\/#\/schema\/logo\/image\/"}},{"@type":"WebSite","@id":"https:\/\/selleetools.com\/#website","url":"https:\/\/selleetools.com\/","name":"Selleetools.com","description":"","publisher":{"@id":"https:\/\/selleetools.com\/#organization"},"potentialAction":[{"@type":"SearchAction","target":{"@type":"EntryPoint","urlTemplate":"https:\/\/selleetools.com\/?s={search_term_string}"},"query-input":"required name=search_term_string"}],"inLanguage":"pl-PL"},{"@type":"WebPage","@id":"https:\/\/selleetools.com\/pl\/product\/cosnori-water-full-lip-plumper-strong-01-clear-3-5-g-przezroczysty-blyszczyk-powiekszajacy-usta\/","url":"https:\/\/selleetools.com\/pl\/product\/cosnori-water-full-lip-plumper-strong-01-clear-3-5-g-przezroczysty-blyszczyk-powiekszajacy-usta\/","name":"Cosnori Water-Full Lip Plumper Strong 01 Clear 3.5 g - przezroczysty b\u0142yszczyk powi\u0119kszaj\u0105cy usta - Selleetools.com","isPartOf":{"@id":"https:\/\/selleetools.com\/#website"},"datePublished":"2025-10-24T12:13:16+00:00","dateModified":"2025-11-04T20:49:11+00:00","breadcrumb":{"@id":"https:\/\/selleetools.com\/pl\/product\/cosnori-water-full-lip-plumper-strong-01-clear-3-5-g-przezroczysty-blyszczyk-powiekszajacy-usta\/#breadcrumb"},"inLanguage":"pl-PL","potentialAction":[{"@type":"ReadAction","target":["https:\/\/selleetools.com\/pl\/product\/cosnori-water-full-lip-plumper-strong-01-clear-3-5-g-przezroczysty-blyszczyk-powiekszajacy-usta\/"]}]},{"@type":"BreadcrumbList","@id":"https:\/\/selleetools.com\/pl\/product\/cosnori-water-full-lip-plumper-strong-01-clear-3-5-g-przezroczysty-blyszczyk-powiekszajacy-usta\/#breadcrumb","itemListElement":[{"@type":"ListItem","position":1,"name":"Home","item":"https:\/\/selleetools.com\/pl\/"},{"@type":"ListItem","position":2,"name":"Katalog","item":"https:\/\/selleetools.com\/pl\/katalog\/"},{"@type":"ListItem","position":3,"name":"Cosnori Water-Full Lip Plumper Strong 01 Clear 3.5 g &#8211; przezroczysty b\u0142yszczyk powi\u0119kszaj\u0105cy usta"}]}]}},"_links":{"self":[{"href":"https:\/\/selleetools.com\/pl\/wp-json\/wp\/v2\/product\/608043"}],"collection":[{"href":"https:\/\/selleetools.com\/pl\/wp-json\/wp\/v2\/product"}],"about":[{"href":"https:\/\/selleetools.com\/pl\/wp-json\/wp\/v2\/types\/product"}],"replies":[{"embeddable":true,"href":"https:\/\/selleetools.com\/pl\/wp-json\/wp\/v2\/comments?post=608043"}],"wp:featuredmedia":[{"embeddable":true,"href":"https:\/\/selleetools.com\/pl\/wp-json\/wp\/v2\/media\/608041"}],"wp:attachment":[{"href":"https:\/\/selleetools.com\/pl\/wp-json\/wp\/v2\/media?parent=608043"}],"curies":[{"name":"wp","href":"https:\/\/api.w.org\/{rel}","templated":true}]}}