{"id":608040,"date":"2025-10-24T14:13:13","date_gmt":"2025-10-24T12:13:13","guid":{"rendered":"https:\/\/selleetools.com\/?post_type=product&#038;p=608040"},"modified":"2025-11-04T21:48:53","modified_gmt":"2025-11-04T20:48:53","slug":"cosnori-water-full-lip-plumper-basic-01-clear-3-5-g-przezroczysty-blyszczyk-powiekszajacy-usta","status":"publish","type":"product","link":"https:\/\/selleetools.com\/pl\/product\/cosnori-water-full-lip-plumper-basic-01-clear-3-5-g-przezroczysty-blyszczyk-powiekszajacy-usta\/","title":{"rendered":"Cosnori Water-Full Lip Plumper Basic 01 Clear 3.5 g &#8211; przezroczysty b\u0142yszczyk powi\u0119kszaj\u0105cy usta"},"content":{"rendered":"<p>Cosnori Water-Full Lip Plumper Basic 01 Clear to transparentny b\u0142yszczyk, kt\u00f3ry nadaje ustom efekt pe\u0142niejszego kszta\u0142tu i intensywnego nawil\u017cenia. Dzi\u0119ki po\u0142\u0105czeniu ch\u0142odz\u0105cych i rozgrzewaj\u0105cych sk\u0142adnik\u00f3w, uj\u0119drnia i optycznie powi\u0119ksza usta ju\u017c po kilku minutach od aplikacji, pozostawiaj\u0105c je b\u0142yszcz\u0105ce, g\u0142adkie i zmys\u0142owo podkre\u015blone.<\/p>\n<p>Korzy\u015bci ze stosowania:<br \/>\nPowi\u0119ksza i uwydatnia usta bez inwazyjnych metod<br \/>\nNadaje intensywny blask i efekt \u201emokrych ust\u201d<br \/>\nNawil\u017ca i wyg\u0142adza dzi\u0119ki obecno\u015bci kwasu hialuronowego<br \/>\nPoprawia kontur ust i dodaje im obj\u0119to\u015bci<br \/>\nMo\u017ce by\u0107 stosowany samodzielnie lub jako top na pomadk\u0119<\/p>\n<p>Spos\u00f3b u\u017cycia:<br \/>\nNa\u0142\u00f3\u017c cienk\u0105 warstw\u0119 b\u0142yszczyka bezpo\u015brednio na usta. Dla mocniejszego efektu obj\u0119to\u015bci na\u0142\u00f3\u017c drug\u0105 warstw\u0119. Mo\u017cesz stosowa\u0107 go samodzielnie lub na szmink\u0119, aby doda\u0107 blasku i wra\u017cenia pe\u0142niejszych ust.<\/p>\n","protected":false},"excerpt":{"rendered":"<p>Cosnori Water-Full Lip Plumper Basic 01 Clear to transparentny b\u0142yszczyk, kt\u00f3ry nadaje ustom efekt pe\u0142niejszego kszta\u0142tu i intensywnego nawil\u017cenia. Dzi\u0119ki po\u0142\u0105czeniu ch\u0142odz\u0105cych i rozgrzewaj\u0105cych sk\u0142adnik\u00f3w, uj\u0119drnia i optycznie powi\u0119ksza usta ju\u017c po kilku minutach od aplikacji, pozostawiaj\u0105c je b\u0142yszcz\u0105ce, g\u0142adkie i zmys\u0142owo podkre\u015blone. Korzy\u015bci ze stosowania: Powi\u0119ksza i uwydatnia usta bez inwazyjnych metod Nadaje intensywny &#8230; <a title=\"Cosnori Water-Full Lip Plumper Basic 01 Clear 3.5 g &#8211; przezroczysty b\u0142yszczyk powi\u0119kszaj\u0105cy usta\" class=\"read-more\" href=\"https:\/\/selleetools.com\/pl\/product\/cosnori-water-full-lip-plumper-basic-01-clear-3-5-g-przezroczysty-blyszczyk-powiekszajacy-usta\/\">Read more<span class=\"screen-reader-text\">Cosnori Water-Full Lip Plumper Basic 01 Clear 3.5 g &#8211; przezroczysty b\u0142yszczyk powi\u0119kszaj\u0105cy usta<\/span><\/a><\/p>\n","protected":false},"featured_media":608038,"comment_status":"open","ping_status":"closed","template":"","meta":{"_links_to":"","_links_to_target":""},"yoast_head":"<!-- This site is optimized with the Yoast SEO plugin v19.4 - https:\/\/yoast.com\/wordpress\/plugins\/seo\/ -->\n<title>Cosnori Water-Full Lip Plumper Basic 01 Clear 3.5 g - przezroczysty b\u0142yszczyk powi\u0119kszaj\u0105cy usta - Selleetools.com<\/title>\n<meta name=\"robots\" content=\"index, follow, max-snippet:-1, max-image-preview:large, max-video-preview:-1\" \/>\n<link rel=\"canonical\" href=\"https:\/\/admincentral.selleetools.com\/pl\/product\/cosnori-water-full-lip-plumper-basic-01-clear-3-5-g-przezroczysty-blyszczyk-powiekszajacy-usta\/\" \/>\n<meta property=\"og:locale\" content=\"pl_PL\" \/>\n<meta property=\"og:type\" content=\"article\" \/>\n<meta property=\"og:title\" content=\"Cosnori Water-Full Lip Plumper Basic 01 Clear 3.5 g - przezroczysty b\u0142yszczyk powi\u0119kszaj\u0105cy usta - Selleetools.com\" \/>\n<meta property=\"og:description\" content=\"Cosnori Water-Full Lip Plumper Basic 01 Clear to transparentny b\u0142yszczyk, kt\u00f3ry nadaje ustom efekt pe\u0142niejszego kszta\u0142tu i intensywnego nawil\u017cenia. Dzi\u0119ki po\u0142\u0105czeniu ch\u0142odz\u0105cych i rozgrzewaj\u0105cych sk\u0142adnik\u00f3w, uj\u0119drnia i optycznie powi\u0119ksza usta ju\u017c po kilku minutach od aplikacji, pozostawiaj\u0105c je b\u0142yszcz\u0105ce, g\u0142adkie i zmys\u0142owo podkre\u015blone. Korzy\u015bci ze stosowania: Powi\u0119ksza i uwydatnia usta bez inwazyjnych metod Nadaje intensywny ... Read moreCosnori Water-Full Lip Plumper Basic 01 Clear 3.5 g &#8211; przezroczysty b\u0142yszczyk powi\u0119kszaj\u0105cy usta\" \/>\n<meta property=\"og:url\" content=\"https:\/\/admincentral.selleetools.com\/pl\/product\/cosnori-water-full-lip-plumper-basic-01-clear-3-5-g-przezroczysty-blyszczyk-powiekszajacy-usta\/\" \/>\n<meta property=\"og:site_name\" content=\"Selleetools.com\" \/>\n<meta property=\"article:modified_time\" content=\"2025-11-04T20:48:53+00:00\" \/>\n<meta property=\"og:image\" content=\"https:\/\/selleetools.com\/wp-content\/uploads\/2025\/10\/9bab10b7c5cc1ce2b3daf1f93a2efab1.png\" \/>\n\t<meta property=\"og:image:width\" content=\"1080\" \/>\n\t<meta property=\"og:image:height\" content=\"1080\" \/>\n\t<meta property=\"og:image:type\" content=\"image\/png\" \/>\n<meta name=\"twitter:card\" content=\"summary_large_image\" \/>\n<meta name=\"twitter:label1\" content=\"Est. reading time\" \/>\n\t<meta name=\"twitter:data1\" content=\"1 minuta\" \/>\n<!-- \/ Yoast SEO plugin. -->","yoast_head_json":{"title":"Cosnori Water-Full Lip Plumper Basic 01 Clear 3.5 g - przezroczysty b\u0142yszczyk powi\u0119kszaj\u0105cy usta - Selleetools.com","robots":{"index":"index","follow":"follow","max-snippet":"max-snippet:-1","max-image-preview":"max-image-preview:large","max-video-preview":"max-video-preview:-1"},"canonical":"https:\/\/admincentral.selleetools.com\/pl\/product\/cosnori-water-full-lip-plumper-basic-01-clear-3-5-g-przezroczysty-blyszczyk-powiekszajacy-usta\/","og_locale":"pl_PL","og_type":"article","og_title":"Cosnori Water-Full Lip Plumper Basic 01 Clear 3.5 g - przezroczysty b\u0142yszczyk powi\u0119kszaj\u0105cy usta - Selleetools.com","og_description":"Cosnori Water-Full Lip Plumper Basic 01 Clear to transparentny b\u0142yszczyk, kt\u00f3ry nadaje ustom efekt pe\u0142niejszego kszta\u0142tu i intensywnego nawil\u017cenia. Dzi\u0119ki po\u0142\u0105czeniu ch\u0142odz\u0105cych i rozgrzewaj\u0105cych sk\u0142adnik\u00f3w, uj\u0119drnia i optycznie powi\u0119ksza usta ju\u017c po kilku minutach od aplikacji, pozostawiaj\u0105c je b\u0142yszcz\u0105ce, g\u0142adkie i zmys\u0142owo podkre\u015blone. Korzy\u015bci ze stosowania: Powi\u0119ksza i uwydatnia usta bez inwazyjnych metod Nadaje intensywny ... Read moreCosnori Water-Full Lip Plumper Basic 01 Clear 3.5 g &#8211; przezroczysty b\u0142yszczyk powi\u0119kszaj\u0105cy usta","og_url":"https:\/\/admincentral.selleetools.com\/pl\/product\/cosnori-water-full-lip-plumper-basic-01-clear-3-5-g-przezroczysty-blyszczyk-powiekszajacy-usta\/","og_site_name":"Selleetools.com","article_modified_time":"2025-11-04T20:48:53+00:00","og_image":[{"width":1080,"height":1080,"url":"https:\/\/selleetools.com\/wp-content\/uploads\/2025\/10\/9bab10b7c5cc1ce2b3daf1f93a2efab1.png","type":"image\/png"}],"twitter_card":"summary_large_image","twitter_misc":{"Est. reading time":"1 minuta"},"schema":{"@context":"https:\/\/schema.org","@graph":[{"@type":"Organization","@id":"https:\/\/selleetools.com\/#organization","name":"Selleetools","url":"https:\/\/selleetools.com\/","sameAs":[],"logo":{"@type":"ImageObject","inLanguage":"pl-PL","@id":"https:\/\/selleetools.com\/#\/schema\/logo\/image\/","url":"https:\/\/selleetools.com\/wp-content\/uploads\/2021\/10\/logo-dark.png","contentUrl":"https:\/\/selleetools.com\/wp-content\/uploads\/2021\/10\/logo-dark.png","width":320,"height":76,"caption":"Selleetools"},"image":{"@id":"https:\/\/selleetools.com\/#\/schema\/logo\/image\/"}},{"@type":"WebSite","@id":"https:\/\/selleetools.com\/#website","url":"https:\/\/selleetools.com\/","name":"Selleetools.com","description":"","publisher":{"@id":"https:\/\/selleetools.com\/#organization"},"potentialAction":[{"@type":"SearchAction","target":{"@type":"EntryPoint","urlTemplate":"https:\/\/selleetools.com\/?s={search_term_string}"},"query-input":"required name=search_term_string"}],"inLanguage":"pl-PL"},{"@type":"WebPage","@id":"https:\/\/admincentral.selleetools.com\/pl\/product\/cosnori-water-full-lip-plumper-basic-01-clear-3-5-g-przezroczysty-blyszczyk-powiekszajacy-usta\/","url":"https:\/\/admincentral.selleetools.com\/pl\/product\/cosnori-water-full-lip-plumper-basic-01-clear-3-5-g-przezroczysty-blyszczyk-powiekszajacy-usta\/","name":"Cosnori Water-Full Lip Plumper Basic 01 Clear 3.5 g - przezroczysty b\u0142yszczyk powi\u0119kszaj\u0105cy usta - Selleetools.com","isPartOf":{"@id":"https:\/\/selleetools.com\/#website"},"datePublished":"2025-10-24T12:13:13+00:00","dateModified":"2025-11-04T20:48:53+00:00","breadcrumb":{"@id":"https:\/\/admincentral.selleetools.com\/pl\/product\/cosnori-water-full-lip-plumper-basic-01-clear-3-5-g-przezroczysty-blyszczyk-powiekszajacy-usta\/#breadcrumb"},"inLanguage":"pl-PL","potentialAction":[{"@type":"ReadAction","target":["https:\/\/admincentral.selleetools.com\/pl\/product\/cosnori-water-full-lip-plumper-basic-01-clear-3-5-g-przezroczysty-blyszczyk-powiekszajacy-usta\/"]}]},{"@type":"BreadcrumbList","@id":"https:\/\/admincentral.selleetools.com\/pl\/product\/cosnori-water-full-lip-plumper-basic-01-clear-3-5-g-przezroczysty-blyszczyk-powiekszajacy-usta\/#breadcrumb","itemListElement":[{"@type":"ListItem","position":1,"name":"Home","item":"https:\/\/selleetools.com\/pl\/"},{"@type":"ListItem","position":2,"name":"Katalog","item":"https:\/\/selleetools.com\/pl\/katalog\/"},{"@type":"ListItem","position":3,"name":"Cosnori Water-Full Lip Plumper Basic 01 Clear 3.5 g &#8211; przezroczysty b\u0142yszczyk powi\u0119kszaj\u0105cy usta"}]}]}},"_links":{"self":[{"href":"https:\/\/selleetools.com\/pl\/wp-json\/wp\/v2\/product\/608040"}],"collection":[{"href":"https:\/\/selleetools.com\/pl\/wp-json\/wp\/v2\/product"}],"about":[{"href":"https:\/\/selleetools.com\/pl\/wp-json\/wp\/v2\/types\/product"}],"replies":[{"embeddable":true,"href":"https:\/\/selleetools.com\/pl\/wp-json\/wp\/v2\/comments?post=608040"}],"wp:featuredmedia":[{"embeddable":true,"href":"https:\/\/selleetools.com\/pl\/wp-json\/wp\/v2\/media\/608038"}],"wp:attachment":[{"href":"https:\/\/selleetools.com\/pl\/wp-json\/wp\/v2\/media?parent=608040"}],"curies":[{"name":"wp","href":"https:\/\/api.w.org\/{rel}","templated":true}]}}