{"id":608034,"date":"2025-10-24T14:13:07","date_gmt":"2025-10-24T12:13:07","guid":{"rendered":"https:\/\/selleetools.com\/?post_type=product&#038;p=608034"},"modified":"2026-02-10T13:11:24","modified_gmt":"2026-02-10T12:11:24","slug":"cosnori-perfect-setting-mascara-waterproof-long-curl-01-black-7-ml-wydluzajaco-pogrubiajacy-wodooporny-tusz-do-rzes-czarny","status":"publish","type":"product","link":"https:\/\/selleetools.com\/pl\/product\/cosnori-perfect-setting-mascara-waterproof-long-curl-01-black-7-ml-wydluzajaco-pogrubiajacy-wodooporny-tusz-do-rzes-czarny\/","title":{"rendered":"Cosnori Perfect Setting Mascara Waterproof Long &#038; Curl 01 Black 7 ml &#8211; wyd\u0142u\u017caj\u0105co-pogrubiaj\u0105cy wodooporny tusz do rz\u0119s czarny"},"content":{"rendered":"<p>Cosnori Perfect Setting Mascara w odcieniu 01 Black to intensywnie czarny, wodoodporny tusz, kt\u00f3ry jednocze\u015bnie wyd\u0142u\u017ca, podkr\u0119ca i pogrubia rz\u0119sy, zapewniaj\u0105c spektakularny efekt bez grudek i osypywania. Innowacyjna formu\u0142a \u0142\u0105czy trwa\u0142o\u015b\u0107 i lekko\u015b\u0107, nie obci\u0105\u017caj\u0105c rz\u0119s.<\/p>\n<p>Korzy\u015bci ze stosowania:<br \/>\nD\u0142ugotrwa\u0142y efekt bez rozmazywania \u2013 nawet w wilgotnych warunkach<br \/>\nWyra\u017ane wyd\u0142u\u017cenie i pogrubienie ka\u017cdej rz\u0119sy<br \/>\nNaturalne podkr\u0119cenie bez zalotki<br \/>\nFormu\u0142a wzbogacona o sodium hyaluronate, panthenol i silk amino acids, kt\u00f3re piel\u0119gnuj\u0105 rz\u0119sy i zapobiegaj\u0105 ich \u0142amaniu<br \/>\nZawiera puder bambusowy dla matowego wyko\u0144czenia i dodatkowej obj\u0119to\u015bci<\/p>\n<p>Spos\u00f3b u\u017cycia:<br \/>\nNa\u0142\u00f3\u017c tusz od nasady a\u017c po ko\u0144ce rz\u0119s wykonuj\u0105c ruch zygzakowaty. Dla mocniejszego efektu na\u0142\u00f3\u017c drug\u0105 warstw\u0119 przed zaschni\u0119ciem pierwszej. Aby dok\u0142adnie usun\u0105\u0107 tusz, u\u017cyj dwufazowego p\u0142ynu do demakija\u017cu.<\/p>\n","protected":false},"excerpt":{"rendered":"<p>Cosnori Perfect Setting Mascara w odcieniu 01 Black to intensywnie czarny, wodoodporny tusz, kt\u00f3ry jednocze\u015bnie wyd\u0142u\u017ca, podkr\u0119ca i pogrubia rz\u0119sy, zapewniaj\u0105c spektakularny efekt bez grudek i osypywania. Innowacyjna formu\u0142a \u0142\u0105czy trwa\u0142o\u015b\u0107 i lekko\u015b\u0107, nie obci\u0105\u017caj\u0105c rz\u0119s. Korzy\u015bci ze stosowania: D\u0142ugotrwa\u0142y efekt bez rozmazywania \u2013 nawet w wilgotnych warunkach Wyra\u017ane wyd\u0142u\u017cenie i pogrubienie ka\u017cdej rz\u0119sy Naturalne &#8230; <a title=\"Cosnori Perfect Setting Mascara Waterproof Long &#038; Curl 01 Black 7 ml &#8211; wyd\u0142u\u017caj\u0105co-pogrubiaj\u0105cy wodooporny tusz do rz\u0119s czarny\" class=\"read-more\" href=\"https:\/\/selleetools.com\/pl\/product\/cosnori-perfect-setting-mascara-waterproof-long-curl-01-black-7-ml-wydluzajaco-pogrubiajacy-wodooporny-tusz-do-rzes-czarny\/\">Read more<span class=\"screen-reader-text\">Cosnori Perfect Setting Mascara Waterproof Long &#038; Curl 01 Black 7 ml &#8211; wyd\u0142u\u017caj\u0105co-pogrubiaj\u0105cy wodooporny tusz do rz\u0119s czarny<\/span><\/a><\/p>\n","protected":false},"featured_media":608032,"comment_status":"open","ping_status":"closed","template":"","meta":{"_links_to":"","_links_to_target":""},"yoast_head":"<!-- This site is optimized with the Yoast SEO plugin v19.4 - https:\/\/yoast.com\/wordpress\/plugins\/seo\/ -->\n<title>Cosnori Perfect Setting Mascara Waterproof Long &amp; Curl 01 Black 7 ml - wyd\u0142u\u017caj\u0105co-pogrubiaj\u0105cy wodooporny tusz do rz\u0119s czarny - Selleetools.com<\/title>\n<meta name=\"robots\" content=\"index, follow, max-snippet:-1, max-image-preview:large, max-video-preview:-1\" \/>\n<link rel=\"canonical\" href=\"https:\/\/selleetools.com\/pl\/product\/cosnori-perfect-setting-mascara-waterproof-long-curl-01-black-7-ml-wydluzajaco-pogrubiajacy-wodooporny-tusz-do-rzes-czarny\/\" \/>\n<meta property=\"og:locale\" content=\"pl_PL\" \/>\n<meta property=\"og:type\" content=\"article\" \/>\n<meta property=\"og:title\" content=\"Cosnori Perfect Setting Mascara Waterproof Long &amp; Curl 01 Black 7 ml - wyd\u0142u\u017caj\u0105co-pogrubiaj\u0105cy wodooporny tusz do rz\u0119s czarny - Selleetools.com\" \/>\n<meta property=\"og:description\" content=\"Cosnori Perfect Setting Mascara w odcieniu 01 Black to intensywnie czarny, wodoodporny tusz, kt\u00f3ry jednocze\u015bnie wyd\u0142u\u017ca, podkr\u0119ca i pogrubia rz\u0119sy, zapewniaj\u0105c spektakularny efekt bez grudek i osypywania. Innowacyjna formu\u0142a \u0142\u0105czy trwa\u0142o\u015b\u0107 i lekko\u015b\u0107, nie obci\u0105\u017caj\u0105c rz\u0119s. Korzy\u015bci ze stosowania: D\u0142ugotrwa\u0142y efekt bez rozmazywania \u2013 nawet w wilgotnych warunkach Wyra\u017ane wyd\u0142u\u017cenie i pogrubienie ka\u017cdej rz\u0119sy Naturalne ... Read moreCosnori Perfect Setting Mascara Waterproof Long &#038; Curl 01 Black 7 ml &#8211; wyd\u0142u\u017caj\u0105co-pogrubiaj\u0105cy wodooporny tusz do rz\u0119s czarny\" \/>\n<meta property=\"og:url\" content=\"https:\/\/selleetools.com\/pl\/product\/cosnori-perfect-setting-mascara-waterproof-long-curl-01-black-7-ml-wydluzajaco-pogrubiajacy-wodooporny-tusz-do-rzes-czarny\/\" \/>\n<meta property=\"og:site_name\" content=\"Selleetools.com\" \/>\n<meta property=\"article:modified_time\" content=\"2026-02-10T12:11:24+00:00\" \/>\n<meta property=\"og:image\" content=\"https:\/\/selleetools.com\/wp-content\/uploads\/2025\/10\/765019a334a33b1d73410395ee8a16e8.png\" \/>\n\t<meta property=\"og:image:width\" content=\"1080\" \/>\n\t<meta property=\"og:image:height\" content=\"1080\" \/>\n\t<meta property=\"og:image:type\" content=\"image\/png\" \/>\n<meta name=\"twitter:card\" content=\"summary_large_image\" \/>\n<meta name=\"twitter:label1\" content=\"Est. reading time\" \/>\n\t<meta name=\"twitter:data1\" content=\"1 minuta\" \/>\n<!-- \/ Yoast SEO plugin. -->","yoast_head_json":{"title":"Cosnori Perfect Setting Mascara Waterproof Long & Curl 01 Black 7 ml - wyd\u0142u\u017caj\u0105co-pogrubiaj\u0105cy wodooporny tusz do rz\u0119s czarny - Selleetools.com","robots":{"index":"index","follow":"follow","max-snippet":"max-snippet:-1","max-image-preview":"max-image-preview:large","max-video-preview":"max-video-preview:-1"},"canonical":"https:\/\/selleetools.com\/pl\/product\/cosnori-perfect-setting-mascara-waterproof-long-curl-01-black-7-ml-wydluzajaco-pogrubiajacy-wodooporny-tusz-do-rzes-czarny\/","og_locale":"pl_PL","og_type":"article","og_title":"Cosnori Perfect Setting Mascara Waterproof Long & Curl 01 Black 7 ml - wyd\u0142u\u017caj\u0105co-pogrubiaj\u0105cy wodooporny tusz do rz\u0119s czarny - Selleetools.com","og_description":"Cosnori Perfect Setting Mascara w odcieniu 01 Black to intensywnie czarny, wodoodporny tusz, kt\u00f3ry jednocze\u015bnie wyd\u0142u\u017ca, podkr\u0119ca i pogrubia rz\u0119sy, zapewniaj\u0105c spektakularny efekt bez grudek i osypywania. Innowacyjna formu\u0142a \u0142\u0105czy trwa\u0142o\u015b\u0107 i lekko\u015b\u0107, nie obci\u0105\u017caj\u0105c rz\u0119s. Korzy\u015bci ze stosowania: D\u0142ugotrwa\u0142y efekt bez rozmazywania \u2013 nawet w wilgotnych warunkach Wyra\u017ane wyd\u0142u\u017cenie i pogrubienie ka\u017cdej rz\u0119sy Naturalne ... Read moreCosnori Perfect Setting Mascara Waterproof Long &#038; Curl 01 Black 7 ml &#8211; wyd\u0142u\u017caj\u0105co-pogrubiaj\u0105cy wodooporny tusz do rz\u0119s czarny","og_url":"https:\/\/selleetools.com\/pl\/product\/cosnori-perfect-setting-mascara-waterproof-long-curl-01-black-7-ml-wydluzajaco-pogrubiajacy-wodooporny-tusz-do-rzes-czarny\/","og_site_name":"Selleetools.com","article_modified_time":"2026-02-10T12:11:24+00:00","og_image":[{"width":1080,"height":1080,"url":"https:\/\/selleetools.com\/wp-content\/uploads\/2025\/10\/765019a334a33b1d73410395ee8a16e8.png","type":"image\/png"}],"twitter_card":"summary_large_image","twitter_misc":{"Est. reading time":"1 minuta"},"schema":{"@context":"https:\/\/schema.org","@graph":[{"@type":"Organization","@id":"https:\/\/selleetools.com\/#organization","name":"Selleetools","url":"https:\/\/selleetools.com\/","sameAs":[],"logo":{"@type":"ImageObject","inLanguage":"pl-PL","@id":"https:\/\/selleetools.com\/#\/schema\/logo\/image\/","url":"https:\/\/selleetools.com\/wp-content\/uploads\/2021\/10\/logo-dark.png","contentUrl":"https:\/\/selleetools.com\/wp-content\/uploads\/2021\/10\/logo-dark.png","width":320,"height":76,"caption":"Selleetools"},"image":{"@id":"https:\/\/selleetools.com\/#\/schema\/logo\/image\/"}},{"@type":"WebSite","@id":"https:\/\/selleetools.com\/#website","url":"https:\/\/selleetools.com\/","name":"Selleetools.com","description":"","publisher":{"@id":"https:\/\/selleetools.com\/#organization"},"potentialAction":[{"@type":"SearchAction","target":{"@type":"EntryPoint","urlTemplate":"https:\/\/selleetools.com\/?s={search_term_string}"},"query-input":"required name=search_term_string"}],"inLanguage":"pl-PL"},{"@type":"WebPage","@id":"https:\/\/selleetools.com\/pl\/product\/cosnori-perfect-setting-mascara-waterproof-long-curl-01-black-7-ml-wydluzajaco-pogrubiajacy-wodooporny-tusz-do-rzes-czarny\/","url":"https:\/\/selleetools.com\/pl\/product\/cosnori-perfect-setting-mascara-waterproof-long-curl-01-black-7-ml-wydluzajaco-pogrubiajacy-wodooporny-tusz-do-rzes-czarny\/","name":"Cosnori Perfect Setting Mascara Waterproof Long & Curl 01 Black 7 ml - wyd\u0142u\u017caj\u0105co-pogrubiaj\u0105cy wodooporny tusz do rz\u0119s czarny - Selleetools.com","isPartOf":{"@id":"https:\/\/selleetools.com\/#website"},"datePublished":"2025-10-24T12:13:07+00:00","dateModified":"2026-02-10T12:11:24+00:00","breadcrumb":{"@id":"https:\/\/selleetools.com\/pl\/product\/cosnori-perfect-setting-mascara-waterproof-long-curl-01-black-7-ml-wydluzajaco-pogrubiajacy-wodooporny-tusz-do-rzes-czarny\/#breadcrumb"},"inLanguage":"pl-PL","potentialAction":[{"@type":"ReadAction","target":["https:\/\/selleetools.com\/pl\/product\/cosnori-perfect-setting-mascara-waterproof-long-curl-01-black-7-ml-wydluzajaco-pogrubiajacy-wodooporny-tusz-do-rzes-czarny\/"]}]},{"@type":"BreadcrumbList","@id":"https:\/\/selleetools.com\/pl\/product\/cosnori-perfect-setting-mascara-waterproof-long-curl-01-black-7-ml-wydluzajaco-pogrubiajacy-wodooporny-tusz-do-rzes-czarny\/#breadcrumb","itemListElement":[{"@type":"ListItem","position":1,"name":"Home","item":"https:\/\/selleetools.com\/pl\/"},{"@type":"ListItem","position":2,"name":"Katalog","item":"https:\/\/selleetools.com\/pl\/katalog\/"},{"@type":"ListItem","position":3,"name":"Cosnori Perfect Setting Mascara Waterproof Long &#038; Curl 01 Black 7 ml &#8211; wyd\u0142u\u017caj\u0105co-pogrubiaj\u0105cy wodooporny tusz do rz\u0119s czarny"}]}]}},"_links":{"self":[{"href":"https:\/\/selleetools.com\/pl\/wp-json\/wp\/v2\/product\/608034"}],"collection":[{"href":"https:\/\/selleetools.com\/pl\/wp-json\/wp\/v2\/product"}],"about":[{"href":"https:\/\/selleetools.com\/pl\/wp-json\/wp\/v2\/types\/product"}],"replies":[{"embeddable":true,"href":"https:\/\/selleetools.com\/pl\/wp-json\/wp\/v2\/comments?post=608034"}],"wp:featuredmedia":[{"embeddable":true,"href":"https:\/\/selleetools.com\/pl\/wp-json\/wp\/v2\/media\/608032"}],"wp:attachment":[{"href":"https:\/\/selleetools.com\/pl\/wp-json\/wp\/v2\/media?parent=608034"}],"curies":[{"name":"wp","href":"https:\/\/api.w.org\/{rel}","templated":true}]}}