{"id":608013,"date":"2025-10-24T14:12:47","date_gmt":"2025-10-24T12:12:47","guid":{"rendered":"https:\/\/selleetools.com\/?post_type=product&#038;p=608013"},"modified":"2025-11-04T21:46:46","modified_gmt":"2025-11-04T20:46:46","slug":"cosnori-water-blurry-tint-04-aube-martini-4-g-nude-tint-do-ust-matowy","status":"publish","type":"product","link":"https:\/\/selleetools.com\/pl\/product\/cosnori-water-blurry-tint-04-aube-martini-4-g-nude-tint-do-ust-matowy\/","title":{"rendered":"Cosnori Water Blurry Tint 04 Aube Martini 4 g \u2013 nude tint do ust matowy"},"content":{"rendered":"<p>Cosnori Water Blurry Tint 04 Aube Martini to lekki, wodno-kremowy tint do ust w odcieniu stonowanego nude z nut\u0105 brzoskwini, kt\u00f3ry \u0142\u0105czy w sobie komfort nawil\u017cenia z eleganckim, matowym wyko\u0144czeniem. Idealny do codziennego makija\u017cu \u2013 zapewnia naturalny, rozmyty efekt ust typu \u201cblurry lips\u201d, bez uczucia sucho\u015bci.<\/p>\n<p>Korzy\u015bci ze stosowania:<br \/>\nNadaje ustom subtelny, naturalny kolor w matowym wyko\u0144czeniu<br \/>\nUtrzymuje uczucie komfortu przez ca\u0142y dzie\u0144<br \/>\nLekka formu\u0142a nie zbiera si\u0119 w za\u0142amaniach ust<br \/>\nZapewnia efekt mi\u0119kkich, wyg\u0142adzonych ust<\/p>\n<p>Spos\u00f3b u\u017cycia:<br \/>\nNa\u0142\u00f3\u017c cienk\u0105 warstw\u0119 tintu na \u015brodek ust i delikatnie rozetrzyj ku kraw\u0119dziom dla efektu ombr\u00e9 lub r\u00f3wnomiernie pokryj ca\u0142e usta dla pe\u0142niejszego koloru. Mo\u017cesz nak\u0142ada\u0107 warstwowo w celu zwi\u0119kszenia intensywno\u015bci.<\/p>\n","protected":false},"excerpt":{"rendered":"<p>Cosnori Water Blurry Tint 04 Aube Martini to lekki, wodno-kremowy tint do ust w odcieniu stonowanego nude z nut\u0105 brzoskwini, kt\u00f3ry \u0142\u0105czy w sobie komfort nawil\u017cenia z eleganckim, matowym wyko\u0144czeniem. Idealny do codziennego makija\u017cu \u2013 zapewnia naturalny, rozmyty efekt ust typu \u201cblurry lips\u201d, bez uczucia sucho\u015bci. Korzy\u015bci ze stosowania: Nadaje ustom subtelny, naturalny kolor w &#8230; <a title=\"Cosnori Water Blurry Tint 04 Aube Martini 4 g \u2013 nude tint do ust matowy\" class=\"read-more\" href=\"https:\/\/selleetools.com\/pl\/product\/cosnori-water-blurry-tint-04-aube-martini-4-g-nude-tint-do-ust-matowy\/\">Read more<span class=\"screen-reader-text\">Cosnori Water Blurry Tint 04 Aube Martini 4 g \u2013 nude tint do ust matowy<\/span><\/a><\/p>\n","protected":false},"featured_media":608011,"comment_status":"open","ping_status":"closed","template":"","meta":{"_links_to":"","_links_to_target":""},"yoast_head":"<!-- This site is optimized with the Yoast SEO plugin v19.4 - https:\/\/yoast.com\/wordpress\/plugins\/seo\/ -->\n<title>Cosnori Water Blurry Tint 04 Aube Martini 4 g \u2013 nude tint do ust matowy - Selleetools.com<\/title>\n<meta name=\"robots\" content=\"index, follow, max-snippet:-1, max-image-preview:large, max-video-preview:-1\" \/>\n<link rel=\"canonical\" href=\"https:\/\/selleetools.com\/pl\/product\/cosnori-water-blurry-tint-04-aube-martini-4-g-nude-tint-do-ust-matowy\/\" \/>\n<meta property=\"og:locale\" content=\"pl_PL\" \/>\n<meta property=\"og:type\" content=\"article\" \/>\n<meta property=\"og:title\" content=\"Cosnori Water Blurry Tint 04 Aube Martini 4 g \u2013 nude tint do ust matowy - Selleetools.com\" \/>\n<meta property=\"og:description\" content=\"Cosnori Water Blurry Tint 04 Aube Martini to lekki, wodno-kremowy tint do ust w odcieniu stonowanego nude z nut\u0105 brzoskwini, kt\u00f3ry \u0142\u0105czy w sobie komfort nawil\u017cenia z eleganckim, matowym wyko\u0144czeniem. Idealny do codziennego makija\u017cu \u2013 zapewnia naturalny, rozmyty efekt ust typu \u201cblurry lips\u201d, bez uczucia sucho\u015bci. Korzy\u015bci ze stosowania: Nadaje ustom subtelny, naturalny kolor w ... Read moreCosnori Water Blurry Tint 04 Aube Martini 4 g \u2013 nude tint do ust matowy\" \/>\n<meta property=\"og:url\" content=\"https:\/\/selleetools.com\/pl\/product\/cosnori-water-blurry-tint-04-aube-martini-4-g-nude-tint-do-ust-matowy\/\" \/>\n<meta property=\"og:site_name\" content=\"Selleetools.com\" \/>\n<meta property=\"article:modified_time\" content=\"2025-11-04T20:46:46+00:00\" \/>\n<meta property=\"og:image\" content=\"https:\/\/selleetools.com\/wp-content\/uploads\/2025\/10\/534b33ed8ebaa81af576614380cb8832.png\" \/>\n\t<meta property=\"og:image:width\" content=\"1080\" \/>\n\t<meta property=\"og:image:height\" content=\"1080\" \/>\n\t<meta property=\"og:image:type\" content=\"image\/png\" \/>\n<meta name=\"twitter:card\" content=\"summary_large_image\" \/>\n<meta name=\"twitter:label1\" content=\"Est. reading time\" \/>\n\t<meta name=\"twitter:data1\" content=\"1 minuta\" \/>\n<!-- \/ Yoast SEO plugin. -->","yoast_head_json":{"title":"Cosnori Water Blurry Tint 04 Aube Martini 4 g \u2013 nude tint do ust matowy - Selleetools.com","robots":{"index":"index","follow":"follow","max-snippet":"max-snippet:-1","max-image-preview":"max-image-preview:large","max-video-preview":"max-video-preview:-1"},"canonical":"https:\/\/selleetools.com\/pl\/product\/cosnori-water-blurry-tint-04-aube-martini-4-g-nude-tint-do-ust-matowy\/","og_locale":"pl_PL","og_type":"article","og_title":"Cosnori Water Blurry Tint 04 Aube Martini 4 g \u2013 nude tint do ust matowy - Selleetools.com","og_description":"Cosnori Water Blurry Tint 04 Aube Martini to lekki, wodno-kremowy tint do ust w odcieniu stonowanego nude z nut\u0105 brzoskwini, kt\u00f3ry \u0142\u0105czy w sobie komfort nawil\u017cenia z eleganckim, matowym wyko\u0144czeniem. Idealny do codziennego makija\u017cu \u2013 zapewnia naturalny, rozmyty efekt ust typu \u201cblurry lips\u201d, bez uczucia sucho\u015bci. Korzy\u015bci ze stosowania: Nadaje ustom subtelny, naturalny kolor w ... Read moreCosnori Water Blurry Tint 04 Aube Martini 4 g \u2013 nude tint do ust matowy","og_url":"https:\/\/selleetools.com\/pl\/product\/cosnori-water-blurry-tint-04-aube-martini-4-g-nude-tint-do-ust-matowy\/","og_site_name":"Selleetools.com","article_modified_time":"2025-11-04T20:46:46+00:00","og_image":[{"width":1080,"height":1080,"url":"https:\/\/selleetools.com\/wp-content\/uploads\/2025\/10\/534b33ed8ebaa81af576614380cb8832.png","type":"image\/png"}],"twitter_card":"summary_large_image","twitter_misc":{"Est. reading time":"1 minuta"},"schema":{"@context":"https:\/\/schema.org","@graph":[{"@type":"Organization","@id":"https:\/\/selleetools.com\/#organization","name":"Selleetools","url":"https:\/\/selleetools.com\/","sameAs":[],"logo":{"@type":"ImageObject","inLanguage":"pl-PL","@id":"https:\/\/selleetools.com\/#\/schema\/logo\/image\/","url":"https:\/\/selleetools.com\/wp-content\/uploads\/2021\/10\/logo-dark.png","contentUrl":"https:\/\/selleetools.com\/wp-content\/uploads\/2021\/10\/logo-dark.png","width":320,"height":76,"caption":"Selleetools"},"image":{"@id":"https:\/\/selleetools.com\/#\/schema\/logo\/image\/"}},{"@type":"WebSite","@id":"https:\/\/selleetools.com\/#website","url":"https:\/\/selleetools.com\/","name":"Selleetools.com","description":"","publisher":{"@id":"https:\/\/selleetools.com\/#organization"},"potentialAction":[{"@type":"SearchAction","target":{"@type":"EntryPoint","urlTemplate":"https:\/\/selleetools.com\/?s={search_term_string}"},"query-input":"required name=search_term_string"}],"inLanguage":"pl-PL"},{"@type":"WebPage","@id":"https:\/\/selleetools.com\/pl\/product\/cosnori-water-blurry-tint-04-aube-martini-4-g-nude-tint-do-ust-matowy\/","url":"https:\/\/selleetools.com\/pl\/product\/cosnori-water-blurry-tint-04-aube-martini-4-g-nude-tint-do-ust-matowy\/","name":"Cosnori Water Blurry Tint 04 Aube Martini 4 g \u2013 nude tint do ust matowy - Selleetools.com","isPartOf":{"@id":"https:\/\/selleetools.com\/#website"},"datePublished":"2025-10-24T12:12:47+00:00","dateModified":"2025-11-04T20:46:46+00:00","breadcrumb":{"@id":"https:\/\/selleetools.com\/pl\/product\/cosnori-water-blurry-tint-04-aube-martini-4-g-nude-tint-do-ust-matowy\/#breadcrumb"},"inLanguage":"pl-PL","potentialAction":[{"@type":"ReadAction","target":["https:\/\/selleetools.com\/pl\/product\/cosnori-water-blurry-tint-04-aube-martini-4-g-nude-tint-do-ust-matowy\/"]}]},{"@type":"BreadcrumbList","@id":"https:\/\/selleetools.com\/pl\/product\/cosnori-water-blurry-tint-04-aube-martini-4-g-nude-tint-do-ust-matowy\/#breadcrumb","itemListElement":[{"@type":"ListItem","position":1,"name":"Home","item":"https:\/\/selleetools.com\/pl\/"},{"@type":"ListItem","position":2,"name":"Katalog","item":"https:\/\/selleetools.com\/pl\/katalog\/"},{"@type":"ListItem","position":3,"name":"Cosnori Water Blurry Tint 04 Aube Martini 4 g \u2013 nude tint do ust matowy"}]}]}},"_links":{"self":[{"href":"https:\/\/selleetools.com\/pl\/wp-json\/wp\/v2\/product\/608013"}],"collection":[{"href":"https:\/\/selleetools.com\/pl\/wp-json\/wp\/v2\/product"}],"about":[{"href":"https:\/\/selleetools.com\/pl\/wp-json\/wp\/v2\/types\/product"}],"replies":[{"embeddable":true,"href":"https:\/\/selleetools.com\/pl\/wp-json\/wp\/v2\/comments?post=608013"}],"wp:featuredmedia":[{"embeddable":true,"href":"https:\/\/selleetools.com\/pl\/wp-json\/wp\/v2\/media\/608011"}],"wp:attachment":[{"href":"https:\/\/selleetools.com\/pl\/wp-json\/wp\/v2\/media?parent=608013"}],"curies":[{"name":"wp","href":"https:\/\/api.w.org\/{rel}","templated":true}]}}