{"id":608001,"date":"2025-10-24T14:12:35","date_gmt":"2025-10-24T12:12:35","guid":{"rendered":"https:\/\/selleetools.com\/?post_type=product&#038;p=608001"},"modified":"2025-11-04T21:45:51","modified_gmt":"2025-11-04T20:45:51","slug":"cosnori-flow-wave-tint-09-popple-3-7-g-rozowo-sliwkowy-tint-do-ust-blyszczacy","status":"publish","type":"product","link":"https:\/\/selleetools.com\/pl\/product\/cosnori-flow-wave-tint-09-popple-3-7-g-rozowo-sliwkowy-tint-do-ust-blyszczacy\/","title":{"rendered":"Cosnori Flow Wave Tint 09 Popple 3.7 g &#8211; r\u00f3\u017cowo-\u015bliwkowy tint do ust b\u0142yszcz\u0105cy"},"content":{"rendered":"<p>Cosnori Flow Wave Tint 09 Popple to nawil\u017caj\u0105cy tint do ust o l\u015bni\u0105cym wyko\u0144czeniu i intensywnym kolorze r\u00f3\u017cowo-\u015bliwkowym. Jego lekka, komfortowa formu\u0142a otula usta po\u0142yskiem, jednocze\u015bnie dbaj\u0105c o ich kondycj\u0119 dzi\u0119ki ro\u015blinnym olejkom i sk\u0142adnikom piel\u0119gnuj\u0105cym.<\/p>\n<p>Korzy\u015bci ze stosowania:<br \/>\nNadaje ustom trwa\u0142y kolor i efekt \u201emokrego po\u0142ysku\u201d<br \/>\nNawil\u017ca, wyg\u0142adza i chroni przed przesuszeniem<br \/>\nZawiera olejek z kamelii, dzikiej r\u00f3\u017cy i makadamii dla lepszej elastyczno\u015bci i mi\u0119kko\u015bci ust<br \/>\nLekka konsystencja nie klei si\u0119 i jest przyjemna w noszeniu<\/p>\n<p>Spos\u00f3b u\u017cycia:<br \/>\nNa\u0142\u00f3\u017c bezpo\u015brednio na usta za pomoc\u0105 aplikatora. Dla mocniejszego efektu dodaj drug\u0105 warstw\u0119. Mo\u017cna stosowa\u0107 samodzielnie lub na szmink\u0119 dla dodatkowego po\u0142ysku.<\/p>\n","protected":false},"excerpt":{"rendered":"<p>Cosnori Flow Wave Tint 09 Popple to nawil\u017caj\u0105cy tint do ust o l\u015bni\u0105cym wyko\u0144czeniu i intensywnym kolorze r\u00f3\u017cowo-\u015bliwkowym. Jego lekka, komfortowa formu\u0142a otula usta po\u0142yskiem, jednocze\u015bnie dbaj\u0105c o ich kondycj\u0119 dzi\u0119ki ro\u015blinnym olejkom i sk\u0142adnikom piel\u0119gnuj\u0105cym. Korzy\u015bci ze stosowania: Nadaje ustom trwa\u0142y kolor i efekt \u201emokrego po\u0142ysku\u201d Nawil\u017ca, wyg\u0142adza i chroni przed przesuszeniem Zawiera olejek &#8230; <a title=\"Cosnori Flow Wave Tint 09 Popple 3.7 g &#8211; r\u00f3\u017cowo-\u015bliwkowy tint do ust b\u0142yszcz\u0105cy\" class=\"read-more\" href=\"https:\/\/selleetools.com\/pl\/product\/cosnori-flow-wave-tint-09-popple-3-7-g-rozowo-sliwkowy-tint-do-ust-blyszczacy\/\">Read more<span class=\"screen-reader-text\">Cosnori Flow Wave Tint 09 Popple 3.7 g &#8211; r\u00f3\u017cowo-\u015bliwkowy tint do ust b\u0142yszcz\u0105cy<\/span><\/a><\/p>\n","protected":false},"featured_media":607999,"comment_status":"open","ping_status":"closed","template":"","meta":{"_links_to":"","_links_to_target":""},"yoast_head":"<!-- This site is optimized with the Yoast SEO plugin v19.4 - https:\/\/yoast.com\/wordpress\/plugins\/seo\/ -->\n<title>Cosnori Flow Wave Tint 09 Popple 3.7 g - r\u00f3\u017cowo-\u015bliwkowy tint do ust b\u0142yszcz\u0105cy - Selleetools.com<\/title>\n<meta name=\"robots\" content=\"index, follow, max-snippet:-1, max-image-preview:large, max-video-preview:-1\" \/>\n<link rel=\"canonical\" href=\"https:\/\/selleetools.com\/pl\/product\/cosnori-flow-wave-tint-09-popple-3-7-g-rozowo-sliwkowy-tint-do-ust-blyszczacy\/\" \/>\n<meta property=\"og:locale\" content=\"pl_PL\" \/>\n<meta property=\"og:type\" content=\"article\" \/>\n<meta property=\"og:title\" content=\"Cosnori Flow Wave Tint 09 Popple 3.7 g - r\u00f3\u017cowo-\u015bliwkowy tint do ust b\u0142yszcz\u0105cy - Selleetools.com\" \/>\n<meta property=\"og:description\" content=\"Cosnori Flow Wave Tint 09 Popple to nawil\u017caj\u0105cy tint do ust o l\u015bni\u0105cym wyko\u0144czeniu i intensywnym kolorze r\u00f3\u017cowo-\u015bliwkowym. Jego lekka, komfortowa formu\u0142a otula usta po\u0142yskiem, jednocze\u015bnie dbaj\u0105c o ich kondycj\u0119 dzi\u0119ki ro\u015blinnym olejkom i sk\u0142adnikom piel\u0119gnuj\u0105cym. Korzy\u015bci ze stosowania: Nadaje ustom trwa\u0142y kolor i efekt \u201emokrego po\u0142ysku\u201d Nawil\u017ca, wyg\u0142adza i chroni przed przesuszeniem Zawiera olejek ... Read moreCosnori Flow Wave Tint 09 Popple 3.7 g &#8211; r\u00f3\u017cowo-\u015bliwkowy tint do ust b\u0142yszcz\u0105cy\" \/>\n<meta property=\"og:url\" content=\"https:\/\/selleetools.com\/pl\/product\/cosnori-flow-wave-tint-09-popple-3-7-g-rozowo-sliwkowy-tint-do-ust-blyszczacy\/\" \/>\n<meta property=\"og:site_name\" content=\"Selleetools.com\" \/>\n<meta property=\"article:modified_time\" content=\"2025-11-04T20:45:51+00:00\" \/>\n<meta property=\"og:image\" content=\"https:\/\/selleetools.com\/wp-content\/uploads\/2025\/10\/5e845a61f25b06d2dff527c075022b64.png\" \/>\n\t<meta property=\"og:image:width\" content=\"1080\" \/>\n\t<meta property=\"og:image:height\" content=\"1080\" \/>\n\t<meta property=\"og:image:type\" content=\"image\/png\" \/>\n<meta name=\"twitter:card\" content=\"summary_large_image\" \/>\n<meta name=\"twitter:label1\" content=\"Est. reading time\" \/>\n\t<meta name=\"twitter:data1\" content=\"1 minuta\" \/>\n<!-- \/ Yoast SEO plugin. -->","yoast_head_json":{"title":"Cosnori Flow Wave Tint 09 Popple 3.7 g - r\u00f3\u017cowo-\u015bliwkowy tint do ust b\u0142yszcz\u0105cy - Selleetools.com","robots":{"index":"index","follow":"follow","max-snippet":"max-snippet:-1","max-image-preview":"max-image-preview:large","max-video-preview":"max-video-preview:-1"},"canonical":"https:\/\/selleetools.com\/pl\/product\/cosnori-flow-wave-tint-09-popple-3-7-g-rozowo-sliwkowy-tint-do-ust-blyszczacy\/","og_locale":"pl_PL","og_type":"article","og_title":"Cosnori Flow Wave Tint 09 Popple 3.7 g - r\u00f3\u017cowo-\u015bliwkowy tint do ust b\u0142yszcz\u0105cy - Selleetools.com","og_description":"Cosnori Flow Wave Tint 09 Popple to nawil\u017caj\u0105cy tint do ust o l\u015bni\u0105cym wyko\u0144czeniu i intensywnym kolorze r\u00f3\u017cowo-\u015bliwkowym. Jego lekka, komfortowa formu\u0142a otula usta po\u0142yskiem, jednocze\u015bnie dbaj\u0105c o ich kondycj\u0119 dzi\u0119ki ro\u015blinnym olejkom i sk\u0142adnikom piel\u0119gnuj\u0105cym. Korzy\u015bci ze stosowania: Nadaje ustom trwa\u0142y kolor i efekt \u201emokrego po\u0142ysku\u201d Nawil\u017ca, wyg\u0142adza i chroni przed przesuszeniem Zawiera olejek ... Read moreCosnori Flow Wave Tint 09 Popple 3.7 g &#8211; r\u00f3\u017cowo-\u015bliwkowy tint do ust b\u0142yszcz\u0105cy","og_url":"https:\/\/selleetools.com\/pl\/product\/cosnori-flow-wave-tint-09-popple-3-7-g-rozowo-sliwkowy-tint-do-ust-blyszczacy\/","og_site_name":"Selleetools.com","article_modified_time":"2025-11-04T20:45:51+00:00","og_image":[{"width":1080,"height":1080,"url":"https:\/\/selleetools.com\/wp-content\/uploads\/2025\/10\/5e845a61f25b06d2dff527c075022b64.png","type":"image\/png"}],"twitter_card":"summary_large_image","twitter_misc":{"Est. reading time":"1 minuta"},"schema":{"@context":"https:\/\/schema.org","@graph":[{"@type":"Organization","@id":"https:\/\/selleetools.com\/#organization","name":"Selleetools","url":"https:\/\/selleetools.com\/","sameAs":[],"logo":{"@type":"ImageObject","inLanguage":"pl-PL","@id":"https:\/\/selleetools.com\/#\/schema\/logo\/image\/","url":"https:\/\/selleetools.com\/wp-content\/uploads\/2021\/10\/logo-dark.png","contentUrl":"https:\/\/selleetools.com\/wp-content\/uploads\/2021\/10\/logo-dark.png","width":320,"height":76,"caption":"Selleetools"},"image":{"@id":"https:\/\/selleetools.com\/#\/schema\/logo\/image\/"}},{"@type":"WebSite","@id":"https:\/\/selleetools.com\/#website","url":"https:\/\/selleetools.com\/","name":"Selleetools.com","description":"","publisher":{"@id":"https:\/\/selleetools.com\/#organization"},"potentialAction":[{"@type":"SearchAction","target":{"@type":"EntryPoint","urlTemplate":"https:\/\/selleetools.com\/?s={search_term_string}"},"query-input":"required name=search_term_string"}],"inLanguage":"pl-PL"},{"@type":"WebPage","@id":"https:\/\/selleetools.com\/pl\/product\/cosnori-flow-wave-tint-09-popple-3-7-g-rozowo-sliwkowy-tint-do-ust-blyszczacy\/","url":"https:\/\/selleetools.com\/pl\/product\/cosnori-flow-wave-tint-09-popple-3-7-g-rozowo-sliwkowy-tint-do-ust-blyszczacy\/","name":"Cosnori Flow Wave Tint 09 Popple 3.7 g - r\u00f3\u017cowo-\u015bliwkowy tint do ust b\u0142yszcz\u0105cy - Selleetools.com","isPartOf":{"@id":"https:\/\/selleetools.com\/#website"},"datePublished":"2025-10-24T12:12:35+00:00","dateModified":"2025-11-04T20:45:51+00:00","breadcrumb":{"@id":"https:\/\/selleetools.com\/pl\/product\/cosnori-flow-wave-tint-09-popple-3-7-g-rozowo-sliwkowy-tint-do-ust-blyszczacy\/#breadcrumb"},"inLanguage":"pl-PL","potentialAction":[{"@type":"ReadAction","target":["https:\/\/selleetools.com\/pl\/product\/cosnori-flow-wave-tint-09-popple-3-7-g-rozowo-sliwkowy-tint-do-ust-blyszczacy\/"]}]},{"@type":"BreadcrumbList","@id":"https:\/\/selleetools.com\/pl\/product\/cosnori-flow-wave-tint-09-popple-3-7-g-rozowo-sliwkowy-tint-do-ust-blyszczacy\/#breadcrumb","itemListElement":[{"@type":"ListItem","position":1,"name":"Home","item":"https:\/\/selleetools.com\/pl\/"},{"@type":"ListItem","position":2,"name":"Katalog","item":"https:\/\/selleetools.com\/pl\/katalog\/"},{"@type":"ListItem","position":3,"name":"Cosnori Flow Wave Tint 09 Popple 3.7 g &#8211; r\u00f3\u017cowo-\u015bliwkowy tint do ust b\u0142yszcz\u0105cy"}]}]}},"_links":{"self":[{"href":"https:\/\/selleetools.com\/pl\/wp-json\/wp\/v2\/product\/608001"}],"collection":[{"href":"https:\/\/selleetools.com\/pl\/wp-json\/wp\/v2\/product"}],"about":[{"href":"https:\/\/selleetools.com\/pl\/wp-json\/wp\/v2\/types\/product"}],"replies":[{"embeddable":true,"href":"https:\/\/selleetools.com\/pl\/wp-json\/wp\/v2\/comments?post=608001"}],"wp:featuredmedia":[{"embeddable":true,"href":"https:\/\/selleetools.com\/pl\/wp-json\/wp\/v2\/media\/607999"}],"wp:attachment":[{"href":"https:\/\/selleetools.com\/pl\/wp-json\/wp\/v2\/media?parent=608001"}],"curies":[{"name":"wp","href":"https:\/\/api.w.org\/{rel}","templated":true}]}}