{"id":607989,"date":"2025-10-24T14:12:23","date_gmt":"2025-10-24T12:12:23","guid":{"rendered":"https:\/\/selleetools.com\/?post_type=product&#038;p=607989"},"modified":"2025-11-04T21:44:56","modified_gmt":"2025-11-04T20:44:56","slug":"cosnori-flow-wave-tint-05-punch-3-7g-czerwony-tint-do-ust-blyszczacy","status":"publish","type":"product","link":"https:\/\/selleetools.com\/pl\/product\/cosnori-flow-wave-tint-05-punch-3-7g-czerwony-tint-do-ust-blyszczacy\/","title":{"rendered":"Cosnori Flow Wave Tint 05 Punch 3.7g &#8211; czerwony tint do ust b\u0142yszcz\u0105cy"},"content":{"rendered":"<p>Cosnori Flow Wave Tint 05 Punch to intensywnie czerwony tint o l\u015bni\u0105cym wyko\u0144czeniu, kt\u00f3ry nadaje ustom soczysty kolor i efekt \u201eglass lips\u201d. Lekka, olejkowa formu\u0142a nie klei si\u0119, zapewnia komfort noszenia i subtelny, elegancki blask przez wiele godzin.<\/p>\n<p>Korzy\u015bci ze stosowania:<br \/>\nNadaje ustom intensywny kolor z efektem b\u0142yszczenia<br \/>\nNawil\u017ca i wyg\u0142adza usta, pozostawiaj\u0105c je mi\u0119kkie i elastyczne<br \/>\nZawiera olejki ro\u015blinne, kt\u00f3re piel\u0119gnuj\u0105 sk\u00f3r\u0119 ust<br \/>\nFormu\u0142a odporna na przesuszanie i \u0142atwa w aplikacji<\/p>\n<p>Spos\u00f3b u\u017cycia:<br \/>\nAplikuj tint bezpo\u015brednio na usta przy pomocy aplikatora. Na\u0142\u00f3\u017c jedn\u0105 warstw\u0119 dla delikatnego efektu lub dodaj kolejn\u0105 dla intensywniejszego koloru i po\u0142ysku. Mo\u017cesz stosowa\u0107 samodzielnie lub na inne produkty do ust jako top coat.<\/p>\n","protected":false},"excerpt":{"rendered":"<p>Cosnori Flow Wave Tint 05 Punch to intensywnie czerwony tint o l\u015bni\u0105cym wyko\u0144czeniu, kt\u00f3ry nadaje ustom soczysty kolor i efekt \u201eglass lips\u201d. Lekka, olejkowa formu\u0142a nie klei si\u0119, zapewnia komfort noszenia i subtelny, elegancki blask przez wiele godzin. Korzy\u015bci ze stosowania: Nadaje ustom intensywny kolor z efektem b\u0142yszczenia Nawil\u017ca i wyg\u0142adza usta, pozostawiaj\u0105c je mi\u0119kkie &#8230; <a title=\"Cosnori Flow Wave Tint 05 Punch 3.7g &#8211; czerwony tint do ust b\u0142yszcz\u0105cy\" class=\"read-more\" href=\"https:\/\/selleetools.com\/pl\/product\/cosnori-flow-wave-tint-05-punch-3-7g-czerwony-tint-do-ust-blyszczacy\/\">Read more<span class=\"screen-reader-text\">Cosnori Flow Wave Tint 05 Punch 3.7g &#8211; czerwony tint do ust b\u0142yszcz\u0105cy<\/span><\/a><\/p>\n","protected":false},"featured_media":607987,"comment_status":"open","ping_status":"closed","template":"","meta":{"_links_to":"","_links_to_target":""},"yoast_head":"<!-- This site is optimized with the Yoast SEO plugin v19.4 - https:\/\/yoast.com\/wordpress\/plugins\/seo\/ -->\n<title>Cosnori Flow Wave Tint 05 Punch 3.7g - czerwony tint do ust b\u0142yszcz\u0105cy - Selleetools.com<\/title>\n<meta name=\"robots\" content=\"index, follow, max-snippet:-1, max-image-preview:large, max-video-preview:-1\" \/>\n<link rel=\"canonical\" href=\"https:\/\/selleetools.com\/pl\/product\/cosnori-flow-wave-tint-05-punch-3-7g-czerwony-tint-do-ust-blyszczacy\/\" \/>\n<meta property=\"og:locale\" content=\"pl_PL\" \/>\n<meta property=\"og:type\" content=\"article\" \/>\n<meta property=\"og:title\" content=\"Cosnori Flow Wave Tint 05 Punch 3.7g - czerwony tint do ust b\u0142yszcz\u0105cy - Selleetools.com\" \/>\n<meta property=\"og:description\" content=\"Cosnori Flow Wave Tint 05 Punch to intensywnie czerwony tint o l\u015bni\u0105cym wyko\u0144czeniu, kt\u00f3ry nadaje ustom soczysty kolor i efekt \u201eglass lips\u201d. Lekka, olejkowa formu\u0142a nie klei si\u0119, zapewnia komfort noszenia i subtelny, elegancki blask przez wiele godzin. Korzy\u015bci ze stosowania: Nadaje ustom intensywny kolor z efektem b\u0142yszczenia Nawil\u017ca i wyg\u0142adza usta, pozostawiaj\u0105c je mi\u0119kkie ... Read moreCosnori Flow Wave Tint 05 Punch 3.7g &#8211; czerwony tint do ust b\u0142yszcz\u0105cy\" \/>\n<meta property=\"og:url\" content=\"https:\/\/selleetools.com\/pl\/product\/cosnori-flow-wave-tint-05-punch-3-7g-czerwony-tint-do-ust-blyszczacy\/\" \/>\n<meta property=\"og:site_name\" content=\"Selleetools.com\" \/>\n<meta property=\"article:modified_time\" content=\"2025-11-04T20:44:56+00:00\" \/>\n<meta property=\"og:image\" content=\"https:\/\/selleetools.com\/wp-content\/uploads\/2025\/10\/7a8da55551d1b5b72794db52687b4119.png\" \/>\n\t<meta property=\"og:image:width\" content=\"1080\" \/>\n\t<meta property=\"og:image:height\" content=\"1080\" \/>\n\t<meta property=\"og:image:type\" content=\"image\/png\" \/>\n<meta name=\"twitter:card\" content=\"summary_large_image\" \/>\n<meta name=\"twitter:label1\" content=\"Est. reading time\" \/>\n\t<meta name=\"twitter:data1\" content=\"1 minuta\" \/>\n<!-- \/ Yoast SEO plugin. -->","yoast_head_json":{"title":"Cosnori Flow Wave Tint 05 Punch 3.7g - czerwony tint do ust b\u0142yszcz\u0105cy - Selleetools.com","robots":{"index":"index","follow":"follow","max-snippet":"max-snippet:-1","max-image-preview":"max-image-preview:large","max-video-preview":"max-video-preview:-1"},"canonical":"https:\/\/selleetools.com\/pl\/product\/cosnori-flow-wave-tint-05-punch-3-7g-czerwony-tint-do-ust-blyszczacy\/","og_locale":"pl_PL","og_type":"article","og_title":"Cosnori Flow Wave Tint 05 Punch 3.7g - czerwony tint do ust b\u0142yszcz\u0105cy - Selleetools.com","og_description":"Cosnori Flow Wave Tint 05 Punch to intensywnie czerwony tint o l\u015bni\u0105cym wyko\u0144czeniu, kt\u00f3ry nadaje ustom soczysty kolor i efekt \u201eglass lips\u201d. Lekka, olejkowa formu\u0142a nie klei si\u0119, zapewnia komfort noszenia i subtelny, elegancki blask przez wiele godzin. Korzy\u015bci ze stosowania: Nadaje ustom intensywny kolor z efektem b\u0142yszczenia Nawil\u017ca i wyg\u0142adza usta, pozostawiaj\u0105c je mi\u0119kkie ... Read moreCosnori Flow Wave Tint 05 Punch 3.7g &#8211; czerwony tint do ust b\u0142yszcz\u0105cy","og_url":"https:\/\/selleetools.com\/pl\/product\/cosnori-flow-wave-tint-05-punch-3-7g-czerwony-tint-do-ust-blyszczacy\/","og_site_name":"Selleetools.com","article_modified_time":"2025-11-04T20:44:56+00:00","og_image":[{"width":1080,"height":1080,"url":"https:\/\/selleetools.com\/wp-content\/uploads\/2025\/10\/7a8da55551d1b5b72794db52687b4119.png","type":"image\/png"}],"twitter_card":"summary_large_image","twitter_misc":{"Est. reading time":"1 minuta"},"schema":{"@context":"https:\/\/schema.org","@graph":[{"@type":"Organization","@id":"https:\/\/selleetools.com\/#organization","name":"Selleetools","url":"https:\/\/selleetools.com\/","sameAs":[],"logo":{"@type":"ImageObject","inLanguage":"pl-PL","@id":"https:\/\/selleetools.com\/#\/schema\/logo\/image\/","url":"https:\/\/selleetools.com\/wp-content\/uploads\/2021\/10\/logo-dark.png","contentUrl":"https:\/\/selleetools.com\/wp-content\/uploads\/2021\/10\/logo-dark.png","width":320,"height":76,"caption":"Selleetools"},"image":{"@id":"https:\/\/selleetools.com\/#\/schema\/logo\/image\/"}},{"@type":"WebSite","@id":"https:\/\/selleetools.com\/#website","url":"https:\/\/selleetools.com\/","name":"Selleetools.com","description":"","publisher":{"@id":"https:\/\/selleetools.com\/#organization"},"potentialAction":[{"@type":"SearchAction","target":{"@type":"EntryPoint","urlTemplate":"https:\/\/selleetools.com\/?s={search_term_string}"},"query-input":"required name=search_term_string"}],"inLanguage":"pl-PL"},{"@type":"WebPage","@id":"https:\/\/selleetools.com\/pl\/product\/cosnori-flow-wave-tint-05-punch-3-7g-czerwony-tint-do-ust-blyszczacy\/","url":"https:\/\/selleetools.com\/pl\/product\/cosnori-flow-wave-tint-05-punch-3-7g-czerwony-tint-do-ust-blyszczacy\/","name":"Cosnori Flow Wave Tint 05 Punch 3.7g - czerwony tint do ust b\u0142yszcz\u0105cy - Selleetools.com","isPartOf":{"@id":"https:\/\/selleetools.com\/#website"},"datePublished":"2025-10-24T12:12:23+00:00","dateModified":"2025-11-04T20:44:56+00:00","breadcrumb":{"@id":"https:\/\/selleetools.com\/pl\/product\/cosnori-flow-wave-tint-05-punch-3-7g-czerwony-tint-do-ust-blyszczacy\/#breadcrumb"},"inLanguage":"pl-PL","potentialAction":[{"@type":"ReadAction","target":["https:\/\/selleetools.com\/pl\/product\/cosnori-flow-wave-tint-05-punch-3-7g-czerwony-tint-do-ust-blyszczacy\/"]}]},{"@type":"BreadcrumbList","@id":"https:\/\/selleetools.com\/pl\/product\/cosnori-flow-wave-tint-05-punch-3-7g-czerwony-tint-do-ust-blyszczacy\/#breadcrumb","itemListElement":[{"@type":"ListItem","position":1,"name":"Home","item":"https:\/\/selleetools.com\/pl\/"},{"@type":"ListItem","position":2,"name":"Katalog","item":"https:\/\/selleetools.com\/pl\/katalog\/"},{"@type":"ListItem","position":3,"name":"Cosnori Flow Wave Tint 05 Punch 3.7g &#8211; czerwony tint do ust b\u0142yszcz\u0105cy"}]}]}},"_links":{"self":[{"href":"https:\/\/selleetools.com\/pl\/wp-json\/wp\/v2\/product\/607989"}],"collection":[{"href":"https:\/\/selleetools.com\/pl\/wp-json\/wp\/v2\/product"}],"about":[{"href":"https:\/\/selleetools.com\/pl\/wp-json\/wp\/v2\/types\/product"}],"replies":[{"embeddable":true,"href":"https:\/\/selleetools.com\/pl\/wp-json\/wp\/v2\/comments?post=607989"}],"wp:featuredmedia":[{"embeddable":true,"href":"https:\/\/selleetools.com\/pl\/wp-json\/wp\/v2\/media\/607987"}],"wp:attachment":[{"href":"https:\/\/selleetools.com\/pl\/wp-json\/wp\/v2\/media?parent=607989"}],"curies":[{"name":"wp","href":"https:\/\/api.w.org\/{rel}","templated":true}]}}