{"id":607965,"date":"2025-10-24T14:12:00","date_gmt":"2025-10-24T12:12:00","guid":{"rendered":"https:\/\/selleetools.com\/?post_type=product&#038;p=607965"},"modified":"2025-11-03T17:04:43","modified_gmt":"2025-11-03T16:04:43","slug":"dasique-souffle-color-pot-12-apple-tarte-6-5-g-balsam-do-ust-i-policzkow-czerwony","status":"publish","type":"product","link":"https:\/\/selleetools.com\/pl\/product\/dasique-souffle-color-pot-12-apple-tarte-6-5-g-balsam-do-ust-i-policzkow-czerwony\/","title":{"rendered":"Dasique Souffle Color Pot #12 Apple Tarte 6.5 g &#8211; balsam do ust i policzk\u00f3w czerwony"},"content":{"rendered":"<p>Dasique Souffle Color Pot #12 Apple Tarte to wielofunkcyjny balsam w intensywnym czerwonym odcieniu, kt\u00f3ry nadaje ustom i policzkom \u015bwie\u017cy, soczysty rumieniec. Jego kremowo-musowa konsystencja pozwala na \u0142atwe rozprowadzanie i naturalne stapianie si\u0119 ze sk\u00f3r\u0105.<\/p>\n<p>Korzy\u015bci ze stosowania:<br \/>\nNadaje naturalny kolor i zdrowy blask<br \/>\nNawil\u017ca i zmi\u0119kcza usta oraz sk\u00f3r\u0119 policzk\u00f3w<br \/>\n\u0141atwa, szybka aplikacja bez smug<br \/>\nLekka formu\u0142a komfortowa w noszeniu przez ca\u0142y dzie\u0144<\/p>\n<p>Spos\u00f3b u\u017cycia:<br \/>\nNa\u0142\u00f3\u017c opuszkami palc\u00f3w niewielk\u0105 ilo\u015b\u0107 balsamu na policzki lub usta i delikatnie wklep. Stopniuj intensywno\u015b\u0107 koloru wed\u0142ug potrzeb.<\/p>\n","protected":false},"excerpt":{"rendered":"<p>Dasique Souffle Color Pot #12 Apple Tarte to wielofunkcyjny balsam w intensywnym czerwonym odcieniu, kt\u00f3ry nadaje ustom i policzkom \u015bwie\u017cy, soczysty rumieniec. Jego kremowo-musowa konsystencja pozwala na \u0142atwe rozprowadzanie i naturalne stapianie si\u0119 ze sk\u00f3r\u0105. Korzy\u015bci ze stosowania: Nadaje naturalny kolor i zdrowy blask Nawil\u017ca i zmi\u0119kcza usta oraz sk\u00f3r\u0119 policzk\u00f3w \u0141atwa, szybka aplikacja bez &#8230; <a title=\"Dasique Souffle Color Pot #12 Apple Tarte 6.5 g &#8211; balsam do ust i policzk\u00f3w czerwony\" class=\"read-more\" href=\"https:\/\/selleetools.com\/pl\/product\/dasique-souffle-color-pot-12-apple-tarte-6-5-g-balsam-do-ust-i-policzkow-czerwony\/\">Read more<span class=\"screen-reader-text\">Dasique Souffle Color Pot #12 Apple Tarte 6.5 g &#8211; balsam do ust i policzk\u00f3w czerwony<\/span><\/a><\/p>\n","protected":false},"featured_media":607963,"comment_status":"open","ping_status":"closed","template":"","meta":{"_links_to":"","_links_to_target":""},"yoast_head":"<!-- This site is optimized with the Yoast SEO plugin v19.4 - https:\/\/yoast.com\/wordpress\/plugins\/seo\/ -->\n<title>Dasique Souffle Color Pot #12 Apple Tarte 6.5 g - balsam do ust i policzk\u00f3w czerwony - Selleetools.com<\/title>\n<meta name=\"robots\" content=\"index, follow, max-snippet:-1, max-image-preview:large, max-video-preview:-1\" \/>\n<link rel=\"canonical\" href=\"https:\/\/selleetools.com\/pl\/product\/dasique-souffle-color-pot-12-apple-tarte-6-5-g-balsam-do-ust-i-policzkow-czerwony\/\" \/>\n<meta property=\"og:locale\" content=\"pl_PL\" \/>\n<meta property=\"og:type\" content=\"article\" \/>\n<meta property=\"og:title\" content=\"Dasique Souffle Color Pot #12 Apple Tarte 6.5 g - balsam do ust i policzk\u00f3w czerwony - Selleetools.com\" \/>\n<meta property=\"og:description\" content=\"Dasique Souffle Color Pot #12 Apple Tarte to wielofunkcyjny balsam w intensywnym czerwonym odcieniu, kt\u00f3ry nadaje ustom i policzkom \u015bwie\u017cy, soczysty rumieniec. Jego kremowo-musowa konsystencja pozwala na \u0142atwe rozprowadzanie i naturalne stapianie si\u0119 ze sk\u00f3r\u0105. Korzy\u015bci ze stosowania: Nadaje naturalny kolor i zdrowy blask Nawil\u017ca i zmi\u0119kcza usta oraz sk\u00f3r\u0119 policzk\u00f3w \u0141atwa, szybka aplikacja bez ... Read moreDasique Souffle Color Pot #12 Apple Tarte 6.5 g &#8211; balsam do ust i policzk\u00f3w czerwony\" \/>\n<meta property=\"og:url\" content=\"https:\/\/selleetools.com\/pl\/product\/dasique-souffle-color-pot-12-apple-tarte-6-5-g-balsam-do-ust-i-policzkow-czerwony\/\" \/>\n<meta property=\"og:site_name\" content=\"Selleetools.com\" \/>\n<meta property=\"article:modified_time\" content=\"2025-11-03T16:04:43+00:00\" \/>\n<meta property=\"og:image\" content=\"https:\/\/selleetools.com\/wp-content\/uploads\/2025\/10\/72aa49d4a32c223273d11587f497e8bf.png\" \/>\n\t<meta property=\"og:image:width\" content=\"1080\" \/>\n\t<meta property=\"og:image:height\" content=\"1080\" \/>\n\t<meta property=\"og:image:type\" content=\"image\/png\" \/>\n<meta name=\"twitter:card\" content=\"summary_large_image\" \/>\n<!-- \/ Yoast SEO plugin. -->","yoast_head_json":{"title":"Dasique Souffle Color Pot #12 Apple Tarte 6.5 g - balsam do ust i policzk\u00f3w czerwony - Selleetools.com","robots":{"index":"index","follow":"follow","max-snippet":"max-snippet:-1","max-image-preview":"max-image-preview:large","max-video-preview":"max-video-preview:-1"},"canonical":"https:\/\/selleetools.com\/pl\/product\/dasique-souffle-color-pot-12-apple-tarte-6-5-g-balsam-do-ust-i-policzkow-czerwony\/","og_locale":"pl_PL","og_type":"article","og_title":"Dasique Souffle Color Pot #12 Apple Tarte 6.5 g - balsam do ust i policzk\u00f3w czerwony - Selleetools.com","og_description":"Dasique Souffle Color Pot #12 Apple Tarte to wielofunkcyjny balsam w intensywnym czerwonym odcieniu, kt\u00f3ry nadaje ustom i policzkom \u015bwie\u017cy, soczysty rumieniec. Jego kremowo-musowa konsystencja pozwala na \u0142atwe rozprowadzanie i naturalne stapianie si\u0119 ze sk\u00f3r\u0105. Korzy\u015bci ze stosowania: Nadaje naturalny kolor i zdrowy blask Nawil\u017ca i zmi\u0119kcza usta oraz sk\u00f3r\u0119 policzk\u00f3w \u0141atwa, szybka aplikacja bez ... Read moreDasique Souffle Color Pot #12 Apple Tarte 6.5 g &#8211; balsam do ust i policzk\u00f3w czerwony","og_url":"https:\/\/selleetools.com\/pl\/product\/dasique-souffle-color-pot-12-apple-tarte-6-5-g-balsam-do-ust-i-policzkow-czerwony\/","og_site_name":"Selleetools.com","article_modified_time":"2025-11-03T16:04:43+00:00","og_image":[{"width":1080,"height":1080,"url":"https:\/\/selleetools.com\/wp-content\/uploads\/2025\/10\/72aa49d4a32c223273d11587f497e8bf.png","type":"image\/png"}],"twitter_card":"summary_large_image","schema":{"@context":"https:\/\/schema.org","@graph":[{"@type":"Organization","@id":"https:\/\/selleetools.com\/#organization","name":"Selleetools","url":"https:\/\/selleetools.com\/","sameAs":[],"logo":{"@type":"ImageObject","inLanguage":"pl-PL","@id":"https:\/\/selleetools.com\/#\/schema\/logo\/image\/","url":"https:\/\/selleetools.com\/wp-content\/uploads\/2021\/10\/logo-dark.png","contentUrl":"https:\/\/selleetools.com\/wp-content\/uploads\/2021\/10\/logo-dark.png","width":320,"height":76,"caption":"Selleetools"},"image":{"@id":"https:\/\/selleetools.com\/#\/schema\/logo\/image\/"}},{"@type":"WebSite","@id":"https:\/\/selleetools.com\/#website","url":"https:\/\/selleetools.com\/","name":"Selleetools.com","description":"","publisher":{"@id":"https:\/\/selleetools.com\/#organization"},"potentialAction":[{"@type":"SearchAction","target":{"@type":"EntryPoint","urlTemplate":"https:\/\/selleetools.com\/?s={search_term_string}"},"query-input":"required name=search_term_string"}],"inLanguage":"pl-PL"},{"@type":"WebPage","@id":"https:\/\/selleetools.com\/pl\/product\/dasique-souffle-color-pot-12-apple-tarte-6-5-g-balsam-do-ust-i-policzkow-czerwony\/","url":"https:\/\/selleetools.com\/pl\/product\/dasique-souffle-color-pot-12-apple-tarte-6-5-g-balsam-do-ust-i-policzkow-czerwony\/","name":"Dasique Souffle Color Pot #12 Apple Tarte 6.5 g - balsam do ust i policzk\u00f3w czerwony - Selleetools.com","isPartOf":{"@id":"https:\/\/selleetools.com\/#website"},"datePublished":"2025-10-24T12:12:00+00:00","dateModified":"2025-11-03T16:04:43+00:00","breadcrumb":{"@id":"https:\/\/selleetools.com\/pl\/product\/dasique-souffle-color-pot-12-apple-tarte-6-5-g-balsam-do-ust-i-policzkow-czerwony\/#breadcrumb"},"inLanguage":"pl-PL","potentialAction":[{"@type":"ReadAction","target":["https:\/\/selleetools.com\/pl\/product\/dasique-souffle-color-pot-12-apple-tarte-6-5-g-balsam-do-ust-i-policzkow-czerwony\/"]}]},{"@type":"BreadcrumbList","@id":"https:\/\/selleetools.com\/pl\/product\/dasique-souffle-color-pot-12-apple-tarte-6-5-g-balsam-do-ust-i-policzkow-czerwony\/#breadcrumb","itemListElement":[{"@type":"ListItem","position":1,"name":"Home","item":"https:\/\/selleetools.com\/pl\/"},{"@type":"ListItem","position":2,"name":"Katalog","item":"https:\/\/selleetools.com\/pl\/katalog\/"},{"@type":"ListItem","position":3,"name":"Dasique Souffle Color Pot #12 Apple Tarte 6.5 g &#8211; balsam do ust i policzk\u00f3w czerwony"}]}]}},"_links":{"self":[{"href":"https:\/\/selleetools.com\/pl\/wp-json\/wp\/v2\/product\/607965"}],"collection":[{"href":"https:\/\/selleetools.com\/pl\/wp-json\/wp\/v2\/product"}],"about":[{"href":"https:\/\/selleetools.com\/pl\/wp-json\/wp\/v2\/types\/product"}],"replies":[{"embeddable":true,"href":"https:\/\/selleetools.com\/pl\/wp-json\/wp\/v2\/comments?post=607965"}],"wp:featuredmedia":[{"embeddable":true,"href":"https:\/\/selleetools.com\/pl\/wp-json\/wp\/v2\/media\/607963"}],"wp:attachment":[{"href":"https:\/\/selleetools.com\/pl\/wp-json\/wp\/v2\/media?parent=607965"}],"curies":[{"name":"wp","href":"https:\/\/api.w.org\/{rel}","templated":true}]}}