{"id":607959,"date":"2025-10-24T14:11:54","date_gmt":"2025-10-24T12:11:54","guid":{"rendered":"https:\/\/selleetools.com\/?post_type=product&#038;p=607959"},"modified":"2025-11-04T21:40:27","modified_gmt":"2025-11-04T20:40:27","slug":"dasique-souffle-color-pot-08-roasting-fig-6-5-g-balsam-do-ust-i-policzkow-figowy","status":"publish","type":"product","link":"https:\/\/selleetools.com\/pl\/product\/dasique-souffle-color-pot-08-roasting-fig-6-5-g-balsam-do-ust-i-policzkow-figowy\/","title":{"rendered":"Dasique Souffle Color Pot #08 Roasting Fig 6.5 g &#8211; balsam do ust i policzk\u00f3w figowy"},"content":{"rendered":"<p>Dasique Souffle Color Pot #08 Roasting Fig to wielofunkcyjny balsam do ust i policzk\u00f3w o kremowej, piankowej konsystencji i ciep\u0142ym figowym odcieniu. Zapewnia naturalne wyko\u0144czenie z subtelnym, zdrowym blaskiem \u2013 idealny do codziennego makija\u017cu.<\/p>\n<p>Korzy\u015bci ze stosowania:<br \/>\nNadaje sk\u00f3rze \u015bwie\u017cy, promienny wygl\u0105d bez efektu maski<br \/>\nNawil\u017ca i zmi\u0119kcza usta oraz policzki<br \/>\n\u0141atwo si\u0119 rozprowadza i blenduje, nie tworzy smug<br \/>\nWielozadaniowa formu\u0142a \u2013 idealna do szybkich poprawek w ci\u0105gu dnia<\/p>\n<p>Spos\u00f3b u\u017cycia:<br \/>\nNiewielk\u0105 ilo\u015b\u0107 produktu na\u0142\u00f3\u017c palcem lub p\u0119dzlem na usta lub policzki. Rozprowad\u017a r\u00f3wnomiernie, delikatnie wklepuj\u0105c. Warstwuj dla uzyskania bardziej intensywnego koloru.<\/p>\n","protected":false},"excerpt":{"rendered":"<p>Dasique Souffle Color Pot #08 Roasting Fig to wielofunkcyjny balsam do ust i policzk\u00f3w o kremowej, piankowej konsystencji i ciep\u0142ym figowym odcieniu. Zapewnia naturalne wyko\u0144czenie z subtelnym, zdrowym blaskiem \u2013 idealny do codziennego makija\u017cu. Korzy\u015bci ze stosowania: Nadaje sk\u00f3rze \u015bwie\u017cy, promienny wygl\u0105d bez efektu maski Nawil\u017ca i zmi\u0119kcza usta oraz policzki \u0141atwo si\u0119 rozprowadza i &#8230; <a title=\"Dasique Souffle Color Pot #08 Roasting Fig 6.5 g &#8211; balsam do ust i policzk\u00f3w figowy\" class=\"read-more\" href=\"https:\/\/selleetools.com\/pl\/product\/dasique-souffle-color-pot-08-roasting-fig-6-5-g-balsam-do-ust-i-policzkow-figowy\/\">Read more<span class=\"screen-reader-text\">Dasique Souffle Color Pot #08 Roasting Fig 6.5 g &#8211; balsam do ust i policzk\u00f3w figowy<\/span><\/a><\/p>\n","protected":false},"featured_media":607957,"comment_status":"open","ping_status":"closed","template":"","meta":{"_links_to":"","_links_to_target":""},"yoast_head":"<!-- This site is optimized with the Yoast SEO plugin v19.4 - https:\/\/yoast.com\/wordpress\/plugins\/seo\/ -->\n<title>Dasique Souffle Color Pot #08 Roasting Fig 6.5 g - balsam do ust i policzk\u00f3w figowy - Selleetools.com<\/title>\n<meta name=\"robots\" content=\"index, follow, max-snippet:-1, max-image-preview:large, max-video-preview:-1\" \/>\n<link rel=\"canonical\" href=\"https:\/\/selleetools.com\/pl\/product\/dasique-souffle-color-pot-08-roasting-fig-6-5-g-balsam-do-ust-i-policzkow-figowy\/\" \/>\n<meta property=\"og:locale\" content=\"pl_PL\" \/>\n<meta property=\"og:type\" content=\"article\" \/>\n<meta property=\"og:title\" content=\"Dasique Souffle Color Pot #08 Roasting Fig 6.5 g - balsam do ust i policzk\u00f3w figowy - Selleetools.com\" \/>\n<meta property=\"og:description\" content=\"Dasique Souffle Color Pot #08 Roasting Fig to wielofunkcyjny balsam do ust i policzk\u00f3w o kremowej, piankowej konsystencji i ciep\u0142ym figowym odcieniu. Zapewnia naturalne wyko\u0144czenie z subtelnym, zdrowym blaskiem \u2013 idealny do codziennego makija\u017cu. Korzy\u015bci ze stosowania: Nadaje sk\u00f3rze \u015bwie\u017cy, promienny wygl\u0105d bez efektu maski Nawil\u017ca i zmi\u0119kcza usta oraz policzki \u0141atwo si\u0119 rozprowadza i ... Read moreDasique Souffle Color Pot #08 Roasting Fig 6.5 g &#8211; balsam do ust i policzk\u00f3w figowy\" \/>\n<meta property=\"og:url\" content=\"https:\/\/selleetools.com\/pl\/product\/dasique-souffle-color-pot-08-roasting-fig-6-5-g-balsam-do-ust-i-policzkow-figowy\/\" \/>\n<meta property=\"og:site_name\" content=\"Selleetools.com\" \/>\n<meta property=\"article:modified_time\" content=\"2025-11-04T20:40:27+00:00\" \/>\n<meta property=\"og:image\" content=\"https:\/\/selleetools.com\/wp-content\/uploads\/2025\/10\/cf357a5df369c63db2be44ce9e6366ab.png\" \/>\n\t<meta property=\"og:image:width\" content=\"1080\" \/>\n\t<meta property=\"og:image:height\" content=\"1080\" \/>\n\t<meta property=\"og:image:type\" content=\"image\/png\" \/>\n<meta name=\"twitter:card\" content=\"summary_large_image\" \/>\n<meta name=\"twitter:label1\" content=\"Est. reading time\" \/>\n\t<meta name=\"twitter:data1\" content=\"1 minuta\" \/>\n<!-- \/ Yoast SEO plugin. -->","yoast_head_json":{"title":"Dasique Souffle Color Pot #08 Roasting Fig 6.5 g - balsam do ust i policzk\u00f3w figowy - Selleetools.com","robots":{"index":"index","follow":"follow","max-snippet":"max-snippet:-1","max-image-preview":"max-image-preview:large","max-video-preview":"max-video-preview:-1"},"canonical":"https:\/\/selleetools.com\/pl\/product\/dasique-souffle-color-pot-08-roasting-fig-6-5-g-balsam-do-ust-i-policzkow-figowy\/","og_locale":"pl_PL","og_type":"article","og_title":"Dasique Souffle Color Pot #08 Roasting Fig 6.5 g - balsam do ust i policzk\u00f3w figowy - Selleetools.com","og_description":"Dasique Souffle Color Pot #08 Roasting Fig to wielofunkcyjny balsam do ust i policzk\u00f3w o kremowej, piankowej konsystencji i ciep\u0142ym figowym odcieniu. Zapewnia naturalne wyko\u0144czenie z subtelnym, zdrowym blaskiem \u2013 idealny do codziennego makija\u017cu. Korzy\u015bci ze stosowania: Nadaje sk\u00f3rze \u015bwie\u017cy, promienny wygl\u0105d bez efektu maski Nawil\u017ca i zmi\u0119kcza usta oraz policzki \u0141atwo si\u0119 rozprowadza i ... Read moreDasique Souffle Color Pot #08 Roasting Fig 6.5 g &#8211; balsam do ust i policzk\u00f3w figowy","og_url":"https:\/\/selleetools.com\/pl\/product\/dasique-souffle-color-pot-08-roasting-fig-6-5-g-balsam-do-ust-i-policzkow-figowy\/","og_site_name":"Selleetools.com","article_modified_time":"2025-11-04T20:40:27+00:00","og_image":[{"width":1080,"height":1080,"url":"https:\/\/selleetools.com\/wp-content\/uploads\/2025\/10\/cf357a5df369c63db2be44ce9e6366ab.png","type":"image\/png"}],"twitter_card":"summary_large_image","twitter_misc":{"Est. reading time":"1 minuta"},"schema":{"@context":"https:\/\/schema.org","@graph":[{"@type":"Organization","@id":"https:\/\/selleetools.com\/#organization","name":"Selleetools","url":"https:\/\/selleetools.com\/","sameAs":[],"logo":{"@type":"ImageObject","inLanguage":"pl-PL","@id":"https:\/\/selleetools.com\/#\/schema\/logo\/image\/","url":"https:\/\/selleetools.com\/wp-content\/uploads\/2021\/10\/logo-dark.png","contentUrl":"https:\/\/selleetools.com\/wp-content\/uploads\/2021\/10\/logo-dark.png","width":320,"height":76,"caption":"Selleetools"},"image":{"@id":"https:\/\/selleetools.com\/#\/schema\/logo\/image\/"}},{"@type":"WebSite","@id":"https:\/\/selleetools.com\/#website","url":"https:\/\/selleetools.com\/","name":"Selleetools.com","description":"","publisher":{"@id":"https:\/\/selleetools.com\/#organization"},"potentialAction":[{"@type":"SearchAction","target":{"@type":"EntryPoint","urlTemplate":"https:\/\/selleetools.com\/?s={search_term_string}"},"query-input":"required name=search_term_string"}],"inLanguage":"pl-PL"},{"@type":"WebPage","@id":"https:\/\/selleetools.com\/pl\/product\/dasique-souffle-color-pot-08-roasting-fig-6-5-g-balsam-do-ust-i-policzkow-figowy\/","url":"https:\/\/selleetools.com\/pl\/product\/dasique-souffle-color-pot-08-roasting-fig-6-5-g-balsam-do-ust-i-policzkow-figowy\/","name":"Dasique Souffle Color Pot #08 Roasting Fig 6.5 g - balsam do ust i policzk\u00f3w figowy - Selleetools.com","isPartOf":{"@id":"https:\/\/selleetools.com\/#website"},"datePublished":"2025-10-24T12:11:54+00:00","dateModified":"2025-11-04T20:40:27+00:00","breadcrumb":{"@id":"https:\/\/selleetools.com\/pl\/product\/dasique-souffle-color-pot-08-roasting-fig-6-5-g-balsam-do-ust-i-policzkow-figowy\/#breadcrumb"},"inLanguage":"pl-PL","potentialAction":[{"@type":"ReadAction","target":["https:\/\/selleetools.com\/pl\/product\/dasique-souffle-color-pot-08-roasting-fig-6-5-g-balsam-do-ust-i-policzkow-figowy\/"]}]},{"@type":"BreadcrumbList","@id":"https:\/\/selleetools.com\/pl\/product\/dasique-souffle-color-pot-08-roasting-fig-6-5-g-balsam-do-ust-i-policzkow-figowy\/#breadcrumb","itemListElement":[{"@type":"ListItem","position":1,"name":"Home","item":"https:\/\/selleetools.com\/pl\/"},{"@type":"ListItem","position":2,"name":"Katalog","item":"https:\/\/selleetools.com\/pl\/katalog\/"},{"@type":"ListItem","position":3,"name":"Dasique Souffle Color Pot #08 Roasting Fig 6.5 g &#8211; balsam do ust i policzk\u00f3w figowy"}]}]}},"_links":{"self":[{"href":"https:\/\/selleetools.com\/pl\/wp-json\/wp\/v2\/product\/607959"}],"collection":[{"href":"https:\/\/selleetools.com\/pl\/wp-json\/wp\/v2\/product"}],"about":[{"href":"https:\/\/selleetools.com\/pl\/wp-json\/wp\/v2\/types\/product"}],"replies":[{"embeddable":true,"href":"https:\/\/selleetools.com\/pl\/wp-json\/wp\/v2\/comments?post=607959"}],"wp:featuredmedia":[{"embeddable":true,"href":"https:\/\/selleetools.com\/pl\/wp-json\/wp\/v2\/media\/607957"}],"wp:attachment":[{"href":"https:\/\/selleetools.com\/pl\/wp-json\/wp\/v2\/media?parent=607959"}],"curies":[{"name":"wp","href":"https:\/\/api.w.org\/{rel}","templated":true}]}}