{"id":607953,"date":"2025-10-24T14:11:49","date_gmt":"2025-10-24T12:11:49","guid":{"rendered":"https:\/\/selleetools.com\/?post_type=product&#038;p=607953"},"modified":"2025-11-04T21:40:06","modified_gmt":"2025-11-04T20:40:06","slug":"dasique-souffle-color-pot-05-pumpkin-puree-6-5-g-balsam-do-ust-i-policzkow-dyniowy","status":"publish","type":"product","link":"https:\/\/selleetools.com\/pl\/product\/dasique-souffle-color-pot-05-pumpkin-puree-6-5-g-balsam-do-ust-i-policzkow-dyniowy\/","title":{"rendered":"Dasique Souffle Color Pot #05 Pumpkin Puree 6.5 g &#8211; balsam do ust i policzk\u00f3w dyniowy"},"content":{"rendered":"<p>Dasique Souffle Color Pot #05 Pumpkin Puree to wielofunkcyjny balsam o mi\u0119kkiej, puszystej konsystencji, kt\u00f3ry nadaje sk\u00f3rze \u015bwie\u017cy, naturalny rumieniec oraz subtelny kolor ust w odcieniu ciep\u0142ej dyniowej pomara\u0144czy. Formu\u0142a souffle stapia si\u0119 ze sk\u00f3r\u0105, tworz\u0105c efekt drugiej sk\u00f3ry \u2013 bez smug, bez lepko\u015bci.<\/p>\n<p>Korzy\u015bci ze stosowania:<br \/>\nNawil\u017ca i wyg\u0142adza sk\u00f3r\u0119 dzi\u0119ki obecno\u015bci sk\u0142adnik\u00f3w emolientowych<br \/>\nPozostawia naturalny, p\u00f3\u0142matowy efekt z lekkim blaskiem<br \/>\nUniwersalny produkt 2w1 \u2013 do ust i policzk\u00f3w<br \/>\n\u0141atwa do budowania pigmentacja \u2013 od delikatnego efektu po intensywny kolor<br \/>\nLekka, komfortowa formu\u0142a idealna do codziennego makija\u017cu<\/p>\n<p>Spos\u00f3b u\u017cycia:<br \/>\nNabierz niewielk\u0105 ilo\u015b\u0107 opuszkami palc\u00f3w lub p\u0119dzlem. Delikatnie wklep w policzki i\/lub usta. Stopniuj intensywno\u015b\u0107 w zale\u017cno\u015bci od po\u017c\u0105danego efektu.<\/p>\n","protected":false},"excerpt":{"rendered":"<p>Dasique Souffle Color Pot #05 Pumpkin Puree to wielofunkcyjny balsam o mi\u0119kkiej, puszystej konsystencji, kt\u00f3ry nadaje sk\u00f3rze \u015bwie\u017cy, naturalny rumieniec oraz subtelny kolor ust w odcieniu ciep\u0142ej dyniowej pomara\u0144czy. Formu\u0142a souffle stapia si\u0119 ze sk\u00f3r\u0105, tworz\u0105c efekt drugiej sk\u00f3ry \u2013 bez smug, bez lepko\u015bci. Korzy\u015bci ze stosowania: Nawil\u017ca i wyg\u0142adza sk\u00f3r\u0119 dzi\u0119ki obecno\u015bci sk\u0142adnik\u00f3w emolientowych &#8230; <a title=\"Dasique Souffle Color Pot #05 Pumpkin Puree 6.5 g &#8211; balsam do ust i policzk\u00f3w dyniowy\" class=\"read-more\" href=\"https:\/\/selleetools.com\/pl\/product\/dasique-souffle-color-pot-05-pumpkin-puree-6-5-g-balsam-do-ust-i-policzkow-dyniowy\/\">Read more<span class=\"screen-reader-text\">Dasique Souffle Color Pot #05 Pumpkin Puree 6.5 g &#8211; balsam do ust i policzk\u00f3w dyniowy<\/span><\/a><\/p>\n","protected":false},"featured_media":607951,"comment_status":"open","ping_status":"closed","template":"","meta":{"_links_to":"","_links_to_target":""},"yoast_head":"<!-- This site is optimized with the Yoast SEO plugin v19.4 - https:\/\/yoast.com\/wordpress\/plugins\/seo\/ -->\n<title>Dasique Souffle Color Pot #05 Pumpkin Puree 6.5 g - balsam do ust i policzk\u00f3w dyniowy - Selleetools.com<\/title>\n<meta name=\"robots\" content=\"index, follow, max-snippet:-1, max-image-preview:large, max-video-preview:-1\" \/>\n<link rel=\"canonical\" href=\"https:\/\/selleetools.com\/pl\/product\/dasique-souffle-color-pot-05-pumpkin-puree-6-5-g-balsam-do-ust-i-policzkow-dyniowy\/\" \/>\n<meta property=\"og:locale\" content=\"pl_PL\" \/>\n<meta property=\"og:type\" content=\"article\" \/>\n<meta property=\"og:title\" content=\"Dasique Souffle Color Pot #05 Pumpkin Puree 6.5 g - balsam do ust i policzk\u00f3w dyniowy - Selleetools.com\" \/>\n<meta property=\"og:description\" content=\"Dasique Souffle Color Pot #05 Pumpkin Puree to wielofunkcyjny balsam o mi\u0119kkiej, puszystej konsystencji, kt\u00f3ry nadaje sk\u00f3rze \u015bwie\u017cy, naturalny rumieniec oraz subtelny kolor ust w odcieniu ciep\u0142ej dyniowej pomara\u0144czy. Formu\u0142a souffle stapia si\u0119 ze sk\u00f3r\u0105, tworz\u0105c efekt drugiej sk\u00f3ry \u2013 bez smug, bez lepko\u015bci. Korzy\u015bci ze stosowania: Nawil\u017ca i wyg\u0142adza sk\u00f3r\u0119 dzi\u0119ki obecno\u015bci sk\u0142adnik\u00f3w emolientowych ... Read moreDasique Souffle Color Pot #05 Pumpkin Puree 6.5 g &#8211; balsam do ust i policzk\u00f3w dyniowy\" \/>\n<meta property=\"og:url\" content=\"https:\/\/selleetools.com\/pl\/product\/dasique-souffle-color-pot-05-pumpkin-puree-6-5-g-balsam-do-ust-i-policzkow-dyniowy\/\" \/>\n<meta property=\"og:site_name\" content=\"Selleetools.com\" \/>\n<meta property=\"article:modified_time\" content=\"2025-11-04T20:40:06+00:00\" \/>\n<meta property=\"og:image\" content=\"https:\/\/selleetools.com\/wp-content\/uploads\/2025\/10\/08a28f82915c86a3b69e92f0f71d9539.png\" \/>\n\t<meta property=\"og:image:width\" content=\"1080\" \/>\n\t<meta property=\"og:image:height\" content=\"1080\" \/>\n\t<meta property=\"og:image:type\" content=\"image\/png\" \/>\n<meta name=\"twitter:card\" content=\"summary_large_image\" \/>\n<meta name=\"twitter:label1\" content=\"Est. reading time\" \/>\n\t<meta name=\"twitter:data1\" content=\"1 minuta\" \/>\n<!-- \/ Yoast SEO plugin. -->","yoast_head_json":{"title":"Dasique Souffle Color Pot #05 Pumpkin Puree 6.5 g - balsam do ust i policzk\u00f3w dyniowy - Selleetools.com","robots":{"index":"index","follow":"follow","max-snippet":"max-snippet:-1","max-image-preview":"max-image-preview:large","max-video-preview":"max-video-preview:-1"},"canonical":"https:\/\/selleetools.com\/pl\/product\/dasique-souffle-color-pot-05-pumpkin-puree-6-5-g-balsam-do-ust-i-policzkow-dyniowy\/","og_locale":"pl_PL","og_type":"article","og_title":"Dasique Souffle Color Pot #05 Pumpkin Puree 6.5 g - balsam do ust i policzk\u00f3w dyniowy - Selleetools.com","og_description":"Dasique Souffle Color Pot #05 Pumpkin Puree to wielofunkcyjny balsam o mi\u0119kkiej, puszystej konsystencji, kt\u00f3ry nadaje sk\u00f3rze \u015bwie\u017cy, naturalny rumieniec oraz subtelny kolor ust w odcieniu ciep\u0142ej dyniowej pomara\u0144czy. Formu\u0142a souffle stapia si\u0119 ze sk\u00f3r\u0105, tworz\u0105c efekt drugiej sk\u00f3ry \u2013 bez smug, bez lepko\u015bci. Korzy\u015bci ze stosowania: Nawil\u017ca i wyg\u0142adza sk\u00f3r\u0119 dzi\u0119ki obecno\u015bci sk\u0142adnik\u00f3w emolientowych ... Read moreDasique Souffle Color Pot #05 Pumpkin Puree 6.5 g &#8211; balsam do ust i policzk\u00f3w dyniowy","og_url":"https:\/\/selleetools.com\/pl\/product\/dasique-souffle-color-pot-05-pumpkin-puree-6-5-g-balsam-do-ust-i-policzkow-dyniowy\/","og_site_name":"Selleetools.com","article_modified_time":"2025-11-04T20:40:06+00:00","og_image":[{"width":1080,"height":1080,"url":"https:\/\/selleetools.com\/wp-content\/uploads\/2025\/10\/08a28f82915c86a3b69e92f0f71d9539.png","type":"image\/png"}],"twitter_card":"summary_large_image","twitter_misc":{"Est. reading time":"1 minuta"},"schema":{"@context":"https:\/\/schema.org","@graph":[{"@type":"Organization","@id":"https:\/\/selleetools.com\/#organization","name":"Selleetools","url":"https:\/\/selleetools.com\/","sameAs":[],"logo":{"@type":"ImageObject","inLanguage":"pl-PL","@id":"https:\/\/selleetools.com\/#\/schema\/logo\/image\/","url":"https:\/\/selleetools.com\/wp-content\/uploads\/2021\/10\/logo-dark.png","contentUrl":"https:\/\/selleetools.com\/wp-content\/uploads\/2021\/10\/logo-dark.png","width":320,"height":76,"caption":"Selleetools"},"image":{"@id":"https:\/\/selleetools.com\/#\/schema\/logo\/image\/"}},{"@type":"WebSite","@id":"https:\/\/selleetools.com\/#website","url":"https:\/\/selleetools.com\/","name":"Selleetools.com","description":"","publisher":{"@id":"https:\/\/selleetools.com\/#organization"},"potentialAction":[{"@type":"SearchAction","target":{"@type":"EntryPoint","urlTemplate":"https:\/\/selleetools.com\/?s={search_term_string}"},"query-input":"required name=search_term_string"}],"inLanguage":"pl-PL"},{"@type":"WebPage","@id":"https:\/\/selleetools.com\/pl\/product\/dasique-souffle-color-pot-05-pumpkin-puree-6-5-g-balsam-do-ust-i-policzkow-dyniowy\/","url":"https:\/\/selleetools.com\/pl\/product\/dasique-souffle-color-pot-05-pumpkin-puree-6-5-g-balsam-do-ust-i-policzkow-dyniowy\/","name":"Dasique Souffle Color Pot #05 Pumpkin Puree 6.5 g - balsam do ust i policzk\u00f3w dyniowy - Selleetools.com","isPartOf":{"@id":"https:\/\/selleetools.com\/#website"},"datePublished":"2025-10-24T12:11:49+00:00","dateModified":"2025-11-04T20:40:06+00:00","breadcrumb":{"@id":"https:\/\/selleetools.com\/pl\/product\/dasique-souffle-color-pot-05-pumpkin-puree-6-5-g-balsam-do-ust-i-policzkow-dyniowy\/#breadcrumb"},"inLanguage":"pl-PL","potentialAction":[{"@type":"ReadAction","target":["https:\/\/selleetools.com\/pl\/product\/dasique-souffle-color-pot-05-pumpkin-puree-6-5-g-balsam-do-ust-i-policzkow-dyniowy\/"]}]},{"@type":"BreadcrumbList","@id":"https:\/\/selleetools.com\/pl\/product\/dasique-souffle-color-pot-05-pumpkin-puree-6-5-g-balsam-do-ust-i-policzkow-dyniowy\/#breadcrumb","itemListElement":[{"@type":"ListItem","position":1,"name":"Home","item":"https:\/\/selleetools.com\/pl\/"},{"@type":"ListItem","position":2,"name":"Katalog","item":"https:\/\/selleetools.com\/pl\/katalog\/"},{"@type":"ListItem","position":3,"name":"Dasique Souffle Color Pot #05 Pumpkin Puree 6.5 g &#8211; balsam do ust i policzk\u00f3w dyniowy"}]}]}},"_links":{"self":[{"href":"https:\/\/selleetools.com\/pl\/wp-json\/wp\/v2\/product\/607953"}],"collection":[{"href":"https:\/\/selleetools.com\/pl\/wp-json\/wp\/v2\/product"}],"about":[{"href":"https:\/\/selleetools.com\/pl\/wp-json\/wp\/v2\/types\/product"}],"replies":[{"embeddable":true,"href":"https:\/\/selleetools.com\/pl\/wp-json\/wp\/v2\/comments?post=607953"}],"wp:featuredmedia":[{"embeddable":true,"href":"https:\/\/selleetools.com\/pl\/wp-json\/wp\/v2\/media\/607951"}],"wp:attachment":[{"href":"https:\/\/selleetools.com\/pl\/wp-json\/wp\/v2\/media?parent=607953"}],"curies":[{"name":"wp","href":"https:\/\/api.w.org\/{rel}","templated":true}]}}