{"id":607950,"date":"2025-10-24T14:11:46","date_gmt":"2025-10-24T12:11:46","guid":{"rendered":"https:\/\/selleetools.com\/?post_type=product&#038;p=607950"},"modified":"2026-04-12T21:28:55","modified_gmt":"2026-04-12T19:28:55","slug":"dasique-shadow-palette-18-berry-smoothie-7-g-paleta-jagodowych-cieni-do-powiek","status":"publish","type":"product","link":"https:\/\/selleetools.com\/pl\/product\/dasique-shadow-palette-18-berry-smoothie-7-g-paleta-jagodowych-cieni-do-powiek\/","title":{"rendered":"Dasique Shadow Palette #18 Berry Smoothie 7 g &#8211; paleta jagodowych cieni do powiek"},"content":{"rendered":"<p>Dasique Shadow Palette #18 Berry Smoothie to zmys\u0142owa paleta 12 cieni do powiek inspirowana s\u0142odkimi tonami jag\u00f3d. Zawiera zar\u00f3wno matowe, satynowe, jak i per\u0142owe wyko\u0144czenia, kt\u00f3re pozwalaj\u0105 stworzy\u0107 subtelny dzienny look lub bardziej wyrazisty makija\u017c wieczorowy. Ka\u017cdy cie\u0144 ma jedwabist\u0105 formu\u0142\u0119, kt\u00f3ra \u0142atwo si\u0119 blenduje i d\u0142ugo utrzymuje na powiece.<\/p>\n<p>Korzy\u015bci ze stosowania:<br \/>\nUmo\u017cliwia stworzenie wielu stylizacji \u2013 od delikatnych po intensywne<br \/>\nDelikatna tekstura nie osypuje si\u0119 i nie podkre\u015bla zmarszczek<br \/>\nCienie s\u0105 wzbogacone o sk\u0142adniki piel\u0119gnuj\u0105ce, kt\u00f3re chroni\u0105 sk\u00f3r\u0119 powiek<br \/>\nBogata pigmentacja zapewnia d\u0142ugotrwa\u0142y efekt bez poprawek<br \/>\nKompaktowe opakowanie idealne do kosmetyczki lub podr\u00f3\u017cy<\/p>\n<p>Spos\u00f3b u\u017cycia:<br \/>\nNa\u0142\u00f3\u017c wybrany cie\u0144 za pomoc\u0105 p\u0119dzla lub palca bezpo\u015brednio na powiek\u0119. U\u017cywaj ja\u015bniejszych odcieni jako baz\u0119 lub roz\u015bwietlenie, a ciemniejszych do modelowania kszta\u0142tu oka. Mieszaj kolory dla uzyskania g\u0142\u0119bi i efektu \u201eberry smoky eye\u201d.<\/p>\n","protected":false},"excerpt":{"rendered":"<p>Dasique Shadow Palette #18 Berry Smoothie to zmys\u0142owa paleta 12 cieni do powiek inspirowana s\u0142odkimi tonami jag\u00f3d. Zawiera zar\u00f3wno matowe, satynowe, jak i per\u0142owe wyko\u0144czenia, kt\u00f3re pozwalaj\u0105 stworzy\u0107 subtelny dzienny look lub bardziej wyrazisty makija\u017c wieczorowy. Ka\u017cdy cie\u0144 ma jedwabist\u0105 formu\u0142\u0119, kt\u00f3ra \u0142atwo si\u0119 blenduje i d\u0142ugo utrzymuje na powiece. Korzy\u015bci ze stosowania: Umo\u017cliwia stworzenie &#8230; <a title=\"Dasique Shadow Palette #18 Berry Smoothie 7 g &#8211; paleta jagodowych cieni do powiek\" class=\"read-more\" href=\"https:\/\/selleetools.com\/pl\/product\/dasique-shadow-palette-18-berry-smoothie-7-g-paleta-jagodowych-cieni-do-powiek\/\">Read more<span class=\"screen-reader-text\">Dasique Shadow Palette #18 Berry Smoothie 7 g &#8211; paleta jagodowych cieni do powiek<\/span><\/a><\/p>\n","protected":false},"featured_media":607948,"comment_status":"open","ping_status":"closed","template":"","meta":{"_links_to":"","_links_to_target":""},"yoast_head":"<!-- This site is optimized with the Yoast SEO plugin v19.4 - https:\/\/yoast.com\/wordpress\/plugins\/seo\/ -->\n<title>Dasique Shadow Palette #18 Berry Smoothie 7 g - paleta jagodowych cieni do powiek - Selleetools.com<\/title>\n<meta name=\"robots\" content=\"index, follow, max-snippet:-1, max-image-preview:large, max-video-preview:-1\" \/>\n<link rel=\"canonical\" href=\"https:\/\/selleetools.com\/pl\/product\/dasique-shadow-palette-18-berry-smoothie-7-g-paleta-jagodowych-cieni-do-powiek\/\" \/>\n<meta property=\"og:locale\" content=\"pl_PL\" \/>\n<meta property=\"og:type\" content=\"article\" \/>\n<meta property=\"og:title\" content=\"Dasique Shadow Palette #18 Berry Smoothie 7 g - paleta jagodowych cieni do powiek - Selleetools.com\" \/>\n<meta property=\"og:description\" content=\"Dasique Shadow Palette #18 Berry Smoothie to zmys\u0142owa paleta 12 cieni do powiek inspirowana s\u0142odkimi tonami jag\u00f3d. Zawiera zar\u00f3wno matowe, satynowe, jak i per\u0142owe wyko\u0144czenia, kt\u00f3re pozwalaj\u0105 stworzy\u0107 subtelny dzienny look lub bardziej wyrazisty makija\u017c wieczorowy. Ka\u017cdy cie\u0144 ma jedwabist\u0105 formu\u0142\u0119, kt\u00f3ra \u0142atwo si\u0119 blenduje i d\u0142ugo utrzymuje na powiece. Korzy\u015bci ze stosowania: Umo\u017cliwia stworzenie ... Read moreDasique Shadow Palette #18 Berry Smoothie 7 g &#8211; paleta jagodowych cieni do powiek\" \/>\n<meta property=\"og:url\" content=\"https:\/\/selleetools.com\/pl\/product\/dasique-shadow-palette-18-berry-smoothie-7-g-paleta-jagodowych-cieni-do-powiek\/\" \/>\n<meta property=\"og:site_name\" content=\"Selleetools.com\" \/>\n<meta property=\"article:modified_time\" content=\"2026-04-12T19:28:55+00:00\" \/>\n<meta property=\"og:image\" content=\"https:\/\/selleetools.com\/wp-content\/uploads\/2025\/10\/45b1dfe3830833f3f3e2a5a897c7c328.png\" \/>\n\t<meta property=\"og:image:width\" content=\"1080\" \/>\n\t<meta property=\"og:image:height\" content=\"1080\" \/>\n\t<meta property=\"og:image:type\" content=\"image\/png\" \/>\n<meta name=\"twitter:card\" content=\"summary_large_image\" \/>\n<meta name=\"twitter:label1\" content=\"Est. reading time\" \/>\n\t<meta name=\"twitter:data1\" content=\"1 minuta\" \/>\n<!-- \/ Yoast SEO plugin. -->","yoast_head_json":{"title":"Dasique Shadow Palette #18 Berry Smoothie 7 g - paleta jagodowych cieni do powiek - Selleetools.com","robots":{"index":"index","follow":"follow","max-snippet":"max-snippet:-1","max-image-preview":"max-image-preview:large","max-video-preview":"max-video-preview:-1"},"canonical":"https:\/\/selleetools.com\/pl\/product\/dasique-shadow-palette-18-berry-smoothie-7-g-paleta-jagodowych-cieni-do-powiek\/","og_locale":"pl_PL","og_type":"article","og_title":"Dasique Shadow Palette #18 Berry Smoothie 7 g - paleta jagodowych cieni do powiek - Selleetools.com","og_description":"Dasique Shadow Palette #18 Berry Smoothie to zmys\u0142owa paleta 12 cieni do powiek inspirowana s\u0142odkimi tonami jag\u00f3d. Zawiera zar\u00f3wno matowe, satynowe, jak i per\u0142owe wyko\u0144czenia, kt\u00f3re pozwalaj\u0105 stworzy\u0107 subtelny dzienny look lub bardziej wyrazisty makija\u017c wieczorowy. Ka\u017cdy cie\u0144 ma jedwabist\u0105 formu\u0142\u0119, kt\u00f3ra \u0142atwo si\u0119 blenduje i d\u0142ugo utrzymuje na powiece. Korzy\u015bci ze stosowania: Umo\u017cliwia stworzenie ... Read moreDasique Shadow Palette #18 Berry Smoothie 7 g &#8211; paleta jagodowych cieni do powiek","og_url":"https:\/\/selleetools.com\/pl\/product\/dasique-shadow-palette-18-berry-smoothie-7-g-paleta-jagodowych-cieni-do-powiek\/","og_site_name":"Selleetools.com","article_modified_time":"2026-04-12T19:28:55+00:00","og_image":[{"width":1080,"height":1080,"url":"https:\/\/selleetools.com\/wp-content\/uploads\/2025\/10\/45b1dfe3830833f3f3e2a5a897c7c328.png","type":"image\/png"}],"twitter_card":"summary_large_image","twitter_misc":{"Est. reading time":"1 minuta"},"schema":{"@context":"https:\/\/schema.org","@graph":[{"@type":"Organization","@id":"https:\/\/selleetools.com\/#organization","name":"Selleetools","url":"https:\/\/selleetools.com\/","sameAs":[],"logo":{"@type":"ImageObject","inLanguage":"pl-PL","@id":"https:\/\/selleetools.com\/#\/schema\/logo\/image\/","url":"https:\/\/selleetools.com\/wp-content\/uploads\/2021\/10\/logo-dark.png","contentUrl":"https:\/\/selleetools.com\/wp-content\/uploads\/2021\/10\/logo-dark.png","width":320,"height":76,"caption":"Selleetools"},"image":{"@id":"https:\/\/selleetools.com\/#\/schema\/logo\/image\/"}},{"@type":"WebSite","@id":"https:\/\/selleetools.com\/#website","url":"https:\/\/selleetools.com\/","name":"Selleetools.com","description":"","publisher":{"@id":"https:\/\/selleetools.com\/#organization"},"potentialAction":[{"@type":"SearchAction","target":{"@type":"EntryPoint","urlTemplate":"https:\/\/selleetools.com\/?s={search_term_string}"},"query-input":"required name=search_term_string"}],"inLanguage":"pl-PL"},{"@type":"WebPage","@id":"https:\/\/selleetools.com\/pl\/product\/dasique-shadow-palette-18-berry-smoothie-7-g-paleta-jagodowych-cieni-do-powiek\/","url":"https:\/\/selleetools.com\/pl\/product\/dasique-shadow-palette-18-berry-smoothie-7-g-paleta-jagodowych-cieni-do-powiek\/","name":"Dasique Shadow Palette #18 Berry Smoothie 7 g - paleta jagodowych cieni do powiek - Selleetools.com","isPartOf":{"@id":"https:\/\/selleetools.com\/#website"},"datePublished":"2025-10-24T12:11:46+00:00","dateModified":"2026-04-12T19:28:55+00:00","breadcrumb":{"@id":"https:\/\/selleetools.com\/pl\/product\/dasique-shadow-palette-18-berry-smoothie-7-g-paleta-jagodowych-cieni-do-powiek\/#breadcrumb"},"inLanguage":"pl-PL","potentialAction":[{"@type":"ReadAction","target":["https:\/\/selleetools.com\/pl\/product\/dasique-shadow-palette-18-berry-smoothie-7-g-paleta-jagodowych-cieni-do-powiek\/"]}]},{"@type":"BreadcrumbList","@id":"https:\/\/selleetools.com\/pl\/product\/dasique-shadow-palette-18-berry-smoothie-7-g-paleta-jagodowych-cieni-do-powiek\/#breadcrumb","itemListElement":[{"@type":"ListItem","position":1,"name":"Home","item":"https:\/\/selleetools.com\/pl\/"},{"@type":"ListItem","position":2,"name":"Katalog","item":"https:\/\/selleetools.com\/pl\/katalog\/"},{"@type":"ListItem","position":3,"name":"Dasique Shadow Palette #18 Berry Smoothie 7 g &#8211; paleta jagodowych cieni do powiek"}]}]}},"_links":{"self":[{"href":"https:\/\/selleetools.com\/pl\/wp-json\/wp\/v2\/product\/607950"}],"collection":[{"href":"https:\/\/selleetools.com\/pl\/wp-json\/wp\/v2\/product"}],"about":[{"href":"https:\/\/selleetools.com\/pl\/wp-json\/wp\/v2\/types\/product"}],"replies":[{"embeddable":true,"href":"https:\/\/selleetools.com\/pl\/wp-json\/wp\/v2\/comments?post=607950"}],"wp:featuredmedia":[{"embeddable":true,"href":"https:\/\/selleetools.com\/pl\/wp-json\/wp\/v2\/media\/607948"}],"wp:attachment":[{"href":"https:\/\/selleetools.com\/pl\/wp-json\/wp\/v2\/media?parent=607950"}],"curies":[{"name":"wp","href":"https:\/\/api.w.org\/{rel}","templated":true}]}}