{"id":607938,"date":"2025-10-24T14:11:35","date_gmt":"2025-10-24T12:11:35","guid":{"rendered":"https:\/\/selleetools.com\/?post_type=product&#038;p=607938"},"modified":"2025-12-07T00:00:15","modified_gmt":"2025-12-06T23:00:15","slug":"dasique-melting-candy-balm-07-cherry-fizz-1-5-g-wisniowo-rozowy-balsam-do-ust","status":"publish","type":"product","link":"https:\/\/selleetools.com\/pl\/product\/dasique-melting-candy-balm-07-cherry-fizz-1-5-g-wisniowo-rozowy-balsam-do-ust\/","title":{"rendered":"Dasique Melting Candy Balm #07 Cherry Fizz 1.5 g &#8211; wi\u015bniowo-r\u00f3\u017cowy balsam do ust"},"content":{"rendered":"<p>Dasique Melting Candy Balm #07 Cherry Fizz to piel\u0119gnuj\u0105co-koloryzuj\u0105cy balsam do ust o soczystym odcieniu wi\u015bniowo-r\u00f3\u017cowym, kt\u00f3ry zapewnia efekt naturalnie zarumienionych, l\u015bni\u0105cych ust niczym po \u0142yku owocowej lemoniady. Dzi\u0119ki kremowej, topniej\u0105cej konsystencji doskonale wtapia si\u0119 w usta, nadaj\u0105c im zdrowy wygl\u0105d i jednocze\u015bnie je piel\u0119gnuj\u0105c.<\/p>\n<p>Korzy\u015bci ze stosowania:<br \/>\nIntensywne nawil\u017cenie i wyg\u0142adzenie ust dzi\u0119ki bogactwu olej\u00f3w ro\u015blinnych (arganowy, jojoba, z orzech\u00f3w makadamia)<br \/>\nDelikatny kolor i naturalny po\u0142ysk bez uczucia lepko\u015bci<br \/>\nOd\u017cywienie i ochrona ust dzi\u0119ki ekstraktom z jag\u00f3d, malin i innych owoc\u00f3w<br \/>\nMi\u0119kka, komfortowa formu\u0142a odpowiednia do codziennego stosowania<\/p>\n<p>Spos\u00f3b u\u017cycia:<br \/>\nAplikuj bezpo\u015brednio na usta \u2013 samodzielnie lub na szmink\u0119 \u2013 w celu nadania koloru, blasku i nawil\u017cenia. Stosuj ponownie w ci\u0105gu dnia w razie potrzeby.<\/p>\n","protected":false},"excerpt":{"rendered":"<p>Dasique Melting Candy Balm #07 Cherry Fizz to piel\u0119gnuj\u0105co-koloryzuj\u0105cy balsam do ust o soczystym odcieniu wi\u015bniowo-r\u00f3\u017cowym, kt\u00f3ry zapewnia efekt naturalnie zarumienionych, l\u015bni\u0105cych ust niczym po \u0142yku owocowej lemoniady. Dzi\u0119ki kremowej, topniej\u0105cej konsystencji doskonale wtapia si\u0119 w usta, nadaj\u0105c im zdrowy wygl\u0105d i jednocze\u015bnie je piel\u0119gnuj\u0105c. Korzy\u015bci ze stosowania: Intensywne nawil\u017cenie i wyg\u0142adzenie ust dzi\u0119ki bogactwu &#8230; <a title=\"Dasique Melting Candy Balm #07 Cherry Fizz 1.5 g &#8211; wi\u015bniowo-r\u00f3\u017cowy balsam do ust\" class=\"read-more\" href=\"https:\/\/selleetools.com\/pl\/product\/dasique-melting-candy-balm-07-cherry-fizz-1-5-g-wisniowo-rozowy-balsam-do-ust\/\">Read more<span class=\"screen-reader-text\">Dasique Melting Candy Balm #07 Cherry Fizz 1.5 g &#8211; wi\u015bniowo-r\u00f3\u017cowy balsam do ust<\/span><\/a><\/p>\n","protected":false},"featured_media":607936,"comment_status":"open","ping_status":"closed","template":"","meta":{"_links_to":"","_links_to_target":""},"yoast_head":"<!-- This site is optimized with the Yoast SEO plugin v19.4 - https:\/\/yoast.com\/wordpress\/plugins\/seo\/ -->\n<title>Dasique Melting Candy Balm #07 Cherry Fizz 1.5 g - wi\u015bniowo-r\u00f3\u017cowy balsam do ust - Selleetools.com<\/title>\n<meta name=\"robots\" content=\"index, follow, max-snippet:-1, max-image-preview:large, max-video-preview:-1\" \/>\n<link rel=\"canonical\" href=\"https:\/\/admincentral.selleetools.com\/pl\/product\/dasique-melting-candy-balm-07-cherry-fizz-1-5-g-wisniowo-rozowy-balsam-do-ust\/\" \/>\n<meta property=\"og:locale\" content=\"pl_PL\" \/>\n<meta property=\"og:type\" content=\"article\" \/>\n<meta property=\"og:title\" content=\"Dasique Melting Candy Balm #07 Cherry Fizz 1.5 g - wi\u015bniowo-r\u00f3\u017cowy balsam do ust - Selleetools.com\" \/>\n<meta property=\"og:description\" content=\"Dasique Melting Candy Balm #07 Cherry Fizz to piel\u0119gnuj\u0105co-koloryzuj\u0105cy balsam do ust o soczystym odcieniu wi\u015bniowo-r\u00f3\u017cowym, kt\u00f3ry zapewnia efekt naturalnie zarumienionych, l\u015bni\u0105cych ust niczym po \u0142yku owocowej lemoniady. Dzi\u0119ki kremowej, topniej\u0105cej konsystencji doskonale wtapia si\u0119 w usta, nadaj\u0105c im zdrowy wygl\u0105d i jednocze\u015bnie je piel\u0119gnuj\u0105c. Korzy\u015bci ze stosowania: Intensywne nawil\u017cenie i wyg\u0142adzenie ust dzi\u0119ki bogactwu ... Read moreDasique Melting Candy Balm #07 Cherry Fizz 1.5 g &#8211; wi\u015bniowo-r\u00f3\u017cowy balsam do ust\" \/>\n<meta property=\"og:url\" content=\"https:\/\/admincentral.selleetools.com\/pl\/product\/dasique-melting-candy-balm-07-cherry-fizz-1-5-g-wisniowo-rozowy-balsam-do-ust\/\" \/>\n<meta property=\"og:site_name\" content=\"Selleetools.com\" \/>\n<meta property=\"article:modified_time\" content=\"2025-12-06T23:00:15+00:00\" \/>\n<meta property=\"og:image\" content=\"https:\/\/selleetools.com\/wp-content\/uploads\/2025\/10\/5b54e790a9889bca225e7508de183de6.png\" \/>\n\t<meta property=\"og:image:width\" content=\"1080\" \/>\n\t<meta property=\"og:image:height\" content=\"1080\" \/>\n\t<meta property=\"og:image:type\" content=\"image\/png\" \/>\n<meta name=\"twitter:card\" content=\"summary_large_image\" \/>\n<meta name=\"twitter:label1\" content=\"Est. reading time\" \/>\n\t<meta name=\"twitter:data1\" content=\"1 minuta\" \/>\n<!-- \/ Yoast SEO plugin. -->","yoast_head_json":{"title":"Dasique Melting Candy Balm #07 Cherry Fizz 1.5 g - wi\u015bniowo-r\u00f3\u017cowy balsam do ust - Selleetools.com","robots":{"index":"index","follow":"follow","max-snippet":"max-snippet:-1","max-image-preview":"max-image-preview:large","max-video-preview":"max-video-preview:-1"},"canonical":"https:\/\/admincentral.selleetools.com\/pl\/product\/dasique-melting-candy-balm-07-cherry-fizz-1-5-g-wisniowo-rozowy-balsam-do-ust\/","og_locale":"pl_PL","og_type":"article","og_title":"Dasique Melting Candy Balm #07 Cherry Fizz 1.5 g - wi\u015bniowo-r\u00f3\u017cowy balsam do ust - Selleetools.com","og_description":"Dasique Melting Candy Balm #07 Cherry Fizz to piel\u0119gnuj\u0105co-koloryzuj\u0105cy balsam do ust o soczystym odcieniu wi\u015bniowo-r\u00f3\u017cowym, kt\u00f3ry zapewnia efekt naturalnie zarumienionych, l\u015bni\u0105cych ust niczym po \u0142yku owocowej lemoniady. Dzi\u0119ki kremowej, topniej\u0105cej konsystencji doskonale wtapia si\u0119 w usta, nadaj\u0105c im zdrowy wygl\u0105d i jednocze\u015bnie je piel\u0119gnuj\u0105c. Korzy\u015bci ze stosowania: Intensywne nawil\u017cenie i wyg\u0142adzenie ust dzi\u0119ki bogactwu ... Read moreDasique Melting Candy Balm #07 Cherry Fizz 1.5 g &#8211; wi\u015bniowo-r\u00f3\u017cowy balsam do ust","og_url":"https:\/\/admincentral.selleetools.com\/pl\/product\/dasique-melting-candy-balm-07-cherry-fizz-1-5-g-wisniowo-rozowy-balsam-do-ust\/","og_site_name":"Selleetools.com","article_modified_time":"2025-12-06T23:00:15+00:00","og_image":[{"width":1080,"height":1080,"url":"https:\/\/selleetools.com\/wp-content\/uploads\/2025\/10\/5b54e790a9889bca225e7508de183de6.png","type":"image\/png"}],"twitter_card":"summary_large_image","twitter_misc":{"Est. reading time":"1 minuta"},"schema":{"@context":"https:\/\/schema.org","@graph":[{"@type":"Organization","@id":"https:\/\/selleetools.com\/#organization","name":"Selleetools","url":"https:\/\/selleetools.com\/","sameAs":[],"logo":{"@type":"ImageObject","inLanguage":"pl-PL","@id":"https:\/\/selleetools.com\/#\/schema\/logo\/image\/","url":"https:\/\/selleetools.com\/wp-content\/uploads\/2021\/10\/logo-dark.png","contentUrl":"https:\/\/selleetools.com\/wp-content\/uploads\/2021\/10\/logo-dark.png","width":320,"height":76,"caption":"Selleetools"},"image":{"@id":"https:\/\/selleetools.com\/#\/schema\/logo\/image\/"}},{"@type":"WebSite","@id":"https:\/\/selleetools.com\/#website","url":"https:\/\/selleetools.com\/","name":"Selleetools.com","description":"","publisher":{"@id":"https:\/\/selleetools.com\/#organization"},"potentialAction":[{"@type":"SearchAction","target":{"@type":"EntryPoint","urlTemplate":"https:\/\/selleetools.com\/?s={search_term_string}"},"query-input":"required name=search_term_string"}],"inLanguage":"pl-PL"},{"@type":"WebPage","@id":"https:\/\/admincentral.selleetools.com\/pl\/product\/dasique-melting-candy-balm-07-cherry-fizz-1-5-g-wisniowo-rozowy-balsam-do-ust\/","url":"https:\/\/admincentral.selleetools.com\/pl\/product\/dasique-melting-candy-balm-07-cherry-fizz-1-5-g-wisniowo-rozowy-balsam-do-ust\/","name":"Dasique Melting Candy Balm #07 Cherry Fizz 1.5 g - wi\u015bniowo-r\u00f3\u017cowy balsam do ust - Selleetools.com","isPartOf":{"@id":"https:\/\/selleetools.com\/#website"},"datePublished":"2025-10-24T12:11:35+00:00","dateModified":"2025-12-06T23:00:15+00:00","breadcrumb":{"@id":"https:\/\/admincentral.selleetools.com\/pl\/product\/dasique-melting-candy-balm-07-cherry-fizz-1-5-g-wisniowo-rozowy-balsam-do-ust\/#breadcrumb"},"inLanguage":"pl-PL","potentialAction":[{"@type":"ReadAction","target":["https:\/\/admincentral.selleetools.com\/pl\/product\/dasique-melting-candy-balm-07-cherry-fizz-1-5-g-wisniowo-rozowy-balsam-do-ust\/"]}]},{"@type":"BreadcrumbList","@id":"https:\/\/admincentral.selleetools.com\/pl\/product\/dasique-melting-candy-balm-07-cherry-fizz-1-5-g-wisniowo-rozowy-balsam-do-ust\/#breadcrumb","itemListElement":[{"@type":"ListItem","position":1,"name":"Home","item":"https:\/\/selleetools.com\/pl\/"},{"@type":"ListItem","position":2,"name":"Katalog","item":"https:\/\/selleetools.com\/pl\/katalog\/"},{"@type":"ListItem","position":3,"name":"Dasique Melting Candy Balm #07 Cherry Fizz 1.5 g &#8211; wi\u015bniowo-r\u00f3\u017cowy balsam do ust"}]}]}},"_links":{"self":[{"href":"https:\/\/selleetools.com\/pl\/wp-json\/wp\/v2\/product\/607938"}],"collection":[{"href":"https:\/\/selleetools.com\/pl\/wp-json\/wp\/v2\/product"}],"about":[{"href":"https:\/\/selleetools.com\/pl\/wp-json\/wp\/v2\/types\/product"}],"replies":[{"embeddable":true,"href":"https:\/\/selleetools.com\/pl\/wp-json\/wp\/v2\/comments?post=607938"}],"wp:featuredmedia":[{"embeddable":true,"href":"https:\/\/selleetools.com\/pl\/wp-json\/wp\/v2\/media\/607936"}],"wp:attachment":[{"href":"https:\/\/selleetools.com\/pl\/wp-json\/wp\/v2\/media?parent=607938"}],"curies":[{"name":"wp","href":"https:\/\/api.w.org\/{rel}","templated":true}]}}