{"id":607929,"date":"2025-10-24T14:11:27","date_gmt":"2025-10-24T12:11:27","guid":{"rendered":"https:\/\/selleetools.com\/?post_type=product&#038;p=607929"},"modified":"2025-12-13T10:00:14","modified_gmt":"2025-12-13T09:00:14","slug":"dasique-melting-candy-balm-03-rose-milk-tea-1-5-g-rozany-balsam-do-ust","status":"publish","type":"product","link":"https:\/\/selleetools.com\/pl\/product\/dasique-melting-candy-balm-03-rose-milk-tea-1-5-g-rozany-balsam-do-ust\/","title":{"rendered":"Dasique Melting Candy Balm #03 Rose Milk Tea 1.5 g &#8211; r\u00f3\u017cany balsam do ust"},"content":{"rendered":"<p>Dasique Melting Candy Balm #03 Rose Milk Tea to piel\u0119gnacyjny balsam do ust o subtelnym, r\u00f3\u017cano-herbacianym odcieniu, kt\u00f3ry \u0142\u0105czy delikatny kolor z intensywnym nawil\u017ceniem. Jego kremowa, topniej\u0105ca konsystencja otula usta ochronn\u0105 warstw\u0105 i nadaje im naturalny blask.<\/p>\n<p>Korzy\u015bci ze stosowania:<br \/>\nIntensywnie nawil\u017ca i wyg\u0142adza suche, spierzchni\u0119te usta<br \/>\nNadaje naturalny, p\u00f3\u0142transparentny kolor inspirowany r\u00f3\u017can\u0105 herbat\u0105 mleczn\u0105<br \/>\nTworzy ochronn\u0105 warstw\u0119, kt\u00f3ra chroni przed utrat\u0105 wilgoci<br \/>\nZawiera olej arganowy, olej jojoba i ekstrakty z owoc\u00f3w jagodowych, kt\u00f3re od\u017cywiaj\u0105 i zmi\u0119kczaj\u0105 delikatn\u0105 sk\u00f3r\u0119 ust<\/p>\n<p>Spos\u00f3b u\u017cycia:<br \/>\nAplikuj balsam bezpo\u015brednio na usta w ci\u0105gu dnia wed\u0142ug potrzeb. Mo\u017ce by\u0107 stosowany samodzielnie lub jako nawil\u017caj\u0105ca baza pod inne produkty do ust.<\/p>\n","protected":false},"excerpt":{"rendered":"<p>Dasique Melting Candy Balm #03 Rose Milk Tea to piel\u0119gnacyjny balsam do ust o subtelnym, r\u00f3\u017cano-herbacianym odcieniu, kt\u00f3ry \u0142\u0105czy delikatny kolor z intensywnym nawil\u017ceniem. Jego kremowa, topniej\u0105ca konsystencja otula usta ochronn\u0105 warstw\u0105 i nadaje im naturalny blask. Korzy\u015bci ze stosowania: Intensywnie nawil\u017ca i wyg\u0142adza suche, spierzchni\u0119te usta Nadaje naturalny, p\u00f3\u0142transparentny kolor inspirowany r\u00f3\u017can\u0105 herbat\u0105 mleczn\u0105 &#8230; <a title=\"Dasique Melting Candy Balm #03 Rose Milk Tea 1.5 g &#8211; r\u00f3\u017cany balsam do ust\" class=\"read-more\" href=\"https:\/\/selleetools.com\/pl\/product\/dasique-melting-candy-balm-03-rose-milk-tea-1-5-g-rozany-balsam-do-ust\/\">Read more<span class=\"screen-reader-text\">Dasique Melting Candy Balm #03 Rose Milk Tea 1.5 g &#8211; r\u00f3\u017cany balsam do ust<\/span><\/a><\/p>\n","protected":false},"featured_media":607927,"comment_status":"open","ping_status":"closed","template":"","meta":{"_links_to":"","_links_to_target":""},"yoast_head":"<!-- This site is optimized with the Yoast SEO plugin v19.4 - https:\/\/yoast.com\/wordpress\/plugins\/seo\/ -->\n<title>Dasique Melting Candy Balm #03 Rose Milk Tea 1.5 g - r\u00f3\u017cany balsam do ust - Selleetools.com<\/title>\n<meta name=\"robots\" content=\"index, follow, max-snippet:-1, max-image-preview:large, max-video-preview:-1\" \/>\n<link rel=\"canonical\" href=\"https:\/\/admincentral.selleetools.com\/pl\/product\/dasique-melting-candy-balm-03-rose-milk-tea-1-5-g-rozany-balsam-do-ust\/\" \/>\n<meta property=\"og:locale\" content=\"pl_PL\" \/>\n<meta property=\"og:type\" content=\"article\" \/>\n<meta property=\"og:title\" content=\"Dasique Melting Candy Balm #03 Rose Milk Tea 1.5 g - r\u00f3\u017cany balsam do ust - Selleetools.com\" \/>\n<meta property=\"og:description\" content=\"Dasique Melting Candy Balm #03 Rose Milk Tea to piel\u0119gnacyjny balsam do ust o subtelnym, r\u00f3\u017cano-herbacianym odcieniu, kt\u00f3ry \u0142\u0105czy delikatny kolor z intensywnym nawil\u017ceniem. Jego kremowa, topniej\u0105ca konsystencja otula usta ochronn\u0105 warstw\u0105 i nadaje im naturalny blask. Korzy\u015bci ze stosowania: Intensywnie nawil\u017ca i wyg\u0142adza suche, spierzchni\u0119te usta Nadaje naturalny, p\u00f3\u0142transparentny kolor inspirowany r\u00f3\u017can\u0105 herbat\u0105 mleczn\u0105 ... Read moreDasique Melting Candy Balm #03 Rose Milk Tea 1.5 g &#8211; r\u00f3\u017cany balsam do ust\" \/>\n<meta property=\"og:url\" content=\"https:\/\/admincentral.selleetools.com\/pl\/product\/dasique-melting-candy-balm-03-rose-milk-tea-1-5-g-rozany-balsam-do-ust\/\" \/>\n<meta property=\"og:site_name\" content=\"Selleetools.com\" \/>\n<meta property=\"article:modified_time\" content=\"2025-12-13T09:00:14+00:00\" \/>\n<meta property=\"og:image\" content=\"https:\/\/selleetools.com\/wp-content\/uploads\/2025\/10\/c13074ce9969ef4fc40a29bb1a560d70.png\" \/>\n\t<meta property=\"og:image:width\" content=\"1080\" \/>\n\t<meta property=\"og:image:height\" content=\"1080\" \/>\n\t<meta property=\"og:image:type\" content=\"image\/png\" \/>\n<meta name=\"twitter:card\" content=\"summary_large_image\" \/>\n<meta name=\"twitter:label1\" content=\"Est. reading time\" \/>\n\t<meta name=\"twitter:data1\" content=\"1 minuta\" \/>\n<!-- \/ Yoast SEO plugin. -->","yoast_head_json":{"title":"Dasique Melting Candy Balm #03 Rose Milk Tea 1.5 g - r\u00f3\u017cany balsam do ust - Selleetools.com","robots":{"index":"index","follow":"follow","max-snippet":"max-snippet:-1","max-image-preview":"max-image-preview:large","max-video-preview":"max-video-preview:-1"},"canonical":"https:\/\/admincentral.selleetools.com\/pl\/product\/dasique-melting-candy-balm-03-rose-milk-tea-1-5-g-rozany-balsam-do-ust\/","og_locale":"pl_PL","og_type":"article","og_title":"Dasique Melting Candy Balm #03 Rose Milk Tea 1.5 g - r\u00f3\u017cany balsam do ust - Selleetools.com","og_description":"Dasique Melting Candy Balm #03 Rose Milk Tea to piel\u0119gnacyjny balsam do ust o subtelnym, r\u00f3\u017cano-herbacianym odcieniu, kt\u00f3ry \u0142\u0105czy delikatny kolor z intensywnym nawil\u017ceniem. Jego kremowa, topniej\u0105ca konsystencja otula usta ochronn\u0105 warstw\u0105 i nadaje im naturalny blask. Korzy\u015bci ze stosowania: Intensywnie nawil\u017ca i wyg\u0142adza suche, spierzchni\u0119te usta Nadaje naturalny, p\u00f3\u0142transparentny kolor inspirowany r\u00f3\u017can\u0105 herbat\u0105 mleczn\u0105 ... Read moreDasique Melting Candy Balm #03 Rose Milk Tea 1.5 g &#8211; r\u00f3\u017cany balsam do ust","og_url":"https:\/\/admincentral.selleetools.com\/pl\/product\/dasique-melting-candy-balm-03-rose-milk-tea-1-5-g-rozany-balsam-do-ust\/","og_site_name":"Selleetools.com","article_modified_time":"2025-12-13T09:00:14+00:00","og_image":[{"width":1080,"height":1080,"url":"https:\/\/selleetools.com\/wp-content\/uploads\/2025\/10\/c13074ce9969ef4fc40a29bb1a560d70.png","type":"image\/png"}],"twitter_card":"summary_large_image","twitter_misc":{"Est. reading time":"1 minuta"},"schema":{"@context":"https:\/\/schema.org","@graph":[{"@type":"Organization","@id":"https:\/\/selleetools.com\/#organization","name":"Selleetools","url":"https:\/\/selleetools.com\/","sameAs":[],"logo":{"@type":"ImageObject","inLanguage":"pl-PL","@id":"https:\/\/selleetools.com\/#\/schema\/logo\/image\/","url":"https:\/\/selleetools.com\/wp-content\/uploads\/2021\/10\/logo-dark.png","contentUrl":"https:\/\/selleetools.com\/wp-content\/uploads\/2021\/10\/logo-dark.png","width":320,"height":76,"caption":"Selleetools"},"image":{"@id":"https:\/\/selleetools.com\/#\/schema\/logo\/image\/"}},{"@type":"WebSite","@id":"https:\/\/selleetools.com\/#website","url":"https:\/\/selleetools.com\/","name":"Selleetools.com","description":"","publisher":{"@id":"https:\/\/selleetools.com\/#organization"},"potentialAction":[{"@type":"SearchAction","target":{"@type":"EntryPoint","urlTemplate":"https:\/\/selleetools.com\/?s={search_term_string}"},"query-input":"required name=search_term_string"}],"inLanguage":"pl-PL"},{"@type":"WebPage","@id":"https:\/\/admincentral.selleetools.com\/pl\/product\/dasique-melting-candy-balm-03-rose-milk-tea-1-5-g-rozany-balsam-do-ust\/","url":"https:\/\/admincentral.selleetools.com\/pl\/product\/dasique-melting-candy-balm-03-rose-milk-tea-1-5-g-rozany-balsam-do-ust\/","name":"Dasique Melting Candy Balm #03 Rose Milk Tea 1.5 g - r\u00f3\u017cany balsam do ust - Selleetools.com","isPartOf":{"@id":"https:\/\/selleetools.com\/#website"},"datePublished":"2025-10-24T12:11:27+00:00","dateModified":"2025-12-13T09:00:14+00:00","breadcrumb":{"@id":"https:\/\/admincentral.selleetools.com\/pl\/product\/dasique-melting-candy-balm-03-rose-milk-tea-1-5-g-rozany-balsam-do-ust\/#breadcrumb"},"inLanguage":"pl-PL","potentialAction":[{"@type":"ReadAction","target":["https:\/\/admincentral.selleetools.com\/pl\/product\/dasique-melting-candy-balm-03-rose-milk-tea-1-5-g-rozany-balsam-do-ust\/"]}]},{"@type":"BreadcrumbList","@id":"https:\/\/admincentral.selleetools.com\/pl\/product\/dasique-melting-candy-balm-03-rose-milk-tea-1-5-g-rozany-balsam-do-ust\/#breadcrumb","itemListElement":[{"@type":"ListItem","position":1,"name":"Home","item":"https:\/\/selleetools.com\/pl\/"},{"@type":"ListItem","position":2,"name":"Katalog","item":"https:\/\/selleetools.com\/pl\/katalog\/"},{"@type":"ListItem","position":3,"name":"Dasique Melting Candy Balm #03 Rose Milk Tea 1.5 g &#8211; r\u00f3\u017cany balsam do ust"}]}]}},"_links":{"self":[{"href":"https:\/\/selleetools.com\/pl\/wp-json\/wp\/v2\/product\/607929"}],"collection":[{"href":"https:\/\/selleetools.com\/pl\/wp-json\/wp\/v2\/product"}],"about":[{"href":"https:\/\/selleetools.com\/pl\/wp-json\/wp\/v2\/types\/product"}],"replies":[{"embeddable":true,"href":"https:\/\/selleetools.com\/pl\/wp-json\/wp\/v2\/comments?post=607929"}],"wp:featuredmedia":[{"embeddable":true,"href":"https:\/\/selleetools.com\/pl\/wp-json\/wp\/v2\/media\/607927"}],"wp:attachment":[{"href":"https:\/\/selleetools.com\/pl\/wp-json\/wp\/v2\/media?parent=607929"}],"curies":[{"name":"wp","href":"https:\/\/api.w.org\/{rel}","templated":true}]}}