{"id":607911,"date":"2025-10-24T14:11:09","date_gmt":"2025-10-24T12:11:09","guid":{"rendered":"https:\/\/selleetools.com\/?post_type=product&#038;p=607911"},"modified":"2025-11-04T21:38:16","modified_gmt":"2025-11-04T20:38:16","slug":"dasique-juicy-dewy-tint-07-cherry-soda-3-5-g-jasnoczerwony-tint-do-ust","status":"publish","type":"product","link":"https:\/\/selleetools.com\/pl\/product\/dasique-juicy-dewy-tint-07-cherry-soda-3-5-g-jasnoczerwony-tint-do-ust\/","title":{"rendered":"Dasique Juicy Dewy Tint #07 Cherry Soda 3.5 g &#8211; jasnoczerwony tint do ust"},"content":{"rendered":"<p>Dasique Juicy Dewy Tint #07 Cherry Soda to lekki, b\u0142yszcz\u0105cy tint do ust w odcieniu jasnej, energetyzuj\u0105cej czerwieni, kt\u00f3ry \u0142\u0105czy intensywny kolor z komfortem noszenia. Jego formu\u0142a oparta na sk\u0142adnikach piel\u0119gnuj\u0105cych zapewnia nawil\u017cenie, wyg\u0142adzenie i subtelny po\u0142ysk, pozostawiaj\u0105c usta mi\u0119kkie i pe\u0142ne blasku.<\/p>\n<p>Korzy\u015bci ze stosowania:<br \/>\nNadaje ustom \u017cywy, \u015bwie\u017cy kolor i efekt mokrego wyko\u0144czenia<br \/>\nNawil\u017ca i chroni przed przesuszeniem<br \/>\nPozostawia usta mi\u0119kkie i g\u0142adkie przez wiele godzin<br \/>\nLekka, nieklej\u0105ca si\u0119 formu\u0142a zapewnia komfort noszenia przez ca\u0142y dzie\u0144<\/p>\n<p>Spos\u00f3b u\u017cycia:<br \/>\nNa\u0142\u00f3\u017c niewielk\u0105 ilo\u015b\u0107 tintu na \u015brodek ust i rozprowad\u017a w kierunku kontur\u00f3w. Dla mocniejszego efektu do\u0142\u00f3\u017c kolejn\u0105 warstw\u0119. Mo\u017cna stosowa\u0107 solo lub na pomadk\u0119 dla efektu 3D.<\/p>\n","protected":false},"excerpt":{"rendered":"<p>Dasique Juicy Dewy Tint #07 Cherry Soda to lekki, b\u0142yszcz\u0105cy tint do ust w odcieniu jasnej, energetyzuj\u0105cej czerwieni, kt\u00f3ry \u0142\u0105czy intensywny kolor z komfortem noszenia. Jego formu\u0142a oparta na sk\u0142adnikach piel\u0119gnuj\u0105cych zapewnia nawil\u017cenie, wyg\u0142adzenie i subtelny po\u0142ysk, pozostawiaj\u0105c usta mi\u0119kkie i pe\u0142ne blasku. Korzy\u015bci ze stosowania: Nadaje ustom \u017cywy, \u015bwie\u017cy kolor i efekt mokrego wyko\u0144czenia &#8230; <a title=\"Dasique Juicy Dewy Tint #07 Cherry Soda 3.5 g &#8211; jasnoczerwony tint do ust\" class=\"read-more\" href=\"https:\/\/selleetools.com\/pl\/product\/dasique-juicy-dewy-tint-07-cherry-soda-3-5-g-jasnoczerwony-tint-do-ust\/\">Read more<span class=\"screen-reader-text\">Dasique Juicy Dewy Tint #07 Cherry Soda 3.5 g &#8211; jasnoczerwony tint do ust<\/span><\/a><\/p>\n","protected":false},"featured_media":607909,"comment_status":"open","ping_status":"closed","template":"","meta":{"_links_to":"","_links_to_target":""},"yoast_head":"<!-- This site is optimized with the Yoast SEO plugin v19.4 - https:\/\/yoast.com\/wordpress\/plugins\/seo\/ -->\n<title>Dasique Juicy Dewy Tint #07 Cherry Soda 3.5 g - jasnoczerwony tint do ust - Selleetools.com<\/title>\n<meta name=\"robots\" content=\"index, follow, max-snippet:-1, max-image-preview:large, max-video-preview:-1\" \/>\n<link rel=\"canonical\" href=\"https:\/\/selleetools.com\/pl\/product\/dasique-juicy-dewy-tint-07-cherry-soda-3-5-g-jasnoczerwony-tint-do-ust\/\" \/>\n<meta property=\"og:locale\" content=\"pl_PL\" \/>\n<meta property=\"og:type\" content=\"article\" \/>\n<meta property=\"og:title\" content=\"Dasique Juicy Dewy Tint #07 Cherry Soda 3.5 g - jasnoczerwony tint do ust - Selleetools.com\" \/>\n<meta property=\"og:description\" content=\"Dasique Juicy Dewy Tint #07 Cherry Soda to lekki, b\u0142yszcz\u0105cy tint do ust w odcieniu jasnej, energetyzuj\u0105cej czerwieni, kt\u00f3ry \u0142\u0105czy intensywny kolor z komfortem noszenia. Jego formu\u0142a oparta na sk\u0142adnikach piel\u0119gnuj\u0105cych zapewnia nawil\u017cenie, wyg\u0142adzenie i subtelny po\u0142ysk, pozostawiaj\u0105c usta mi\u0119kkie i pe\u0142ne blasku. Korzy\u015bci ze stosowania: Nadaje ustom \u017cywy, \u015bwie\u017cy kolor i efekt mokrego wyko\u0144czenia ... Read moreDasique Juicy Dewy Tint #07 Cherry Soda 3.5 g &#8211; jasnoczerwony tint do ust\" \/>\n<meta property=\"og:url\" content=\"https:\/\/selleetools.com\/pl\/product\/dasique-juicy-dewy-tint-07-cherry-soda-3-5-g-jasnoczerwony-tint-do-ust\/\" \/>\n<meta property=\"og:site_name\" content=\"Selleetools.com\" \/>\n<meta property=\"article:modified_time\" content=\"2025-11-04T20:38:16+00:00\" \/>\n<meta property=\"og:image\" content=\"https:\/\/selleetools.com\/wp-content\/uploads\/2025\/10\/ff91fb40e205d4cb0eb094b711b4f75a.png\" \/>\n\t<meta property=\"og:image:width\" content=\"1080\" \/>\n\t<meta property=\"og:image:height\" content=\"1080\" \/>\n\t<meta property=\"og:image:type\" content=\"image\/png\" \/>\n<meta name=\"twitter:card\" content=\"summary_large_image\" \/>\n<meta name=\"twitter:label1\" content=\"Est. reading time\" \/>\n\t<meta name=\"twitter:data1\" content=\"1 minuta\" \/>\n<!-- \/ Yoast SEO plugin. -->","yoast_head_json":{"title":"Dasique Juicy Dewy Tint #07 Cherry Soda 3.5 g - jasnoczerwony tint do ust - Selleetools.com","robots":{"index":"index","follow":"follow","max-snippet":"max-snippet:-1","max-image-preview":"max-image-preview:large","max-video-preview":"max-video-preview:-1"},"canonical":"https:\/\/selleetools.com\/pl\/product\/dasique-juicy-dewy-tint-07-cherry-soda-3-5-g-jasnoczerwony-tint-do-ust\/","og_locale":"pl_PL","og_type":"article","og_title":"Dasique Juicy Dewy Tint #07 Cherry Soda 3.5 g - jasnoczerwony tint do ust - Selleetools.com","og_description":"Dasique Juicy Dewy Tint #07 Cherry Soda to lekki, b\u0142yszcz\u0105cy tint do ust w odcieniu jasnej, energetyzuj\u0105cej czerwieni, kt\u00f3ry \u0142\u0105czy intensywny kolor z komfortem noszenia. Jego formu\u0142a oparta na sk\u0142adnikach piel\u0119gnuj\u0105cych zapewnia nawil\u017cenie, wyg\u0142adzenie i subtelny po\u0142ysk, pozostawiaj\u0105c usta mi\u0119kkie i pe\u0142ne blasku. Korzy\u015bci ze stosowania: Nadaje ustom \u017cywy, \u015bwie\u017cy kolor i efekt mokrego wyko\u0144czenia ... Read moreDasique Juicy Dewy Tint #07 Cherry Soda 3.5 g &#8211; jasnoczerwony tint do ust","og_url":"https:\/\/selleetools.com\/pl\/product\/dasique-juicy-dewy-tint-07-cherry-soda-3-5-g-jasnoczerwony-tint-do-ust\/","og_site_name":"Selleetools.com","article_modified_time":"2025-11-04T20:38:16+00:00","og_image":[{"width":1080,"height":1080,"url":"https:\/\/selleetools.com\/wp-content\/uploads\/2025\/10\/ff91fb40e205d4cb0eb094b711b4f75a.png","type":"image\/png"}],"twitter_card":"summary_large_image","twitter_misc":{"Est. reading time":"1 minuta"},"schema":{"@context":"https:\/\/schema.org","@graph":[{"@type":"Organization","@id":"https:\/\/selleetools.com\/#organization","name":"Selleetools","url":"https:\/\/selleetools.com\/","sameAs":[],"logo":{"@type":"ImageObject","inLanguage":"pl-PL","@id":"https:\/\/selleetools.com\/#\/schema\/logo\/image\/","url":"https:\/\/selleetools.com\/wp-content\/uploads\/2021\/10\/logo-dark.png","contentUrl":"https:\/\/selleetools.com\/wp-content\/uploads\/2021\/10\/logo-dark.png","width":320,"height":76,"caption":"Selleetools"},"image":{"@id":"https:\/\/selleetools.com\/#\/schema\/logo\/image\/"}},{"@type":"WebSite","@id":"https:\/\/selleetools.com\/#website","url":"https:\/\/selleetools.com\/","name":"Selleetools.com","description":"","publisher":{"@id":"https:\/\/selleetools.com\/#organization"},"potentialAction":[{"@type":"SearchAction","target":{"@type":"EntryPoint","urlTemplate":"https:\/\/selleetools.com\/?s={search_term_string}"},"query-input":"required name=search_term_string"}],"inLanguage":"pl-PL"},{"@type":"WebPage","@id":"https:\/\/selleetools.com\/pl\/product\/dasique-juicy-dewy-tint-07-cherry-soda-3-5-g-jasnoczerwony-tint-do-ust\/","url":"https:\/\/selleetools.com\/pl\/product\/dasique-juicy-dewy-tint-07-cherry-soda-3-5-g-jasnoczerwony-tint-do-ust\/","name":"Dasique Juicy Dewy Tint #07 Cherry Soda 3.5 g - jasnoczerwony tint do ust - Selleetools.com","isPartOf":{"@id":"https:\/\/selleetools.com\/#website"},"datePublished":"2025-10-24T12:11:09+00:00","dateModified":"2025-11-04T20:38:16+00:00","breadcrumb":{"@id":"https:\/\/selleetools.com\/pl\/product\/dasique-juicy-dewy-tint-07-cherry-soda-3-5-g-jasnoczerwony-tint-do-ust\/#breadcrumb"},"inLanguage":"pl-PL","potentialAction":[{"@type":"ReadAction","target":["https:\/\/selleetools.com\/pl\/product\/dasique-juicy-dewy-tint-07-cherry-soda-3-5-g-jasnoczerwony-tint-do-ust\/"]}]},{"@type":"BreadcrumbList","@id":"https:\/\/selleetools.com\/pl\/product\/dasique-juicy-dewy-tint-07-cherry-soda-3-5-g-jasnoczerwony-tint-do-ust\/#breadcrumb","itemListElement":[{"@type":"ListItem","position":1,"name":"Home","item":"https:\/\/selleetools.com\/pl\/"},{"@type":"ListItem","position":2,"name":"Katalog","item":"https:\/\/selleetools.com\/pl\/katalog\/"},{"@type":"ListItem","position":3,"name":"Dasique Juicy Dewy Tint #07 Cherry Soda 3.5 g &#8211; jasnoczerwony tint do ust"}]}]}},"_links":{"self":[{"href":"https:\/\/selleetools.com\/pl\/wp-json\/wp\/v2\/product\/607911"}],"collection":[{"href":"https:\/\/selleetools.com\/pl\/wp-json\/wp\/v2\/product"}],"about":[{"href":"https:\/\/selleetools.com\/pl\/wp-json\/wp\/v2\/types\/product"}],"replies":[{"embeddable":true,"href":"https:\/\/selleetools.com\/pl\/wp-json\/wp\/v2\/comments?post=607911"}],"wp:featuredmedia":[{"embeddable":true,"href":"https:\/\/selleetools.com\/pl\/wp-json\/wp\/v2\/media\/607909"}],"wp:attachment":[{"href":"https:\/\/selleetools.com\/pl\/wp-json\/wp\/v2\/media?parent=607911"}],"curies":[{"name":"wp","href":"https:\/\/api.w.org\/{rel}","templated":true}]}}