{"id":607902,"date":"2025-10-24T14:11:00","date_gmt":"2025-10-24T12:11:00","guid":{"rendered":"https:\/\/selleetools.com\/?post_type=product&#038;p=607902"},"modified":"2026-04-12T21:28:55","modified_gmt":"2026-04-12T19:28:55","slug":"dasique-shadow-palette-13-cool-blending-7-5-g-paleta-lawendowo-szarych-cieni-do-powiek","status":"publish","type":"product","link":"https:\/\/selleetools.com\/pl\/product\/dasique-shadow-palette-13-cool-blending-7-5-g-paleta-lawendowo-szarych-cieni-do-powiek\/","title":{"rendered":"Dasique Shadow Palette #13 Cool Blending 7.5 g &#8211; paleta lawendowo-szarych cieni do powiek"},"content":{"rendered":"<p>Dasique Shadow Palette #13 Cool Blending to elegancka, 9-odcieniowa paleta cieni do powiek utrzymana w ch\u0142odnej tonacji lawendowo-szarej, idealna do codziennego oraz wieczorowego makija\u017cu. Formu\u0142a oparta na delikatnych pudrach i pigmentach mineralnych zapewnia g\u0142adk\u0105 aplikacj\u0119 i wysok\u0105 trwa\u0142o\u015b\u0107, bez osypywania i zbierania si\u0119 w za\u0142amaniach.<\/p>\n<p>Korzy\u015bci ze stosowania:<br \/>\nPodkre\u015bla spojrzenie ch\u0142odnymi, stonowanymi odcieniami<br \/>\nPozwala na tworzenie zar\u00f3wno subtelnych, jak i wyrazistych stylizacji<br \/>\nZawiera kombinacj\u0119 matowych, satynowych i b\u0142yszcz\u0105cych wyko\u0144cze\u0144<br \/>\nNie obci\u0105\u017ca powiek, zapewniaj\u0105c komfort przez ca\u0142y dzie\u0144<br \/>\nFormu\u0142a wzbogacona o sk\u0142adniki wyg\u0142adzaj\u0105ce i piel\u0119gnuj\u0105ce delikatn\u0105 sk\u00f3r\u0119 powiek<\/p>\n<p>Spos\u00f3b u\u017cycia:<br \/>\nAplikuj wybrane odcienie na powiek\u0119 przy u\u017cyciu p\u0119dzla lub opuszka palca. Ja\u015bniejsze cienie stosuj jako baz\u0119 lub roz\u015bwietlenie, ciemniejsze do modelowania konturu oka. \u0141\u0105cz tekstury dla uzyskania g\u0142\u0119bi i wyrazisto\u015bci spojrzenia.<\/p>\n","protected":false},"excerpt":{"rendered":"<p>Dasique Shadow Palette #13 Cool Blending to elegancka, 9-odcieniowa paleta cieni do powiek utrzymana w ch\u0142odnej tonacji lawendowo-szarej, idealna do codziennego oraz wieczorowego makija\u017cu. Formu\u0142a oparta na delikatnych pudrach i pigmentach mineralnych zapewnia g\u0142adk\u0105 aplikacj\u0119 i wysok\u0105 trwa\u0142o\u015b\u0107, bez osypywania i zbierania si\u0119 w za\u0142amaniach. Korzy\u015bci ze stosowania: Podkre\u015bla spojrzenie ch\u0142odnymi, stonowanymi odcieniami Pozwala na &#8230; <a title=\"Dasique Shadow Palette #13 Cool Blending 7.5 g &#8211; paleta lawendowo-szarych cieni do powiek\" class=\"read-more\" href=\"https:\/\/selleetools.com\/pl\/product\/dasique-shadow-palette-13-cool-blending-7-5-g-paleta-lawendowo-szarych-cieni-do-powiek\/\">Read more<span class=\"screen-reader-text\">Dasique Shadow Palette #13 Cool Blending 7.5 g &#8211; paleta lawendowo-szarych cieni do powiek<\/span><\/a><\/p>\n","protected":false},"featured_media":607900,"comment_status":"open","ping_status":"closed","template":"","meta":{"_links_to":"","_links_to_target":""},"yoast_head":"<!-- This site is optimized with the Yoast SEO plugin v19.4 - https:\/\/yoast.com\/wordpress\/plugins\/seo\/ -->\n<title>Dasique Shadow Palette #13 Cool Blending 7.5 g - paleta lawendowo-szarych cieni do powiek - Selleetools.com<\/title>\n<meta name=\"robots\" content=\"index, follow, max-snippet:-1, max-image-preview:large, max-video-preview:-1\" \/>\n<link rel=\"canonical\" href=\"https:\/\/selleetools.com\/pl\/product\/dasique-shadow-palette-13-cool-blending-7-5-g-paleta-lawendowo-szarych-cieni-do-powiek\/\" \/>\n<meta property=\"og:locale\" content=\"pl_PL\" \/>\n<meta property=\"og:type\" content=\"article\" \/>\n<meta property=\"og:title\" content=\"Dasique Shadow Palette #13 Cool Blending 7.5 g - paleta lawendowo-szarych cieni do powiek - Selleetools.com\" \/>\n<meta property=\"og:description\" content=\"Dasique Shadow Palette #13 Cool Blending to elegancka, 9-odcieniowa paleta cieni do powiek utrzymana w ch\u0142odnej tonacji lawendowo-szarej, idealna do codziennego oraz wieczorowego makija\u017cu. Formu\u0142a oparta na delikatnych pudrach i pigmentach mineralnych zapewnia g\u0142adk\u0105 aplikacj\u0119 i wysok\u0105 trwa\u0142o\u015b\u0107, bez osypywania i zbierania si\u0119 w za\u0142amaniach. Korzy\u015bci ze stosowania: Podkre\u015bla spojrzenie ch\u0142odnymi, stonowanymi odcieniami Pozwala na ... Read moreDasique Shadow Palette #13 Cool Blending 7.5 g &#8211; paleta lawendowo-szarych cieni do powiek\" \/>\n<meta property=\"og:url\" content=\"https:\/\/selleetools.com\/pl\/product\/dasique-shadow-palette-13-cool-blending-7-5-g-paleta-lawendowo-szarych-cieni-do-powiek\/\" \/>\n<meta property=\"og:site_name\" content=\"Selleetools.com\" \/>\n<meta property=\"article:modified_time\" content=\"2026-04-12T19:28:55+00:00\" \/>\n<meta property=\"og:image\" content=\"https:\/\/selleetools.com\/wp-content\/uploads\/2025\/10\/3a70066e40849cc6a24da375f5688097.png\" \/>\n\t<meta property=\"og:image:width\" content=\"1080\" \/>\n\t<meta property=\"og:image:height\" content=\"1080\" \/>\n\t<meta property=\"og:image:type\" content=\"image\/png\" \/>\n<meta name=\"twitter:card\" content=\"summary_large_image\" \/>\n<meta name=\"twitter:label1\" content=\"Est. reading time\" \/>\n\t<meta name=\"twitter:data1\" content=\"1 minuta\" \/>\n<!-- \/ Yoast SEO plugin. -->","yoast_head_json":{"title":"Dasique Shadow Palette #13 Cool Blending 7.5 g - paleta lawendowo-szarych cieni do powiek - Selleetools.com","robots":{"index":"index","follow":"follow","max-snippet":"max-snippet:-1","max-image-preview":"max-image-preview:large","max-video-preview":"max-video-preview:-1"},"canonical":"https:\/\/selleetools.com\/pl\/product\/dasique-shadow-palette-13-cool-blending-7-5-g-paleta-lawendowo-szarych-cieni-do-powiek\/","og_locale":"pl_PL","og_type":"article","og_title":"Dasique Shadow Palette #13 Cool Blending 7.5 g - paleta lawendowo-szarych cieni do powiek - Selleetools.com","og_description":"Dasique Shadow Palette #13 Cool Blending to elegancka, 9-odcieniowa paleta cieni do powiek utrzymana w ch\u0142odnej tonacji lawendowo-szarej, idealna do codziennego oraz wieczorowego makija\u017cu. Formu\u0142a oparta na delikatnych pudrach i pigmentach mineralnych zapewnia g\u0142adk\u0105 aplikacj\u0119 i wysok\u0105 trwa\u0142o\u015b\u0107, bez osypywania i zbierania si\u0119 w za\u0142amaniach. Korzy\u015bci ze stosowania: Podkre\u015bla spojrzenie ch\u0142odnymi, stonowanymi odcieniami Pozwala na ... Read moreDasique Shadow Palette #13 Cool Blending 7.5 g &#8211; paleta lawendowo-szarych cieni do powiek","og_url":"https:\/\/selleetools.com\/pl\/product\/dasique-shadow-palette-13-cool-blending-7-5-g-paleta-lawendowo-szarych-cieni-do-powiek\/","og_site_name":"Selleetools.com","article_modified_time":"2026-04-12T19:28:55+00:00","og_image":[{"width":1080,"height":1080,"url":"https:\/\/selleetools.com\/wp-content\/uploads\/2025\/10\/3a70066e40849cc6a24da375f5688097.png","type":"image\/png"}],"twitter_card":"summary_large_image","twitter_misc":{"Est. reading time":"1 minuta"},"schema":{"@context":"https:\/\/schema.org","@graph":[{"@type":"Organization","@id":"https:\/\/selleetools.com\/#organization","name":"Selleetools","url":"https:\/\/selleetools.com\/","sameAs":[],"logo":{"@type":"ImageObject","inLanguage":"pl-PL","@id":"https:\/\/selleetools.com\/#\/schema\/logo\/image\/","url":"https:\/\/selleetools.com\/wp-content\/uploads\/2021\/10\/logo-dark.png","contentUrl":"https:\/\/selleetools.com\/wp-content\/uploads\/2021\/10\/logo-dark.png","width":320,"height":76,"caption":"Selleetools"},"image":{"@id":"https:\/\/selleetools.com\/#\/schema\/logo\/image\/"}},{"@type":"WebSite","@id":"https:\/\/selleetools.com\/#website","url":"https:\/\/selleetools.com\/","name":"Selleetools.com","description":"","publisher":{"@id":"https:\/\/selleetools.com\/#organization"},"potentialAction":[{"@type":"SearchAction","target":{"@type":"EntryPoint","urlTemplate":"https:\/\/selleetools.com\/?s={search_term_string}"},"query-input":"required name=search_term_string"}],"inLanguage":"pl-PL"},{"@type":"WebPage","@id":"https:\/\/selleetools.com\/pl\/product\/dasique-shadow-palette-13-cool-blending-7-5-g-paleta-lawendowo-szarych-cieni-do-powiek\/","url":"https:\/\/selleetools.com\/pl\/product\/dasique-shadow-palette-13-cool-blending-7-5-g-paleta-lawendowo-szarych-cieni-do-powiek\/","name":"Dasique Shadow Palette #13 Cool Blending 7.5 g - paleta lawendowo-szarych cieni do powiek - Selleetools.com","isPartOf":{"@id":"https:\/\/selleetools.com\/#website"},"datePublished":"2025-10-24T12:11:00+00:00","dateModified":"2026-04-12T19:28:55+00:00","breadcrumb":{"@id":"https:\/\/selleetools.com\/pl\/product\/dasique-shadow-palette-13-cool-blending-7-5-g-paleta-lawendowo-szarych-cieni-do-powiek\/#breadcrumb"},"inLanguage":"pl-PL","potentialAction":[{"@type":"ReadAction","target":["https:\/\/selleetools.com\/pl\/product\/dasique-shadow-palette-13-cool-blending-7-5-g-paleta-lawendowo-szarych-cieni-do-powiek\/"]}]},{"@type":"BreadcrumbList","@id":"https:\/\/selleetools.com\/pl\/product\/dasique-shadow-palette-13-cool-blending-7-5-g-paleta-lawendowo-szarych-cieni-do-powiek\/#breadcrumb","itemListElement":[{"@type":"ListItem","position":1,"name":"Home","item":"https:\/\/selleetools.com\/pl\/"},{"@type":"ListItem","position":2,"name":"Katalog","item":"https:\/\/selleetools.com\/pl\/katalog\/"},{"@type":"ListItem","position":3,"name":"Dasique Shadow Palette #13 Cool Blending 7.5 g &#8211; paleta lawendowo-szarych cieni do powiek"}]}]}},"_links":{"self":[{"href":"https:\/\/selleetools.com\/pl\/wp-json\/wp\/v2\/product\/607902"}],"collection":[{"href":"https:\/\/selleetools.com\/pl\/wp-json\/wp\/v2\/product"}],"about":[{"href":"https:\/\/selleetools.com\/pl\/wp-json\/wp\/v2\/types\/product"}],"replies":[{"embeddable":true,"href":"https:\/\/selleetools.com\/pl\/wp-json\/wp\/v2\/comments?post=607902"}],"wp:featuredmedia":[{"embeddable":true,"href":"https:\/\/selleetools.com\/pl\/wp-json\/wp\/v2\/media\/607900"}],"wp:attachment":[{"href":"https:\/\/selleetools.com\/pl\/wp-json\/wp\/v2\/media?parent=607902"}],"curies":[{"name":"wp","href":"https:\/\/api.w.org\/{rel}","templated":true}]}}