{"id":607887,"date":"2025-10-24T14:10:45","date_gmt":"2025-10-24T12:10:45","guid":{"rendered":"https:\/\/selleetools.com\/?post_type=product&#038;p=607887"},"modified":"2025-11-04T21:36:57","modified_gmt":"2025-11-04T20:36:57","slug":"dasique-blending-mood-cheek-07-candy-berry-16-8-g-paleta-jogodowo-rozowych-rozy-do-policzkow","status":"publish","type":"product","link":"https:\/\/selleetools.com\/pl\/product\/dasique-blending-mood-cheek-07-candy-berry-16-8-g-paleta-jogodowo-rozowych-rozy-do-policzkow\/","title":{"rendered":"Dasique Blending Mood Cheek #07 Candy Berry 16.8 g &#8211; paleta jogodowo-r\u00f3\u017cowych r\u00f3\u017cy do policzk\u00f3w"},"content":{"rendered":"<p>Dasique Blending Mood Cheek #07 Candy Berry to czterokolorowa paleta r\u00f3\u017c\u00f3w do policzk\u00f3w w soczystych tonacjach jagodowego r\u00f3\u017cu. Idealna do tworzenia naturalnego rumie\u0144ca lub intensywniejszego efektu makija\u017cowego. Delikatna, jedwabista formu\u0142a umo\u017cliwia \u0142atwe rozcieranie i budowanie koloru bez smug i obci\u0105\u017cenia sk\u00f3ry.<\/p>\n<p>Korzy\u015bci ze stosowania:<br \/>\nUmo\u017cliwia subtelne podkre\u015blenie policzk\u00f3w lub wyrazisty efekt w stylu \u201eberry glow\u201d<br \/>\nNadaje cerze \u015bwie\u017co\u015bci i zdrowego blasku<br \/>\nLekka, oddychaj\u0105ca formu\u0142a nie zatyka por\u00f3w i nie podkre\u015bla suchych sk\u00f3rek<br \/>\nZawiera sk\u0142adniki piel\u0119gnuj\u0105ce, takie jak tocopherol (witamina E) i hydrogenated lecithin, kt\u00f3re wspomagaj\u0105 kondycj\u0119 sk\u00f3ry<\/p>\n<p>Spos\u00f3b u\u017cycia:<br \/>\nZa pomoc\u0105 p\u0119dzla do r\u00f3\u017cu nanie\u015b wybrany odcie\u0144 na ko\u015bci policzkowe. Dla efektu przej\u015bcia kolor\u00f3w mo\u017cesz miesza\u0107 odcienie ze sob\u0105. Aplikuj stopniowo, buduj\u0105c intensywno\u015b\u0107 wed\u0142ug potrzeb.<\/p>\n","protected":false},"excerpt":{"rendered":"<p>Dasique Blending Mood Cheek #07 Candy Berry to czterokolorowa paleta r\u00f3\u017c\u00f3w do policzk\u00f3w w soczystych tonacjach jagodowego r\u00f3\u017cu. Idealna do tworzenia naturalnego rumie\u0144ca lub intensywniejszego efektu makija\u017cowego. Delikatna, jedwabista formu\u0142a umo\u017cliwia \u0142atwe rozcieranie i budowanie koloru bez smug i obci\u0105\u017cenia sk\u00f3ry. Korzy\u015bci ze stosowania: Umo\u017cliwia subtelne podkre\u015blenie policzk\u00f3w lub wyrazisty efekt w stylu \u201eberry glow\u201d &#8230; <a title=\"Dasique Blending Mood Cheek #07 Candy Berry 16.8 g &#8211; paleta jogodowo-r\u00f3\u017cowych r\u00f3\u017cy do policzk\u00f3w\" class=\"read-more\" href=\"https:\/\/selleetools.com\/pl\/product\/dasique-blending-mood-cheek-07-candy-berry-16-8-g-paleta-jogodowo-rozowych-rozy-do-policzkow\/\">Read more<span class=\"screen-reader-text\">Dasique Blending Mood Cheek #07 Candy Berry 16.8 g &#8211; paleta jogodowo-r\u00f3\u017cowych r\u00f3\u017cy do policzk\u00f3w<\/span><\/a><\/p>\n","protected":false},"featured_media":607885,"comment_status":"open","ping_status":"closed","template":"","meta":{"_links_to":"","_links_to_target":""},"yoast_head":"<!-- This site is optimized with the Yoast SEO plugin v19.4 - https:\/\/yoast.com\/wordpress\/plugins\/seo\/ -->\n<title>Dasique Blending Mood Cheek #07 Candy Berry 16.8 g - paleta jogodowo-r\u00f3\u017cowych r\u00f3\u017cy do policzk\u00f3w - Selleetools.com<\/title>\n<meta name=\"robots\" content=\"index, follow, max-snippet:-1, max-image-preview:large, max-video-preview:-1\" \/>\n<link rel=\"canonical\" href=\"https:\/\/admincentral.selleetools.com\/product\/dasique-blending-mood-cheek-07-candy-berry-16-8-g-paleta-jogodowo-rozowych-rozy-do-policzkow\/\" \/>\n<meta property=\"og:locale\" content=\"pl_PL\" \/>\n<meta property=\"og:type\" content=\"article\" \/>\n<meta property=\"og:title\" content=\"Dasique Blending Mood Cheek #07 Candy Berry 16.8 g - paleta jogodowo-r\u00f3\u017cowych r\u00f3\u017cy do policzk\u00f3w - Selleetools.com\" \/>\n<meta property=\"og:description\" content=\"Dasique Blending Mood Cheek #07 Candy Berry to czterokolorowa paleta r\u00f3\u017c\u00f3w do policzk\u00f3w w soczystych tonacjach jagodowego r\u00f3\u017cu. Idealna do tworzenia naturalnego rumie\u0144ca lub intensywniejszego efektu makija\u017cowego. Delikatna, jedwabista formu\u0142a umo\u017cliwia \u0142atwe rozcieranie i budowanie koloru bez smug i obci\u0105\u017cenia sk\u00f3ry. Korzy\u015bci ze stosowania: Umo\u017cliwia subtelne podkre\u015blenie policzk\u00f3w lub wyrazisty efekt w stylu \u201eberry glow\u201d ... Read moreDasique Blending Mood Cheek #07 Candy Berry 16.8 g &#8211; paleta jogodowo-r\u00f3\u017cowych r\u00f3\u017cy do policzk\u00f3w\" \/>\n<meta property=\"og:url\" content=\"https:\/\/admincentral.selleetools.com\/product\/dasique-blending-mood-cheek-07-candy-berry-16-8-g-paleta-jogodowo-rozowych-rozy-do-policzkow\/\" \/>\n<meta property=\"og:site_name\" content=\"Selleetools.com\" \/>\n<meta property=\"article:modified_time\" content=\"2025-11-04T20:36:57+00:00\" \/>\n<meta property=\"og:image\" content=\"https:\/\/selleetools.com\/wp-content\/uploads\/2025\/10\/f80c925d8cf431eadb70906ba0e7ab1d.png\" \/>\n\t<meta property=\"og:image:width\" content=\"1080\" \/>\n\t<meta property=\"og:image:height\" content=\"1080\" \/>\n\t<meta property=\"og:image:type\" content=\"image\/png\" \/>\n<meta name=\"twitter:card\" content=\"summary_large_image\" \/>\n<meta name=\"twitter:label1\" content=\"Est. reading time\" \/>\n\t<meta name=\"twitter:data1\" content=\"1 minuta\" \/>\n<!-- \/ Yoast SEO plugin. -->","yoast_head_json":{"title":"Dasique Blending Mood Cheek #07 Candy Berry 16.8 g - paleta jogodowo-r\u00f3\u017cowych r\u00f3\u017cy do policzk\u00f3w - Selleetools.com","robots":{"index":"index","follow":"follow","max-snippet":"max-snippet:-1","max-image-preview":"max-image-preview:large","max-video-preview":"max-video-preview:-1"},"canonical":"https:\/\/admincentral.selleetools.com\/product\/dasique-blending-mood-cheek-07-candy-berry-16-8-g-paleta-jogodowo-rozowych-rozy-do-policzkow\/","og_locale":"pl_PL","og_type":"article","og_title":"Dasique Blending Mood Cheek #07 Candy Berry 16.8 g - paleta jogodowo-r\u00f3\u017cowych r\u00f3\u017cy do policzk\u00f3w - Selleetools.com","og_description":"Dasique Blending Mood Cheek #07 Candy Berry to czterokolorowa paleta r\u00f3\u017c\u00f3w do policzk\u00f3w w soczystych tonacjach jagodowego r\u00f3\u017cu. Idealna do tworzenia naturalnego rumie\u0144ca lub intensywniejszego efektu makija\u017cowego. Delikatna, jedwabista formu\u0142a umo\u017cliwia \u0142atwe rozcieranie i budowanie koloru bez smug i obci\u0105\u017cenia sk\u00f3ry. Korzy\u015bci ze stosowania: Umo\u017cliwia subtelne podkre\u015blenie policzk\u00f3w lub wyrazisty efekt w stylu \u201eberry glow\u201d ... Read moreDasique Blending Mood Cheek #07 Candy Berry 16.8 g &#8211; paleta jogodowo-r\u00f3\u017cowych r\u00f3\u017cy do policzk\u00f3w","og_url":"https:\/\/admincentral.selleetools.com\/product\/dasique-blending-mood-cheek-07-candy-berry-16-8-g-paleta-jogodowo-rozowych-rozy-do-policzkow\/","og_site_name":"Selleetools.com","article_modified_time":"2025-11-04T20:36:57+00:00","og_image":[{"width":1080,"height":1080,"url":"https:\/\/selleetools.com\/wp-content\/uploads\/2025\/10\/f80c925d8cf431eadb70906ba0e7ab1d.png","type":"image\/png"}],"twitter_card":"summary_large_image","twitter_misc":{"Est. reading time":"1 minuta"},"schema":{"@context":"https:\/\/schema.org","@graph":[{"@type":"Organization","@id":"https:\/\/selleetools.com\/#organization","name":"Selleetools","url":"https:\/\/selleetools.com\/","sameAs":[],"logo":{"@type":"ImageObject","inLanguage":"pl-PL","@id":"https:\/\/selleetools.com\/#\/schema\/logo\/image\/","url":"https:\/\/selleetools.com\/wp-content\/uploads\/2021\/10\/logo-dark.png","contentUrl":"https:\/\/selleetools.com\/wp-content\/uploads\/2021\/10\/logo-dark.png","width":320,"height":76,"caption":"Selleetools"},"image":{"@id":"https:\/\/selleetools.com\/#\/schema\/logo\/image\/"}},{"@type":"WebSite","@id":"https:\/\/selleetools.com\/#website","url":"https:\/\/selleetools.com\/","name":"Selleetools.com","description":"","publisher":{"@id":"https:\/\/selleetools.com\/#organization"},"potentialAction":[{"@type":"SearchAction","target":{"@type":"EntryPoint","urlTemplate":"https:\/\/selleetools.com\/?s={search_term_string}"},"query-input":"required name=search_term_string"}],"inLanguage":"pl-PL"},{"@type":"WebPage","@id":"https:\/\/admincentral.selleetools.com\/product\/dasique-blending-mood-cheek-07-candy-berry-16-8-g-paleta-jogodowo-rozowych-rozy-do-policzkow\/","url":"https:\/\/admincentral.selleetools.com\/product\/dasique-blending-mood-cheek-07-candy-berry-16-8-g-paleta-jogodowo-rozowych-rozy-do-policzkow\/","name":"Dasique Blending Mood Cheek #07 Candy Berry 16.8 g - paleta jogodowo-r\u00f3\u017cowych r\u00f3\u017cy do policzk\u00f3w - Selleetools.com","isPartOf":{"@id":"https:\/\/selleetools.com\/#website"},"datePublished":"2025-10-24T12:10:45+00:00","dateModified":"2025-11-04T20:36:57+00:00","breadcrumb":{"@id":"https:\/\/admincentral.selleetools.com\/product\/dasique-blending-mood-cheek-07-candy-berry-16-8-g-paleta-jogodowo-rozowych-rozy-do-policzkow\/#breadcrumb"},"inLanguage":"pl-PL","potentialAction":[{"@type":"ReadAction","target":["https:\/\/admincentral.selleetools.com\/product\/dasique-blending-mood-cheek-07-candy-berry-16-8-g-paleta-jogodowo-rozowych-rozy-do-policzkow\/"]}]},{"@type":"BreadcrumbList","@id":"https:\/\/admincentral.selleetools.com\/product\/dasique-blending-mood-cheek-07-candy-berry-16-8-g-paleta-jogodowo-rozowych-rozy-do-policzkow\/#breadcrumb","itemListElement":[{"@type":"ListItem","position":1,"name":"Home","item":"https:\/\/selleetools.com\/pl\/"},{"@type":"ListItem","position":2,"name":"Katalog","item":"https:\/\/selleetools.com\/pl\/katalog\/"},{"@type":"ListItem","position":3,"name":"Dasique Blending Mood Cheek #07 Candy Berry 16.8 g &#8211; paleta jogodowo-r\u00f3\u017cowych r\u00f3\u017cy do policzk\u00f3w"}]}]}},"_links":{"self":[{"href":"https:\/\/selleetools.com\/pl\/wp-json\/wp\/v2\/product\/607887"}],"collection":[{"href":"https:\/\/selleetools.com\/pl\/wp-json\/wp\/v2\/product"}],"about":[{"href":"https:\/\/selleetools.com\/pl\/wp-json\/wp\/v2\/types\/product"}],"replies":[{"embeddable":true,"href":"https:\/\/selleetools.com\/pl\/wp-json\/wp\/v2\/comments?post=607887"}],"wp:featuredmedia":[{"embeddable":true,"href":"https:\/\/selleetools.com\/pl\/wp-json\/wp\/v2\/media\/607885"}],"wp:attachment":[{"href":"https:\/\/selleetools.com\/pl\/wp-json\/wp\/v2\/media?parent=607887"}],"curies":[{"name":"wp","href":"https:\/\/api.w.org\/{rel}","templated":true}]}}