{"id":607884,"date":"2025-10-24T14:10:42","date_gmt":"2025-10-24T12:10:42","guid":{"rendered":"https:\/\/selleetools.com\/?post_type=product&#038;p=607884"},"modified":"2025-10-28T10:48:06","modified_gmt":"2025-10-28T09:48:06","slug":"dasique-blending-mood-cheek-06-berry-smoothie-11-g-paleta-jagodowych-rozy-do-policzkow","status":"publish","type":"product","link":"https:\/\/selleetools.com\/pl\/product\/dasique-blending-mood-cheek-06-berry-smoothie-11-g-paleta-jagodowych-rozy-do-policzkow\/","title":{"rendered":"Dasique Blending Mood Cheek #06 Berry Smoothie 11 g &#8211; paleta jagodowych r\u00f3\u017cy do policzk\u00f3w"},"content":{"rendered":"<p>Dasique Blending Mood Cheek #06 Berry Smoothie to czterokolorowa paleta r\u00f3\u017cy w odcieniach jagodowego r\u00f3\u017cu i zgaszonego fioletu, kt\u00f3ra pozwala na subtelne budowanie koloru i efektu 3D. Jedwabista formu\u0142a z \u0142atwo\u015bci\u0105 blenduje si\u0119 z cer\u0105, nadaj\u0105c jej \u015bwie\u017cy, dziewcz\u0119cy rumieniec.<\/p>\n<p>Korzy\u015bci ze stosowania:<br \/>\nCztery harmonijnie dobrane odcienie idealne do mieszania lub stosowania osobno<br \/>\nMi\u0119kka, aksamitna konsystencja nie tworzy plam ani smug<br \/>\nLekka, piel\u0119gnuj\u0105ca formu\u0142a z nawil\u017caj\u0105cymi emolientami i lecytyn\u0105<br \/>\nDoskona\u0142y wyb\u00f3r dla dziennych i wieczorowych makija\u017cy<\/p>\n<p>Spos\u00f3b u\u017cycia:<br \/>\nZa pomoc\u0105 p\u0119dzla nanie\u015b wybrany odcie\u0144 lub ich mieszank\u0119 na ko\u015bci policzkowe i delikatnie rozetrzyj. Aplikuj warstwowo, aby stopniowa\u0107 intensywno\u015b\u0107 koloru.<\/p>\n","protected":false},"excerpt":{"rendered":"<p>Dasique Blending Mood Cheek #06 Berry Smoothie to czterokolorowa paleta r\u00f3\u017cy w odcieniach jagodowego r\u00f3\u017cu i zgaszonego fioletu, kt\u00f3ra pozwala na subtelne budowanie koloru i efektu 3D. Jedwabista formu\u0142a z \u0142atwo\u015bci\u0105 blenduje si\u0119 z cer\u0105, nadaj\u0105c jej \u015bwie\u017cy, dziewcz\u0119cy rumieniec. Korzy\u015bci ze stosowania: Cztery harmonijnie dobrane odcienie idealne do mieszania lub stosowania osobno Mi\u0119kka, aksamitna &#8230; <a title=\"Dasique Blending Mood Cheek #06 Berry Smoothie 11 g &#8211; paleta jagodowych r\u00f3\u017cy do policzk\u00f3w\" class=\"read-more\" href=\"https:\/\/selleetools.com\/pl\/product\/dasique-blending-mood-cheek-06-berry-smoothie-11-g-paleta-jagodowych-rozy-do-policzkow\/\">Read more<span class=\"screen-reader-text\">Dasique Blending Mood Cheek #06 Berry Smoothie 11 g &#8211; paleta jagodowych r\u00f3\u017cy do policzk\u00f3w<\/span><\/a><\/p>\n","protected":false},"featured_media":607882,"comment_status":"open","ping_status":"closed","template":"","meta":{"_links_to":"","_links_to_target":""},"yoast_head":"<!-- This site is optimized with the Yoast SEO plugin v19.4 - https:\/\/yoast.com\/wordpress\/plugins\/seo\/ -->\n<title>Dasique Blending Mood Cheek #06 Berry Smoothie 11 g - paleta jagodowych r\u00f3\u017cy do policzk\u00f3w - Selleetools.com<\/title>\n<meta name=\"robots\" content=\"index, follow, max-snippet:-1, max-image-preview:large, max-video-preview:-1\" \/>\n<link rel=\"canonical\" href=\"https:\/\/selleetools.com\/product\/dasique-blending-mood-cheek-06-berry-smoothie-11-g-paleta-jagodowych-rozy-do-policzkow\/\" \/>\n<meta property=\"og:locale\" content=\"pl_PL\" \/>\n<meta property=\"og:type\" content=\"article\" \/>\n<meta property=\"og:title\" content=\"Dasique Blending Mood Cheek #06 Berry Smoothie 11 g - paleta jagodowych r\u00f3\u017cy do policzk\u00f3w - Selleetools.com\" \/>\n<meta property=\"og:description\" content=\"Dasique Blending Mood Cheek #06 Berry Smoothie to czterokolorowa paleta r\u00f3\u017cy w odcieniach jagodowego r\u00f3\u017cu i zgaszonego fioletu, kt\u00f3ra pozwala na subtelne budowanie koloru i efektu 3D. Jedwabista formu\u0142a z \u0142atwo\u015bci\u0105 blenduje si\u0119 z cer\u0105, nadaj\u0105c jej \u015bwie\u017cy, dziewcz\u0119cy rumieniec. Korzy\u015bci ze stosowania: Cztery harmonijnie dobrane odcienie idealne do mieszania lub stosowania osobno Mi\u0119kka, aksamitna ... Read moreDasique Blending Mood Cheek #06 Berry Smoothie 11 g &#8211; paleta jagodowych r\u00f3\u017cy do policzk\u00f3w\" \/>\n<meta property=\"og:url\" content=\"https:\/\/selleetools.com\/product\/dasique-blending-mood-cheek-06-berry-smoothie-11-g-paleta-jagodowych-rozy-do-policzkow\/\" \/>\n<meta property=\"og:site_name\" content=\"Selleetools.com\" \/>\n<meta property=\"article:modified_time\" content=\"2025-10-28T09:48:06+00:00\" \/>\n<meta property=\"og:image\" content=\"https:\/\/selleetools.com\/wp-content\/uploads\/2025\/10\/4e1f38670f88b46a8c03092dabf5aab2.png\" \/>\n\t<meta property=\"og:image:width\" content=\"1080\" \/>\n\t<meta property=\"og:image:height\" content=\"1080\" \/>\n\t<meta property=\"og:image:type\" content=\"image\/png\" \/>\n<meta name=\"twitter:card\" content=\"summary_large_image\" \/>\n<meta name=\"twitter:label1\" content=\"Est. reading time\" \/>\n\t<meta name=\"twitter:data1\" content=\"1 minuta\" \/>\n<!-- \/ Yoast SEO plugin. -->","yoast_head_json":{"title":"Dasique Blending Mood Cheek #06 Berry Smoothie 11 g - paleta jagodowych r\u00f3\u017cy do policzk\u00f3w - Selleetools.com","robots":{"index":"index","follow":"follow","max-snippet":"max-snippet:-1","max-image-preview":"max-image-preview:large","max-video-preview":"max-video-preview:-1"},"canonical":"https:\/\/selleetools.com\/product\/dasique-blending-mood-cheek-06-berry-smoothie-11-g-paleta-jagodowych-rozy-do-policzkow\/","og_locale":"pl_PL","og_type":"article","og_title":"Dasique Blending Mood Cheek #06 Berry Smoothie 11 g - paleta jagodowych r\u00f3\u017cy do policzk\u00f3w - Selleetools.com","og_description":"Dasique Blending Mood Cheek #06 Berry Smoothie to czterokolorowa paleta r\u00f3\u017cy w odcieniach jagodowego r\u00f3\u017cu i zgaszonego fioletu, kt\u00f3ra pozwala na subtelne budowanie koloru i efektu 3D. Jedwabista formu\u0142a z \u0142atwo\u015bci\u0105 blenduje si\u0119 z cer\u0105, nadaj\u0105c jej \u015bwie\u017cy, dziewcz\u0119cy rumieniec. Korzy\u015bci ze stosowania: Cztery harmonijnie dobrane odcienie idealne do mieszania lub stosowania osobno Mi\u0119kka, aksamitna ... Read moreDasique Blending Mood Cheek #06 Berry Smoothie 11 g &#8211; paleta jagodowych r\u00f3\u017cy do policzk\u00f3w","og_url":"https:\/\/selleetools.com\/product\/dasique-blending-mood-cheek-06-berry-smoothie-11-g-paleta-jagodowych-rozy-do-policzkow\/","og_site_name":"Selleetools.com","article_modified_time":"2025-10-28T09:48:06+00:00","og_image":[{"width":1080,"height":1080,"url":"https:\/\/selleetools.com\/wp-content\/uploads\/2025\/10\/4e1f38670f88b46a8c03092dabf5aab2.png","type":"image\/png"}],"twitter_card":"summary_large_image","twitter_misc":{"Est. reading time":"1 minuta"},"schema":{"@context":"https:\/\/schema.org","@graph":[{"@type":"Organization","@id":"https:\/\/selleetools.com\/#organization","name":"Selleetools","url":"https:\/\/selleetools.com\/","sameAs":[],"logo":{"@type":"ImageObject","inLanguage":"pl-PL","@id":"https:\/\/selleetools.com\/#\/schema\/logo\/image\/","url":"https:\/\/selleetools.com\/wp-content\/uploads\/2021\/10\/logo-dark.png","contentUrl":"https:\/\/selleetools.com\/wp-content\/uploads\/2021\/10\/logo-dark.png","width":320,"height":76,"caption":"Selleetools"},"image":{"@id":"https:\/\/selleetools.com\/#\/schema\/logo\/image\/"}},{"@type":"WebSite","@id":"https:\/\/selleetools.com\/#website","url":"https:\/\/selleetools.com\/","name":"Selleetools.com","description":"","publisher":{"@id":"https:\/\/selleetools.com\/#organization"},"potentialAction":[{"@type":"SearchAction","target":{"@type":"EntryPoint","urlTemplate":"https:\/\/selleetools.com\/?s={search_term_string}"},"query-input":"required name=search_term_string"}],"inLanguage":"pl-PL"},{"@type":"WebPage","@id":"https:\/\/selleetools.com\/product\/dasique-blending-mood-cheek-06-berry-smoothie-11-g-paleta-jagodowych-rozy-do-policzkow\/","url":"https:\/\/selleetools.com\/product\/dasique-blending-mood-cheek-06-berry-smoothie-11-g-paleta-jagodowych-rozy-do-policzkow\/","name":"Dasique Blending Mood Cheek #06 Berry Smoothie 11 g - paleta jagodowych r\u00f3\u017cy do policzk\u00f3w - Selleetools.com","isPartOf":{"@id":"https:\/\/selleetools.com\/#website"},"datePublished":"2025-10-24T12:10:42+00:00","dateModified":"2025-10-28T09:48:06+00:00","breadcrumb":{"@id":"https:\/\/selleetools.com\/product\/dasique-blending-mood-cheek-06-berry-smoothie-11-g-paleta-jagodowych-rozy-do-policzkow\/#breadcrumb"},"inLanguage":"pl-PL","potentialAction":[{"@type":"ReadAction","target":["https:\/\/selleetools.com\/product\/dasique-blending-mood-cheek-06-berry-smoothie-11-g-paleta-jagodowych-rozy-do-policzkow\/"]}]},{"@type":"BreadcrumbList","@id":"https:\/\/selleetools.com\/product\/dasique-blending-mood-cheek-06-berry-smoothie-11-g-paleta-jagodowych-rozy-do-policzkow\/#breadcrumb","itemListElement":[{"@type":"ListItem","position":1,"name":"Home","item":"https:\/\/selleetools.com\/pl\/"},{"@type":"ListItem","position":2,"name":"Katalog","item":"https:\/\/selleetools.com\/pl\/katalog\/"},{"@type":"ListItem","position":3,"name":"Dasique Blending Mood Cheek #06 Berry Smoothie 11 g &#8211; paleta jagodowych r\u00f3\u017cy do policzk\u00f3w"}]}]}},"_links":{"self":[{"href":"https:\/\/selleetools.com\/pl\/wp-json\/wp\/v2\/product\/607884"}],"collection":[{"href":"https:\/\/selleetools.com\/pl\/wp-json\/wp\/v2\/product"}],"about":[{"href":"https:\/\/selleetools.com\/pl\/wp-json\/wp\/v2\/types\/product"}],"replies":[{"embeddable":true,"href":"https:\/\/selleetools.com\/pl\/wp-json\/wp\/v2\/comments?post=607884"}],"wp:featuredmedia":[{"embeddable":true,"href":"https:\/\/selleetools.com\/pl\/wp-json\/wp\/v2\/media\/607882"}],"wp:attachment":[{"href":"https:\/\/selleetools.com\/pl\/wp-json\/wp\/v2\/media?parent=607884"}],"curies":[{"name":"wp","href":"https:\/\/api.w.org\/{rel}","templated":true}]}}