{"id":607770,"date":"2025-10-24T14:09:00","date_gmt":"2025-10-24T12:09:00","guid":{"rendered":"https:\/\/selleetools.com\/?post_type=product&#038;p=607770"},"modified":"2026-03-03T11:18:51","modified_gmt":"2026-03-03T10:18:51","slug":"romnd-han-all-sharp-brow-w3-meery-blondy-0-24-g-kredka-do-brwi-z-cieniem-cieply-blond","status":"publish","type":"product","link":"https:\/\/selleetools.com\/pl\/product\/romnd-han-all-sharp-brow-w3-meery-blondy-0-24-g-kredka-do-brwi-z-cieniem-cieply-blond\/","title":{"rendered":"rom&#038;nd Han All Sharp Brow W3. Meery Blondy 0.24 g &#8211; kredka do brwi z cieniem, ciep\u0142y blond"},"content":{"rendered":"<p>rom&#038;nd Han All Sharp Brow W3. Meery Blondy to precyzyjna kredka do brwi z do\u0142\u0105czonym aplikatorem cienia, stworzona z my\u015bl\u0105 o osobach z jasnymi, ciep\u0142ymi odcieniami w\u0142os\u00f3w. Odcie\u0144 ciep\u0142ego blondu doskonale stapia si\u0119 z naturalnym kolorem brwi, zapewniaj\u0105c subtelne, ale wyraziste podkre\u015blenie \u0142uku brwiowego.<\/p>\n<p>Korzy\u015bci ze stosowania:<br \/>\n2w1 \u2013 po\u0142\u0105czenie kredki i mi\u0119kkiego cienia do naturalnego efektu<br \/>\nPrecyzyjna ko\u0144c\u00f3wka pozwala na dok\u0142adne dorysowanie w\u0142osk\u00f3w<br \/>\nLekka, pudrowa formu\u0142a dobrze si\u0119 rozprowadza i d\u0142ugo utrzymuje<br \/>\nOd\u017cywcze sk\u0142adniki, m.in. mas\u0142o shea i oleje ro\u015blinne, piel\u0119gnuj\u0105 delikatn\u0105 sk\u00f3r\u0119 brwi<\/p>\n<p>Spos\u00f3b u\u017cycia:<br \/>\nWype\u0142nij brwi za pomoc\u0105 cienkiej kredki, dorysowuj\u0105c pojedyncze w\u0142oski lub podkre\u015blaj\u0105c kontur. Nast\u0119pnie u\u017cyj aplikatora z cieniem, aby wype\u0142ni\u0107 luki i zmi\u0119kczy\u0107 efekt. Stylizuj brwi zgodnie z preferencj\u0105.<\/p>\n","protected":false},"excerpt":{"rendered":"<p>rom&#038;nd Han All Sharp Brow W3. Meery Blondy to precyzyjna kredka do brwi z do\u0142\u0105czonym aplikatorem cienia, stworzona z my\u015bl\u0105 o osobach z jasnymi, ciep\u0142ymi odcieniami w\u0142os\u00f3w. Odcie\u0144 ciep\u0142ego blondu doskonale stapia si\u0119 z naturalnym kolorem brwi, zapewniaj\u0105c subtelne, ale wyraziste podkre\u015blenie \u0142uku brwiowego. Korzy\u015bci ze stosowania: 2w1 \u2013 po\u0142\u0105czenie kredki i mi\u0119kkiego cienia do &#8230; <a title=\"rom&#038;nd Han All Sharp Brow W3. Meery Blondy 0.24 g &#8211; kredka do brwi z cieniem, ciep\u0142y blond\" class=\"read-more\" href=\"https:\/\/selleetools.com\/pl\/product\/romnd-han-all-sharp-brow-w3-meery-blondy-0-24-g-kredka-do-brwi-z-cieniem-cieply-blond\/\">Read more<span class=\"screen-reader-text\">rom&#038;nd Han All Sharp Brow W3. Meery Blondy 0.24 g &#8211; kredka do brwi z cieniem, ciep\u0142y blond<\/span><\/a><\/p>\n","protected":false},"featured_media":607768,"comment_status":"open","ping_status":"closed","template":"","meta":{"_links_to":"","_links_to_target":""},"yoast_head":"<!-- This site is optimized with the Yoast SEO plugin v19.4 - https:\/\/yoast.com\/wordpress\/plugins\/seo\/ -->\n<title>rom&amp;nd Han All Sharp Brow W3. Meery Blondy 0.24 g - kredka do brwi z cieniem, ciep\u0142y blond - Selleetools.com<\/title>\n<meta name=\"robots\" content=\"index, follow, max-snippet:-1, max-image-preview:large, max-video-preview:-1\" \/>\n<link rel=\"canonical\" href=\"https:\/\/selleetools.com\/pl\/product\/romnd-han-all-sharp-brow-w3-meery-blondy-0-24-g-kredka-do-brwi-z-cieniem-cieply-blond\/\" \/>\n<meta property=\"og:locale\" content=\"pl_PL\" \/>\n<meta property=\"og:type\" content=\"article\" \/>\n<meta property=\"og:title\" content=\"rom&amp;nd Han All Sharp Brow W3. Meery Blondy 0.24 g - kredka do brwi z cieniem, ciep\u0142y blond - Selleetools.com\" \/>\n<meta property=\"og:description\" content=\"rom&#038;nd Han All Sharp Brow W3. Meery Blondy to precyzyjna kredka do brwi z do\u0142\u0105czonym aplikatorem cienia, stworzona z my\u015bl\u0105 o osobach z jasnymi, ciep\u0142ymi odcieniami w\u0142os\u00f3w. Odcie\u0144 ciep\u0142ego blondu doskonale stapia si\u0119 z naturalnym kolorem brwi, zapewniaj\u0105c subtelne, ale wyraziste podkre\u015blenie \u0142uku brwiowego. Korzy\u015bci ze stosowania: 2w1 \u2013 po\u0142\u0105czenie kredki i mi\u0119kkiego cienia do ... Read morerom&#038;nd Han All Sharp Brow W3. Meery Blondy 0.24 g &#8211; kredka do brwi z cieniem, ciep\u0142y blond\" \/>\n<meta property=\"og:url\" content=\"https:\/\/selleetools.com\/pl\/product\/romnd-han-all-sharp-brow-w3-meery-blondy-0-24-g-kredka-do-brwi-z-cieniem-cieply-blond\/\" \/>\n<meta property=\"og:site_name\" content=\"Selleetools.com\" \/>\n<meta property=\"article:modified_time\" content=\"2026-03-03T10:18:51+00:00\" \/>\n<meta property=\"og:image\" content=\"https:\/\/selleetools.com\/wp-content\/uploads\/2025\/10\/d86ffa32a5a4dfac604a6ebba31ad78a.png\" \/>\n\t<meta property=\"og:image:width\" content=\"1080\" \/>\n\t<meta property=\"og:image:height\" content=\"1080\" \/>\n\t<meta property=\"og:image:type\" content=\"image\/png\" \/>\n<meta name=\"twitter:card\" content=\"summary_large_image\" \/>\n<meta name=\"twitter:label1\" content=\"Est. reading time\" \/>\n\t<meta name=\"twitter:data1\" content=\"1 minuta\" \/>\n<!-- \/ Yoast SEO plugin. -->","yoast_head_json":{"title":"rom&nd Han All Sharp Brow W3. Meery Blondy 0.24 g - kredka do brwi z cieniem, ciep\u0142y blond - Selleetools.com","robots":{"index":"index","follow":"follow","max-snippet":"max-snippet:-1","max-image-preview":"max-image-preview:large","max-video-preview":"max-video-preview:-1"},"canonical":"https:\/\/selleetools.com\/pl\/product\/romnd-han-all-sharp-brow-w3-meery-blondy-0-24-g-kredka-do-brwi-z-cieniem-cieply-blond\/","og_locale":"pl_PL","og_type":"article","og_title":"rom&nd Han All Sharp Brow W3. Meery Blondy 0.24 g - kredka do brwi z cieniem, ciep\u0142y blond - Selleetools.com","og_description":"rom&#038;nd Han All Sharp Brow W3. Meery Blondy to precyzyjna kredka do brwi z do\u0142\u0105czonym aplikatorem cienia, stworzona z my\u015bl\u0105 o osobach z jasnymi, ciep\u0142ymi odcieniami w\u0142os\u00f3w. Odcie\u0144 ciep\u0142ego blondu doskonale stapia si\u0119 z naturalnym kolorem brwi, zapewniaj\u0105c subtelne, ale wyraziste podkre\u015blenie \u0142uku brwiowego. Korzy\u015bci ze stosowania: 2w1 \u2013 po\u0142\u0105czenie kredki i mi\u0119kkiego cienia do ... Read morerom&#038;nd Han All Sharp Brow W3. Meery Blondy 0.24 g &#8211; kredka do brwi z cieniem, ciep\u0142y blond","og_url":"https:\/\/selleetools.com\/pl\/product\/romnd-han-all-sharp-brow-w3-meery-blondy-0-24-g-kredka-do-brwi-z-cieniem-cieply-blond\/","og_site_name":"Selleetools.com","article_modified_time":"2026-03-03T10:18:51+00:00","og_image":[{"width":1080,"height":1080,"url":"https:\/\/selleetools.com\/wp-content\/uploads\/2025\/10\/d86ffa32a5a4dfac604a6ebba31ad78a.png","type":"image\/png"}],"twitter_card":"summary_large_image","twitter_misc":{"Est. reading time":"1 minuta"},"schema":{"@context":"https:\/\/schema.org","@graph":[{"@type":"Organization","@id":"https:\/\/selleetools.com\/#organization","name":"Selleetools","url":"https:\/\/selleetools.com\/","sameAs":[],"logo":{"@type":"ImageObject","inLanguage":"pl-PL","@id":"https:\/\/selleetools.com\/#\/schema\/logo\/image\/","url":"https:\/\/selleetools.com\/wp-content\/uploads\/2021\/10\/logo-dark.png","contentUrl":"https:\/\/selleetools.com\/wp-content\/uploads\/2021\/10\/logo-dark.png","width":320,"height":76,"caption":"Selleetools"},"image":{"@id":"https:\/\/selleetools.com\/#\/schema\/logo\/image\/"}},{"@type":"WebSite","@id":"https:\/\/selleetools.com\/#website","url":"https:\/\/selleetools.com\/","name":"Selleetools.com","description":"","publisher":{"@id":"https:\/\/selleetools.com\/#organization"},"potentialAction":[{"@type":"SearchAction","target":{"@type":"EntryPoint","urlTemplate":"https:\/\/selleetools.com\/?s={search_term_string}"},"query-input":"required name=search_term_string"}],"inLanguage":"pl-PL"},{"@type":"WebPage","@id":"https:\/\/selleetools.com\/pl\/product\/romnd-han-all-sharp-brow-w3-meery-blondy-0-24-g-kredka-do-brwi-z-cieniem-cieply-blond\/","url":"https:\/\/selleetools.com\/pl\/product\/romnd-han-all-sharp-brow-w3-meery-blondy-0-24-g-kredka-do-brwi-z-cieniem-cieply-blond\/","name":"rom&nd Han All Sharp Brow W3. Meery Blondy 0.24 g - kredka do brwi z cieniem, ciep\u0142y blond - Selleetools.com","isPartOf":{"@id":"https:\/\/selleetools.com\/#website"},"datePublished":"2025-10-24T12:09:00+00:00","dateModified":"2026-03-03T10:18:51+00:00","breadcrumb":{"@id":"https:\/\/selleetools.com\/pl\/product\/romnd-han-all-sharp-brow-w3-meery-blondy-0-24-g-kredka-do-brwi-z-cieniem-cieply-blond\/#breadcrumb"},"inLanguage":"pl-PL","potentialAction":[{"@type":"ReadAction","target":["https:\/\/selleetools.com\/pl\/product\/romnd-han-all-sharp-brow-w3-meery-blondy-0-24-g-kredka-do-brwi-z-cieniem-cieply-blond\/"]}]},{"@type":"BreadcrumbList","@id":"https:\/\/selleetools.com\/pl\/product\/romnd-han-all-sharp-brow-w3-meery-blondy-0-24-g-kredka-do-brwi-z-cieniem-cieply-blond\/#breadcrumb","itemListElement":[{"@type":"ListItem","position":1,"name":"Home","item":"https:\/\/selleetools.com\/pl\/"},{"@type":"ListItem","position":2,"name":"Katalog","item":"https:\/\/selleetools.com\/pl\/katalog\/"},{"@type":"ListItem","position":3,"name":"rom&#038;nd Han All Sharp Brow W3. Meery Blondy 0.24 g &#8211; kredka do brwi z cieniem, ciep\u0142y blond"}]}]}},"_links":{"self":[{"href":"https:\/\/selleetools.com\/pl\/wp-json\/wp\/v2\/product\/607770"}],"collection":[{"href":"https:\/\/selleetools.com\/pl\/wp-json\/wp\/v2\/product"}],"about":[{"href":"https:\/\/selleetools.com\/pl\/wp-json\/wp\/v2\/types\/product"}],"replies":[{"embeddable":true,"href":"https:\/\/selleetools.com\/pl\/wp-json\/wp\/v2\/comments?post=607770"}],"wp:featuredmedia":[{"embeddable":true,"href":"https:\/\/selleetools.com\/pl\/wp-json\/wp\/v2\/media\/607768"}],"wp:attachment":[{"href":"https:\/\/selleetools.com\/pl\/wp-json\/wp\/v2\/media?parent=607770"}],"curies":[{"name":"wp","href":"https:\/\/api.w.org\/{rel}","templated":true}]}}