{"id":607752,"date":"2025-10-24T14:08:45","date_gmt":"2025-10-24T12:08:45","guid":{"rendered":"https:\/\/selleetools.com\/?post_type=product&#038;p=607752"},"modified":"2025-11-04T21:16:09","modified_gmt":"2025-11-04T20:16:09","slug":"romnd-han-all-flat-brow-c2-grace-taupe-0-17-g-kredka-do-brwi-chlodnym-szaro-bezowy","status":"publish","type":"product","link":"https:\/\/selleetools.com\/pl\/product\/romnd-han-all-flat-brow-c2-grace-taupe-0-17-g-kredka-do-brwi-chlodnym-szaro-bezowy\/","title":{"rendered":"rom&#038;nd Han All Flat Brow C2 Grace Taupe 0.17 g &#8211; kredka do brwi, ch\u0142odnym szaro-be\u017cowy"},"content":{"rendered":"<p>rom&#038;nd Han All Flat Brow C2 Grace Taupe to p\u0142aska kredka do brwi, kt\u00f3ra umo\u017cliwia zar\u00f3wno dok\u0142adne zarysowanie kszta\u0142tu, jak i naturalne wype\u0142nienie brwi. Ch\u0142odny, szaro-be\u017cowy odcie\u0144 doskonale sprawdzi si\u0119 u os\u00f3b o jasnej i ch\u0142odnej karnacji, zapewniaj\u0105c subtelny, realistyczny efekt.<\/p>\n<p>Korzy\u015bci ze stosowania:<br \/>\nU\u0142atwia modelowanie i nadanie kszta\u0142tu brwiom<br \/>\nNie rozmazuje si\u0119 i utrzymuje przez ca\u0142y dzie\u0144<br \/>\nMi\u0119kka, ale precyzyjna formu\u0142a dla naturalnego efektu<br \/>\nWzbogacona o woski ro\u015blinne i witamin\u0119 E, kt\u00f3re piel\u0119gnuj\u0105 sk\u00f3r\u0119<\/p>\n<p>Spos\u00f3b u\u017cycia:<br \/>\nDelikatnie zarysuj kontur brwi cienk\u0105 kraw\u0119dzi\u0105 kredki, a nast\u0119pnie wype\u0142nij \u015brodek grubsz\u0105 stron\u0105. Mo\u017cesz u\u017cy\u0107 szczoteczki (je\u015bli do\u0142\u0105czona) do rozczesania i rozblendowania koloru dla bardziej naturalnego efektu.<\/p>\n","protected":false},"excerpt":{"rendered":"<p>rom&#038;nd Han All Flat Brow C2 Grace Taupe to p\u0142aska kredka do brwi, kt\u00f3ra umo\u017cliwia zar\u00f3wno dok\u0142adne zarysowanie kszta\u0142tu, jak i naturalne wype\u0142nienie brwi. Ch\u0142odny, szaro-be\u017cowy odcie\u0144 doskonale sprawdzi si\u0119 u os\u00f3b o jasnej i ch\u0142odnej karnacji, zapewniaj\u0105c subtelny, realistyczny efekt. Korzy\u015bci ze stosowania: U\u0142atwia modelowanie i nadanie kszta\u0142tu brwiom Nie rozmazuje si\u0119 i utrzymuje &#8230; <a title=\"rom&#038;nd Han All Flat Brow C2 Grace Taupe 0.17 g &#8211; kredka do brwi, ch\u0142odnym szaro-be\u017cowy\" class=\"read-more\" href=\"https:\/\/selleetools.com\/pl\/product\/romnd-han-all-flat-brow-c2-grace-taupe-0-17-g-kredka-do-brwi-chlodnym-szaro-bezowy\/\">Read more<span class=\"screen-reader-text\">rom&#038;nd Han All Flat Brow C2 Grace Taupe 0.17 g &#8211; kredka do brwi, ch\u0142odnym szaro-be\u017cowy<\/span><\/a><\/p>\n","protected":false},"featured_media":607750,"comment_status":"open","ping_status":"closed","template":"","meta":{"_links_to":"","_links_to_target":""},"yoast_head":"<!-- This site is optimized with the Yoast SEO plugin v19.4 - https:\/\/yoast.com\/wordpress\/plugins\/seo\/ -->\n<title>rom&amp;nd Han All Flat Brow C2 Grace Taupe 0.17 g - kredka do brwi, ch\u0142odnym szaro-be\u017cowy - Selleetools.com<\/title>\n<meta name=\"robots\" content=\"index, follow, max-snippet:-1, max-image-preview:large, max-video-preview:-1\" \/>\n<link rel=\"canonical\" href=\"https:\/\/selleetools.com\/product\/romnd-han-all-flat-brow-c2-grace-taupe-0-17-g-kredka-do-brwi-chlodnym-szaro-bezowy\/\" \/>\n<meta property=\"og:locale\" content=\"pl_PL\" \/>\n<meta property=\"og:type\" content=\"article\" \/>\n<meta property=\"og:title\" content=\"rom&amp;nd Han All Flat Brow C2 Grace Taupe 0.17 g - kredka do brwi, ch\u0142odnym szaro-be\u017cowy - Selleetools.com\" \/>\n<meta property=\"og:description\" content=\"rom&#038;nd Han All Flat Brow C2 Grace Taupe to p\u0142aska kredka do brwi, kt\u00f3ra umo\u017cliwia zar\u00f3wno dok\u0142adne zarysowanie kszta\u0142tu, jak i naturalne wype\u0142nienie brwi. Ch\u0142odny, szaro-be\u017cowy odcie\u0144 doskonale sprawdzi si\u0119 u os\u00f3b o jasnej i ch\u0142odnej karnacji, zapewniaj\u0105c subtelny, realistyczny efekt. Korzy\u015bci ze stosowania: U\u0142atwia modelowanie i nadanie kszta\u0142tu brwiom Nie rozmazuje si\u0119 i utrzymuje ... Read morerom&#038;nd Han All Flat Brow C2 Grace Taupe 0.17 g &#8211; kredka do brwi, ch\u0142odnym szaro-be\u017cowy\" \/>\n<meta property=\"og:url\" content=\"https:\/\/selleetools.com\/product\/romnd-han-all-flat-brow-c2-grace-taupe-0-17-g-kredka-do-brwi-chlodnym-szaro-bezowy\/\" \/>\n<meta property=\"og:site_name\" content=\"Selleetools.com\" \/>\n<meta property=\"article:modified_time\" content=\"2025-11-04T20:16:09+00:00\" \/>\n<meta property=\"og:image\" content=\"https:\/\/selleetools.com\/wp-content\/uploads\/2025\/10\/e49952bae2abe1b02b441cc714c736e4.png\" \/>\n\t<meta property=\"og:image:width\" content=\"1080\" \/>\n\t<meta property=\"og:image:height\" content=\"1080\" \/>\n\t<meta property=\"og:image:type\" content=\"image\/png\" \/>\n<meta name=\"twitter:card\" content=\"summary_large_image\" \/>\n<meta name=\"twitter:label1\" content=\"Est. reading time\" \/>\n\t<meta name=\"twitter:data1\" content=\"1 minuta\" \/>\n<!-- \/ Yoast SEO plugin. -->","yoast_head_json":{"title":"rom&nd Han All Flat Brow C2 Grace Taupe 0.17 g - kredka do brwi, ch\u0142odnym szaro-be\u017cowy - Selleetools.com","robots":{"index":"index","follow":"follow","max-snippet":"max-snippet:-1","max-image-preview":"max-image-preview:large","max-video-preview":"max-video-preview:-1"},"canonical":"https:\/\/selleetools.com\/product\/romnd-han-all-flat-brow-c2-grace-taupe-0-17-g-kredka-do-brwi-chlodnym-szaro-bezowy\/","og_locale":"pl_PL","og_type":"article","og_title":"rom&nd Han All Flat Brow C2 Grace Taupe 0.17 g - kredka do brwi, ch\u0142odnym szaro-be\u017cowy - Selleetools.com","og_description":"rom&#038;nd Han All Flat Brow C2 Grace Taupe to p\u0142aska kredka do brwi, kt\u00f3ra umo\u017cliwia zar\u00f3wno dok\u0142adne zarysowanie kszta\u0142tu, jak i naturalne wype\u0142nienie brwi. Ch\u0142odny, szaro-be\u017cowy odcie\u0144 doskonale sprawdzi si\u0119 u os\u00f3b o jasnej i ch\u0142odnej karnacji, zapewniaj\u0105c subtelny, realistyczny efekt. Korzy\u015bci ze stosowania: U\u0142atwia modelowanie i nadanie kszta\u0142tu brwiom Nie rozmazuje si\u0119 i utrzymuje ... Read morerom&#038;nd Han All Flat Brow C2 Grace Taupe 0.17 g &#8211; kredka do brwi, ch\u0142odnym szaro-be\u017cowy","og_url":"https:\/\/selleetools.com\/product\/romnd-han-all-flat-brow-c2-grace-taupe-0-17-g-kredka-do-brwi-chlodnym-szaro-bezowy\/","og_site_name":"Selleetools.com","article_modified_time":"2025-11-04T20:16:09+00:00","og_image":[{"width":1080,"height":1080,"url":"https:\/\/selleetools.com\/wp-content\/uploads\/2025\/10\/e49952bae2abe1b02b441cc714c736e4.png","type":"image\/png"}],"twitter_card":"summary_large_image","twitter_misc":{"Est. reading time":"1 minuta"},"schema":{"@context":"https:\/\/schema.org","@graph":[{"@type":"Organization","@id":"https:\/\/selleetools.com\/#organization","name":"Selleetools","url":"https:\/\/selleetools.com\/","sameAs":[],"logo":{"@type":"ImageObject","inLanguage":"pl-PL","@id":"https:\/\/selleetools.com\/#\/schema\/logo\/image\/","url":"https:\/\/selleetools.com\/wp-content\/uploads\/2021\/10\/logo-dark.png","contentUrl":"https:\/\/selleetools.com\/wp-content\/uploads\/2021\/10\/logo-dark.png","width":320,"height":76,"caption":"Selleetools"},"image":{"@id":"https:\/\/selleetools.com\/#\/schema\/logo\/image\/"}},{"@type":"WebSite","@id":"https:\/\/selleetools.com\/#website","url":"https:\/\/selleetools.com\/","name":"Selleetools.com","description":"","publisher":{"@id":"https:\/\/selleetools.com\/#organization"},"potentialAction":[{"@type":"SearchAction","target":{"@type":"EntryPoint","urlTemplate":"https:\/\/selleetools.com\/?s={search_term_string}"},"query-input":"required name=search_term_string"}],"inLanguage":"pl-PL"},{"@type":"WebPage","@id":"https:\/\/selleetools.com\/product\/romnd-han-all-flat-brow-c2-grace-taupe-0-17-g-kredka-do-brwi-chlodnym-szaro-bezowy\/","url":"https:\/\/selleetools.com\/product\/romnd-han-all-flat-brow-c2-grace-taupe-0-17-g-kredka-do-brwi-chlodnym-szaro-bezowy\/","name":"rom&nd Han All Flat Brow C2 Grace Taupe 0.17 g - kredka do brwi, ch\u0142odnym szaro-be\u017cowy - Selleetools.com","isPartOf":{"@id":"https:\/\/selleetools.com\/#website"},"datePublished":"2025-10-24T12:08:45+00:00","dateModified":"2025-11-04T20:16:09+00:00","breadcrumb":{"@id":"https:\/\/selleetools.com\/product\/romnd-han-all-flat-brow-c2-grace-taupe-0-17-g-kredka-do-brwi-chlodnym-szaro-bezowy\/#breadcrumb"},"inLanguage":"pl-PL","potentialAction":[{"@type":"ReadAction","target":["https:\/\/selleetools.com\/product\/romnd-han-all-flat-brow-c2-grace-taupe-0-17-g-kredka-do-brwi-chlodnym-szaro-bezowy\/"]}]},{"@type":"BreadcrumbList","@id":"https:\/\/selleetools.com\/product\/romnd-han-all-flat-brow-c2-grace-taupe-0-17-g-kredka-do-brwi-chlodnym-szaro-bezowy\/#breadcrumb","itemListElement":[{"@type":"ListItem","position":1,"name":"Home","item":"https:\/\/selleetools.com\/pl\/"},{"@type":"ListItem","position":2,"name":"Katalog","item":"https:\/\/selleetools.com\/pl\/katalog\/"},{"@type":"ListItem","position":3,"name":"rom&#038;nd Han All Flat Brow C2 Grace Taupe 0.17 g &#8211; kredka do brwi, ch\u0142odnym szaro-be\u017cowy"}]}]}},"_links":{"self":[{"href":"https:\/\/selleetools.com\/pl\/wp-json\/wp\/v2\/product\/607752"}],"collection":[{"href":"https:\/\/selleetools.com\/pl\/wp-json\/wp\/v2\/product"}],"about":[{"href":"https:\/\/selleetools.com\/pl\/wp-json\/wp\/v2\/types\/product"}],"replies":[{"embeddable":true,"href":"https:\/\/selleetools.com\/pl\/wp-json\/wp\/v2\/comments?post=607752"}],"wp:featuredmedia":[{"embeddable":true,"href":"https:\/\/selleetools.com\/pl\/wp-json\/wp\/v2\/media\/607750"}],"wp:attachment":[{"href":"https:\/\/selleetools.com\/pl\/wp-json\/wp\/v2\/media?parent=607752"}],"curies":[{"name":"wp","href":"https:\/\/api.w.org\/{rel}","templated":true}]}}