{"id":607743,"date":"2025-10-24T14:08:37","date_gmt":"2025-10-24T12:08:37","guid":{"rendered":"https:\/\/selleetools.com\/?post_type=product&#038;p=607743"},"modified":"2025-11-04T21:15:47","modified_gmt":"2025-11-04T20:15:47","slug":"romnd-glasting-melting-balm-04-hippie-berry-3-5-g-jagodowo-rozowy-balsam-do-ust","status":"publish","type":"product","link":"https:\/\/selleetools.com\/pl\/product\/romnd-glasting-melting-balm-04-hippie-berry-3-5-g-jagodowo-rozowy-balsam-do-ust\/","title":{"rendered":"rom&#038;nd Glasting Melting Balm 04. Hippie Berry 3.5 g \u2013 jagodowo r\u00f3\u017cowy balsam do ust"},"content":{"rendered":"<p>rom&#038;nd Glasting Melting Balm 04. Hippie Berry to intensywnie nawil\u017caj\u0105cy balsam do ust o l\u015bni\u0105cym wyko\u0144czeniu i soczystym odcieniu jagodowego r\u00f3\u017cu. Jego topniej\u0105ca na ustach formu\u0142a zapewnia komfort noszenia, delikatny kolor i efekt \u201eglass lips\u201d ju\u017c po jednej warstwie.<\/p>\n<p>Korzy\u015bci ze stosowania:<br \/>\nG\u0142\u0119boko nawil\u017ca i od\u017cywia usta<br \/>\nNadaje efekt mokrego po\u0142ysku bez uczucia lepko\u015bci<br \/>\nWyg\u0142adza i zmi\u0119kcza sk\u00f3r\u0119 ust<br \/>\nZawiera mieszank\u0119 olej\u00f3w ro\u015blinnych i mase\u0142 o dzia\u0142aniu regeneruj\u0105cym<\/p>\n<p>Spos\u00f3b u\u017cycia:<br \/>\nAplikuj bezpo\u015brednio na usta. Dla mocniejszego efektu na\u0142\u00f3\u017c kilka warstw. Mo\u017ce by\u0107 stosowany samodzielnie lub jako wyko\u0144czenie makija\u017cu ust.<\/p>\n","protected":false},"excerpt":{"rendered":"<p>rom&#038;nd Glasting Melting Balm 04. Hippie Berry to intensywnie nawil\u017caj\u0105cy balsam do ust o l\u015bni\u0105cym wyko\u0144czeniu i soczystym odcieniu jagodowego r\u00f3\u017cu. Jego topniej\u0105ca na ustach formu\u0142a zapewnia komfort noszenia, delikatny kolor i efekt \u201eglass lips\u201d ju\u017c po jednej warstwie. Korzy\u015bci ze stosowania: G\u0142\u0119boko nawil\u017ca i od\u017cywia usta Nadaje efekt mokrego po\u0142ysku bez uczucia lepko\u015bci Wyg\u0142adza &#8230; <a title=\"rom&#038;nd Glasting Melting Balm 04. Hippie Berry 3.5 g \u2013 jagodowo r\u00f3\u017cowy balsam do ust\" class=\"read-more\" href=\"https:\/\/selleetools.com\/pl\/product\/romnd-glasting-melting-balm-04-hippie-berry-3-5-g-jagodowo-rozowy-balsam-do-ust\/\">Read more<span class=\"screen-reader-text\">rom&#038;nd Glasting Melting Balm 04. Hippie Berry 3.5 g \u2013 jagodowo r\u00f3\u017cowy balsam do ust<\/span><\/a><\/p>\n","protected":false},"featured_media":607741,"comment_status":"open","ping_status":"closed","template":"","meta":{"_links_to":"","_links_to_target":""},"yoast_head":"<!-- This site is optimized with the Yoast SEO plugin v19.4 - https:\/\/yoast.com\/wordpress\/plugins\/seo\/ -->\n<title>rom&amp;nd Glasting Melting Balm 04. Hippie Berry 3.5 g \u2013 jagodowo r\u00f3\u017cowy balsam do ust - Selleetools.com<\/title>\n<meta name=\"robots\" content=\"index, follow, max-snippet:-1, max-image-preview:large, max-video-preview:-1\" \/>\n<link rel=\"canonical\" href=\"https:\/\/selleetools.com\/product\/romnd-glasting-melting-balm-04-hippie-berry-3-5-g-jagodowo-rozowy-balsam-do-ust\/\" \/>\n<meta property=\"og:locale\" content=\"pl_PL\" \/>\n<meta property=\"og:type\" content=\"article\" \/>\n<meta property=\"og:title\" content=\"rom&amp;nd Glasting Melting Balm 04. Hippie Berry 3.5 g \u2013 jagodowo r\u00f3\u017cowy balsam do ust - Selleetools.com\" \/>\n<meta property=\"og:description\" content=\"rom&#038;nd Glasting Melting Balm 04. Hippie Berry to intensywnie nawil\u017caj\u0105cy balsam do ust o l\u015bni\u0105cym wyko\u0144czeniu i soczystym odcieniu jagodowego r\u00f3\u017cu. Jego topniej\u0105ca na ustach formu\u0142a zapewnia komfort noszenia, delikatny kolor i efekt \u201eglass lips\u201d ju\u017c po jednej warstwie. Korzy\u015bci ze stosowania: G\u0142\u0119boko nawil\u017ca i od\u017cywia usta Nadaje efekt mokrego po\u0142ysku bez uczucia lepko\u015bci Wyg\u0142adza ... Read morerom&#038;nd Glasting Melting Balm 04. Hippie Berry 3.5 g \u2013 jagodowo r\u00f3\u017cowy balsam do ust\" \/>\n<meta property=\"og:url\" content=\"https:\/\/selleetools.com\/product\/romnd-glasting-melting-balm-04-hippie-berry-3-5-g-jagodowo-rozowy-balsam-do-ust\/\" \/>\n<meta property=\"og:site_name\" content=\"Selleetools.com\" \/>\n<meta property=\"article:modified_time\" content=\"2025-11-04T20:15:47+00:00\" \/>\n<meta property=\"og:image\" content=\"https:\/\/selleetools.com\/wp-content\/uploads\/2025\/10\/373cce1736b786a13722b6c8f5d4fc69.png\" \/>\n\t<meta property=\"og:image:width\" content=\"1080\" \/>\n\t<meta property=\"og:image:height\" content=\"1080\" \/>\n\t<meta property=\"og:image:type\" content=\"image\/png\" \/>\n<meta name=\"twitter:card\" content=\"summary_large_image\" \/>\n<meta name=\"twitter:label1\" content=\"Est. reading time\" \/>\n\t<meta name=\"twitter:data1\" content=\"1 minuta\" \/>\n<!-- \/ Yoast SEO plugin. -->","yoast_head_json":{"title":"rom&nd Glasting Melting Balm 04. Hippie Berry 3.5 g \u2013 jagodowo r\u00f3\u017cowy balsam do ust - Selleetools.com","robots":{"index":"index","follow":"follow","max-snippet":"max-snippet:-1","max-image-preview":"max-image-preview:large","max-video-preview":"max-video-preview:-1"},"canonical":"https:\/\/selleetools.com\/product\/romnd-glasting-melting-balm-04-hippie-berry-3-5-g-jagodowo-rozowy-balsam-do-ust\/","og_locale":"pl_PL","og_type":"article","og_title":"rom&nd Glasting Melting Balm 04. Hippie Berry 3.5 g \u2013 jagodowo r\u00f3\u017cowy balsam do ust - Selleetools.com","og_description":"rom&#038;nd Glasting Melting Balm 04. Hippie Berry to intensywnie nawil\u017caj\u0105cy balsam do ust o l\u015bni\u0105cym wyko\u0144czeniu i soczystym odcieniu jagodowego r\u00f3\u017cu. Jego topniej\u0105ca na ustach formu\u0142a zapewnia komfort noszenia, delikatny kolor i efekt \u201eglass lips\u201d ju\u017c po jednej warstwie. Korzy\u015bci ze stosowania: G\u0142\u0119boko nawil\u017ca i od\u017cywia usta Nadaje efekt mokrego po\u0142ysku bez uczucia lepko\u015bci Wyg\u0142adza ... Read morerom&#038;nd Glasting Melting Balm 04. Hippie Berry 3.5 g \u2013 jagodowo r\u00f3\u017cowy balsam do ust","og_url":"https:\/\/selleetools.com\/product\/romnd-glasting-melting-balm-04-hippie-berry-3-5-g-jagodowo-rozowy-balsam-do-ust\/","og_site_name":"Selleetools.com","article_modified_time":"2025-11-04T20:15:47+00:00","og_image":[{"width":1080,"height":1080,"url":"https:\/\/selleetools.com\/wp-content\/uploads\/2025\/10\/373cce1736b786a13722b6c8f5d4fc69.png","type":"image\/png"}],"twitter_card":"summary_large_image","twitter_misc":{"Est. reading time":"1 minuta"},"schema":{"@context":"https:\/\/schema.org","@graph":[{"@type":"Organization","@id":"https:\/\/selleetools.com\/#organization","name":"Selleetools","url":"https:\/\/selleetools.com\/","sameAs":[],"logo":{"@type":"ImageObject","inLanguage":"pl-PL","@id":"https:\/\/selleetools.com\/#\/schema\/logo\/image\/","url":"https:\/\/selleetools.com\/wp-content\/uploads\/2021\/10\/logo-dark.png","contentUrl":"https:\/\/selleetools.com\/wp-content\/uploads\/2021\/10\/logo-dark.png","width":320,"height":76,"caption":"Selleetools"},"image":{"@id":"https:\/\/selleetools.com\/#\/schema\/logo\/image\/"}},{"@type":"WebSite","@id":"https:\/\/selleetools.com\/#website","url":"https:\/\/selleetools.com\/","name":"Selleetools.com","description":"","publisher":{"@id":"https:\/\/selleetools.com\/#organization"},"potentialAction":[{"@type":"SearchAction","target":{"@type":"EntryPoint","urlTemplate":"https:\/\/selleetools.com\/?s={search_term_string}"},"query-input":"required name=search_term_string"}],"inLanguage":"pl-PL"},{"@type":"WebPage","@id":"https:\/\/selleetools.com\/product\/romnd-glasting-melting-balm-04-hippie-berry-3-5-g-jagodowo-rozowy-balsam-do-ust\/","url":"https:\/\/selleetools.com\/product\/romnd-glasting-melting-balm-04-hippie-berry-3-5-g-jagodowo-rozowy-balsam-do-ust\/","name":"rom&nd Glasting Melting Balm 04. Hippie Berry 3.5 g \u2013 jagodowo r\u00f3\u017cowy balsam do ust - Selleetools.com","isPartOf":{"@id":"https:\/\/selleetools.com\/#website"},"datePublished":"2025-10-24T12:08:37+00:00","dateModified":"2025-11-04T20:15:47+00:00","breadcrumb":{"@id":"https:\/\/selleetools.com\/product\/romnd-glasting-melting-balm-04-hippie-berry-3-5-g-jagodowo-rozowy-balsam-do-ust\/#breadcrumb"},"inLanguage":"pl-PL","potentialAction":[{"@type":"ReadAction","target":["https:\/\/selleetools.com\/product\/romnd-glasting-melting-balm-04-hippie-berry-3-5-g-jagodowo-rozowy-balsam-do-ust\/"]}]},{"@type":"BreadcrumbList","@id":"https:\/\/selleetools.com\/product\/romnd-glasting-melting-balm-04-hippie-berry-3-5-g-jagodowo-rozowy-balsam-do-ust\/#breadcrumb","itemListElement":[{"@type":"ListItem","position":1,"name":"Home","item":"https:\/\/selleetools.com\/pl\/"},{"@type":"ListItem","position":2,"name":"Katalog","item":"https:\/\/selleetools.com\/pl\/katalog\/"},{"@type":"ListItem","position":3,"name":"rom&#038;nd Glasting Melting Balm 04. Hippie Berry 3.5 g \u2013 jagodowo r\u00f3\u017cowy balsam do ust"}]}]}},"_links":{"self":[{"href":"https:\/\/selleetools.com\/pl\/wp-json\/wp\/v2\/product\/607743"}],"collection":[{"href":"https:\/\/selleetools.com\/pl\/wp-json\/wp\/v2\/product"}],"about":[{"href":"https:\/\/selleetools.com\/pl\/wp-json\/wp\/v2\/types\/product"}],"replies":[{"embeddable":true,"href":"https:\/\/selleetools.com\/pl\/wp-json\/wp\/v2\/comments?post=607743"}],"wp:featuredmedia":[{"embeddable":true,"href":"https:\/\/selleetools.com\/pl\/wp-json\/wp\/v2\/media\/607741"}],"wp:attachment":[{"href":"https:\/\/selleetools.com\/pl\/wp-json\/wp\/v2\/media?parent=607743"}],"curies":[{"name":"wp","href":"https:\/\/api.w.org\/{rel}","templated":true}]}}