{"id":607734,"date":"2025-10-24T14:08:28","date_gmt":"2025-10-24T12:08:28","guid":{"rendered":"https:\/\/selleetools.com\/?post_type=product&#038;p=607734"},"modified":"2025-11-04T21:15:17","modified_gmt":"2025-11-04T20:15:17","slug":"biodance-refreshing-sea-kelp-real-deep-mask-34-g-kojaca-maseczka-w-plachcie-2","status":"publish","type":"product","link":"https:\/\/selleetools.com\/pl\/product\/biodance-refreshing-sea-kelp-real-deep-mask-34-g-kojaca-maseczka-w-plachcie-2\/","title":{"rendered":"BIODANCE Refreshing Sea Kelp Real Deep Mask 34 g &#8211; koj\u0105ca maseczka w p\u0142achcie"},"content":{"rendered":"<section class=\"section\">\n<div class=\"item item-12\">\n<section class=\"text-item\">\n<p>Zestaw 4x BIODANCE Refreshing Sea Kelp Real Deep Mask \u2013 Od\u015bwie\u017caj\u0105ca \u017celowa maseczka regeneruj\u0105co-nawil\u017caj\u0105ca<\/p>\n<\/section>\n<\/div>\n<\/section>\n<section class=\"section\">\n<div class=\"item item-6\">\n<section class=\"image-item\"><img src=\"https:\/\/upload.cdn.baselinker.com\/products\/3013857\/c6336d370f33f141ca073a0b79c43c2d.jpg\" \/><\/section>\n<\/div>\n<div class=\"item item-6\">\n<section class=\"text-item\">\n<p data-start=\"221\" data-end=\"466\">Intensywnie nawil\u017caj\u0105ca i koj\u0105ca maseczka \u017celowa do twarzy, nas\u0105czona bogat\u0105 esencj\u0105 z fermentowanego ekstraktu z alg morskich (a\u017c 100 000 ppm) oraz oczyszczaj\u0105cej wody morskiej. Doskona\u0142a dla sk\u00f3ry zm\u0119czonej, odwodnionej i pozbawionej blasku.<\/p>\n<p data-start=\"468\" data-end=\"697\">Dzi\u0119ki zawarto\u015bci alg czerwonych, brunatnych, spiruliny oraz kompleksu owocowo-ro\u015blinnego (gruszka, melon, r\u00f3\u017ca damasce\u0144ska, centella asiatica), maseczka wspiera detoksykacj\u0119 i regeneracj\u0119 sk\u00f3ry, przywracaj\u0105c jej zdrowy wygl\u0105d.<\/p>\n<p data-start=\"699\" data-end=\"862\">Formu\u0142a wzbogacona o fermenty, madecassoside, pantenol i allantoin\u0119 \u0142agodzi podra\u017cnienia, wzmacnia barier\u0119 hydrolipidow\u0105 oraz wspomaga naturalny mikrobiom sk\u00f3ry.<\/p>\n<p>&nbsp;<\/p>\n<p data-start=\"864\" data-end=\"935\">Efekt? G\u0142adka, od\u015bwie\u017cona i promienna cera ju\u017c po pierwszym u\u017cyciu!<\/p>\n<\/section>\n<\/div>\n<\/section>\n<section class=\"section\">\n<div class=\"item item-6\">\n<section class=\"image-item\"><img src=\"https:\/\/upload.cdn.baselinker.com\/products\/3013857\/626c093fde8cef956f9d64c06e8901df.jpg\" \/><\/section>\n<\/div>\n<div class=\"item item-6\">\n<section class=\"text-item\">\n<p>G\u0142\u00f3wne sk\u0142adniki aktywne:<\/p>\n<ul>\n<li>Fermentowany ekstrakt z alg morskich\u00a0\u2013 intensywnie nawil\u017ca, remineralizuje i dzia\u0142a antyoksydacyjnie<\/li>\n<li>Woda morska\u00a0\u2013 bogata w mikroelementy, oczyszcza i od\u015bwie\u017ca<\/li>\n<li>Woda z brunatnic\u00a0\u2013 koi, wspiera regeneracj\u0119 i wzmacnia barier\u0119 sk\u00f3ry<\/li>\n<li>Algi czerwone i brunatne\u00a0\u2013 dzia\u0142aj\u0105 wyg\u0142adzaj\u0105co i przeciwzmarszczkowo<\/li>\n<li>Panthenol\u00a0\u2013 nawil\u017ca, \u0142agodzi podra\u017cnienia i wspomaga gojenie<\/li>\n<li>Madecassoside\u00a0\u2013 dzia\u0142a przeciwzapalnie i regeneruj\u0105co<\/li>\n<li>Bifida Ferment Lysate\u00a0\u2013 probiotyczny ferment, kt\u00f3ry wspiera barier\u0119 ochronn\u0105 sk\u00f3ry<\/li>\n<li>Ekstrakty owocowe i ro\u015blinne\u00a0\u2013 dostarczaj\u0105 witamin, roz\u015bwietlaj\u0105 i od\u017cywiaj\u0105<\/li>\n<\/ul>\n<p>&nbsp;<\/p>\n<p>Korzy\u015bci dla sk\u00f3ry:<\/p>\n<ul>\n<li>G\u0142\u0119bokie nawil\u017cenie i ukojenie<\/li>\n<li>Oczyszczenie i mineralizacja sk\u00f3ry<\/li>\n<li>Regeneracja i wzmocnienie bariery ochronnej<\/li>\n<li>Wyg\u0142adzenie i poprawa elastyczno\u015bci<\/li>\n<li>Roz\u015bwietlenie i \u015bwie\u017cy wygl\u0105d<\/li>\n<\/ul>\n<\/section>\n<\/div>\n<\/section>\n","protected":false},"excerpt":{"rendered":"<p>Zestaw 4x BIODANCE Refreshing Sea Kelp Real Deep Mask \u2013 Od\u015bwie\u017caj\u0105ca \u017celowa maseczka regeneruj\u0105co-nawil\u017caj\u0105ca Intensywnie nawil\u017caj\u0105ca i koj\u0105ca maseczka \u017celowa do twarzy, nas\u0105czona bogat\u0105 esencj\u0105 z fermentowanego ekstraktu z alg morskich (a\u017c 100 000 ppm) oraz oczyszczaj\u0105cej wody morskiej. Doskona\u0142a dla sk\u00f3ry zm\u0119czonej, odwodnionej i pozbawionej blasku. Dzi\u0119ki zawarto\u015bci alg czerwonych, brunatnych, spiruliny oraz kompleksu &#8230; <a title=\"BIODANCE Refreshing Sea Kelp Real Deep Mask 34 g &#8211; koj\u0105ca maseczka w p\u0142achcie\" class=\"read-more\" href=\"https:\/\/selleetools.com\/pl\/product\/biodance-refreshing-sea-kelp-real-deep-mask-34-g-kojaca-maseczka-w-plachcie-2\/\">Read more<span class=\"screen-reader-text\">BIODANCE Refreshing Sea Kelp Real Deep Mask 34 g &#8211; koj\u0105ca maseczka w p\u0142achcie<\/span><\/a><\/p>\n","protected":false},"featured_media":607728,"comment_status":"closed","ping_status":"closed","template":"","meta":{"_links_to":"","_links_to_target":""},"yoast_head":"<!-- This site is optimized with the Yoast SEO plugin v19.4 - https:\/\/yoast.com\/wordpress\/plugins\/seo\/ -->\n<title>BIODANCE Refreshing Sea Kelp Real Deep Mask 34 g - koj\u0105ca maseczka w p\u0142achcie - Selleetools.com<\/title>\n<meta name=\"robots\" content=\"index, follow, max-snippet:-1, max-image-preview:large, max-video-preview:-1\" \/>\n<link rel=\"canonical\" href=\"https:\/\/selleetools.com\/pl\/product\/biodance-refreshing-sea-kelp-real-deep-mask-34-g-kojaca-maseczka-w-plachcie-2\/\" \/>\n<meta property=\"og:locale\" content=\"pl_PL\" \/>\n<meta property=\"og:type\" content=\"article\" \/>\n<meta property=\"og:title\" content=\"BIODANCE Refreshing Sea Kelp Real Deep Mask 34 g - koj\u0105ca maseczka w p\u0142achcie - Selleetools.com\" \/>\n<meta property=\"og:description\" content=\"Zestaw 4x BIODANCE Refreshing Sea Kelp Real Deep Mask \u2013 Od\u015bwie\u017caj\u0105ca \u017celowa maseczka regeneruj\u0105co-nawil\u017caj\u0105ca Intensywnie nawil\u017caj\u0105ca i koj\u0105ca maseczka \u017celowa do twarzy, nas\u0105czona bogat\u0105 esencj\u0105 z fermentowanego ekstraktu z alg morskich (a\u017c 100 000 ppm) oraz oczyszczaj\u0105cej wody morskiej. Doskona\u0142a dla sk\u00f3ry zm\u0119czonej, odwodnionej i pozbawionej blasku. Dzi\u0119ki zawarto\u015bci alg czerwonych, brunatnych, spiruliny oraz kompleksu ... Read moreBIODANCE Refreshing Sea Kelp Real Deep Mask 34 g &#8211; koj\u0105ca maseczka w p\u0142achcie\" \/>\n<meta property=\"og:url\" content=\"https:\/\/selleetools.com\/pl\/product\/biodance-refreshing-sea-kelp-real-deep-mask-34-g-kojaca-maseczka-w-plachcie-2\/\" \/>\n<meta property=\"og:site_name\" content=\"Selleetools.com\" \/>\n<meta property=\"article:modified_time\" content=\"2025-11-04T20:15:17+00:00\" \/>\n<meta property=\"og:image\" content=\"https:\/\/selleetools.com\/wp-content\/uploads\/2025\/10\/6e293151976a8889f7c282d54f489058.jpg\" \/>\n\t<meta property=\"og:image:width\" content=\"580\" \/>\n\t<meta property=\"og:image:height\" content=\"580\" \/>\n\t<meta property=\"og:image:type\" content=\"image\/jpeg\" \/>\n<meta name=\"twitter:card\" content=\"summary_large_image\" \/>\n<meta name=\"twitter:label1\" content=\"Est. reading time\" \/>\n\t<meta name=\"twitter:data1\" content=\"1 minuta\" \/>\n<!-- \/ Yoast SEO plugin. -->","yoast_head_json":{"title":"BIODANCE Refreshing Sea Kelp Real Deep Mask 34 g - koj\u0105ca maseczka w p\u0142achcie - Selleetools.com","robots":{"index":"index","follow":"follow","max-snippet":"max-snippet:-1","max-image-preview":"max-image-preview:large","max-video-preview":"max-video-preview:-1"},"canonical":"https:\/\/selleetools.com\/pl\/product\/biodance-refreshing-sea-kelp-real-deep-mask-34-g-kojaca-maseczka-w-plachcie-2\/","og_locale":"pl_PL","og_type":"article","og_title":"BIODANCE Refreshing Sea Kelp Real Deep Mask 34 g - koj\u0105ca maseczka w p\u0142achcie - Selleetools.com","og_description":"Zestaw 4x BIODANCE Refreshing Sea Kelp Real Deep Mask \u2013 Od\u015bwie\u017caj\u0105ca \u017celowa maseczka regeneruj\u0105co-nawil\u017caj\u0105ca Intensywnie nawil\u017caj\u0105ca i koj\u0105ca maseczka \u017celowa do twarzy, nas\u0105czona bogat\u0105 esencj\u0105 z fermentowanego ekstraktu z alg morskich (a\u017c 100 000 ppm) oraz oczyszczaj\u0105cej wody morskiej. Doskona\u0142a dla sk\u00f3ry zm\u0119czonej, odwodnionej i pozbawionej blasku. Dzi\u0119ki zawarto\u015bci alg czerwonych, brunatnych, spiruliny oraz kompleksu ... Read moreBIODANCE Refreshing Sea Kelp Real Deep Mask 34 g &#8211; koj\u0105ca maseczka w p\u0142achcie","og_url":"https:\/\/selleetools.com\/pl\/product\/biodance-refreshing-sea-kelp-real-deep-mask-34-g-kojaca-maseczka-w-plachcie-2\/","og_site_name":"Selleetools.com","article_modified_time":"2025-11-04T20:15:17+00:00","og_image":[{"width":580,"height":580,"url":"https:\/\/selleetools.com\/wp-content\/uploads\/2025\/10\/6e293151976a8889f7c282d54f489058.jpg","type":"image\/jpeg"}],"twitter_card":"summary_large_image","twitter_misc":{"Est. reading time":"1 minuta"},"schema":{"@context":"https:\/\/schema.org","@graph":[{"@type":"Organization","@id":"https:\/\/selleetools.com\/#organization","name":"Selleetools","url":"https:\/\/selleetools.com\/","sameAs":[],"logo":{"@type":"ImageObject","inLanguage":"pl-PL","@id":"https:\/\/selleetools.com\/#\/schema\/logo\/image\/","url":"https:\/\/selleetools.com\/wp-content\/uploads\/2021\/10\/logo-dark.png","contentUrl":"https:\/\/selleetools.com\/wp-content\/uploads\/2021\/10\/logo-dark.png","width":320,"height":76,"caption":"Selleetools"},"image":{"@id":"https:\/\/selleetools.com\/#\/schema\/logo\/image\/"}},{"@type":"WebSite","@id":"https:\/\/selleetools.com\/#website","url":"https:\/\/selleetools.com\/","name":"Selleetools.com","description":"","publisher":{"@id":"https:\/\/selleetools.com\/#organization"},"potentialAction":[{"@type":"SearchAction","target":{"@type":"EntryPoint","urlTemplate":"https:\/\/selleetools.com\/?s={search_term_string}"},"query-input":"required name=search_term_string"}],"inLanguage":"pl-PL"},{"@type":"WebPage","@id":"https:\/\/selleetools.com\/pl\/product\/biodance-refreshing-sea-kelp-real-deep-mask-34-g-kojaca-maseczka-w-plachcie-2\/","url":"https:\/\/selleetools.com\/pl\/product\/biodance-refreshing-sea-kelp-real-deep-mask-34-g-kojaca-maseczka-w-plachcie-2\/","name":"BIODANCE Refreshing Sea Kelp Real Deep Mask 34 g - koj\u0105ca maseczka w p\u0142achcie - Selleetools.com","isPartOf":{"@id":"https:\/\/selleetools.com\/#website"},"datePublished":"2025-10-24T12:08:28+00:00","dateModified":"2025-11-04T20:15:17+00:00","breadcrumb":{"@id":"https:\/\/selleetools.com\/pl\/product\/biodance-refreshing-sea-kelp-real-deep-mask-34-g-kojaca-maseczka-w-plachcie-2\/#breadcrumb"},"inLanguage":"pl-PL","potentialAction":[{"@type":"ReadAction","target":["https:\/\/selleetools.com\/pl\/product\/biodance-refreshing-sea-kelp-real-deep-mask-34-g-kojaca-maseczka-w-plachcie-2\/"]}]},{"@type":"BreadcrumbList","@id":"https:\/\/selleetools.com\/pl\/product\/biodance-refreshing-sea-kelp-real-deep-mask-34-g-kojaca-maseczka-w-plachcie-2\/#breadcrumb","itemListElement":[{"@type":"ListItem","position":1,"name":"Home","item":"https:\/\/selleetools.com\/pl\/"},{"@type":"ListItem","position":2,"name":"Katalog","item":"https:\/\/selleetools.com\/pl\/katalog\/"},{"@type":"ListItem","position":3,"name":"BIODANCE Refreshing Sea Kelp Real Deep Mask 34 g &#8211; koj\u0105ca maseczka w p\u0142achcie"}]}]}},"_links":{"self":[{"href":"https:\/\/selleetools.com\/pl\/wp-json\/wp\/v2\/product\/607734"}],"collection":[{"href":"https:\/\/selleetools.com\/pl\/wp-json\/wp\/v2\/product"}],"about":[{"href":"https:\/\/selleetools.com\/pl\/wp-json\/wp\/v2\/types\/product"}],"replies":[{"embeddable":true,"href":"https:\/\/selleetools.com\/pl\/wp-json\/wp\/v2\/comments?post=607734"}],"wp:featuredmedia":[{"embeddable":true,"href":"https:\/\/selleetools.com\/pl\/wp-json\/wp\/v2\/media\/607728"}],"wp:attachment":[{"href":"https:\/\/selleetools.com\/pl\/wp-json\/wp\/v2\/media?parent=607734"}],"curies":[{"name":"wp","href":"https:\/\/api.w.org\/{rel}","templated":true}]}}