{"id":607608,"date":"2025-10-24T14:06:45","date_gmt":"2025-10-24T12:06:45","guid":{"rendered":"https:\/\/selleetools.com\/?post_type=product&#038;p=607608"},"modified":"2025-11-04T21:14:18","modified_gmt":"2025-11-04T20:14:18","slug":"mediheal-retinol-collagen-ampoule-lifting-mask-30-ml-maska-w-plachcie-z-retinolem","status":"publish","type":"product","link":"https:\/\/selleetools.com\/pl\/product\/mediheal-retinol-collagen-ampoule-lifting-mask-30-ml-maska-w-plachcie-z-retinolem\/","title":{"rendered":"MEDIHEAL Retinol Collagen Ampoule Lifting Mask 30 ml &#8211; maska w p\u0142achcie z retinolem"},"content":{"rendered":"<p>Innowacyjna kremowa maska w p\u0142achcie od MEDIHEAL \u0142\u0105czy dzia\u0142anie uj\u0119drniaj\u0105ce retinolu z intensywnie nawil\u017caj\u0105cym i wyg\u0142adzaj\u0105cym kolagenem. Formu\u0142a oparta na sk\u0142adnikach aktywnych, takich jak retinol, hydrolyzowany kolagen, ceramidy i kwas hialuronowy, dzia\u0142a jak zabieg liftinguj\u0105cy \u2013 przywraca sk\u00f3rze elastyczno\u015b\u0107, j\u0119drno\u015b\u0107 i m\u0142odzie\u0144czy blask. Maska ma form\u0119 esencji o konsystencji lekkiego kremu, kt\u00f3ra doskonale przylega do twarzy i g\u0142\u0119boko penetruje warstwy sk\u00f3ry.<\/p>\n<p>Korzy\u015bci ze stosowania:<br \/>\nRedukcja widocznych oznak starzenia \u2013 retinol wspiera odnow\u0119 kom\u00f3rkow\u0105 i wyg\u0142adza drobne linie oraz zmarszczki.<br \/>\nPoprawa elastyczno\u015bci i napi\u0119cia sk\u00f3ry dzi\u0119ki dzia\u0142aniu hydrolyzowanego kolagenu.<br \/>\nG\u0142\u0119bokie nawil\u017cenie i wzmocnienie bariery hydrolipidowej dzi\u0119ki kwasowi hialuronowemu i ceramidom.<br \/>\nKoj\u0105ce dzia\u0142anie olejk\u00f3w eterycznych z lawendy i pelargonii, kt\u00f3re \u0142agodz\u0105 podra\u017cnienia i wspomagaj\u0105 regeneracj\u0119 sk\u00f3ry.<br \/>\nWyg\u0142adzenie, roz\u015bwietlenie i poprawa og\u00f3lnego wygl\u0105du sk\u00f3ry ju\u017c po pierwszym u\u017cyciu.<\/p>\n<p>Spos\u00f3b u\u017cycia:<br \/>\nOczy\u015b\u0107 i osusz sk\u00f3r\u0119 twarzy.<br \/>\nWyjmij mask\u0119 z opakowania i na\u0142\u00f3\u017c j\u0105 r\u00f3wnomiernie na twarz, dopasowuj\u0105c do kontur\u00f3w.<br \/>\nPozostaw na 10\u201320 minut.<br \/>\nPo zdj\u0119ciu maski delikatnie wmasuj pozosta\u0142\u0105 esencj\u0119 w sk\u00f3r\u0119 a\u017c do ca\u0142kowitego wch\u0142oni\u0119cia.<br \/>\nStosuj 2\u20133 razy w tygodniu jako intensywn\u0105 kuracj\u0119 uj\u0119drniaj\u0105c\u0105.<\/p>\n","protected":false},"excerpt":{"rendered":"<p>Innowacyjna kremowa maska w p\u0142achcie od MEDIHEAL \u0142\u0105czy dzia\u0142anie uj\u0119drniaj\u0105ce retinolu z intensywnie nawil\u017caj\u0105cym i wyg\u0142adzaj\u0105cym kolagenem. Formu\u0142a oparta na sk\u0142adnikach aktywnych, takich jak retinol, hydrolyzowany kolagen, ceramidy i kwas hialuronowy, dzia\u0142a jak zabieg liftinguj\u0105cy \u2013 przywraca sk\u00f3rze elastyczno\u015b\u0107, j\u0119drno\u015b\u0107 i m\u0142odzie\u0144czy blask. Maska ma form\u0119 esencji o konsystencji lekkiego kremu, kt\u00f3ra doskonale przylega do &#8230; <a title=\"MEDIHEAL Retinol Collagen Ampoule Lifting Mask 30 ml &#8211; maska w p\u0142achcie z retinolem\" class=\"read-more\" href=\"https:\/\/selleetools.com\/pl\/product\/mediheal-retinol-collagen-ampoule-lifting-mask-30-ml-maska-w-plachcie-z-retinolem\/\">Read more<span class=\"screen-reader-text\">MEDIHEAL Retinol Collagen Ampoule Lifting Mask 30 ml &#8211; maska w p\u0142achcie z retinolem<\/span><\/a><\/p>\n","protected":false},"featured_media":607606,"comment_status":"open","ping_status":"closed","template":"","meta":{"_links_to":"","_links_to_target":""},"yoast_head":"<!-- This site is optimized with the Yoast SEO plugin v19.4 - https:\/\/yoast.com\/wordpress\/plugins\/seo\/ -->\n<title>MEDIHEAL Retinol Collagen Ampoule Lifting Mask 30 ml - maska w p\u0142achcie z retinolem - Selleetools.com<\/title>\n<meta name=\"robots\" content=\"index, follow, max-snippet:-1, max-image-preview:large, max-video-preview:-1\" \/>\n<link rel=\"canonical\" href=\"https:\/\/selleetools.com\/product\/mediheal-retinol-collagen-ampoule-lifting-mask-30-ml-maska-w-plachcie-z-retinolem\/\" \/>\n<meta property=\"og:locale\" content=\"pl_PL\" \/>\n<meta property=\"og:type\" content=\"article\" \/>\n<meta property=\"og:title\" content=\"MEDIHEAL Retinol Collagen Ampoule Lifting Mask 30 ml - maska w p\u0142achcie z retinolem - Selleetools.com\" \/>\n<meta property=\"og:description\" content=\"Innowacyjna kremowa maska w p\u0142achcie od MEDIHEAL \u0142\u0105czy dzia\u0142anie uj\u0119drniaj\u0105ce retinolu z intensywnie nawil\u017caj\u0105cym i wyg\u0142adzaj\u0105cym kolagenem. Formu\u0142a oparta na sk\u0142adnikach aktywnych, takich jak retinol, hydrolyzowany kolagen, ceramidy i kwas hialuronowy, dzia\u0142a jak zabieg liftinguj\u0105cy \u2013 przywraca sk\u00f3rze elastyczno\u015b\u0107, j\u0119drno\u015b\u0107 i m\u0142odzie\u0144czy blask. Maska ma form\u0119 esencji o konsystencji lekkiego kremu, kt\u00f3ra doskonale przylega do ... Read moreMEDIHEAL Retinol Collagen Ampoule Lifting Mask 30 ml &#8211; maska w p\u0142achcie z retinolem\" \/>\n<meta property=\"og:url\" content=\"https:\/\/selleetools.com\/product\/mediheal-retinol-collagen-ampoule-lifting-mask-30-ml-maska-w-plachcie-z-retinolem\/\" \/>\n<meta property=\"og:site_name\" content=\"Selleetools.com\" \/>\n<meta property=\"article:modified_time\" content=\"2025-11-04T20:14:18+00:00\" \/>\n<meta property=\"og:image\" content=\"https:\/\/selleetools.com\/wp-content\/uploads\/2025\/10\/f4c07264c7c50f783a0d499b53fa087d.jpg\" \/>\n\t<meta property=\"og:image:width\" content=\"1000\" \/>\n\t<meta property=\"og:image:height\" content=\"1000\" \/>\n\t<meta property=\"og:image:type\" content=\"image\/jpeg\" \/>\n<meta name=\"twitter:card\" content=\"summary_large_image\" \/>\n<meta name=\"twitter:label1\" content=\"Est. reading time\" \/>\n\t<meta name=\"twitter:data1\" content=\"1 minuta\" \/>\n<!-- \/ Yoast SEO plugin. -->","yoast_head_json":{"title":"MEDIHEAL Retinol Collagen Ampoule Lifting Mask 30 ml - maska w p\u0142achcie z retinolem - Selleetools.com","robots":{"index":"index","follow":"follow","max-snippet":"max-snippet:-1","max-image-preview":"max-image-preview:large","max-video-preview":"max-video-preview:-1"},"canonical":"https:\/\/selleetools.com\/product\/mediheal-retinol-collagen-ampoule-lifting-mask-30-ml-maska-w-plachcie-z-retinolem\/","og_locale":"pl_PL","og_type":"article","og_title":"MEDIHEAL Retinol Collagen Ampoule Lifting Mask 30 ml - maska w p\u0142achcie z retinolem - Selleetools.com","og_description":"Innowacyjna kremowa maska w p\u0142achcie od MEDIHEAL \u0142\u0105czy dzia\u0142anie uj\u0119drniaj\u0105ce retinolu z intensywnie nawil\u017caj\u0105cym i wyg\u0142adzaj\u0105cym kolagenem. Formu\u0142a oparta na sk\u0142adnikach aktywnych, takich jak retinol, hydrolyzowany kolagen, ceramidy i kwas hialuronowy, dzia\u0142a jak zabieg liftinguj\u0105cy \u2013 przywraca sk\u00f3rze elastyczno\u015b\u0107, j\u0119drno\u015b\u0107 i m\u0142odzie\u0144czy blask. Maska ma form\u0119 esencji o konsystencji lekkiego kremu, kt\u00f3ra doskonale przylega do ... Read moreMEDIHEAL Retinol Collagen Ampoule Lifting Mask 30 ml &#8211; maska w p\u0142achcie z retinolem","og_url":"https:\/\/selleetools.com\/product\/mediheal-retinol-collagen-ampoule-lifting-mask-30-ml-maska-w-plachcie-z-retinolem\/","og_site_name":"Selleetools.com","article_modified_time":"2025-11-04T20:14:18+00:00","og_image":[{"width":1000,"height":1000,"url":"https:\/\/selleetools.com\/wp-content\/uploads\/2025\/10\/f4c07264c7c50f783a0d499b53fa087d.jpg","type":"image\/jpeg"}],"twitter_card":"summary_large_image","twitter_misc":{"Est. reading time":"1 minuta"},"schema":{"@context":"https:\/\/schema.org","@graph":[{"@type":"Organization","@id":"https:\/\/selleetools.com\/#organization","name":"Selleetools","url":"https:\/\/selleetools.com\/","sameAs":[],"logo":{"@type":"ImageObject","inLanguage":"pl-PL","@id":"https:\/\/selleetools.com\/#\/schema\/logo\/image\/","url":"https:\/\/selleetools.com\/wp-content\/uploads\/2021\/10\/logo-dark.png","contentUrl":"https:\/\/selleetools.com\/wp-content\/uploads\/2021\/10\/logo-dark.png","width":320,"height":76,"caption":"Selleetools"},"image":{"@id":"https:\/\/selleetools.com\/#\/schema\/logo\/image\/"}},{"@type":"WebSite","@id":"https:\/\/selleetools.com\/#website","url":"https:\/\/selleetools.com\/","name":"Selleetools.com","description":"","publisher":{"@id":"https:\/\/selleetools.com\/#organization"},"potentialAction":[{"@type":"SearchAction","target":{"@type":"EntryPoint","urlTemplate":"https:\/\/selleetools.com\/?s={search_term_string}"},"query-input":"required name=search_term_string"}],"inLanguage":"pl-PL"},{"@type":"WebPage","@id":"https:\/\/selleetools.com\/product\/mediheal-retinol-collagen-ampoule-lifting-mask-30-ml-maska-w-plachcie-z-retinolem\/","url":"https:\/\/selleetools.com\/product\/mediheal-retinol-collagen-ampoule-lifting-mask-30-ml-maska-w-plachcie-z-retinolem\/","name":"MEDIHEAL Retinol Collagen Ampoule Lifting Mask 30 ml - maska w p\u0142achcie z retinolem - Selleetools.com","isPartOf":{"@id":"https:\/\/selleetools.com\/#website"},"datePublished":"2025-10-24T12:06:45+00:00","dateModified":"2025-11-04T20:14:18+00:00","breadcrumb":{"@id":"https:\/\/selleetools.com\/product\/mediheal-retinol-collagen-ampoule-lifting-mask-30-ml-maska-w-plachcie-z-retinolem\/#breadcrumb"},"inLanguage":"pl-PL","potentialAction":[{"@type":"ReadAction","target":["https:\/\/selleetools.com\/product\/mediheal-retinol-collagen-ampoule-lifting-mask-30-ml-maska-w-plachcie-z-retinolem\/"]}]},{"@type":"BreadcrumbList","@id":"https:\/\/selleetools.com\/product\/mediheal-retinol-collagen-ampoule-lifting-mask-30-ml-maska-w-plachcie-z-retinolem\/#breadcrumb","itemListElement":[{"@type":"ListItem","position":1,"name":"Home","item":"https:\/\/selleetools.com\/pl\/"},{"@type":"ListItem","position":2,"name":"Katalog","item":"https:\/\/selleetools.com\/pl\/katalog\/"},{"@type":"ListItem","position":3,"name":"MEDIHEAL Retinol Collagen Ampoule Lifting Mask 30 ml &#8211; maska w p\u0142achcie z retinolem"}]}]}},"_links":{"self":[{"href":"https:\/\/selleetools.com\/pl\/wp-json\/wp\/v2\/product\/607608"}],"collection":[{"href":"https:\/\/selleetools.com\/pl\/wp-json\/wp\/v2\/product"}],"about":[{"href":"https:\/\/selleetools.com\/pl\/wp-json\/wp\/v2\/types\/product"}],"replies":[{"embeddable":true,"href":"https:\/\/selleetools.com\/pl\/wp-json\/wp\/v2\/comments?post=607608"}],"wp:featuredmedia":[{"embeddable":true,"href":"https:\/\/selleetools.com\/pl\/wp-json\/wp\/v2\/media\/607606"}],"wp:attachment":[{"href":"https:\/\/selleetools.com\/pl\/wp-json\/wp\/v2\/media?parent=607608"}],"curies":[{"name":"wp","href":"https:\/\/api.w.org\/{rel}","templated":true}]}}